{"id":8913,"date":"2026-04-28T13:10:00","date_gmt":"2026-04-28T11:10:00","guid":{"rendered":"https:\/\/veho-schweiz.com\/?post_type=product&#038;p=8913"},"modified":"2026-04-28T16:26:59","modified_gmt":"2026-04-28T14:26:59","slug":"veho-quda-titan-pro-smart-projektor","status":"publish","type":"product","link":"https:\/\/veho-schweiz.com\/it\/product\/veho-quda-titan-pro-smart-projektor\/","title":{"rendered":"Veho QUDA Titan Pro Smart-Projektor"},"content":{"rendered":"<div class=\"wp-content wp-content--product\"><p>Erleben Sie mit dem Quda Titan Pro einen neuen Standard f\u00fcr Heimkino-Projektion. Intelligente Technologie mit Android 13 Betriebssystem, immersiver Klang dank zweier 4\u03a9-Lautsprecher (2 x 5W) mit fortschrittlichem MV-Silizium-Chipsatz sorgen f\u00fcr m\u00fchelose Performance. Genie\u00dfen Sie gestochen scharfe Bilder mit 4K-Videowiedergabe und der TZ-3 Pro Triple Layer Glaslinse \u2013 Filme, Serien und Live-Events werden so zum Leben erweckt. Der Quda Titan Pro ist benutzerfreundlich gestaltet und verf\u00fcgt \u00fcber einen intelligenten Autofokus, der innerhalb von Sekunden f\u00fcr ein scharfes Bild sorgt. Dank WLAN, Bluetooth 5.4 und HDMI lassen sich Ihre Ger\u00e4te m\u00fchelos verbinden. Spiegeln Sie Inhalte, streamen Sie kabellos oder koppeln Sie externe Lautsprecher \u2013 ganz nach Ihren W\u00fcnschen.<\/p>\n<\/div>","protected":false},"excerpt":{"rendered":"<ul>\n<li>Android 13.0 AOSP-Version<\/li>\n<li>TZ-3 Pro Dreifach-Glasoptik<\/li>\n<li>Kinoreife 4K-Videowiedergabe<\/li>\n<li>Zwei 4\u03a9 2x5W-Lautsprecher<\/li>\n<\/ul>\n","protected":false},"featured_media":8926,"comment_status":"open","ping_status":"closed","template":"","meta":{"_acf_changed":false,"inline_featured_image":false},"product_brand":[],"product_cat":[269],"product_tag":[],"class_list":{"0":"post-8913","1":"product","2":"type-product","3":"status-publish","4":"has-post-thumbnail","6":"product_cat-smarte-projektoren","8":"first","9":"outofstock","10":"shipping-taxable","11":"purchasable","12":"product-type-simple"},"acf":[],"yoast_head":"<!-- This site is optimized with the Yoast SEO plugin v27.5 - https:\/\/yoast.com\/product\/yoast-seo-wordpress\/ -->\n<title>Veho QUDA Titan Pro Smart-Projektor - Negozio Veho Lifestyle Svizzera<\/title>\n<meta name=\"description\" content=\"Experience a new standard in home projection with the QUDA Titan Pro. A refined balance of intelligent technology using Android 13 operating system.\" \/>\n<meta name=\"robots\" content=\"index, follow, max-snippet:-1, max-image-preview:large, max-video-preview:-1\" \/>\n<link rel=\"canonical\" href=\"https:\/\/veho-schweiz.com\/it\/product\/veho-quda-titan-pro-smart-projektor\/\" \/>\n<meta property=\"og:locale\" content=\"it_IT\" \/>\n<meta property=\"og:type\" content=\"article\" \/>\n<meta property=\"og:title\" content=\"Veho QUDA Titan Pro Smart-Projektor - Negozio Veho Lifestyle Svizzera\" \/>\n<meta property=\"og:description\" content=\"Experience a new standard in home projection with the QUDA Titan Pro. A refined balance of intelligent technology using Android 13 operating system.\" \/>\n<meta property=\"og:url\" content=\"https:\/\/veho-schweiz.com\/it\/product\/veho-quda-titan-pro-smart-projektor\/\" \/>\n<meta property=\"og:site_name\" content=\"Negozio Veho Lifestyle Svizzera\" \/>\n<meta property=\"article:modified_time\" content=\"2026-04-28T14:26:59+00:00\" \/>\n<meta property=\"og:image\" content=\"https:\/\/veho-schweiz.com\/wp-content\/uploads\/2026\/04\/titan_hero.png\" \/>\n\t<meta property=\"og:image:width\" content=\"600\" \/>\n\t<meta property=\"og:image:height\" content=\"600\" \/>\n\t<meta property=\"og:image:type\" content=\"image\/png\" \/>\n<meta name=\"twitter:card\" content=\"summary_large_image\" \/>\n<meta name=\"twitter:label1\" content=\"Tempo di lettura stimato\" \/>\n\t<meta name=\"twitter:data1\" content=\"1 minuto\" \/>\n<script type=\"application\/ld+json\" class=\"yoast-schema-graph\">{\"@context\":\"https:\\\/\\\/schema.org\",\"@graph\":[{\"@type\":\"WebPage\",\"@id\":\"https:\\\/\\\/veho-schweiz.com\\\/it\\\/product\\\/veho-quda-titan-pro-smart-projektor\\\/\",\"url\":\"https:\\\/\\\/veho-schweiz.com\\\/it\\\/product\\\/veho-quda-titan-pro-smart-projektor\\\/\",\"name\":\"Veho QUDA Titan Pro Smart-Projektor - Negozio Veho Lifestyle Svizzera\",\"isPartOf\":{\"@id\":\"https:\\\/\\\/veho-schweiz.com\\\/it\\\/#website\"},\"primaryImageOfPage\":{\"@id\":\"https:\\\/\\\/veho-schweiz.com\\\/it\\\/product\\\/veho-quda-titan-pro-smart-projektor\\\/#primaryimage\"},\"image\":{\"@id\":\"https:\\\/\\\/veho-schweiz.com\\\/it\\\/product\\\/veho-quda-titan-pro-smart-projektor\\\/#primaryimage\"},\"thumbnailUrl\":\"https:\\\/\\\/veho-schweiz.com\\\/wp-content\\\/uploads\\\/2026\\\/04\\\/titan_hero.png\",\"datePublished\":\"2026-04-28T11:10:00+00:00\",\"dateModified\":\"2026-04-28T14:26:59+00:00\",\"description\":\"Experience a new standard in home projection with the QUDA Titan Pro. A refined balance of intelligent technology using Android 13 operating system.\",\"breadcrumb\":{\"@id\":\"https:\\\/\\\/veho-schweiz.com\\\/it\\\/product\\\/veho-quda-titan-pro-smart-projektor\\\/#breadcrumb\"},\"inLanguage\":\"it-IT\",\"potentialAction\":[{\"@type\":\"ReadAction\",\"target\":[\"https:\\\/\\\/veho-schweiz.com\\\/it\\\/product\\\/veho-quda-titan-pro-smart-projektor\\\/\"]}]},{\"@type\":\"ImageObject\",\"inLanguage\":\"it-IT\",\"@id\":\"https:\\\/\\\/veho-schweiz.com\\\/it\\\/product\\\/veho-quda-titan-pro-smart-projektor\\\/#primaryimage\",\"url\":\"https:\\\/\\\/veho-schweiz.com\\\/wp-content\\\/uploads\\\/2026\\\/04\\\/titan_hero.png\",\"contentUrl\":\"https:\\\/\\\/veho-schweiz.com\\\/wp-content\\\/uploads\\\/2026\\\/04\\\/titan_hero.png\",\"width\":600,\"height\":600},{\"@type\":\"BreadcrumbList\",\"@id\":\"https:\\\/\\\/veho-schweiz.com\\\/it\\\/product\\\/veho-quda-titan-pro-smart-projektor\\\/#breadcrumb\",\"itemListElement\":[{\"@type\":\"ListItem\",\"position\":1,\"name\":\"Home\",\"item\":\"https:\\\/\\\/veho-schweiz.com\\\/it\\\/\"},{\"@type\":\"ListItem\",\"position\":2,\"name\":\"Shop\",\"item\":\"https:\\\/\\\/veho-schweiz.com\\\/shop\\\/\"},{\"@type\":\"ListItem\",\"position\":3,\"name\":\"Veho QUDA Titan Pro Smart-Projektor\"}]},{\"@type\":\"WebSite\",\"@id\":\"https:\\\/\\\/veho-schweiz.com\\\/it\\\/#website\",\"url\":\"https:\\\/\\\/veho-schweiz.com\\\/it\\\/\",\"name\":\"Negozio Veho Lifestyle Svizzera\",\"description\":\"Elettronica di consumo di progettazione britannica\",\"potentialAction\":[{\"@type\":\"SearchAction\",\"target\":{\"@type\":\"EntryPoint\",\"urlTemplate\":\"https:\\\/\\\/veho-schweiz.com\\\/it\\\/?s={search_term_string}\"},\"query-input\":{\"@type\":\"PropertyValueSpecification\",\"valueRequired\":true,\"valueName\":\"search_term_string\"}}],\"inLanguage\":\"it-IT\"}]}<\/script>\n<!-- \/ Yoast SEO plugin. -->","yoast_head_json":{"title":"Veho QUDA Titan Pro Smart-Projektor - Negozio Veho Lifestyle Svizzera","description":"Experience a new standard in home projection with the QUDA Titan Pro. A refined balance of intelligent technology using Android 13 operating system.","robots":{"index":"index","follow":"follow","max-snippet":"max-snippet:-1","max-image-preview":"max-image-preview:large","max-video-preview":"max-video-preview:-1"},"canonical":"https:\/\/veho-schweiz.com\/it\/product\/veho-quda-titan-pro-smart-projektor\/","og_locale":"it_IT","og_type":"article","og_title":"Veho QUDA Titan Pro Smart-Projektor - Negozio Veho Lifestyle Svizzera","og_description":"Experience a new standard in home projection with the QUDA Titan Pro. A refined balance of intelligent technology using Android 13 operating system.","og_url":"https:\/\/veho-schweiz.com\/it\/product\/veho-quda-titan-pro-smart-projektor\/","og_site_name":"Negozio Veho Lifestyle Svizzera","article_modified_time":"2026-04-28T14:26:59+00:00","og_image":[{"width":600,"height":600,"url":"https:\/\/veho-schweiz.com\/wp-content\/uploads\/2026\/04\/titan_hero.png","type":"image\/png"}],"twitter_card":"summary_large_image","twitter_misc":{"Tempo di lettura stimato":"1 minuto"},"schema":{"@context":"https:\/\/schema.org","@graph":[{"@type":"WebPage","@id":"https:\/\/veho-schweiz.com\/it\/product\/veho-quda-titan-pro-smart-projektor\/","url":"https:\/\/veho-schweiz.com\/it\/product\/veho-quda-titan-pro-smart-projektor\/","name":"Veho QUDA Titan Pro Smart-Projektor - Negozio Veho Lifestyle Svizzera","isPartOf":{"@id":"https:\/\/veho-schweiz.com\/it\/#website"},"primaryImageOfPage":{"@id":"https:\/\/veho-schweiz.com\/it\/product\/veho-quda-titan-pro-smart-projektor\/#primaryimage"},"image":{"@id":"https:\/\/veho-schweiz.com\/it\/product\/veho-quda-titan-pro-smart-projektor\/#primaryimage"},"thumbnailUrl":"https:\/\/veho-schweiz.com\/wp-content\/uploads\/2026\/04\/titan_hero.png","datePublished":"2026-04-28T11:10:00+00:00","dateModified":"2026-04-28T14:26:59+00:00","description":"Experience a new standard in home projection with the QUDA Titan Pro. A refined balance of intelligent technology using Android 13 operating system.","breadcrumb":{"@id":"https:\/\/veho-schweiz.com\/it\/product\/veho-quda-titan-pro-smart-projektor\/#breadcrumb"},"inLanguage":"it-IT","potentialAction":[{"@type":"ReadAction","target":["https:\/\/veho-schweiz.com\/it\/product\/veho-quda-titan-pro-smart-projektor\/"]}]},{"@type":"ImageObject","inLanguage":"it-IT","@id":"https:\/\/veho-schweiz.com\/it\/product\/veho-quda-titan-pro-smart-projektor\/#primaryimage","url":"https:\/\/veho-schweiz.com\/wp-content\/uploads\/2026\/04\/titan_hero.png","contentUrl":"https:\/\/veho-schweiz.com\/wp-content\/uploads\/2026\/04\/titan_hero.png","width":600,"height":600},{"@type":"BreadcrumbList","@id":"https:\/\/veho-schweiz.com\/it\/product\/veho-quda-titan-pro-smart-projektor\/#breadcrumb","itemListElement":[{"@type":"ListItem","position":1,"name":"Home","item":"https:\/\/veho-schweiz.com\/it\/"},{"@type":"ListItem","position":2,"name":"Shop","item":"https:\/\/veho-schweiz.com\/shop\/"},{"@type":"ListItem","position":3,"name":"Veho QUDA Titan Pro Smart-Projektor"}]},{"@type":"WebSite","@id":"https:\/\/veho-schweiz.com\/it\/#website","url":"https:\/\/veho-schweiz.com\/it\/","name":"Negozio Veho Lifestyle Svizzera","description":"Elettronica di consumo di progettazione britannica","potentialAction":[{"@type":"SearchAction","target":{"@type":"EntryPoint","urlTemplate":"https:\/\/veho-schweiz.com\/it\/?s={search_term_string}"},"query-input":{"@type":"PropertyValueSpecification","valueRequired":true,"valueName":"search_term_string"}}],"inLanguage":"it-IT"}]}},"jetpack_sharing_enabled":true,"_links":{"self":[{"href":"https:\/\/veho-schweiz.com\/it\/wp-json\/wp\/v2\/product\/8913","targetHints":{"allow":["GET"]}}],"collection":[{"href":"https:\/\/veho-schweiz.com\/it\/wp-json\/wp\/v2\/product"}],"about":[{"href":"https:\/\/veho-schweiz.com\/it\/wp-json\/wp\/v2\/types\/product"}],"replies":[{"embeddable":true,"href":"https:\/\/veho-schweiz.com\/it\/wp-json\/wp\/v2\/comments?post=8913"}],"wp:featuredmedia":[{"embeddable":true,"href":"https:\/\/veho-schweiz.com\/it\/wp-json\/wp\/v2\/media\/8926"}],"wp:attachment":[{"href":"https:\/\/veho-schweiz.com\/it\/wp-json\/wp\/v2\/media?parent=8913"}],"wp:term":[{"taxonomy":"product_brand","embeddable":true,"href":"https:\/\/veho-schweiz.com\/it\/wp-json\/wp\/v2\/product_brand?post=8913"},{"taxonomy":"product_cat","embeddable":true,"href":"https:\/\/veho-schweiz.com\/it\/wp-json\/wp\/v2\/product_cat?post=8913"},{"taxonomy":"product_tag","embeddable":true,"href":"https:\/\/veho-schweiz.com\/it\/wp-json\/wp\/v2\/product_tag?post=8913"}],"curies":[{"name":"wp","href":"https:\/\/api.w.org\/{rel}","templated":true}]}}