{"id":7811,"date":"2024-10-08T17:44:39","date_gmt":"2024-10-08T15:44:39","guid":{"rendered":"https:\/\/veho-schweiz.com\/product\/batteria-esterna-pebble-pokket-1000mah-in-formato-micro-portachiavi-rosso\/"},"modified":"2024-12-20T09:57:59","modified_gmt":"2024-12-20T08:57:59","slug":"batteria-esterna-pebble-pokket-1000mah-in-formato-micro-portachiavi-rosso","status":"publish","type":"product","link":"https:\/\/veho-schweiz.com\/it\/product\/batteria-esterna-pebble-pokket-1000mah-in-formato-micro-portachiavi-rosso\/","title":{"rendered":"Batteria esterna Pebble Pokket 1000mAh in formato micro portachiavi &#8211; Rosso"},"content":{"rendered":"<div class=\"wp-content wp-content--product\"><p>Il Pebble Pokket \u00e8 un power bank ultrasottile e compatto, abbastanza discreto da poter essere messo in tasca. Puoi anche attaccarlo al portachiavi. La batteria Pebble Pokket fornisce fino al 25% di energia al tuo dispositivo (sulla base di uno smartphone medio) ed \u00e8 perfetta per tutte le occasioni in cui non \u00e8 pratico portare con s\u00e9 una borsa grande. Progettato nel Regno Unito.   <\/p>\n<\/div>","protected":false},"excerpt":{"rendered":"<ul>\n<li>La batteria da 1000 mAh offre fino al 25% di autonomia in pi\u00f9 al tuo dispositivo.<\/li>\n<li>Piccolo e piatto quanto basta per essere inserito in modo discreto in una tasca o in un portachiavi.<\/li>\n<li>Connessione USB-C integrata, compatibile con la maggior parte degli smartphone Android<\/li>\n<\/ul>\n","protected":false},"featured_media":6469,"comment_status":"closed","ping_status":"closed","template":"","meta":{"_acf_changed":false,"inline_featured_image":false},"product_brand":[],"product_cat":[229],"product_tag":[],"class_list":{"0":"post-7811","1":"product","2":"type-product","3":"status-publish","4":"has-post-thumbnail","6":"product_cat-emergency-power-banks-it","8":"first","9":"instock","10":"shipping-taxable","11":"purchasable","12":"product-type-simple"},"acf":[],"yoast_head":"<!-- This site is optimized with the Yoast SEO plugin v27.5 - https:\/\/yoast.com\/product\/yoast-seo-wordpress\/ -->\n<title>Batteria esterna Pebble Pokket 1000mAh in formato micro portachiavi - Rosso<\/title>\n<meta name=\"description\" content=\"Pebble Pokket \u00e8 una micro-batteria di emergenza ultra-sottile, abbastanza piccola da poter essere messa in tasca senza essere notata.\" \/>\n<meta name=\"robots\" content=\"index, follow, max-snippet:-1, max-image-preview:large, max-video-preview:-1\" \/>\n<link rel=\"canonical\" href=\"https:\/\/veho-schweiz.com\/it\/product\/batteria-esterna-pebble-pokket-1000mah-in-formato-micro-portachiavi-rosso\/\" \/>\n<meta property=\"og:locale\" content=\"it_IT\" \/>\n<meta property=\"og:type\" content=\"article\" \/>\n<meta property=\"og:title\" content=\"Batteria esterna Pebble Pokket 1000mAh in formato micro portachiavi - Rosso\" \/>\n<meta property=\"og:description\" content=\"Pebble Pokket \u00e8 una micro-batteria di emergenza ultra-sottile, abbastanza piccola da poter essere messa in tasca senza essere notata.\" \/>\n<meta property=\"og:url\" content=\"https:\/\/veho-schweiz.com\/it\/product\/batteria-esterna-pebble-pokket-1000mah-in-formato-micro-portachiavi-rosso\/\" \/>\n<meta property=\"og:site_name\" content=\"Negozio Veho Lifestyle Svizzera\" \/>\n<meta property=\"article:modified_time\" content=\"2024-12-20T08:57:59+00:00\" \/>\n<meta property=\"og:image\" content=\"https:\/\/veho-schweiz.com\/wp-content\/uploads\/2022\/04\/VPP-017-PK-RD_1.png\" \/>\n\t<meta property=\"og:image:width\" content=\"620\" \/>\n\t<meta property=\"og:image:height\" content=\"620\" \/>\n\t<meta property=\"og:image:type\" content=\"image\/png\" \/>\n<meta name=\"twitter:card\" content=\"summary_large_image\" \/>\n<script type=\"application\/ld+json\" class=\"yoast-schema-graph\">{\"@context\":\"https:\\\/\\\/schema.org\",\"@graph\":[{\"@type\":\"WebPage\",\"@id\":\"https:\\\/\\\/veho-schweiz.com\\\/it\\\/product\\\/batteria-esterna-pebble-pokket-1000mah-in-formato-micro-portachiavi-rosso\\\/\",\"url\":\"https:\\\/\\\/veho-schweiz.com\\\/it\\\/product\\\/batteria-esterna-pebble-pokket-1000mah-in-formato-micro-portachiavi-rosso\\\/\",\"name\":\"Batteria esterna Pebble Pokket 1000mAh in formato micro portachiavi - Rosso\",\"isPartOf\":{\"@id\":\"https:\\\/\\\/veho-schweiz.com\\\/it\\\/#website\"},\"primaryImageOfPage\":{\"@id\":\"https:\\\/\\\/veho-schweiz.com\\\/it\\\/product\\\/batteria-esterna-pebble-pokket-1000mah-in-formato-micro-portachiavi-rosso\\\/#primaryimage\"},\"image\":{\"@id\":\"https:\\\/\\\/veho-schweiz.com\\\/it\\\/product\\\/batteria-esterna-pebble-pokket-1000mah-in-formato-micro-portachiavi-rosso\\\/#primaryimage\"},\"thumbnailUrl\":\"https:\\\/\\\/veho-schweiz.com\\\/wp-content\\\/uploads\\\/2022\\\/04\\\/VPP-017-PK-RD_1.png\",\"datePublished\":\"2024-10-08T15:44:39+00:00\",\"dateModified\":\"2024-12-20T08:57:59+00:00\",\"description\":\"Pebble Pokket \u00e8 una micro-batteria di emergenza ultra-sottile, abbastanza piccola da poter essere messa in tasca senza essere notata.\",\"breadcrumb\":{\"@id\":\"https:\\\/\\\/veho-schweiz.com\\\/it\\\/product\\\/batteria-esterna-pebble-pokket-1000mah-in-formato-micro-portachiavi-rosso\\\/#breadcrumb\"},\"inLanguage\":\"it-IT\",\"potentialAction\":[{\"@type\":\"ReadAction\",\"target\":[\"https:\\\/\\\/veho-schweiz.com\\\/it\\\/product\\\/batteria-esterna-pebble-pokket-1000mah-in-formato-micro-portachiavi-rosso\\\/\"]}]},{\"@type\":\"ImageObject\",\"inLanguage\":\"it-IT\",\"@id\":\"https:\\\/\\\/veho-schweiz.com\\\/it\\\/product\\\/batteria-esterna-pebble-pokket-1000mah-in-formato-micro-portachiavi-rosso\\\/#primaryimage\",\"url\":\"https:\\\/\\\/veho-schweiz.com\\\/wp-content\\\/uploads\\\/2022\\\/04\\\/VPP-017-PK-RD_1.png\",\"contentUrl\":\"https:\\\/\\\/veho-schweiz.com\\\/wp-content\\\/uploads\\\/2022\\\/04\\\/VPP-017-PK-RD_1.png\",\"width\":620,\"height\":620,\"caption\":\"Banca di energia Pebble Pocket\"},{\"@type\":\"BreadcrumbList\",\"@id\":\"https:\\\/\\\/veho-schweiz.com\\\/it\\\/product\\\/batteria-esterna-pebble-pokket-1000mah-in-formato-micro-portachiavi-rosso\\\/#breadcrumb\",\"itemListElement\":[{\"@type\":\"ListItem\",\"position\":1,\"name\":\"Home\",\"item\":\"https:\\\/\\\/veho-schweiz.com\\\/it\\\/\"},{\"@type\":\"ListItem\",\"position\":2,\"name\":\"Shop\",\"item\":\"https:\\\/\\\/veho-schweiz.com\\\/shop\\\/\"},{\"@type\":\"ListItem\",\"position\":3,\"name\":\"Batteria esterna Pebble Pokket 1000mAh in formato micro portachiavi &#8211; Rosso\"}]},{\"@type\":\"WebSite\",\"@id\":\"https:\\\/\\\/veho-schweiz.com\\\/it\\\/#website\",\"url\":\"https:\\\/\\\/veho-schweiz.com\\\/it\\\/\",\"name\":\"Negozio Veho Lifestyle Svizzera\",\"description\":\"Elettronica di consumo di progettazione britannica\",\"potentialAction\":[{\"@type\":\"SearchAction\",\"target\":{\"@type\":\"EntryPoint\",\"urlTemplate\":\"https:\\\/\\\/veho-schweiz.com\\\/it\\\/?s={search_term_string}\"},\"query-input\":{\"@type\":\"PropertyValueSpecification\",\"valueRequired\":true,\"valueName\":\"search_term_string\"}}],\"inLanguage\":\"it-IT\"}]}<\/script>\n<!-- \/ Yoast SEO plugin. -->","yoast_head_json":{"title":"Batteria esterna Pebble Pokket 1000mAh in formato micro portachiavi - Rosso","description":"Pebble Pokket \u00e8 una micro-batteria di emergenza ultra-sottile, abbastanza piccola da poter essere messa in tasca senza essere notata.","robots":{"index":"index","follow":"follow","max-snippet":"max-snippet:-1","max-image-preview":"max-image-preview:large","max-video-preview":"max-video-preview:-1"},"canonical":"https:\/\/veho-schweiz.com\/it\/product\/batteria-esterna-pebble-pokket-1000mah-in-formato-micro-portachiavi-rosso\/","og_locale":"it_IT","og_type":"article","og_title":"Batteria esterna Pebble Pokket 1000mAh in formato micro portachiavi - Rosso","og_description":"Pebble Pokket \u00e8 una micro-batteria di emergenza ultra-sottile, abbastanza piccola da poter essere messa in tasca senza essere notata.","og_url":"https:\/\/veho-schweiz.com\/it\/product\/batteria-esterna-pebble-pokket-1000mah-in-formato-micro-portachiavi-rosso\/","og_site_name":"Negozio Veho Lifestyle Svizzera","article_modified_time":"2024-12-20T08:57:59+00:00","og_image":[{"width":620,"height":620,"url":"https:\/\/veho-schweiz.com\/wp-content\/uploads\/2022\/04\/VPP-017-PK-RD_1.png","type":"image\/png"}],"twitter_card":"summary_large_image","schema":{"@context":"https:\/\/schema.org","@graph":[{"@type":"WebPage","@id":"https:\/\/veho-schweiz.com\/it\/product\/batteria-esterna-pebble-pokket-1000mah-in-formato-micro-portachiavi-rosso\/","url":"https:\/\/veho-schweiz.com\/it\/product\/batteria-esterna-pebble-pokket-1000mah-in-formato-micro-portachiavi-rosso\/","name":"Batteria esterna Pebble Pokket 1000mAh in formato micro portachiavi - Rosso","isPartOf":{"@id":"https:\/\/veho-schweiz.com\/it\/#website"},"primaryImageOfPage":{"@id":"https:\/\/veho-schweiz.com\/it\/product\/batteria-esterna-pebble-pokket-1000mah-in-formato-micro-portachiavi-rosso\/#primaryimage"},"image":{"@id":"https:\/\/veho-schweiz.com\/it\/product\/batteria-esterna-pebble-pokket-1000mah-in-formato-micro-portachiavi-rosso\/#primaryimage"},"thumbnailUrl":"https:\/\/veho-schweiz.com\/wp-content\/uploads\/2022\/04\/VPP-017-PK-RD_1.png","datePublished":"2024-10-08T15:44:39+00:00","dateModified":"2024-12-20T08:57:59+00:00","description":"Pebble Pokket \u00e8 una micro-batteria di emergenza ultra-sottile, abbastanza piccola da poter essere messa in tasca senza essere notata.","breadcrumb":{"@id":"https:\/\/veho-schweiz.com\/it\/product\/batteria-esterna-pebble-pokket-1000mah-in-formato-micro-portachiavi-rosso\/#breadcrumb"},"inLanguage":"it-IT","potentialAction":[{"@type":"ReadAction","target":["https:\/\/veho-schweiz.com\/it\/product\/batteria-esterna-pebble-pokket-1000mah-in-formato-micro-portachiavi-rosso\/"]}]},{"@type":"ImageObject","inLanguage":"it-IT","@id":"https:\/\/veho-schweiz.com\/it\/product\/batteria-esterna-pebble-pokket-1000mah-in-formato-micro-portachiavi-rosso\/#primaryimage","url":"https:\/\/veho-schweiz.com\/wp-content\/uploads\/2022\/04\/VPP-017-PK-RD_1.png","contentUrl":"https:\/\/veho-schweiz.com\/wp-content\/uploads\/2022\/04\/VPP-017-PK-RD_1.png","width":620,"height":620,"caption":"Banca di energia Pebble Pocket"},{"@type":"BreadcrumbList","@id":"https:\/\/veho-schweiz.com\/it\/product\/batteria-esterna-pebble-pokket-1000mah-in-formato-micro-portachiavi-rosso\/#breadcrumb","itemListElement":[{"@type":"ListItem","position":1,"name":"Home","item":"https:\/\/veho-schweiz.com\/it\/"},{"@type":"ListItem","position":2,"name":"Shop","item":"https:\/\/veho-schweiz.com\/shop\/"},{"@type":"ListItem","position":3,"name":"Batteria esterna Pebble Pokket 1000mAh in formato micro portachiavi &#8211; Rosso"}]},{"@type":"WebSite","@id":"https:\/\/veho-schweiz.com\/it\/#website","url":"https:\/\/veho-schweiz.com\/it\/","name":"Negozio Veho Lifestyle Svizzera","description":"Elettronica di consumo di progettazione britannica","potentialAction":[{"@type":"SearchAction","target":{"@type":"EntryPoint","urlTemplate":"https:\/\/veho-schweiz.com\/it\/?s={search_term_string}"},"query-input":{"@type":"PropertyValueSpecification","valueRequired":true,"valueName":"search_term_string"}}],"inLanguage":"it-IT"}]}},"jetpack_sharing_enabled":true,"_links":{"self":[{"href":"https:\/\/veho-schweiz.com\/it\/wp-json\/wp\/v2\/product\/7811","targetHints":{"allow":["GET"]}}],"collection":[{"href":"https:\/\/veho-schweiz.com\/it\/wp-json\/wp\/v2\/product"}],"about":[{"href":"https:\/\/veho-schweiz.com\/it\/wp-json\/wp\/v2\/types\/product"}],"replies":[{"embeddable":true,"href":"https:\/\/veho-schweiz.com\/it\/wp-json\/wp\/v2\/comments?post=7811"}],"wp:featuredmedia":[{"embeddable":true,"href":"https:\/\/veho-schweiz.com\/it\/wp-json\/wp\/v2\/media\/6469"}],"wp:attachment":[{"href":"https:\/\/veho-schweiz.com\/it\/wp-json\/wp\/v2\/media?parent=7811"}],"wp:term":[{"taxonomy":"product_brand","embeddable":true,"href":"https:\/\/veho-schweiz.com\/it\/wp-json\/wp\/v2\/product_brand?post=7811"},{"taxonomy":"product_cat","embeddable":true,"href":"https:\/\/veho-schweiz.com\/it\/wp-json\/wp\/v2\/product_cat?post=7811"},{"taxonomy":"product_tag","embeddable":true,"href":"https:\/\/veho-schweiz.com\/it\/wp-json\/wp\/v2\/product_tag?post=7811"}],"curies":[{"name":"wp","href":"https:\/\/api.w.org\/{rel}","templated":true}]}}