{"id":7723,"date":"2024-10-08T17:46:23","date_gmt":"2024-10-08T15:46:23","guid":{"rendered":"https:\/\/veho-schweiz.com\/product\/zaino-per-laptop-veho-tx-4-con-porta-usb\/"},"modified":"2024-12-19T11:04:51","modified_gmt":"2024-12-19T10:04:51","slug":"zaino-per-laptop-veho-tx-4-con-porta-usb","status":"publish","type":"product","link":"https:\/\/veho-schweiz.com\/it\/product\/zaino-per-laptop-veho-tx-4-con-porta-usb\/","title":{"rendered":"Zaino per laptop Veho TX-4 con porta USB"},"content":{"rendered":"<div class=\"wp-content wp-content--product\"><p>Lo zaino Veho TX-4 \u00e8 stato progettato per i viaggiatori pi\u00f9 esigenti. Grazie alla chiusura principale con patta e alle cerniere impermeabili, il TX-4 \u00e8 abbastanza robusto da resistere alle intemperie. Realizzato in poliestere impermeabile con un rivestimento in Teflon di alta qualit\u00e0, lo zaino ha spazio sufficiente per computer portatili fino a 17 pollici e molto spazio per gli accessori. \u00c8 dotato di una porta di ricarica esterna integrata per una comoda ricarica in movimento.   <\/p>\n<\/div>","protected":false},"excerpt":{"rendered":"<ul>\n<li>Zaino robusto per computer portatili fino a 17 pollici<\/li>\n<li>Poliestere super resistente con rivestimento in Teflon<\/li>\n<li>Porta USB esterna per ricaricare un telefono\/dispositivo durante il movimento<\/li>\n<\/ul>\n","protected":false},"featured_media":6031,"comment_status":"closed","ping_status":"closed","template":"","meta":{"_acf_changed":false,"inline_featured_image":false},"product_brand":[],"product_cat":[213],"product_tag":[],"class_list":{"0":"post-7723","1":"product","2":"type-product","3":"status-publish","4":"has-post-thumbnail","6":"product_cat-laptop-notebook-bags-it","8":"first","9":"instock","10":"shipping-taxable","11":"purchasable","12":"product-type-simple"},"acf":[],"yoast_head":"<!-- This site is optimized with the Yoast SEO plugin v27.5 - https:\/\/yoast.com\/product\/yoast-seo-wordpress\/ -->\n<title>Zaino per laptop Veho TX-4 con porta USB<\/title>\n<meta name=\"description\" content=\"Lo zaino Veho TX-4 \u00e8 la borsa per notebook per il viaggiatore per eccellenza. Borsa arrotolabile che pu\u00f2 contenere notebook fino a 17&quot; con spazio per gli accessori.\" \/>\n<meta name=\"robots\" content=\"index, follow, max-snippet:-1, max-image-preview:large, max-video-preview:-1\" \/>\n<link rel=\"canonical\" href=\"https:\/\/veho-schweiz.com\/it\/product\/zaino-per-laptop-veho-tx-4-con-porta-usb\/\" \/>\n<meta property=\"og:locale\" content=\"it_IT\" \/>\n<meta property=\"og:type\" content=\"article\" \/>\n<meta property=\"og:title\" content=\"Zaino per laptop Veho TX-4 con porta USB\" \/>\n<meta property=\"og:description\" content=\"Lo zaino Veho TX-4 \u00e8 la borsa per notebook per il viaggiatore per eccellenza. Borsa arrotolabile che pu\u00f2 contenere notebook fino a 17&quot; con spazio per gli accessori.\" \/>\n<meta property=\"og:url\" content=\"https:\/\/veho-schweiz.com\/it\/product\/zaino-per-laptop-veho-tx-4-con-porta-usb\/\" \/>\n<meta property=\"og:site_name\" content=\"Negozio Veho Lifestyle Svizzera\" \/>\n<meta property=\"article:modified_time\" content=\"2024-12-19T10:04:51+00:00\" \/>\n<meta property=\"og:image\" content=\"https:\/\/veho-schweiz.com\/wp-content\/uploads\/2022\/02\/VNB-004-TX4-hero.png\" \/>\n\t<meta property=\"og:image:width\" content=\"620\" \/>\n\t<meta property=\"og:image:height\" content=\"620\" \/>\n\t<meta property=\"og:image:type\" content=\"image\/png\" \/>\n<meta name=\"twitter:card\" content=\"summary_large_image\" \/>\n<script type=\"application\/ld+json\" class=\"yoast-schema-graph\">{\"@context\":\"https:\\\/\\\/schema.org\",\"@graph\":[{\"@type\":\"WebPage\",\"@id\":\"https:\\\/\\\/veho-schweiz.com\\\/it\\\/product\\\/zaino-per-laptop-veho-tx-4-con-porta-usb\\\/\",\"url\":\"https:\\\/\\\/veho-schweiz.com\\\/it\\\/product\\\/zaino-per-laptop-veho-tx-4-con-porta-usb\\\/\",\"name\":\"Zaino per laptop Veho TX-4 con porta USB\",\"isPartOf\":{\"@id\":\"https:\\\/\\\/veho-schweiz.com\\\/it\\\/#website\"},\"primaryImageOfPage\":{\"@id\":\"https:\\\/\\\/veho-schweiz.com\\\/it\\\/product\\\/zaino-per-laptop-veho-tx-4-con-porta-usb\\\/#primaryimage\"},\"image\":{\"@id\":\"https:\\\/\\\/veho-schweiz.com\\\/it\\\/product\\\/zaino-per-laptop-veho-tx-4-con-porta-usb\\\/#primaryimage\"},\"thumbnailUrl\":\"https:\\\/\\\/veho-schweiz.com\\\/wp-content\\\/uploads\\\/2022\\\/02\\\/VNB-004-TX4-hero.png\",\"datePublished\":\"2024-10-08T15:46:23+00:00\",\"dateModified\":\"2024-12-19T10:04:51+00:00\",\"description\":\"Lo zaino Veho TX-4 \u00e8 la borsa per notebook per il viaggiatore per eccellenza. Borsa arrotolabile che pu\u00f2 contenere notebook fino a 17\\\" con spazio per gli accessori.\",\"breadcrumb\":{\"@id\":\"https:\\\/\\\/veho-schweiz.com\\\/it\\\/product\\\/zaino-per-laptop-veho-tx-4-con-porta-usb\\\/#breadcrumb\"},\"inLanguage\":\"it-IT\",\"potentialAction\":[{\"@type\":\"ReadAction\",\"target\":[\"https:\\\/\\\/veho-schweiz.com\\\/it\\\/product\\\/zaino-per-laptop-veho-tx-4-con-porta-usb\\\/\"]}]},{\"@type\":\"ImageObject\",\"inLanguage\":\"it-IT\",\"@id\":\"https:\\\/\\\/veho-schweiz.com\\\/it\\\/product\\\/zaino-per-laptop-veho-tx-4-con-porta-usb\\\/#primaryimage\",\"url\":\"https:\\\/\\\/veho-schweiz.com\\\/wp-content\\\/uploads\\\/2022\\\/02\\\/VNB-004-TX4-hero.png\",\"contentUrl\":\"https:\\\/\\\/veho-schweiz.com\\\/wp-content\\\/uploads\\\/2022\\\/02\\\/VNB-004-TX4-hero.png\",\"width\":620,\"height\":620},{\"@type\":\"BreadcrumbList\",\"@id\":\"https:\\\/\\\/veho-schweiz.com\\\/it\\\/product\\\/zaino-per-laptop-veho-tx-4-con-porta-usb\\\/#breadcrumb\",\"itemListElement\":[{\"@type\":\"ListItem\",\"position\":1,\"name\":\"Home\",\"item\":\"https:\\\/\\\/veho-schweiz.com\\\/it\\\/\"},{\"@type\":\"ListItem\",\"position\":2,\"name\":\"Shop\",\"item\":\"https:\\\/\\\/veho-schweiz.com\\\/shop\\\/\"},{\"@type\":\"ListItem\",\"position\":3,\"name\":\"Zaino per laptop Veho TX-4 con porta USB\"}]},{\"@type\":\"WebSite\",\"@id\":\"https:\\\/\\\/veho-schweiz.com\\\/it\\\/#website\",\"url\":\"https:\\\/\\\/veho-schweiz.com\\\/it\\\/\",\"name\":\"Negozio Veho Lifestyle Svizzera\",\"description\":\"Elettronica di consumo di progettazione britannica\",\"potentialAction\":[{\"@type\":\"SearchAction\",\"target\":{\"@type\":\"EntryPoint\",\"urlTemplate\":\"https:\\\/\\\/veho-schweiz.com\\\/it\\\/?s={search_term_string}\"},\"query-input\":{\"@type\":\"PropertyValueSpecification\",\"valueRequired\":true,\"valueName\":\"search_term_string\"}}],\"inLanguage\":\"it-IT\"}]}<\/script>\n<!-- \/ Yoast SEO plugin. -->","yoast_head_json":{"title":"Zaino per laptop Veho TX-4 con porta USB","description":"Lo zaino Veho TX-4 \u00e8 la borsa per notebook per il viaggiatore per eccellenza. Borsa arrotolabile che pu\u00f2 contenere notebook fino a 17\" con spazio per gli accessori.","robots":{"index":"index","follow":"follow","max-snippet":"max-snippet:-1","max-image-preview":"max-image-preview:large","max-video-preview":"max-video-preview:-1"},"canonical":"https:\/\/veho-schweiz.com\/it\/product\/zaino-per-laptop-veho-tx-4-con-porta-usb\/","og_locale":"it_IT","og_type":"article","og_title":"Zaino per laptop Veho TX-4 con porta USB","og_description":"Lo zaino Veho TX-4 \u00e8 la borsa per notebook per il viaggiatore per eccellenza. Borsa arrotolabile che pu\u00f2 contenere notebook fino a 17\" con spazio per gli accessori.","og_url":"https:\/\/veho-schweiz.com\/it\/product\/zaino-per-laptop-veho-tx-4-con-porta-usb\/","og_site_name":"Negozio Veho Lifestyle Svizzera","article_modified_time":"2024-12-19T10:04:51+00:00","og_image":[{"width":620,"height":620,"url":"https:\/\/veho-schweiz.com\/wp-content\/uploads\/2022\/02\/VNB-004-TX4-hero.png","type":"image\/png"}],"twitter_card":"summary_large_image","schema":{"@context":"https:\/\/schema.org","@graph":[{"@type":"WebPage","@id":"https:\/\/veho-schweiz.com\/it\/product\/zaino-per-laptop-veho-tx-4-con-porta-usb\/","url":"https:\/\/veho-schweiz.com\/it\/product\/zaino-per-laptop-veho-tx-4-con-porta-usb\/","name":"Zaino per laptop Veho TX-4 con porta USB","isPartOf":{"@id":"https:\/\/veho-schweiz.com\/it\/#website"},"primaryImageOfPage":{"@id":"https:\/\/veho-schweiz.com\/it\/product\/zaino-per-laptop-veho-tx-4-con-porta-usb\/#primaryimage"},"image":{"@id":"https:\/\/veho-schweiz.com\/it\/product\/zaino-per-laptop-veho-tx-4-con-porta-usb\/#primaryimage"},"thumbnailUrl":"https:\/\/veho-schweiz.com\/wp-content\/uploads\/2022\/02\/VNB-004-TX4-hero.png","datePublished":"2024-10-08T15:46:23+00:00","dateModified":"2024-12-19T10:04:51+00:00","description":"Lo zaino Veho TX-4 \u00e8 la borsa per notebook per il viaggiatore per eccellenza. Borsa arrotolabile che pu\u00f2 contenere notebook fino a 17\" con spazio per gli accessori.","breadcrumb":{"@id":"https:\/\/veho-schweiz.com\/it\/product\/zaino-per-laptop-veho-tx-4-con-porta-usb\/#breadcrumb"},"inLanguage":"it-IT","potentialAction":[{"@type":"ReadAction","target":["https:\/\/veho-schweiz.com\/it\/product\/zaino-per-laptop-veho-tx-4-con-porta-usb\/"]}]},{"@type":"ImageObject","inLanguage":"it-IT","@id":"https:\/\/veho-schweiz.com\/it\/product\/zaino-per-laptop-veho-tx-4-con-porta-usb\/#primaryimage","url":"https:\/\/veho-schweiz.com\/wp-content\/uploads\/2022\/02\/VNB-004-TX4-hero.png","contentUrl":"https:\/\/veho-schweiz.com\/wp-content\/uploads\/2022\/02\/VNB-004-TX4-hero.png","width":620,"height":620},{"@type":"BreadcrumbList","@id":"https:\/\/veho-schweiz.com\/it\/product\/zaino-per-laptop-veho-tx-4-con-porta-usb\/#breadcrumb","itemListElement":[{"@type":"ListItem","position":1,"name":"Home","item":"https:\/\/veho-schweiz.com\/it\/"},{"@type":"ListItem","position":2,"name":"Shop","item":"https:\/\/veho-schweiz.com\/shop\/"},{"@type":"ListItem","position":3,"name":"Zaino per laptop Veho TX-4 con porta USB"}]},{"@type":"WebSite","@id":"https:\/\/veho-schweiz.com\/it\/#website","url":"https:\/\/veho-schweiz.com\/it\/","name":"Negozio Veho Lifestyle Svizzera","description":"Elettronica di consumo di progettazione britannica","potentialAction":[{"@type":"SearchAction","target":{"@type":"EntryPoint","urlTemplate":"https:\/\/veho-schweiz.com\/it\/?s={search_term_string}"},"query-input":{"@type":"PropertyValueSpecification","valueRequired":true,"valueName":"search_term_string"}}],"inLanguage":"it-IT"}]}},"jetpack_sharing_enabled":true,"_links":{"self":[{"href":"https:\/\/veho-schweiz.com\/it\/wp-json\/wp\/v2\/product\/7723","targetHints":{"allow":["GET"]}}],"collection":[{"href":"https:\/\/veho-schweiz.com\/it\/wp-json\/wp\/v2\/product"}],"about":[{"href":"https:\/\/veho-schweiz.com\/it\/wp-json\/wp\/v2\/types\/product"}],"replies":[{"embeddable":true,"href":"https:\/\/veho-schweiz.com\/it\/wp-json\/wp\/v2\/comments?post=7723"}],"wp:featuredmedia":[{"embeddable":true,"href":"https:\/\/veho-schweiz.com\/it\/wp-json\/wp\/v2\/media\/6031"}],"wp:attachment":[{"href":"https:\/\/veho-schweiz.com\/it\/wp-json\/wp\/v2\/media?parent=7723"}],"wp:term":[{"taxonomy":"product_brand","embeddable":true,"href":"https:\/\/veho-schweiz.com\/it\/wp-json\/wp\/v2\/product_brand?post=7723"},{"taxonomy":"product_cat","embeddable":true,"href":"https:\/\/veho-schweiz.com\/it\/wp-json\/wp\/v2\/product_cat?post=7723"},{"taxonomy":"product_tag","embeddable":true,"href":"https:\/\/veho-schweiz.com\/it\/wp-json\/wp\/v2\/product_tag?post=7723"}],"curies":[{"name":"wp","href":"https:\/\/api.w.org\/{rel}","templated":true}]}}