{"id":8955,"date":"2026-04-29T18:24:18","date_gmt":"2026-04-29T16:24:18","guid":{"rendered":"https:\/\/veho-schweiz.com\/product\/projecteur-intelligent-veho-quda-titan-pro\/"},"modified":"2026-04-29T18:24:18","modified_gmt":"2026-04-29T16:24:18","slug":"projecteur-intelligent-veho-quda-titan-pro","status":"publish","type":"product","link":"https:\/\/veho-schweiz.com\/fr\/product\/projecteur-intelligent-veho-quda-titan-pro\/","title":{"rendered":"Projecteur intelligent Veho QUDA Titan Pro"},"content":{"rendered":"<div class=\"wp-content wp-content--product\"><p>D\u00e9couvrez un nouveau standard de projection home cin\u00e9ma avec le Quda Titan Pro. Une technologie intelligente avec le syst\u00e8me d&rsquo;exploitation Android 13, un son immersif gr\u00e2ce \u00e0 deux haut-parleurs 4\u03a9 (2 x 5W) avec un chipset avanc\u00e9 en silicium MV assurent des performances sans effort. Profitez d&rsquo;images d&rsquo;une grande nettet\u00e9 avec la lecture vid\u00e9o 4K et la lentille en verre triple couche TZ-3 Pro &#8211; les films, les s\u00e9ries et les \u00e9v\u00e9nements en direct prennent vie. Le Quda Titan Pro est con\u00e7u pour \u00eatre facile \u00e0 utiliser et dispose d&rsquo;un autofocus intelligent qui permet d&rsquo;obtenir une image nette en quelques secondes. Gr\u00e2ce au WLAN, au Bluetooth 5.4 et au HDMI, vos appareils se connectent sans effort. Mettez en miroir le contenu, diffusez sans fil ou couplez des haut-parleurs externes, selon vos pr\u00e9f\u00e9rences.     <\/p>\n<\/div>","protected":false},"excerpt":{"rendered":"<ul>\n<li>Version AOSP d&rsquo;Android 13.0<\/li>\n<li>TZ-3 Pro triple optique en verre<\/li>\n<li>Lecture vid\u00e9o 4K de qualit\u00e9 cin\u00e9matographique<\/li>\n<li>Deux haut-parleurs 4\u03a9 2x5W<\/li>\n<\/ul>\n","protected":false},"featured_media":8927,"comment_status":"open","ping_status":"closed","template":"","meta":{"_acf_changed":false,"inline_featured_image":false},"product_brand":[],"product_cat":[171,270,299],"product_tag":[],"class_list":{"0":"post-8955","1":"product","2":"type-product","3":"status-publish","4":"has-post-thumbnail","6":"product_cat-non-classe","7":"product_cat-projecteurs-intelligents","8":"product_cat-projecteurs-intelligents-fr","10":"first","11":"outofstock","12":"shipping-taxable","13":"purchasable","14":"product-type-simple"},"acf":[],"yoast_head":"<!-- This site is optimized with the Yoast SEO plugin v27.5 - https:\/\/yoast.com\/product\/yoast-seo-wordpress\/ -->\n<title>Projecteur intelligent Veho QUDA Titan Pro - Veho Lifestyle Store Suisse<\/title>\n<meta name=\"description\" content=\"D\u00e9couvrez un nouveau standard de projection \u00e0 domicile avec le QUDA Titan Pro. Un \u00e9quilibre raffin\u00e9 de technologie intelligente utilisant le syst\u00e8me d&#039;exploitation Android 13.\" \/>\n<meta name=\"robots\" content=\"index, follow, max-snippet:-1, max-image-preview:large, max-video-preview:-1\" \/>\n<link rel=\"canonical\" href=\"https:\/\/veho-schweiz.com\/fr\/product\/projecteur-intelligent-veho-quda-titan-pro\/\" \/>\n<meta property=\"og:locale\" content=\"fr_FR\" \/>\n<meta property=\"og:type\" content=\"article\" \/>\n<meta property=\"og:title\" content=\"Projecteur intelligent Veho QUDA Titan Pro - Veho Lifestyle Store Suisse\" \/>\n<meta property=\"og:description\" content=\"D\u00e9couvrez un nouveau standard de projection \u00e0 domicile avec le QUDA Titan Pro. Un \u00e9quilibre raffin\u00e9 de technologie intelligente utilisant le syst\u00e8me d&#039;exploitation Android 13.\" \/>\n<meta property=\"og:url\" content=\"https:\/\/veho-schweiz.com\/fr\/product\/projecteur-intelligent-veho-quda-titan-pro\/\" \/>\n<meta property=\"og:site_name\" content=\"Veho Lifestyle Store Suisse\" \/>\n<meta property=\"og:image\" content=\"https:\/\/veho-schweiz.com\/wp-content\/uploads\/2026\/04\/titan_hero.png\" \/>\n\t<meta property=\"og:image:width\" content=\"600\" \/>\n\t<meta property=\"og:image:height\" content=\"600\" \/>\n\t<meta property=\"og:image:type\" content=\"image\/png\" \/>\n<meta name=\"twitter:card\" content=\"summary_large_image\" \/>\n<meta name=\"twitter:label1\" content=\"Dur\u00e9e de lecture estim\u00e9e\" \/>\n\t<meta name=\"twitter:data1\" content=\"1 minute\" \/>\n<script type=\"application\/ld+json\" class=\"yoast-schema-graph\">{\"@context\":\"https:\\\/\\\/schema.org\",\"@graph\":[{\"@type\":\"WebPage\",\"@id\":\"https:\\\/\\\/veho-schweiz.com\\\/fr\\\/product\\\/projecteur-intelligent-veho-quda-titan-pro\\\/\",\"url\":\"https:\\\/\\\/veho-schweiz.com\\\/fr\\\/product\\\/projecteur-intelligent-veho-quda-titan-pro\\\/\",\"name\":\"Projecteur intelligent Veho QUDA Titan Pro - Veho Lifestyle Store Suisse\",\"isPartOf\":{\"@id\":\"https:\\\/\\\/veho-schweiz.com\\\/fr\\\/#website\"},\"primaryImageOfPage\":{\"@id\":\"https:\\\/\\\/veho-schweiz.com\\\/fr\\\/product\\\/projecteur-intelligent-veho-quda-titan-pro\\\/#primaryimage\"},\"image\":{\"@id\":\"https:\\\/\\\/veho-schweiz.com\\\/fr\\\/product\\\/projecteur-intelligent-veho-quda-titan-pro\\\/#primaryimage\"},\"thumbnailUrl\":\"https:\\\/\\\/veho-schweiz.com\\\/wp-content\\\/uploads\\\/2026\\\/04\\\/titan_hero.png\",\"datePublished\":\"2026-04-29T16:24:18+00:00\",\"description\":\"D\u00e9couvrez un nouveau standard de projection \u00e0 domicile avec le QUDA Titan Pro. Un \u00e9quilibre raffin\u00e9 de technologie intelligente utilisant le syst\u00e8me d'exploitation Android 13.\",\"breadcrumb\":{\"@id\":\"https:\\\/\\\/veho-schweiz.com\\\/fr\\\/product\\\/projecteur-intelligent-veho-quda-titan-pro\\\/#breadcrumb\"},\"inLanguage\":\"fr-FR\",\"potentialAction\":[{\"@type\":\"ReadAction\",\"target\":[\"https:\\\/\\\/veho-schweiz.com\\\/fr\\\/product\\\/projecteur-intelligent-veho-quda-titan-pro\\\/\"]}]},{\"@type\":\"ImageObject\",\"inLanguage\":\"fr-FR\",\"@id\":\"https:\\\/\\\/veho-schweiz.com\\\/fr\\\/product\\\/projecteur-intelligent-veho-quda-titan-pro\\\/#primaryimage\",\"url\":\"https:\\\/\\\/veho-schweiz.com\\\/wp-content\\\/uploads\\\/2026\\\/04\\\/titan_hero.png\",\"contentUrl\":\"https:\\\/\\\/veho-schweiz.com\\\/wp-content\\\/uploads\\\/2026\\\/04\\\/titan_hero.png\",\"width\":600,\"height\":600},{\"@type\":\"BreadcrumbList\",\"@id\":\"https:\\\/\\\/veho-schweiz.com\\\/fr\\\/product\\\/projecteur-intelligent-veho-quda-titan-pro\\\/#breadcrumb\",\"itemListElement\":[{\"@type\":\"ListItem\",\"position\":1,\"name\":\"Home\",\"item\":\"https:\\\/\\\/veho-schweiz.com\\\/fr\\\/\"},{\"@type\":\"ListItem\",\"position\":2,\"name\":\"Shop\",\"item\":\"https:\\\/\\\/veho-schweiz.com\\\/shop\\\/\"},{\"@type\":\"ListItem\",\"position\":3,\"name\":\"Projecteur intelligent Veho QUDA Titan Pro\"}]},{\"@type\":\"WebSite\",\"@id\":\"https:\\\/\\\/veho-schweiz.com\\\/fr\\\/#website\",\"url\":\"https:\\\/\\\/veho-schweiz.com\\\/fr\\\/\",\"name\":\"Veho Lifestyle Store Suisse\",\"description\":\"\u00c9lectronique grand public de conception britannique\",\"potentialAction\":[{\"@type\":\"SearchAction\",\"target\":{\"@type\":\"EntryPoint\",\"urlTemplate\":\"https:\\\/\\\/veho-schweiz.com\\\/fr\\\/?s={search_term_string}\"},\"query-input\":{\"@type\":\"PropertyValueSpecification\",\"valueRequired\":true,\"valueName\":\"search_term_string\"}}],\"inLanguage\":\"fr-FR\"}]}<\/script>\n<!-- \/ Yoast SEO plugin. -->","yoast_head_json":{"title":"Projecteur intelligent Veho QUDA Titan Pro - Veho Lifestyle Store Suisse","description":"D\u00e9couvrez un nouveau standard de projection \u00e0 domicile avec le QUDA Titan Pro. Un \u00e9quilibre raffin\u00e9 de technologie intelligente utilisant le syst\u00e8me d'exploitation Android 13.","robots":{"index":"index","follow":"follow","max-snippet":"max-snippet:-1","max-image-preview":"max-image-preview:large","max-video-preview":"max-video-preview:-1"},"canonical":"https:\/\/veho-schweiz.com\/fr\/product\/projecteur-intelligent-veho-quda-titan-pro\/","og_locale":"fr_FR","og_type":"article","og_title":"Projecteur intelligent Veho QUDA Titan Pro - Veho Lifestyle Store Suisse","og_description":"D\u00e9couvrez un nouveau standard de projection \u00e0 domicile avec le QUDA Titan Pro. Un \u00e9quilibre raffin\u00e9 de technologie intelligente utilisant le syst\u00e8me d'exploitation Android 13.","og_url":"https:\/\/veho-schweiz.com\/fr\/product\/projecteur-intelligent-veho-quda-titan-pro\/","og_site_name":"Veho Lifestyle Store Suisse","og_image":[{"width":600,"height":600,"url":"https:\/\/veho-schweiz.com\/wp-content\/uploads\/2026\/04\/titan_hero.png","type":"image\/png"}],"twitter_card":"summary_large_image","twitter_misc":{"Dur\u00e9e de lecture estim\u00e9e":"1 minute"},"schema":{"@context":"https:\/\/schema.org","@graph":[{"@type":"WebPage","@id":"https:\/\/veho-schweiz.com\/fr\/product\/projecteur-intelligent-veho-quda-titan-pro\/","url":"https:\/\/veho-schweiz.com\/fr\/product\/projecteur-intelligent-veho-quda-titan-pro\/","name":"Projecteur intelligent Veho QUDA Titan Pro - Veho Lifestyle Store Suisse","isPartOf":{"@id":"https:\/\/veho-schweiz.com\/fr\/#website"},"primaryImageOfPage":{"@id":"https:\/\/veho-schweiz.com\/fr\/product\/projecteur-intelligent-veho-quda-titan-pro\/#primaryimage"},"image":{"@id":"https:\/\/veho-schweiz.com\/fr\/product\/projecteur-intelligent-veho-quda-titan-pro\/#primaryimage"},"thumbnailUrl":"https:\/\/veho-schweiz.com\/wp-content\/uploads\/2026\/04\/titan_hero.png","datePublished":"2026-04-29T16:24:18+00:00","description":"D\u00e9couvrez un nouveau standard de projection \u00e0 domicile avec le QUDA Titan Pro. Un \u00e9quilibre raffin\u00e9 de technologie intelligente utilisant le syst\u00e8me d'exploitation Android 13.","breadcrumb":{"@id":"https:\/\/veho-schweiz.com\/fr\/product\/projecteur-intelligent-veho-quda-titan-pro\/#breadcrumb"},"inLanguage":"fr-FR","potentialAction":[{"@type":"ReadAction","target":["https:\/\/veho-schweiz.com\/fr\/product\/projecteur-intelligent-veho-quda-titan-pro\/"]}]},{"@type":"ImageObject","inLanguage":"fr-FR","@id":"https:\/\/veho-schweiz.com\/fr\/product\/projecteur-intelligent-veho-quda-titan-pro\/#primaryimage","url":"https:\/\/veho-schweiz.com\/wp-content\/uploads\/2026\/04\/titan_hero.png","contentUrl":"https:\/\/veho-schweiz.com\/wp-content\/uploads\/2026\/04\/titan_hero.png","width":600,"height":600},{"@type":"BreadcrumbList","@id":"https:\/\/veho-schweiz.com\/fr\/product\/projecteur-intelligent-veho-quda-titan-pro\/#breadcrumb","itemListElement":[{"@type":"ListItem","position":1,"name":"Home","item":"https:\/\/veho-schweiz.com\/fr\/"},{"@type":"ListItem","position":2,"name":"Shop","item":"https:\/\/veho-schweiz.com\/shop\/"},{"@type":"ListItem","position":3,"name":"Projecteur intelligent Veho QUDA Titan Pro"}]},{"@type":"WebSite","@id":"https:\/\/veho-schweiz.com\/fr\/#website","url":"https:\/\/veho-schweiz.com\/fr\/","name":"Veho Lifestyle Store Suisse","description":"\u00c9lectronique grand public de conception britannique","potentialAction":[{"@type":"SearchAction","target":{"@type":"EntryPoint","urlTemplate":"https:\/\/veho-schweiz.com\/fr\/?s={search_term_string}"},"query-input":{"@type":"PropertyValueSpecification","valueRequired":true,"valueName":"search_term_string"}}],"inLanguage":"fr-FR"}]}},"jetpack_sharing_enabled":true,"_links":{"self":[{"href":"https:\/\/veho-schweiz.com\/fr\/wp-json\/wp\/v2\/product\/8955","targetHints":{"allow":["GET"]}}],"collection":[{"href":"https:\/\/veho-schweiz.com\/fr\/wp-json\/wp\/v2\/product"}],"about":[{"href":"https:\/\/veho-schweiz.com\/fr\/wp-json\/wp\/v2\/types\/product"}],"replies":[{"embeddable":true,"href":"https:\/\/veho-schweiz.com\/fr\/wp-json\/wp\/v2\/comments?post=8955"}],"wp:featuredmedia":[{"embeddable":true,"href":"https:\/\/veho-schweiz.com\/fr\/wp-json\/wp\/v2\/media\/8927"}],"wp:attachment":[{"href":"https:\/\/veho-schweiz.com\/fr\/wp-json\/wp\/v2\/media?parent=8955"}],"wp:term":[{"taxonomy":"product_brand","embeddable":true,"href":"https:\/\/veho-schweiz.com\/fr\/wp-json\/wp\/v2\/product_brand?post=8955"},{"taxonomy":"product_cat","embeddable":true,"href":"https:\/\/veho-schweiz.com\/fr\/wp-json\/wp\/v2\/product_cat?post=8955"},{"taxonomy":"product_tag","embeddable":true,"href":"https:\/\/veho-schweiz.com\/fr\/wp-json\/wp\/v2\/product_tag?post=8955"}],"curies":[{"name":"wp","href":"https:\/\/api.w.org\/{rel}","templated":true}]}}