{"id":8907,"date":"2026-02-18T17:17:59","date_gmt":"2026-02-18T16:17:59","guid":{"rendered":"https:\/\/veho-schweiz.com\/product\/veho-sq-1-miroir-de-courtoisie-haut-parleur-chargeur-de-telephone-portable\/"},"modified":"2026-02-18T17:26:26","modified_gmt":"2026-02-18T16:26:26","slug":"veho-sq-1-miroir-de-courtoisie-haut-parleur-chargeur-de-telephone-portable","status":"publish","type":"product","link":"https:\/\/veho-schweiz.com\/fr\/product\/veho-sq-1-miroir-de-courtoisie-haut-parleur-chargeur-de-telephone-portable\/","title":{"rendered":"Veho SQ-1 Miroir de courtoisie \/ Haut-parleur \/ Chargeur de t\u00e9l\u00e9phone portable"},"content":{"rendered":"<div class=\"wp-content wp-content--product\"><p>Le Veho SQ-1 est un ajout indispensable \u00e0 votre chambre. Il est \u00e9quip\u00e9 d&rsquo;un miroir haute d\u00e9finition et d&rsquo;un syst\u00e8me de chargement sans fil 15 W pour une recharge rapide et facile. La base est \u00e9quip\u00e9e d&rsquo;un haut-parleur Bluetooth int\u00e9gr\u00e9 et d&rsquo;une radio FM avec recherche automatique des stations. Le SQ-1 poss\u00e8de \u00e9galement une lampe LED avec trois niveaux de luminosit\u00e9. Accessoire parfait pour la chambre \u00e0 coucher, le SQ-1 offre une fonction d&rsquo;alarme avec affichage 12\/24 heures et bruit blanc. La batterie de 1200 mAh permet jusqu&rsquo;\u00e0 5 heures d&rsquo;utilisation sans branchement \u00e9lectrique.     <\/p>\n<p>Apple &#8211; iPhone s\u00e9rie 17 \/ iPhone s\u00e9rie 16 \/ iPhone s\u00e9rie 15 \/ iPhone s\u00e9rie 14 \/ iPhone s\u00e9rie 13 \/ iPhone s\u00e9rie 12 \/ iPhone s\u00e9rie 11 \/ iPhone Xs\/Xs Max \/ iPhone Xr\/X \/ iPhone 8\/8 Plus<\/p>\n<p>Samsung &#8211; S\u00e9rie Z Fold \/ S\u00e9rie Z Flip \/ S\u00e9rie S25 \/ S\u00e9rie S24 \/ S\u00e9rie S23 \/ S\u00e9rie S22 \/ S\u00e9rie S20 \/ S\u00e9rie S10 \/ S\u00e9rie S9 \/ S\u00e9rie S8 \/ S\u00e9rie S7 \/ S\u00e9rie S6 \/ Note 20\/10\/9\/8\/5.<\/p>\n<p>Huawei &#8211; HUAWEI P-series \/ HUAWEI Mate-series.<\/p>\n<p>Google &#8211; Pixel 10\/9\/8\/7\/6\/5\/4\/3 (pas la s\u00e9rie A).<\/p>\n<p>Et tous les autres appareils compatibles Qi.<\/p>\n<p>*Un adaptateur secteur QC 3.0 est n\u00e9cessaire pour la charge rapide.<\/p>\n<\/div>","protected":false},"excerpt":{"rendered":"<ul>\n<li>\u00c9quip\u00e9 d&rsquo;une fonction de charge rapide Qi de 15 W<\/li>\n<li>Miroir \u00e0 ultra-haute r\u00e9solution avec lumi\u00e8re annulaire LED<\/li>\n<li>R\u00e9veil num\u00e9rique (12\/24 heures) avec radio FM<\/li>\n<li>Haut-parleur Bluetooth 10 W<\/li>\n<\/ul>\n","protected":false},"featured_media":8889,"comment_status":"closed","ping_status":"closed","template":"","meta":{"_acf_changed":false,"inline_featured_image":false},"product_cat":[210,166],"product_tag":[],"class_list":{"0":"post-8907","1":"product","2":"type-product","3":"status-publish","4":"has-post-thumbnail","6":"product_cat-mobile-accessories-chargers-fr","7":"product_cat-hubs-chargers-fr","9":"first","10":"outofstock","11":"shipping-taxable","12":"purchasable","13":"product-type-simple"},"acf":[],"yoast_head":"<!-- This site is optimized with the Yoast SEO plugin v27.4 - https:\/\/yoast.com\/product\/yoast-seo-wordpress\/ -->\n<title>Veho SQ-1 Miroir de courtoisie \/ Haut-parleur \/ Chargeur de t\u00e9l\u00e9phone portable<\/title>\n<meta name=\"description\" content=\"Le Veho SQ-1 est un ajout essentiel \u00e0 votre pi\u00e8ce, avec un miroir ultra haute d\u00e9finition et une charge sans fil Qi 15W pour une charge rapide et facile.\" \/>\n<meta name=\"robots\" content=\"index, follow, max-snippet:-1, max-image-preview:large, max-video-preview:-1\" \/>\n<link rel=\"canonical\" href=\"https:\/\/veho-schweiz.com\/fr\/product\/veho-sq-1-miroir-de-courtoisie-haut-parleur-chargeur-de-telephone-portable\/\" \/>\n<meta property=\"og:locale\" content=\"fr_FR\" \/>\n<meta property=\"og:type\" content=\"article\" \/>\n<meta property=\"og:title\" content=\"Veho SQ-1 Miroir de courtoisie \/ Haut-parleur \/ Chargeur de t\u00e9l\u00e9phone portable\" \/>\n<meta property=\"og:description\" content=\"Le Veho SQ-1 est un ajout essentiel \u00e0 votre pi\u00e8ce, avec un miroir ultra haute d\u00e9finition et une charge sans fil Qi 15W pour une charge rapide et facile.\" \/>\n<meta property=\"og:url\" content=\"https:\/\/veho-schweiz.com\/fr\/product\/veho-sq-1-miroir-de-courtoisie-haut-parleur-chargeur-de-telephone-portable\/\" \/>\n<meta property=\"og:site_name\" content=\"Veho Lifestyle Store Suisse\" \/>\n<meta property=\"article:modified_time\" content=\"2026-02-18T16:26:26+00:00\" \/>\n<meta property=\"og:image\" content=\"https:\/\/veho-schweiz.com\/wp-content\/uploads\/2026\/02\/image003.png\" \/>\n\t<meta property=\"og:image:width\" content=\"600\" \/>\n\t<meta property=\"og:image:height\" content=\"600\" \/>\n\t<meta property=\"og:image:type\" content=\"image\/png\" \/>\n<meta name=\"twitter:card\" content=\"summary_large_image\" \/>\n<meta name=\"twitter:label1\" content=\"Dur\u00e9e de lecture estim\u00e9e\" \/>\n\t<meta name=\"twitter:data1\" content=\"1 minute\" \/>\n<script type=\"application\/ld+json\" class=\"yoast-schema-graph\">{\"@context\":\"https:\\\/\\\/schema.org\",\"@graph\":[{\"@type\":\"WebPage\",\"@id\":\"https:\\\/\\\/veho-schweiz.com\\\/fr\\\/product\\\/veho-sq-1-miroir-de-courtoisie-haut-parleur-chargeur-de-telephone-portable\\\/\",\"url\":\"https:\\\/\\\/veho-schweiz.com\\\/fr\\\/product\\\/veho-sq-1-miroir-de-courtoisie-haut-parleur-chargeur-de-telephone-portable\\\/\",\"name\":\"Veho SQ-1 Miroir de courtoisie \\\/ Haut-parleur \\\/ Chargeur de t\u00e9l\u00e9phone portable\",\"isPartOf\":{\"@id\":\"https:\\\/\\\/veho-schweiz.com\\\/fr\\\/#website\"},\"primaryImageOfPage\":{\"@id\":\"https:\\\/\\\/veho-schweiz.com\\\/fr\\\/product\\\/veho-sq-1-miroir-de-courtoisie-haut-parleur-chargeur-de-telephone-portable\\\/#primaryimage\"},\"image\":{\"@id\":\"https:\\\/\\\/veho-schweiz.com\\\/fr\\\/product\\\/veho-sq-1-miroir-de-courtoisie-haut-parleur-chargeur-de-telephone-portable\\\/#primaryimage\"},\"thumbnailUrl\":\"https:\\\/\\\/veho-schweiz.com\\\/wp-content\\\/uploads\\\/2026\\\/02\\\/image003.png\",\"datePublished\":\"2026-02-18T16:17:59+00:00\",\"dateModified\":\"2026-02-18T16:26:26+00:00\",\"description\":\"Le Veho SQ-1 est un ajout essentiel \u00e0 votre pi\u00e8ce, avec un miroir ultra haute d\u00e9finition et une charge sans fil Qi 15W pour une charge rapide et facile.\",\"breadcrumb\":{\"@id\":\"https:\\\/\\\/veho-schweiz.com\\\/fr\\\/product\\\/veho-sq-1-miroir-de-courtoisie-haut-parleur-chargeur-de-telephone-portable\\\/#breadcrumb\"},\"inLanguage\":\"fr-FR\",\"potentialAction\":[{\"@type\":\"ReadAction\",\"target\":[\"https:\\\/\\\/veho-schweiz.com\\\/fr\\\/product\\\/veho-sq-1-miroir-de-courtoisie-haut-parleur-chargeur-de-telephone-portable\\\/\"]}]},{\"@type\":\"ImageObject\",\"inLanguage\":\"fr-FR\",\"@id\":\"https:\\\/\\\/veho-schweiz.com\\\/fr\\\/product\\\/veho-sq-1-miroir-de-courtoisie-haut-parleur-chargeur-de-telephone-portable\\\/#primaryimage\",\"url\":\"https:\\\/\\\/veho-schweiz.com\\\/wp-content\\\/uploads\\\/2026\\\/02\\\/image003.png\",\"contentUrl\":\"https:\\\/\\\/veho-schweiz.com\\\/wp-content\\\/uploads\\\/2026\\\/02\\\/image003.png\",\"width\":600,\"height\":600},{\"@type\":\"BreadcrumbList\",\"@id\":\"https:\\\/\\\/veho-schweiz.com\\\/fr\\\/product\\\/veho-sq-1-miroir-de-courtoisie-haut-parleur-chargeur-de-telephone-portable\\\/#breadcrumb\",\"itemListElement\":[{\"@type\":\"ListItem\",\"position\":1,\"name\":\"Home\",\"item\":\"https:\\\/\\\/veho-schweiz.com\\\/fr\\\/\"},{\"@type\":\"ListItem\",\"position\":2,\"name\":\"Boutique\",\"item\":\"https:\\\/\\\/veho-schweiz.com\\\/fr\\\/boutique\\\/\"},{\"@type\":\"ListItem\",\"position\":3,\"name\":\"Veho SQ-1 Miroir de courtoisie \\\/ Haut-parleur \\\/ Chargeur de t\u00e9l\u00e9phone portable\"}]},{\"@type\":\"WebSite\",\"@id\":\"https:\\\/\\\/veho-schweiz.com\\\/fr\\\/#website\",\"url\":\"https:\\\/\\\/veho-schweiz.com\\\/fr\\\/\",\"name\":\"Veho Lifestyle Store Suisse\",\"description\":\"\u00c9lectronique grand public de conception britannique\",\"potentialAction\":[{\"@type\":\"SearchAction\",\"target\":{\"@type\":\"EntryPoint\",\"urlTemplate\":\"https:\\\/\\\/veho-schweiz.com\\\/fr\\\/?s={search_term_string}\"},\"query-input\":{\"@type\":\"PropertyValueSpecification\",\"valueRequired\":true,\"valueName\":\"search_term_string\"}}],\"inLanguage\":\"fr-FR\"}]}<\/script>\n<!-- \/ Yoast SEO plugin. -->","yoast_head_json":{"title":"Veho SQ-1 Miroir de courtoisie \/ Haut-parleur \/ Chargeur de t\u00e9l\u00e9phone portable","description":"Le Veho SQ-1 est un ajout essentiel \u00e0 votre pi\u00e8ce, avec un miroir ultra haute d\u00e9finition et une charge sans fil Qi 15W pour une charge rapide et facile.","robots":{"index":"index","follow":"follow","max-snippet":"max-snippet:-1","max-image-preview":"max-image-preview:large","max-video-preview":"max-video-preview:-1"},"canonical":"https:\/\/veho-schweiz.com\/fr\/product\/veho-sq-1-miroir-de-courtoisie-haut-parleur-chargeur-de-telephone-portable\/","og_locale":"fr_FR","og_type":"article","og_title":"Veho SQ-1 Miroir de courtoisie \/ Haut-parleur \/ Chargeur de t\u00e9l\u00e9phone portable","og_description":"Le Veho SQ-1 est un ajout essentiel \u00e0 votre pi\u00e8ce, avec un miroir ultra haute d\u00e9finition et une charge sans fil Qi 15W pour une charge rapide et facile.","og_url":"https:\/\/veho-schweiz.com\/fr\/product\/veho-sq-1-miroir-de-courtoisie-haut-parleur-chargeur-de-telephone-portable\/","og_site_name":"Veho Lifestyle Store Suisse","article_modified_time":"2026-02-18T16:26:26+00:00","og_image":[{"width":600,"height":600,"url":"https:\/\/veho-schweiz.com\/wp-content\/uploads\/2026\/02\/image003.png","type":"image\/png"}],"twitter_card":"summary_large_image","twitter_misc":{"Dur\u00e9e de lecture estim\u00e9e":"1 minute"},"schema":{"@context":"https:\/\/schema.org","@graph":[{"@type":"WebPage","@id":"https:\/\/veho-schweiz.com\/fr\/product\/veho-sq-1-miroir-de-courtoisie-haut-parleur-chargeur-de-telephone-portable\/","url":"https:\/\/veho-schweiz.com\/fr\/product\/veho-sq-1-miroir-de-courtoisie-haut-parleur-chargeur-de-telephone-portable\/","name":"Veho SQ-1 Miroir de courtoisie \/ Haut-parleur \/ Chargeur de t\u00e9l\u00e9phone portable","isPartOf":{"@id":"https:\/\/veho-schweiz.com\/fr\/#website"},"primaryImageOfPage":{"@id":"https:\/\/veho-schweiz.com\/fr\/product\/veho-sq-1-miroir-de-courtoisie-haut-parleur-chargeur-de-telephone-portable\/#primaryimage"},"image":{"@id":"https:\/\/veho-schweiz.com\/fr\/product\/veho-sq-1-miroir-de-courtoisie-haut-parleur-chargeur-de-telephone-portable\/#primaryimage"},"thumbnailUrl":"https:\/\/veho-schweiz.com\/wp-content\/uploads\/2026\/02\/image003.png","datePublished":"2026-02-18T16:17:59+00:00","dateModified":"2026-02-18T16:26:26+00:00","description":"Le Veho SQ-1 est un ajout essentiel \u00e0 votre pi\u00e8ce, avec un miroir ultra haute d\u00e9finition et une charge sans fil Qi 15W pour une charge rapide et facile.","breadcrumb":{"@id":"https:\/\/veho-schweiz.com\/fr\/product\/veho-sq-1-miroir-de-courtoisie-haut-parleur-chargeur-de-telephone-portable\/#breadcrumb"},"inLanguage":"fr-FR","potentialAction":[{"@type":"ReadAction","target":["https:\/\/veho-schweiz.com\/fr\/product\/veho-sq-1-miroir-de-courtoisie-haut-parleur-chargeur-de-telephone-portable\/"]}]},{"@type":"ImageObject","inLanguage":"fr-FR","@id":"https:\/\/veho-schweiz.com\/fr\/product\/veho-sq-1-miroir-de-courtoisie-haut-parleur-chargeur-de-telephone-portable\/#primaryimage","url":"https:\/\/veho-schweiz.com\/wp-content\/uploads\/2026\/02\/image003.png","contentUrl":"https:\/\/veho-schweiz.com\/wp-content\/uploads\/2026\/02\/image003.png","width":600,"height":600},{"@type":"BreadcrumbList","@id":"https:\/\/veho-schweiz.com\/fr\/product\/veho-sq-1-miroir-de-courtoisie-haut-parleur-chargeur-de-telephone-portable\/#breadcrumb","itemListElement":[{"@type":"ListItem","position":1,"name":"Home","item":"https:\/\/veho-schweiz.com\/fr\/"},{"@type":"ListItem","position":2,"name":"Boutique","item":"https:\/\/veho-schweiz.com\/fr\/boutique\/"},{"@type":"ListItem","position":3,"name":"Veho SQ-1 Miroir de courtoisie \/ Haut-parleur \/ Chargeur de t\u00e9l\u00e9phone portable"}]},{"@type":"WebSite","@id":"https:\/\/veho-schweiz.com\/fr\/#website","url":"https:\/\/veho-schweiz.com\/fr\/","name":"Veho Lifestyle Store Suisse","description":"\u00c9lectronique grand public de conception britannique","potentialAction":[{"@type":"SearchAction","target":{"@type":"EntryPoint","urlTemplate":"https:\/\/veho-schweiz.com\/fr\/?s={search_term_string}"},"query-input":{"@type":"PropertyValueSpecification","valueRequired":true,"valueName":"search_term_string"}}],"inLanguage":"fr-FR"}]}},"jetpack_sharing_enabled":true,"_links":{"self":[{"href":"https:\/\/veho-schweiz.com\/fr\/wp-json\/wp\/v2\/product\/8907","targetHints":{"allow":["GET"]}}],"collection":[{"href":"https:\/\/veho-schweiz.com\/fr\/wp-json\/wp\/v2\/product"}],"about":[{"href":"https:\/\/veho-schweiz.com\/fr\/wp-json\/wp\/v2\/types\/product"}],"replies":[{"embeddable":true,"href":"https:\/\/veho-schweiz.com\/fr\/wp-json\/wp\/v2\/comments?post=8907"}],"wp:featuredmedia":[{"embeddable":true,"href":"https:\/\/veho-schweiz.com\/fr\/wp-json\/wp\/v2\/media\/8889"}],"wp:attachment":[{"href":"https:\/\/veho-schweiz.com\/fr\/wp-json\/wp\/v2\/media?parent=8907"}],"wp:term":[{"taxonomy":"product_cat","embeddable":true,"href":"https:\/\/veho-schweiz.com\/fr\/wp-json\/wp\/v2\/product_cat?post=8907"},{"taxonomy":"product_tag","embeddable":true,"href":"https:\/\/veho-schweiz.com\/fr\/wp-json\/wp\/v2\/product_tag?post=8907"}],"curies":[{"name":"wp","href":"https:\/\/api.w.org\/{rel}","templated":true}]}}