{"id":8868,"date":"2026-02-02T18:29:12","date_gmt":"2026-02-02T17:29:12","guid":{"rendered":"https:\/\/veho-schweiz.com\/product\/pebble-pq21-banque-denergie-numerique-20-000mah\/"},"modified":"2026-02-11T18:16:29","modified_gmt":"2026-02-11T17:16:29","slug":"pebble-pq21-banque-denergie-numerique-20-000mah","status":"publish","type":"product","link":"https:\/\/veho-schweiz.com\/fr\/product\/pebble-pq21-banque-denergie-numerique-20-000mah\/","title":{"rendered":"Pebble PQ21 Banque d&rsquo;\u00e9nergie num\u00e9rique &#8211; 20.000mAh"},"content":{"rendered":"<div class=\"wp-content wp-content--product\"><p>La Pebble PQ21 est \u00e9galement une banque d&rsquo;\u00e9nergie num\u00e9rique pour la recharge rapide d&rsquo;appareils compatibles avec deux ports USB. Elle charge plusieurs appareils avec une puissance de sortie allant jusqu&rsquo;\u00e0 100 W et dispose d&rsquo;un port de charge universel USB-C (PD) avec une puissance de sortie allant jusqu&rsquo;\u00e0 20V. Elle offre \u00e9galement des indicateurs d&rsquo;\u00e9tat intelligents en temps r\u00e9el et vous permet de contr\u00f4ler enti\u00e8rement l&rsquo;\u00e9tat de charge et la capacit\u00e9 restante. Son bo\u00eetier \u00e9l\u00e9gant en m\u00e9tal bross\u00e9 en fait le compagnon id\u00e9al pour les affaires et les voyages.<\/p>\n<\/div>","protected":false},"excerpt":{"rendered":"<ul>\n<li>Capacit\u00e9 de 20.000mAh<\/li>\n<li>Charge les smartphones, les tablettes, les miniportables et les ordinateurs portables<\/li>\n<li>Affichage intelligent en temps r\u00e9el de l&rsquo;\u00e9tat des ports de charge et de la capacit\u00e9 restante<\/li>\n<li>Port de charge universel USB-C (PD)<\/li>\n<li>Charge rapide 100W<\/li>\n<\/ul>\n","protected":false},"featured_media":8850,"comment_status":"closed","ping_status":"closed","template":"","meta":{"_acf_changed":false,"inline_featured_image":false},"product_cat":[287,232],"product_tag":[],"class_list":{"0":"post-8868","1":"product","2":"type-product","3":"status-publish","4":"has-post-thumbnail","6":"product_cat-batteries-externes-pour-portables-notebooks","7":"product_cat-travel-power-banks-fr","9":"first","10":"outofstock","11":"shipping-taxable","12":"purchasable","13":"product-type-simple"},"acf":[],"yoast_head":"<!-- This site is optimized with the Yoast SEO plugin v27.4 - https:\/\/yoast.com\/product\/yoast-seo-wordpress\/ -->\n<title>Pebble PQ21 Banque d&#039;\u00e9nergie num\u00e9rique - 20.000mAh<\/title>\n<meta name=\"description\" content=\"La banque d&#039;\u00e9nergie num\u00e9rique Pebble PQ21, dot\u00e9e de deux ports USB, recharge plusieurs appareils simultan\u00e9ment et offre une puissance de sortie pouvant atteindre 100 W. Elle peut \u00eatre utilis\u00e9e pour recharger des appareils \u00e9lectriques ou \u00e9lectroniques.\" \/>\n<meta name=\"robots\" content=\"index, follow, max-snippet:-1, max-image-preview:large, max-video-preview:-1\" \/>\n<link rel=\"canonical\" href=\"https:\/\/veho-schweiz.com\/fr\/product\/pebble-pq21-banque-denergie-numerique-20-000mah\/\" \/>\n<meta property=\"og:locale\" content=\"fr_FR\" \/>\n<meta property=\"og:type\" content=\"article\" \/>\n<meta property=\"og:title\" content=\"Pebble PQ21 Banque d&#039;\u00e9nergie num\u00e9rique - 20.000mAh\" \/>\n<meta property=\"og:description\" content=\"La banque d&#039;\u00e9nergie num\u00e9rique Pebble PQ21, dot\u00e9e de deux ports USB, recharge plusieurs appareils simultan\u00e9ment et offre une puissance de sortie pouvant atteindre 100 W. Elle peut \u00eatre utilis\u00e9e pour recharger des appareils \u00e9lectriques ou \u00e9lectroniques.\" \/>\n<meta property=\"og:url\" content=\"https:\/\/veho-schweiz.com\/fr\/product\/pebble-pq21-banque-denergie-numerique-20-000mah\/\" \/>\n<meta property=\"og:site_name\" content=\"Veho Lifestyle Store Suisse\" \/>\n<meta property=\"article:modified_time\" content=\"2026-02-11T17:16:29+00:00\" \/>\n<meta property=\"og:image\" content=\"https:\/\/veho-schweiz.com\/wp-content\/uploads\/2026\/02\/pq21_hero.png\" \/>\n\t<meta property=\"og:image:width\" content=\"600\" \/>\n\t<meta property=\"og:image:height\" content=\"600\" \/>\n\t<meta property=\"og:image:type\" content=\"image\/png\" \/>\n<meta name=\"twitter:card\" content=\"summary_large_image\" \/>\n<script type=\"application\/ld+json\" class=\"yoast-schema-graph\">{\"@context\":\"https:\\\/\\\/schema.org\",\"@graph\":[{\"@type\":\"WebPage\",\"@id\":\"https:\\\/\\\/veho-schweiz.com\\\/fr\\\/product\\\/pebble-pq21-banque-denergie-numerique-20-000mah\\\/\",\"url\":\"https:\\\/\\\/veho-schweiz.com\\\/fr\\\/product\\\/pebble-pq21-banque-denergie-numerique-20-000mah\\\/\",\"name\":\"Pebble PQ21 Banque d'\u00e9nergie num\u00e9rique - 20.000mAh\",\"isPartOf\":{\"@id\":\"https:\\\/\\\/veho-schweiz.com\\\/fr\\\/#website\"},\"primaryImageOfPage\":{\"@id\":\"https:\\\/\\\/veho-schweiz.com\\\/fr\\\/product\\\/pebble-pq21-banque-denergie-numerique-20-000mah\\\/#primaryimage\"},\"image\":{\"@id\":\"https:\\\/\\\/veho-schweiz.com\\\/fr\\\/product\\\/pebble-pq21-banque-denergie-numerique-20-000mah\\\/#primaryimage\"},\"thumbnailUrl\":\"https:\\\/\\\/veho-schweiz.com\\\/wp-content\\\/uploads\\\/2026\\\/02\\\/pq21_hero.png\",\"datePublished\":\"2026-02-02T17:29:12+00:00\",\"dateModified\":\"2026-02-11T17:16:29+00:00\",\"description\":\"La banque d'\u00e9nergie num\u00e9rique Pebble PQ21, dot\u00e9e de deux ports USB, recharge plusieurs appareils simultan\u00e9ment et offre une puissance de sortie pouvant atteindre 100 W. Elle peut \u00eatre utilis\u00e9e pour recharger des appareils \u00e9lectriques ou \u00e9lectroniques.\",\"breadcrumb\":{\"@id\":\"https:\\\/\\\/veho-schweiz.com\\\/fr\\\/product\\\/pebble-pq21-banque-denergie-numerique-20-000mah\\\/#breadcrumb\"},\"inLanguage\":\"fr-FR\",\"potentialAction\":[{\"@type\":\"ReadAction\",\"target\":[\"https:\\\/\\\/veho-schweiz.com\\\/fr\\\/product\\\/pebble-pq21-banque-denergie-numerique-20-000mah\\\/\"]}]},{\"@type\":\"ImageObject\",\"inLanguage\":\"fr-FR\",\"@id\":\"https:\\\/\\\/veho-schweiz.com\\\/fr\\\/product\\\/pebble-pq21-banque-denergie-numerique-20-000mah\\\/#primaryimage\",\"url\":\"https:\\\/\\\/veho-schweiz.com\\\/wp-content\\\/uploads\\\/2026\\\/02\\\/pq21_hero.png\",\"contentUrl\":\"https:\\\/\\\/veho-schweiz.com\\\/wp-content\\\/uploads\\\/2026\\\/02\\\/pq21_hero.png\",\"width\":600,\"height\":600},{\"@type\":\"BreadcrumbList\",\"@id\":\"https:\\\/\\\/veho-schweiz.com\\\/fr\\\/product\\\/pebble-pq21-banque-denergie-numerique-20-000mah\\\/#breadcrumb\",\"itemListElement\":[{\"@type\":\"ListItem\",\"position\":1,\"name\":\"Home\",\"item\":\"https:\\\/\\\/veho-schweiz.com\\\/fr\\\/\"},{\"@type\":\"ListItem\",\"position\":2,\"name\":\"Boutique\",\"item\":\"https:\\\/\\\/veho-schweiz.com\\\/fr\\\/boutique\\\/\"},{\"@type\":\"ListItem\",\"position\":3,\"name\":\"Pebble PQ21 Banque d&rsquo;\u00e9nergie num\u00e9rique &#8211; 20.000mAh\"}]},{\"@type\":\"WebSite\",\"@id\":\"https:\\\/\\\/veho-schweiz.com\\\/fr\\\/#website\",\"url\":\"https:\\\/\\\/veho-schweiz.com\\\/fr\\\/\",\"name\":\"Veho Lifestyle Store Suisse\",\"description\":\"\u00c9lectronique grand public de conception britannique\",\"potentialAction\":[{\"@type\":\"SearchAction\",\"target\":{\"@type\":\"EntryPoint\",\"urlTemplate\":\"https:\\\/\\\/veho-schweiz.com\\\/fr\\\/?s={search_term_string}\"},\"query-input\":{\"@type\":\"PropertyValueSpecification\",\"valueRequired\":true,\"valueName\":\"search_term_string\"}}],\"inLanguage\":\"fr-FR\"}]}<\/script>\n<!-- \/ Yoast SEO plugin. -->","yoast_head_json":{"title":"Pebble PQ21 Banque d'\u00e9nergie num\u00e9rique - 20.000mAh","description":"La banque d'\u00e9nergie num\u00e9rique Pebble PQ21, dot\u00e9e de deux ports USB, recharge plusieurs appareils simultan\u00e9ment et offre une puissance de sortie pouvant atteindre 100 W. Elle peut \u00eatre utilis\u00e9e pour recharger des appareils \u00e9lectriques ou \u00e9lectroniques.","robots":{"index":"index","follow":"follow","max-snippet":"max-snippet:-1","max-image-preview":"max-image-preview:large","max-video-preview":"max-video-preview:-1"},"canonical":"https:\/\/veho-schweiz.com\/fr\/product\/pebble-pq21-banque-denergie-numerique-20-000mah\/","og_locale":"fr_FR","og_type":"article","og_title":"Pebble PQ21 Banque d'\u00e9nergie num\u00e9rique - 20.000mAh","og_description":"La banque d'\u00e9nergie num\u00e9rique Pebble PQ21, dot\u00e9e de deux ports USB, recharge plusieurs appareils simultan\u00e9ment et offre une puissance de sortie pouvant atteindre 100 W. Elle peut \u00eatre utilis\u00e9e pour recharger des appareils \u00e9lectriques ou \u00e9lectroniques.","og_url":"https:\/\/veho-schweiz.com\/fr\/product\/pebble-pq21-banque-denergie-numerique-20-000mah\/","og_site_name":"Veho Lifestyle Store Suisse","article_modified_time":"2026-02-11T17:16:29+00:00","og_image":[{"width":600,"height":600,"url":"https:\/\/veho-schweiz.com\/wp-content\/uploads\/2026\/02\/pq21_hero.png","type":"image\/png"}],"twitter_card":"summary_large_image","schema":{"@context":"https:\/\/schema.org","@graph":[{"@type":"WebPage","@id":"https:\/\/veho-schweiz.com\/fr\/product\/pebble-pq21-banque-denergie-numerique-20-000mah\/","url":"https:\/\/veho-schweiz.com\/fr\/product\/pebble-pq21-banque-denergie-numerique-20-000mah\/","name":"Pebble PQ21 Banque d'\u00e9nergie num\u00e9rique - 20.000mAh","isPartOf":{"@id":"https:\/\/veho-schweiz.com\/fr\/#website"},"primaryImageOfPage":{"@id":"https:\/\/veho-schweiz.com\/fr\/product\/pebble-pq21-banque-denergie-numerique-20-000mah\/#primaryimage"},"image":{"@id":"https:\/\/veho-schweiz.com\/fr\/product\/pebble-pq21-banque-denergie-numerique-20-000mah\/#primaryimage"},"thumbnailUrl":"https:\/\/veho-schweiz.com\/wp-content\/uploads\/2026\/02\/pq21_hero.png","datePublished":"2026-02-02T17:29:12+00:00","dateModified":"2026-02-11T17:16:29+00:00","description":"La banque d'\u00e9nergie num\u00e9rique Pebble PQ21, dot\u00e9e de deux ports USB, recharge plusieurs appareils simultan\u00e9ment et offre une puissance de sortie pouvant atteindre 100 W. Elle peut \u00eatre utilis\u00e9e pour recharger des appareils \u00e9lectriques ou \u00e9lectroniques.","breadcrumb":{"@id":"https:\/\/veho-schweiz.com\/fr\/product\/pebble-pq21-banque-denergie-numerique-20-000mah\/#breadcrumb"},"inLanguage":"fr-FR","potentialAction":[{"@type":"ReadAction","target":["https:\/\/veho-schweiz.com\/fr\/product\/pebble-pq21-banque-denergie-numerique-20-000mah\/"]}]},{"@type":"ImageObject","inLanguage":"fr-FR","@id":"https:\/\/veho-schweiz.com\/fr\/product\/pebble-pq21-banque-denergie-numerique-20-000mah\/#primaryimage","url":"https:\/\/veho-schweiz.com\/wp-content\/uploads\/2026\/02\/pq21_hero.png","contentUrl":"https:\/\/veho-schweiz.com\/wp-content\/uploads\/2026\/02\/pq21_hero.png","width":600,"height":600},{"@type":"BreadcrumbList","@id":"https:\/\/veho-schweiz.com\/fr\/product\/pebble-pq21-banque-denergie-numerique-20-000mah\/#breadcrumb","itemListElement":[{"@type":"ListItem","position":1,"name":"Home","item":"https:\/\/veho-schweiz.com\/fr\/"},{"@type":"ListItem","position":2,"name":"Boutique","item":"https:\/\/veho-schweiz.com\/fr\/boutique\/"},{"@type":"ListItem","position":3,"name":"Pebble PQ21 Banque d&rsquo;\u00e9nergie num\u00e9rique &#8211; 20.000mAh"}]},{"@type":"WebSite","@id":"https:\/\/veho-schweiz.com\/fr\/#website","url":"https:\/\/veho-schweiz.com\/fr\/","name":"Veho Lifestyle Store Suisse","description":"\u00c9lectronique grand public de conception britannique","potentialAction":[{"@type":"SearchAction","target":{"@type":"EntryPoint","urlTemplate":"https:\/\/veho-schweiz.com\/fr\/?s={search_term_string}"},"query-input":{"@type":"PropertyValueSpecification","valueRequired":true,"valueName":"search_term_string"}}],"inLanguage":"fr-FR"}]}},"jetpack_sharing_enabled":true,"_links":{"self":[{"href":"https:\/\/veho-schweiz.com\/fr\/wp-json\/wp\/v2\/product\/8868","targetHints":{"allow":["GET"]}}],"collection":[{"href":"https:\/\/veho-schweiz.com\/fr\/wp-json\/wp\/v2\/product"}],"about":[{"href":"https:\/\/veho-schweiz.com\/fr\/wp-json\/wp\/v2\/types\/product"}],"replies":[{"embeddable":true,"href":"https:\/\/veho-schweiz.com\/fr\/wp-json\/wp\/v2\/comments?post=8868"}],"wp:featuredmedia":[{"embeddable":true,"href":"https:\/\/veho-schweiz.com\/fr\/wp-json\/wp\/v2\/media\/8850"}],"wp:attachment":[{"href":"https:\/\/veho-schweiz.com\/fr\/wp-json\/wp\/v2\/media?parent=8868"}],"wp:term":[{"taxonomy":"product_cat","embeddable":true,"href":"https:\/\/veho-schweiz.com\/fr\/wp-json\/wp\/v2\/product_cat?post=8868"},{"taxonomy":"product_tag","embeddable":true,"href":"https:\/\/veho-schweiz.com\/fr\/wp-json\/wp\/v2\/product_tag?post=8868"}],"curies":[{"name":"wp","href":"https:\/\/api.w.org\/{rel}","templated":true}]}}