{"id":8810,"date":"2026-01-28T17:44:06","date_gmt":"2026-01-28T16:44:06","guid":{"rendered":"https:\/\/veho-schweiz.com\/product\/bracelet-montre-en-acier-inoxydable-kuzo\/"},"modified":"2026-01-28T17:44:06","modified_gmt":"2026-01-28T16:44:06","slug":"bracelet-montre-en-acier-inoxydable-kuzo","status":"publish","type":"product","link":"https:\/\/veho-schweiz.com\/fr\/product\/bracelet-montre-en-acier-inoxydable-kuzo\/","title":{"rendered":"Bracelet-montre en acier inoxydable Kuzo"},"content":{"rendered":"<div class=\"wp-content wp-content--product\"><p>Le bracelet en acier inoxydable \u00e0 la surface bross\u00e9e allie style et classe. Les maillons usin\u00e9s avec pr\u00e9cision garantissent des ann\u00e9es de confort. Le bracelet s&rsquo;ajuste facilement pour que les capteurs de la montre soient toujours en contact optimal avec la peau. Convient aux montres de sport Kuzo (Kuzo F1S\/Kuzo II\/Kuzo Pro).   <\/p>\n<\/div>","protected":false},"excerpt":{"rendered":"<ul>\n<li>Acier inoxydable<\/li>\n<li>Finition et usinage<\/li>\n<li>22 mm de largeur<\/li>\n<\/ul>\n","protected":false},"featured_media":8714,"comment_status":"open","ping_status":"closed","template":"","meta":{"_acf_changed":false,"inline_featured_image":false},"product_brand":[],"product_cat":[285],"product_tag":[],"class_list":{"0":"post-8810","1":"product","2":"type-product","3":"status-publish","4":"has-post-thumbnail","6":"product_cat-bracelets-de-montre-kuzo","8":"first","9":"outofstock","10":"shipping-taxable","11":"purchasable","12":"product-type-simple"},"acf":[],"yoast_head":"<!-- This site is optimized with the Yoast SEO plugin v27.5 - https:\/\/yoast.com\/product\/yoast-seo-wordpress\/ -->\n<title>Bracelet-montre en acier inoxydable Kuzo - Veho Lifestyle Store Suisse<\/title>\n<meta name=\"robots\" content=\"index, follow, max-snippet:-1, max-image-preview:large, max-video-preview:-1\" \/>\n<link rel=\"canonical\" href=\"https:\/\/veho-schweiz.com\/fr\/product\/bracelet-montre-en-acier-inoxydable-kuzo\/\" \/>\n<meta property=\"og:locale\" content=\"fr_FR\" \/>\n<meta property=\"og:type\" content=\"article\" \/>\n<meta property=\"og:title\" content=\"Bracelet-montre en acier inoxydable Kuzo - Veho Lifestyle Store Suisse\" \/>\n<meta property=\"og:description\" content=\"Acier inoxydable  Finition et usinage  22 mm de largeur\" \/>\n<meta property=\"og:url\" content=\"https:\/\/veho-schweiz.com\/fr\/product\/bracelet-montre-en-acier-inoxydable-kuzo\/\" \/>\n<meta property=\"og:site_name\" content=\"Veho Lifestyle Store Suisse\" \/>\n<meta property=\"og:image\" content=\"https:\/\/veho-schweiz.com\/wp-content\/uploads\/2026\/01\/stainless_steel_hero.png\" \/>\n\t<meta property=\"og:image:width\" content=\"600\" \/>\n\t<meta property=\"og:image:height\" content=\"600\" \/>\n\t<meta property=\"og:image:type\" content=\"image\/png\" \/>\n<meta name=\"twitter:card\" content=\"summary_large_image\" \/>\n<script type=\"application\/ld+json\" class=\"yoast-schema-graph\">{\"@context\":\"https:\\\/\\\/schema.org\",\"@graph\":[{\"@type\":\"WebPage\",\"@id\":\"https:\\\/\\\/veho-schweiz.com\\\/fr\\\/product\\\/bracelet-montre-en-acier-inoxydable-kuzo\\\/\",\"url\":\"https:\\\/\\\/veho-schweiz.com\\\/fr\\\/product\\\/bracelet-montre-en-acier-inoxydable-kuzo\\\/\",\"name\":\"Bracelet-montre en acier inoxydable Kuzo - Veho Lifestyle Store Suisse\",\"isPartOf\":{\"@id\":\"https:\\\/\\\/veho-schweiz.com\\\/fr\\\/#website\"},\"primaryImageOfPage\":{\"@id\":\"https:\\\/\\\/veho-schweiz.com\\\/fr\\\/product\\\/bracelet-montre-en-acier-inoxydable-kuzo\\\/#primaryimage\"},\"image\":{\"@id\":\"https:\\\/\\\/veho-schweiz.com\\\/fr\\\/product\\\/bracelet-montre-en-acier-inoxydable-kuzo\\\/#primaryimage\"},\"thumbnailUrl\":\"https:\\\/\\\/veho-schweiz.com\\\/wp-content\\\/uploads\\\/2026\\\/01\\\/stainless_steel_hero.png\",\"datePublished\":\"2026-01-28T16:44:06+00:00\",\"breadcrumb\":{\"@id\":\"https:\\\/\\\/veho-schweiz.com\\\/fr\\\/product\\\/bracelet-montre-en-acier-inoxydable-kuzo\\\/#breadcrumb\"},\"inLanguage\":\"fr-FR\",\"potentialAction\":[{\"@type\":\"ReadAction\",\"target\":[\"https:\\\/\\\/veho-schweiz.com\\\/fr\\\/product\\\/bracelet-montre-en-acier-inoxydable-kuzo\\\/\"]}]},{\"@type\":\"ImageObject\",\"inLanguage\":\"fr-FR\",\"@id\":\"https:\\\/\\\/veho-schweiz.com\\\/fr\\\/product\\\/bracelet-montre-en-acier-inoxydable-kuzo\\\/#primaryimage\",\"url\":\"https:\\\/\\\/veho-schweiz.com\\\/wp-content\\\/uploads\\\/2026\\\/01\\\/stainless_steel_hero.png\",\"contentUrl\":\"https:\\\/\\\/veho-schweiz.com\\\/wp-content\\\/uploads\\\/2026\\\/01\\\/stainless_steel_hero.png\",\"width\":600,\"height\":600},{\"@type\":\"BreadcrumbList\",\"@id\":\"https:\\\/\\\/veho-schweiz.com\\\/fr\\\/product\\\/bracelet-montre-en-acier-inoxydable-kuzo\\\/#breadcrumb\",\"itemListElement\":[{\"@type\":\"ListItem\",\"position\":1,\"name\":\"Home\",\"item\":\"https:\\\/\\\/veho-schweiz.com\\\/fr\\\/\"},{\"@type\":\"ListItem\",\"position\":2,\"name\":\"Shop\",\"item\":\"https:\\\/\\\/veho-schweiz.com\\\/shop\\\/\"},{\"@type\":\"ListItem\",\"position\":3,\"name\":\"Bracelet-montre en acier inoxydable Kuzo\"}]},{\"@type\":\"WebSite\",\"@id\":\"https:\\\/\\\/veho-schweiz.com\\\/fr\\\/#website\",\"url\":\"https:\\\/\\\/veho-schweiz.com\\\/fr\\\/\",\"name\":\"Veho Lifestyle Store Suisse\",\"description\":\"\u00c9lectronique grand public de conception britannique\",\"potentialAction\":[{\"@type\":\"SearchAction\",\"target\":{\"@type\":\"EntryPoint\",\"urlTemplate\":\"https:\\\/\\\/veho-schweiz.com\\\/fr\\\/?s={search_term_string}\"},\"query-input\":{\"@type\":\"PropertyValueSpecification\",\"valueRequired\":true,\"valueName\":\"search_term_string\"}}],\"inLanguage\":\"fr-FR\"}]}<\/script>\n<!-- \/ Yoast SEO plugin. -->","yoast_head_json":{"title":"Bracelet-montre en acier inoxydable Kuzo - Veho Lifestyle Store Suisse","robots":{"index":"index","follow":"follow","max-snippet":"max-snippet:-1","max-image-preview":"max-image-preview:large","max-video-preview":"max-video-preview:-1"},"canonical":"https:\/\/veho-schweiz.com\/fr\/product\/bracelet-montre-en-acier-inoxydable-kuzo\/","og_locale":"fr_FR","og_type":"article","og_title":"Bracelet-montre en acier inoxydable Kuzo - Veho Lifestyle Store Suisse","og_description":"Acier inoxydable  Finition et usinage  22 mm de largeur","og_url":"https:\/\/veho-schweiz.com\/fr\/product\/bracelet-montre-en-acier-inoxydable-kuzo\/","og_site_name":"Veho Lifestyle Store Suisse","og_image":[{"width":600,"height":600,"url":"https:\/\/veho-schweiz.com\/wp-content\/uploads\/2026\/01\/stainless_steel_hero.png","type":"image\/png"}],"twitter_card":"summary_large_image","schema":{"@context":"https:\/\/schema.org","@graph":[{"@type":"WebPage","@id":"https:\/\/veho-schweiz.com\/fr\/product\/bracelet-montre-en-acier-inoxydable-kuzo\/","url":"https:\/\/veho-schweiz.com\/fr\/product\/bracelet-montre-en-acier-inoxydable-kuzo\/","name":"Bracelet-montre en acier inoxydable Kuzo - Veho Lifestyle Store Suisse","isPartOf":{"@id":"https:\/\/veho-schweiz.com\/fr\/#website"},"primaryImageOfPage":{"@id":"https:\/\/veho-schweiz.com\/fr\/product\/bracelet-montre-en-acier-inoxydable-kuzo\/#primaryimage"},"image":{"@id":"https:\/\/veho-schweiz.com\/fr\/product\/bracelet-montre-en-acier-inoxydable-kuzo\/#primaryimage"},"thumbnailUrl":"https:\/\/veho-schweiz.com\/wp-content\/uploads\/2026\/01\/stainless_steel_hero.png","datePublished":"2026-01-28T16:44:06+00:00","breadcrumb":{"@id":"https:\/\/veho-schweiz.com\/fr\/product\/bracelet-montre-en-acier-inoxydable-kuzo\/#breadcrumb"},"inLanguage":"fr-FR","potentialAction":[{"@type":"ReadAction","target":["https:\/\/veho-schweiz.com\/fr\/product\/bracelet-montre-en-acier-inoxydable-kuzo\/"]}]},{"@type":"ImageObject","inLanguage":"fr-FR","@id":"https:\/\/veho-schweiz.com\/fr\/product\/bracelet-montre-en-acier-inoxydable-kuzo\/#primaryimage","url":"https:\/\/veho-schweiz.com\/wp-content\/uploads\/2026\/01\/stainless_steel_hero.png","contentUrl":"https:\/\/veho-schweiz.com\/wp-content\/uploads\/2026\/01\/stainless_steel_hero.png","width":600,"height":600},{"@type":"BreadcrumbList","@id":"https:\/\/veho-schweiz.com\/fr\/product\/bracelet-montre-en-acier-inoxydable-kuzo\/#breadcrumb","itemListElement":[{"@type":"ListItem","position":1,"name":"Home","item":"https:\/\/veho-schweiz.com\/fr\/"},{"@type":"ListItem","position":2,"name":"Shop","item":"https:\/\/veho-schweiz.com\/shop\/"},{"@type":"ListItem","position":3,"name":"Bracelet-montre en acier inoxydable Kuzo"}]},{"@type":"WebSite","@id":"https:\/\/veho-schweiz.com\/fr\/#website","url":"https:\/\/veho-schweiz.com\/fr\/","name":"Veho Lifestyle Store Suisse","description":"\u00c9lectronique grand public de conception britannique","potentialAction":[{"@type":"SearchAction","target":{"@type":"EntryPoint","urlTemplate":"https:\/\/veho-schweiz.com\/fr\/?s={search_term_string}"},"query-input":{"@type":"PropertyValueSpecification","valueRequired":true,"valueName":"search_term_string"}}],"inLanguage":"fr-FR"}]}},"jetpack_sharing_enabled":true,"_links":{"self":[{"href":"https:\/\/veho-schweiz.com\/fr\/wp-json\/wp\/v2\/product\/8810","targetHints":{"allow":["GET"]}}],"collection":[{"href":"https:\/\/veho-schweiz.com\/fr\/wp-json\/wp\/v2\/product"}],"about":[{"href":"https:\/\/veho-schweiz.com\/fr\/wp-json\/wp\/v2\/types\/product"}],"replies":[{"embeddable":true,"href":"https:\/\/veho-schweiz.com\/fr\/wp-json\/wp\/v2\/comments?post=8810"}],"wp:featuredmedia":[{"embeddable":true,"href":"https:\/\/veho-schweiz.com\/fr\/wp-json\/wp\/v2\/media\/8714"}],"wp:attachment":[{"href":"https:\/\/veho-schweiz.com\/fr\/wp-json\/wp\/v2\/media?parent=8810"}],"wp:term":[{"taxonomy":"product_brand","embeddable":true,"href":"https:\/\/veho-schweiz.com\/fr\/wp-json\/wp\/v2\/product_brand?post=8810"},{"taxonomy":"product_cat","embeddable":true,"href":"https:\/\/veho-schweiz.com\/fr\/wp-json\/wp\/v2\/product_cat?post=8810"},{"taxonomy":"product_tag","embeddable":true,"href":"https:\/\/veho-schweiz.com\/fr\/wp-json\/wp\/v2\/product_tag?post=8810"}],"curies":[{"name":"wp","href":"https:\/\/api.w.org\/{rel}","templated":true}]}}