{"id":8800,"date":"2026-01-21T10:20:44","date_gmt":"2026-01-21T09:20:44","guid":{"rendered":"https:\/\/veho-schweiz.com\/product\/projecteur-intelligent-veho-quda-fx\/"},"modified":"2026-01-21T10:20:44","modified_gmt":"2026-01-21T09:20:44","slug":"projecteur-intelligent-veho-quda-fx","status":"publish","type":"product","link":"https:\/\/veho-schweiz.com\/fr\/product\/projecteur-intelligent-veho-quda-fx\/","title":{"rendered":"Projecteur intelligent Veho Quda FX"},"content":{"rendered":"<div class=\"wp-content wp-content--product\"><p>Le projecteur intelligent Veho Quda FX est votre home cin\u00e9ma de poche. Gr\u00e2ce \u00e0 Android 11.0, le Quda FX offre une exp\u00e9rience utilisateur plus fluide et plus rapide avec des applications de streaming int\u00e9gr\u00e9es comme Netflix, YouTube et AirPin\/Miracast (Android) pour diffuser du contenu depuis votre smartphone ou votre tablette. Profitez de films en Full HD 1080p et en r\u00e9solution 4K. Le Wi-Fi 6 assure une connexion simple et rapide. L&rsquo;entr\u00e9e HDMI int\u00e9gr\u00e9e est compatible avec les cl\u00e9s TV, les consoles de jeux, les PC, les smartphones, les ordinateurs portables, les lecteurs DVD, les cl\u00e9s USB, etc. (Veuillez v\u00e9rifier la compatibilit\u00e9 avec votre appareil HDMI). Une housse de transport et une fiche d&rsquo;alimentation pour diff\u00e9rentes r\u00e9gions sont incluses.     <\/p>\n<\/div>","protected":false},"excerpt":{"rendered":"<ul>\n<li>Syst\u00e8me d&rsquo;exploitation Android 11, plus fluide et plus rapide<\/li>\n<li>Interface conviviale et intuitive<\/li>\n<li>Prise en charge de la lecture vid\u00e9o Full HD 1080p et 4K<\/li>\n<li>Wi-Fi 6 pour une connexion simple et rapide<\/li>\n<li>Inclut un sac de voyage et des prises d&rsquo;alimentation pour diff\u00e9rentes r\u00e9gions<\/li>\n<\/ul>\n","protected":false},"featured_media":8687,"comment_status":"open","ping_status":"closed","template":"","meta":{"_acf_changed":false,"inline_featured_image":false},"product_brand":[],"product_cat":[270],"product_tag":[],"class_list":{"0":"post-8800","1":"product","2":"type-product","3":"status-publish","4":"has-post-thumbnail","6":"product_cat-projecteurs-intelligents","8":"first","9":"instock","10":"shipping-taxable","11":"purchasable","12":"product-type-simple"},"acf":[],"yoast_head":"<!-- This site is optimized with the Yoast SEO plugin v27.5 - https:\/\/yoast.com\/product\/yoast-seo-wordpress\/ -->\n<title>Projecteur intelligent Veho Quda FX - Veho Lifestyle Store Suisse<\/title>\n<meta name=\"robots\" content=\"index, follow, max-snippet:-1, max-image-preview:large, max-video-preview:-1\" \/>\n<link rel=\"canonical\" href=\"https:\/\/veho-schweiz.com\/fr\/product\/projecteur-intelligent-veho-quda-fx\/\" \/>\n<meta property=\"og:locale\" content=\"fr_FR\" \/>\n<meta property=\"og:type\" content=\"article\" \/>\n<meta property=\"og:title\" content=\"Projecteur intelligent Veho Quda FX - Veho Lifestyle Store Suisse\" \/>\n<meta property=\"og:description\" content=\"Syst\u00e8me d&#039;exploitation Android 11, plus fluide et plus rapide  Interface conviviale et intuitive  Prise en charge de la lecture vid\u00e9o Full HD 1080p et 4K  Wi-Fi 6 pour une connexion simple et rapide  Inclut un sac de voyage et des prises d&#039;alimentation pour diff\u00e9rentes r\u00e9gions\" \/>\n<meta property=\"og:url\" content=\"https:\/\/veho-schweiz.com\/fr\/product\/projecteur-intelligent-veho-quda-fx\/\" \/>\n<meta property=\"og:site_name\" content=\"Veho Lifestyle Store Suisse\" \/>\n<meta property=\"og:image\" content=\"https:\/\/veho-schweiz.com\/wp-content\/uploads\/2026\/01\/qudaFX_hero.png\" \/>\n\t<meta property=\"og:image:width\" content=\"600\" \/>\n\t<meta property=\"og:image:height\" content=\"600\" \/>\n\t<meta property=\"og:image:type\" content=\"image\/png\" \/>\n<meta name=\"twitter:card\" content=\"summary_large_image\" \/>\n<meta name=\"twitter:label1\" content=\"Dur\u00e9e de lecture estim\u00e9e\" \/>\n\t<meta name=\"twitter:data1\" content=\"1 minute\" \/>\n<script type=\"application\/ld+json\" class=\"yoast-schema-graph\">{\"@context\":\"https:\\\/\\\/schema.org\",\"@graph\":[{\"@type\":\"WebPage\",\"@id\":\"https:\\\/\\\/veho-schweiz.com\\\/fr\\\/product\\\/projecteur-intelligent-veho-quda-fx\\\/\",\"url\":\"https:\\\/\\\/veho-schweiz.com\\\/fr\\\/product\\\/projecteur-intelligent-veho-quda-fx\\\/\",\"name\":\"Projecteur intelligent Veho Quda FX - Veho Lifestyle Store Suisse\",\"isPartOf\":{\"@id\":\"https:\\\/\\\/veho-schweiz.com\\\/fr\\\/#website\"},\"primaryImageOfPage\":{\"@id\":\"https:\\\/\\\/veho-schweiz.com\\\/fr\\\/product\\\/projecteur-intelligent-veho-quda-fx\\\/#primaryimage\"},\"image\":{\"@id\":\"https:\\\/\\\/veho-schweiz.com\\\/fr\\\/product\\\/projecteur-intelligent-veho-quda-fx\\\/#primaryimage\"},\"thumbnailUrl\":\"https:\\\/\\\/veho-schweiz.com\\\/wp-content\\\/uploads\\\/2026\\\/01\\\/qudaFX_hero.png\",\"datePublished\":\"2026-01-21T09:20:44+00:00\",\"breadcrumb\":{\"@id\":\"https:\\\/\\\/veho-schweiz.com\\\/fr\\\/product\\\/projecteur-intelligent-veho-quda-fx\\\/#breadcrumb\"},\"inLanguage\":\"fr-FR\",\"potentialAction\":[{\"@type\":\"ReadAction\",\"target\":[\"https:\\\/\\\/veho-schweiz.com\\\/fr\\\/product\\\/projecteur-intelligent-veho-quda-fx\\\/\"]}]},{\"@type\":\"ImageObject\",\"inLanguage\":\"fr-FR\",\"@id\":\"https:\\\/\\\/veho-schweiz.com\\\/fr\\\/product\\\/projecteur-intelligent-veho-quda-fx\\\/#primaryimage\",\"url\":\"https:\\\/\\\/veho-schweiz.com\\\/wp-content\\\/uploads\\\/2026\\\/01\\\/qudaFX_hero.png\",\"contentUrl\":\"https:\\\/\\\/veho-schweiz.com\\\/wp-content\\\/uploads\\\/2026\\\/01\\\/qudaFX_hero.png\",\"width\":600,\"height\":600},{\"@type\":\"BreadcrumbList\",\"@id\":\"https:\\\/\\\/veho-schweiz.com\\\/fr\\\/product\\\/projecteur-intelligent-veho-quda-fx\\\/#breadcrumb\",\"itemListElement\":[{\"@type\":\"ListItem\",\"position\":1,\"name\":\"Home\",\"item\":\"https:\\\/\\\/veho-schweiz.com\\\/fr\\\/\"},{\"@type\":\"ListItem\",\"position\":2,\"name\":\"Shop\",\"item\":\"https:\\\/\\\/veho-schweiz.com\\\/shop\\\/\"},{\"@type\":\"ListItem\",\"position\":3,\"name\":\"Projecteur intelligent Veho Quda FX\"}]},{\"@type\":\"WebSite\",\"@id\":\"https:\\\/\\\/veho-schweiz.com\\\/fr\\\/#website\",\"url\":\"https:\\\/\\\/veho-schweiz.com\\\/fr\\\/\",\"name\":\"Veho Lifestyle Store Suisse\",\"description\":\"\u00c9lectronique grand public de conception britannique\",\"potentialAction\":[{\"@type\":\"SearchAction\",\"target\":{\"@type\":\"EntryPoint\",\"urlTemplate\":\"https:\\\/\\\/veho-schweiz.com\\\/fr\\\/?s={search_term_string}\"},\"query-input\":{\"@type\":\"PropertyValueSpecification\",\"valueRequired\":true,\"valueName\":\"search_term_string\"}}],\"inLanguage\":\"fr-FR\"}]}<\/script>\n<!-- \/ Yoast SEO plugin. -->","yoast_head_json":{"title":"Projecteur intelligent Veho Quda FX - Veho Lifestyle Store Suisse","robots":{"index":"index","follow":"follow","max-snippet":"max-snippet:-1","max-image-preview":"max-image-preview:large","max-video-preview":"max-video-preview:-1"},"canonical":"https:\/\/veho-schweiz.com\/fr\/product\/projecteur-intelligent-veho-quda-fx\/","og_locale":"fr_FR","og_type":"article","og_title":"Projecteur intelligent Veho Quda FX - Veho Lifestyle Store Suisse","og_description":"Syst\u00e8me d'exploitation Android 11, plus fluide et plus rapide  Interface conviviale et intuitive  Prise en charge de la lecture vid\u00e9o Full HD 1080p et 4K  Wi-Fi 6 pour une connexion simple et rapide  Inclut un sac de voyage et des prises d'alimentation pour diff\u00e9rentes r\u00e9gions","og_url":"https:\/\/veho-schweiz.com\/fr\/product\/projecteur-intelligent-veho-quda-fx\/","og_site_name":"Veho Lifestyle Store Suisse","og_image":[{"width":600,"height":600,"url":"https:\/\/veho-schweiz.com\/wp-content\/uploads\/2026\/01\/qudaFX_hero.png","type":"image\/png"}],"twitter_card":"summary_large_image","twitter_misc":{"Dur\u00e9e de lecture estim\u00e9e":"1 minute"},"schema":{"@context":"https:\/\/schema.org","@graph":[{"@type":"WebPage","@id":"https:\/\/veho-schweiz.com\/fr\/product\/projecteur-intelligent-veho-quda-fx\/","url":"https:\/\/veho-schweiz.com\/fr\/product\/projecteur-intelligent-veho-quda-fx\/","name":"Projecteur intelligent Veho Quda FX - Veho Lifestyle Store Suisse","isPartOf":{"@id":"https:\/\/veho-schweiz.com\/fr\/#website"},"primaryImageOfPage":{"@id":"https:\/\/veho-schweiz.com\/fr\/product\/projecteur-intelligent-veho-quda-fx\/#primaryimage"},"image":{"@id":"https:\/\/veho-schweiz.com\/fr\/product\/projecteur-intelligent-veho-quda-fx\/#primaryimage"},"thumbnailUrl":"https:\/\/veho-schweiz.com\/wp-content\/uploads\/2026\/01\/qudaFX_hero.png","datePublished":"2026-01-21T09:20:44+00:00","breadcrumb":{"@id":"https:\/\/veho-schweiz.com\/fr\/product\/projecteur-intelligent-veho-quda-fx\/#breadcrumb"},"inLanguage":"fr-FR","potentialAction":[{"@type":"ReadAction","target":["https:\/\/veho-schweiz.com\/fr\/product\/projecteur-intelligent-veho-quda-fx\/"]}]},{"@type":"ImageObject","inLanguage":"fr-FR","@id":"https:\/\/veho-schweiz.com\/fr\/product\/projecteur-intelligent-veho-quda-fx\/#primaryimage","url":"https:\/\/veho-schweiz.com\/wp-content\/uploads\/2026\/01\/qudaFX_hero.png","contentUrl":"https:\/\/veho-schweiz.com\/wp-content\/uploads\/2026\/01\/qudaFX_hero.png","width":600,"height":600},{"@type":"BreadcrumbList","@id":"https:\/\/veho-schweiz.com\/fr\/product\/projecteur-intelligent-veho-quda-fx\/#breadcrumb","itemListElement":[{"@type":"ListItem","position":1,"name":"Home","item":"https:\/\/veho-schweiz.com\/fr\/"},{"@type":"ListItem","position":2,"name":"Shop","item":"https:\/\/veho-schweiz.com\/shop\/"},{"@type":"ListItem","position":3,"name":"Projecteur intelligent Veho Quda FX"}]},{"@type":"WebSite","@id":"https:\/\/veho-schweiz.com\/fr\/#website","url":"https:\/\/veho-schweiz.com\/fr\/","name":"Veho Lifestyle Store Suisse","description":"\u00c9lectronique grand public de conception britannique","potentialAction":[{"@type":"SearchAction","target":{"@type":"EntryPoint","urlTemplate":"https:\/\/veho-schweiz.com\/fr\/?s={search_term_string}"},"query-input":{"@type":"PropertyValueSpecification","valueRequired":true,"valueName":"search_term_string"}}],"inLanguage":"fr-FR"}]}},"jetpack_sharing_enabled":true,"_links":{"self":[{"href":"https:\/\/veho-schweiz.com\/fr\/wp-json\/wp\/v2\/product\/8800","targetHints":{"allow":["GET"]}}],"collection":[{"href":"https:\/\/veho-schweiz.com\/fr\/wp-json\/wp\/v2\/product"}],"about":[{"href":"https:\/\/veho-schweiz.com\/fr\/wp-json\/wp\/v2\/types\/product"}],"replies":[{"embeddable":true,"href":"https:\/\/veho-schweiz.com\/fr\/wp-json\/wp\/v2\/comments?post=8800"}],"wp:featuredmedia":[{"embeddable":true,"href":"https:\/\/veho-schweiz.com\/fr\/wp-json\/wp\/v2\/media\/8687"}],"wp:attachment":[{"href":"https:\/\/veho-schweiz.com\/fr\/wp-json\/wp\/v2\/media?parent=8800"}],"wp:term":[{"taxonomy":"product_brand","embeddable":true,"href":"https:\/\/veho-schweiz.com\/fr\/wp-json\/wp\/v2\/product_brand?post=8800"},{"taxonomy":"product_cat","embeddable":true,"href":"https:\/\/veho-schweiz.com\/fr\/wp-json\/wp\/v2\/product_cat?post=8800"},{"taxonomy":"product_tag","embeddable":true,"href":"https:\/\/veho-schweiz.com\/fr\/wp-json\/wp\/v2\/product_tag?post=8800"}],"curies":[{"name":"wp","href":"https:\/\/api.w.org\/{rel}","templated":true}]}}