{"id":8538,"date":"2025-09-23T13:44:34","date_gmt":"2025-09-23T11:44:34","guid":{"rendered":"https:\/\/veho-schweiz.com\/?post_type=product&#038;p=8538"},"modified":"2026-03-25T12:32:35","modified_gmt":"2026-03-25T11:32:35","slug":"kuzo-ii-fs-2-montre-intelligente-de-sport-avec-gps-noir-kopie","status":"publish","type":"product","link":"https:\/\/veho-schweiz.com\/fr\/product\/kuzo-ii-fs-2-montre-intelligente-de-sport-avec-gps-noir-kopie\/","title":{"rendered":"Kuzo Pro Montre intelligente de sport avec GPS &#8211; Noir"},"content":{"rendered":"<div class=\"wp-content wp-content--product\"><p>La Veho Kuzo Pro est une smartwatch robuste et durable pour l&rsquo;aventure, le sport et le plein air. Elle dispose d&rsquo;un \u00e9cran tactile AMOLED de 1,43 pouces et d&rsquo;un impressionnant GPS \u00e0 5 modes (GPS, BEIDOU, GLONASS, GALILEO et QZSS). La Kuzo Pro int\u00e8gre \u00e9galement des microphones pour la t\u00e9l\u00e9phonie Bluetooth avec BLE 5.3 &#8211; contr\u00f4lez tous vos appels d&rsquo;une simple pression du doigt. L&rsquo;\u00e9cran AMOLED de la Pro offre les m\u00eames couleurs vives, mais avec une grande r\u00e9solution de 466 x 466 pixels. La Pro est disponible au choix avec un bracelet en m\u00e9tal ou en caoutchouc. Gr\u00e2ce \u00e0 ses fonctions compl\u00e8tes de surveillance de la sant\u00e9, notamment la mesure de la fr\u00e9quence cardiaque, le taux d&rsquo;oxyg\u00e8ne dans le sang et l&rsquo;analyse du sommeil, la Kuzo Pro vous aide \u00e0 prendre conscience de votre mode de vie. Restez connect\u00e9 avec des notifications intelligentes pour les appels, les messages et les notifications des m\u00e9dias sociaux. L&rsquo;interface utilisateur intuitive de la montre vous permet de contr\u00f4ler la lecture de la musique et de g\u00e9rer les notifications. Gr\u00e2ce \u00e0 son \u00e9tanch\u00e9it\u00e9 de 3 ATM, elle est parfaite pour l&rsquo;entra\u00eenement et les aventures en plein air.        <\/p>\n<\/div>","protected":false},"excerpt":{"rendered":"<ul>\n<li>\u00c9cran tactile AMOLED couleur de 1,43 pouce<\/li>\n<li>T\u00e9l\u00e9phonie Bluetooth BLE5.3<\/li>\n<li>Surveillance de la sant\u00e9 et suivi de la forme physique 24 heures sur 24<\/li>\n<li>GPS+BEIDOU+GLONASS+GALILEO+QZSS<\/li>\n<li>Deux bracelets au choix : M\u00e9tal\/caoutchouc<\/li>\n<\/ul>\n","protected":false},"featured_media":8547,"comment_status":"closed","ping_status":"closed","template":"","meta":{"_acf_changed":false,"inline_featured_image":false},"product_brand":[],"product_cat":[180],"product_tag":[],"class_list":{"0":"post-8538","1":"product","2":"type-product","3":"status-publish","4":"has-post-thumbnail","6":"product_cat-kuzo-sport-smartwatch-fr","8":"first","9":"instock","10":"shipping-taxable","11":"purchasable","12":"product-type-simple"},"acf":[],"yoast_head":"<!-- This site is optimized with the Yoast SEO plugin v27.5 - https:\/\/yoast.com\/product\/yoast-seo-wordpress\/ -->\n<title>Kuzo Pro Montre intelligente de sport avec GPS - Noir - Veho Lifestyle Store Suisse<\/title>\n<meta name=\"description\" content=\"La Veho Kuzo Sports Smart Watch est une montre intelligente robuste et durable pour l&#039;ext\u00e9rieur, le sport et l&#039;aventure, avec un GPS int\u00e9gr\u00e9 et un \u00e9cran AMOLED.\" \/>\n<meta name=\"robots\" content=\"index, follow, max-snippet:-1, max-image-preview:large, max-video-preview:-1\" \/>\n<link rel=\"canonical\" href=\"https:\/\/veho-schweiz.com\/fr\/product\/kuzo-ii-fs-2-montre-intelligente-de-sport-avec-gps-noir-kopie\/\" \/>\n<meta property=\"og:locale\" content=\"fr_FR\" \/>\n<meta property=\"og:type\" content=\"article\" \/>\n<meta property=\"og:title\" content=\"Kuzo Pro Montre intelligente de sport avec GPS - Noir - Veho Lifestyle Store Suisse\" \/>\n<meta property=\"og:description\" content=\"La Veho Kuzo Sports Smart Watch est une montre intelligente robuste et durable pour l&#039;ext\u00e9rieur, le sport et l&#039;aventure, avec un GPS int\u00e9gr\u00e9 et un \u00e9cran AMOLED.\" \/>\n<meta property=\"og:url\" content=\"https:\/\/veho-schweiz.com\/fr\/product\/kuzo-ii-fs-2-montre-intelligente-de-sport-avec-gps-noir-kopie\/\" \/>\n<meta property=\"og:site_name\" content=\"Veho Lifestyle Store Suisse\" \/>\n<meta property=\"article:modified_time\" content=\"2026-03-25T11:32:35+00:00\" \/>\n<meta property=\"og:image\" content=\"https:\/\/veho-schweiz.com\/wp-content\/uploads\/2025\/09\/kuzo_pro_hero3.png\" \/>\n\t<meta property=\"og:image:width\" content=\"600\" \/>\n\t<meta property=\"og:image:height\" content=\"600\" \/>\n\t<meta property=\"og:image:type\" content=\"image\/png\" \/>\n<meta name=\"twitter:card\" content=\"summary_large_image\" \/>\n<meta name=\"twitter:label1\" content=\"Dur\u00e9e de lecture estim\u00e9e\" \/>\n\t<meta name=\"twitter:data1\" content=\"2 minutes\" \/>\n<script type=\"application\/ld+json\" class=\"yoast-schema-graph\">{\"@context\":\"https:\\\/\\\/schema.org\",\"@graph\":[{\"@type\":\"WebPage\",\"@id\":\"https:\\\/\\\/veho-schweiz.com\\\/fr\\\/product\\\/kuzo-ii-fs-2-montre-intelligente-de-sport-avec-gps-noir-kopie\\\/\",\"url\":\"https:\\\/\\\/veho-schweiz.com\\\/fr\\\/product\\\/kuzo-ii-fs-2-montre-intelligente-de-sport-avec-gps-noir-kopie\\\/\",\"name\":\"Kuzo Pro Montre intelligente de sport avec GPS - Noir - Veho Lifestyle Store Suisse\",\"isPartOf\":{\"@id\":\"https:\\\/\\\/veho-schweiz.com\\\/fr\\\/#website\"},\"primaryImageOfPage\":{\"@id\":\"https:\\\/\\\/veho-schweiz.com\\\/fr\\\/product\\\/kuzo-ii-fs-2-montre-intelligente-de-sport-avec-gps-noir-kopie\\\/#primaryimage\"},\"image\":{\"@id\":\"https:\\\/\\\/veho-schweiz.com\\\/fr\\\/product\\\/kuzo-ii-fs-2-montre-intelligente-de-sport-avec-gps-noir-kopie\\\/#primaryimage\"},\"thumbnailUrl\":\"https:\\\/\\\/veho-schweiz.com\\\/wp-content\\\/uploads\\\/2025\\\/09\\\/kuzo_pro_hero3.png\",\"datePublished\":\"2025-09-23T11:44:34+00:00\",\"dateModified\":\"2026-03-25T11:32:35+00:00\",\"description\":\"La Veho Kuzo Sports Smart Watch est une montre intelligente robuste et durable pour l'ext\u00e9rieur, le sport et l'aventure, avec un GPS int\u00e9gr\u00e9 et un \u00e9cran AMOLED.\",\"breadcrumb\":{\"@id\":\"https:\\\/\\\/veho-schweiz.com\\\/fr\\\/product\\\/kuzo-ii-fs-2-montre-intelligente-de-sport-avec-gps-noir-kopie\\\/#breadcrumb\"},\"inLanguage\":\"fr-FR\",\"potentialAction\":[{\"@type\":\"ReadAction\",\"target\":[\"https:\\\/\\\/veho-schweiz.com\\\/fr\\\/product\\\/kuzo-ii-fs-2-montre-intelligente-de-sport-avec-gps-noir-kopie\\\/\"]}]},{\"@type\":\"ImageObject\",\"inLanguage\":\"fr-FR\",\"@id\":\"https:\\\/\\\/veho-schweiz.com\\\/fr\\\/product\\\/kuzo-ii-fs-2-montre-intelligente-de-sport-avec-gps-noir-kopie\\\/#primaryimage\",\"url\":\"https:\\\/\\\/veho-schweiz.com\\\/wp-content\\\/uploads\\\/2025\\\/09\\\/kuzo_pro_hero3.png\",\"contentUrl\":\"https:\\\/\\\/veho-schweiz.com\\\/wp-content\\\/uploads\\\/2025\\\/09\\\/kuzo_pro_hero3.png\",\"width\":600,\"height\":600},{\"@type\":\"BreadcrumbList\",\"@id\":\"https:\\\/\\\/veho-schweiz.com\\\/fr\\\/product\\\/kuzo-ii-fs-2-montre-intelligente-de-sport-avec-gps-noir-kopie\\\/#breadcrumb\",\"itemListElement\":[{\"@type\":\"ListItem\",\"position\":1,\"name\":\"Home\",\"item\":\"https:\\\/\\\/veho-schweiz.com\\\/fr\\\/\"},{\"@type\":\"ListItem\",\"position\":2,\"name\":\"Shop\",\"item\":\"https:\\\/\\\/veho-schweiz.com\\\/shop\\\/\"},{\"@type\":\"ListItem\",\"position\":3,\"name\":\"Kuzo Pro Montre intelligente de sport avec GPS &#8211; Noir\"}]},{\"@type\":\"WebSite\",\"@id\":\"https:\\\/\\\/veho-schweiz.com\\\/fr\\\/#website\",\"url\":\"https:\\\/\\\/veho-schweiz.com\\\/fr\\\/\",\"name\":\"Veho Lifestyle Store Suisse\",\"description\":\"\u00c9lectronique grand public de conception britannique\",\"potentialAction\":[{\"@type\":\"SearchAction\",\"target\":{\"@type\":\"EntryPoint\",\"urlTemplate\":\"https:\\\/\\\/veho-schweiz.com\\\/fr\\\/?s={search_term_string}\"},\"query-input\":{\"@type\":\"PropertyValueSpecification\",\"valueRequired\":true,\"valueName\":\"search_term_string\"}}],\"inLanguage\":\"fr-FR\"}]}<\/script>\n<!-- \/ Yoast SEO plugin. -->","yoast_head_json":{"title":"Kuzo Pro Montre intelligente de sport avec GPS - Noir - Veho Lifestyle Store Suisse","description":"La Veho Kuzo Sports Smart Watch est une montre intelligente robuste et durable pour l'ext\u00e9rieur, le sport et l'aventure, avec un GPS int\u00e9gr\u00e9 et un \u00e9cran AMOLED.","robots":{"index":"index","follow":"follow","max-snippet":"max-snippet:-1","max-image-preview":"max-image-preview:large","max-video-preview":"max-video-preview:-1"},"canonical":"https:\/\/veho-schweiz.com\/fr\/product\/kuzo-ii-fs-2-montre-intelligente-de-sport-avec-gps-noir-kopie\/","og_locale":"fr_FR","og_type":"article","og_title":"Kuzo Pro Montre intelligente de sport avec GPS - Noir - Veho Lifestyle Store Suisse","og_description":"La Veho Kuzo Sports Smart Watch est une montre intelligente robuste et durable pour l'ext\u00e9rieur, le sport et l'aventure, avec un GPS int\u00e9gr\u00e9 et un \u00e9cran AMOLED.","og_url":"https:\/\/veho-schweiz.com\/fr\/product\/kuzo-ii-fs-2-montre-intelligente-de-sport-avec-gps-noir-kopie\/","og_site_name":"Veho Lifestyle Store Suisse","article_modified_time":"2026-03-25T11:32:35+00:00","og_image":[{"width":600,"height":600,"url":"https:\/\/veho-schweiz.com\/wp-content\/uploads\/2025\/09\/kuzo_pro_hero3.png","type":"image\/png"}],"twitter_card":"summary_large_image","twitter_misc":{"Dur\u00e9e de lecture estim\u00e9e":"2 minutes"},"schema":{"@context":"https:\/\/schema.org","@graph":[{"@type":"WebPage","@id":"https:\/\/veho-schweiz.com\/fr\/product\/kuzo-ii-fs-2-montre-intelligente-de-sport-avec-gps-noir-kopie\/","url":"https:\/\/veho-schweiz.com\/fr\/product\/kuzo-ii-fs-2-montre-intelligente-de-sport-avec-gps-noir-kopie\/","name":"Kuzo Pro Montre intelligente de sport avec GPS - Noir - Veho Lifestyle Store Suisse","isPartOf":{"@id":"https:\/\/veho-schweiz.com\/fr\/#website"},"primaryImageOfPage":{"@id":"https:\/\/veho-schweiz.com\/fr\/product\/kuzo-ii-fs-2-montre-intelligente-de-sport-avec-gps-noir-kopie\/#primaryimage"},"image":{"@id":"https:\/\/veho-schweiz.com\/fr\/product\/kuzo-ii-fs-2-montre-intelligente-de-sport-avec-gps-noir-kopie\/#primaryimage"},"thumbnailUrl":"https:\/\/veho-schweiz.com\/wp-content\/uploads\/2025\/09\/kuzo_pro_hero3.png","datePublished":"2025-09-23T11:44:34+00:00","dateModified":"2026-03-25T11:32:35+00:00","description":"La Veho Kuzo Sports Smart Watch est une montre intelligente robuste et durable pour l'ext\u00e9rieur, le sport et l'aventure, avec un GPS int\u00e9gr\u00e9 et un \u00e9cran AMOLED.","breadcrumb":{"@id":"https:\/\/veho-schweiz.com\/fr\/product\/kuzo-ii-fs-2-montre-intelligente-de-sport-avec-gps-noir-kopie\/#breadcrumb"},"inLanguage":"fr-FR","potentialAction":[{"@type":"ReadAction","target":["https:\/\/veho-schweiz.com\/fr\/product\/kuzo-ii-fs-2-montre-intelligente-de-sport-avec-gps-noir-kopie\/"]}]},{"@type":"ImageObject","inLanguage":"fr-FR","@id":"https:\/\/veho-schweiz.com\/fr\/product\/kuzo-ii-fs-2-montre-intelligente-de-sport-avec-gps-noir-kopie\/#primaryimage","url":"https:\/\/veho-schweiz.com\/wp-content\/uploads\/2025\/09\/kuzo_pro_hero3.png","contentUrl":"https:\/\/veho-schweiz.com\/wp-content\/uploads\/2025\/09\/kuzo_pro_hero3.png","width":600,"height":600},{"@type":"BreadcrumbList","@id":"https:\/\/veho-schweiz.com\/fr\/product\/kuzo-ii-fs-2-montre-intelligente-de-sport-avec-gps-noir-kopie\/#breadcrumb","itemListElement":[{"@type":"ListItem","position":1,"name":"Home","item":"https:\/\/veho-schweiz.com\/fr\/"},{"@type":"ListItem","position":2,"name":"Shop","item":"https:\/\/veho-schweiz.com\/shop\/"},{"@type":"ListItem","position":3,"name":"Kuzo Pro Montre intelligente de sport avec GPS &#8211; Noir"}]},{"@type":"WebSite","@id":"https:\/\/veho-schweiz.com\/fr\/#website","url":"https:\/\/veho-schweiz.com\/fr\/","name":"Veho Lifestyle Store Suisse","description":"\u00c9lectronique grand public de conception britannique","potentialAction":[{"@type":"SearchAction","target":{"@type":"EntryPoint","urlTemplate":"https:\/\/veho-schweiz.com\/fr\/?s={search_term_string}"},"query-input":{"@type":"PropertyValueSpecification","valueRequired":true,"valueName":"search_term_string"}}],"inLanguage":"fr-FR"}]}},"jetpack_sharing_enabled":true,"_links":{"self":[{"href":"https:\/\/veho-schweiz.com\/fr\/wp-json\/wp\/v2\/product\/8538","targetHints":{"allow":["GET"]}}],"collection":[{"href":"https:\/\/veho-schweiz.com\/fr\/wp-json\/wp\/v2\/product"}],"about":[{"href":"https:\/\/veho-schweiz.com\/fr\/wp-json\/wp\/v2\/types\/product"}],"replies":[{"embeddable":true,"href":"https:\/\/veho-schweiz.com\/fr\/wp-json\/wp\/v2\/comments?post=8538"}],"wp:featuredmedia":[{"embeddable":true,"href":"https:\/\/veho-schweiz.com\/fr\/wp-json\/wp\/v2\/media\/8547"}],"wp:attachment":[{"href":"https:\/\/veho-schweiz.com\/fr\/wp-json\/wp\/v2\/media?parent=8538"}],"wp:term":[{"taxonomy":"product_brand","embeddable":true,"href":"https:\/\/veho-schweiz.com\/fr\/wp-json\/wp\/v2\/product_brand?post=8538"},{"taxonomy":"product_cat","embeddable":true,"href":"https:\/\/veho-schweiz.com\/fr\/wp-json\/wp\/v2\/product_cat?post=8538"},{"taxonomy":"product_tag","embeddable":true,"href":"https:\/\/veho-schweiz.com\/fr\/wp-json\/wp\/v2\/product_tag?post=8538"}],"curies":[{"name":"wp","href":"https:\/\/api.w.org\/{rel}","templated":true}]}}