{"id":8526,"date":"2025-09-22T14:11:13","date_gmt":"2025-09-22T12:11:13","guid":{"rendered":"https:\/\/veho-schweiz.com\/?post_type=product&#038;p=8526"},"modified":"2025-09-22T15:05:43","modified_gmt":"2025-09-22T13:05:43","slug":"m-series-mz-9-fortify-haut-parleur-sans-fil-bluetooth-kopie","status":"publish","type":"product","link":"https:\/\/veho-schweiz.com\/fr\/product\/m-series-mz-9-fortify-haut-parleur-sans-fil-bluetooth-kopie\/","title":{"rendered":"M-12 de la s\u00e9rie M Enceinte sans fil Auroqa"},"content":{"rendered":"<div class=\"wp-content wp-content--product\"><p>L&rsquo;enceinte Bluetooth Veho M-12 Auroqa est \u00e9quip\u00e9e de deux caissons de basses de 3 pouces, de quatre haut-parleurs m\u00e9diums de 1,5 pouce et de deux radiateurs passifs IS95. Son son large bande, d&rsquo;une puissance de sortie de 60 W RMS (120 W en cr\u00eate), offre des basses riches, des m\u00e9diums \u00e9quilibr\u00e9s et des aigus clairs pour une exp\u00e9rience audio immersive. Facilement amovible de son support en bois, la M-12 convient \u00e0 une utilisation en int\u00e9rieur comme en ext\u00e9rieur. Gr\u00e2ce \u00e0 la fonction TWS Twin Pairing, deux enceintes M-12 peuvent \u00eatre utilis\u00e9es simultan\u00e9ment.   <\/p>\n<\/div>","protected":false},"excerpt":{"rendered":"<ul>\n<li>Bluetooth\u00ae 5.4<\/li>\n<li>Puissance de sortie de 60W RMS<\/li>\n<li>Puissance de cr\u00eate de 120W<\/li>\n<li>\u00c9clairage d&rsquo;ambiance int\u00e9gr\u00e9<\/li>\n<li>Couplage TWS<\/li>\n<\/ul>\n","protected":false},"featured_media":8535,"comment_status":"closed","ping_status":"closed","template":"","meta":{"_acf_changed":false,"inline_featured_image":false},"product_brand":[],"product_cat":[167],"product_tag":[168,169],"class_list":{"0":"post-8526","1":"product","2":"type-product","3":"status-publish","4":"has-post-thumbnail","6":"product_cat-bluetooth-speakers-fr","7":"product_tag-bluetooth-fr","8":"product_tag-fonction-dappariement-tws","10":"first","11":"outofstock","12":"shipping-taxable","13":"purchasable","14":"product-type-simple"},"acf":[],"yoast_head":"<!-- This site is optimized with the Yoast SEO plugin v27.5 - https:\/\/yoast.com\/product\/yoast-seo-wordpress\/ -->\n<title>M-12 de la s\u00e9rie M Enceinte sans fil Auroqa<\/title>\n<meta name=\"description\" content=\"Le haut-parleur Bluetooth du Veho M-12 Auroqa est le meilleur avec deux caissons de basses \u00e0 3 pouces, environ 1,5 pouces de haut et deux radiateurs passifs IS95.\" \/>\n<meta name=\"robots\" content=\"index, follow, max-snippet:-1, max-image-preview:large, max-video-preview:-1\" \/>\n<link rel=\"canonical\" href=\"https:\/\/veho-schweiz.com\/fr\/product\/m-series-mz-9-fortify-haut-parleur-sans-fil-bluetooth-kopie\/\" \/>\n<meta property=\"og:locale\" content=\"fr_FR\" \/>\n<meta property=\"og:type\" content=\"article\" \/>\n<meta property=\"og:title\" content=\"M-12 de la s\u00e9rie M Enceinte sans fil Auroqa\" \/>\n<meta property=\"og:description\" content=\"Le haut-parleur Bluetooth du Veho M-12 Auroqa est le meilleur avec deux caissons de basses \u00e0 3 pouces, environ 1,5 pouces de haut et deux radiateurs passifs IS95.\" \/>\n<meta property=\"og:url\" content=\"https:\/\/veho-schweiz.com\/fr\/product\/m-series-mz-9-fortify-haut-parleur-sans-fil-bluetooth-kopie\/\" \/>\n<meta property=\"og:site_name\" content=\"Veho Lifestyle Store Suisse\" \/>\n<meta property=\"article:modified_time\" content=\"2025-09-22T13:05:43+00:00\" \/>\n<meta property=\"og:image\" content=\"https:\/\/veho-schweiz.com\/wp-content\/uploads\/2025\/09\/mz12_hero.png\" \/>\n\t<meta property=\"og:image:width\" content=\"620\" \/>\n\t<meta property=\"og:image:height\" content=\"620\" \/>\n\t<meta property=\"og:image:type\" content=\"image\/png\" \/>\n<meta name=\"twitter:card\" content=\"summary_large_image\" \/>\n<script type=\"application\/ld+json\" class=\"yoast-schema-graph\">{\"@context\":\"https:\\\/\\\/schema.org\",\"@graph\":[{\"@type\":\"WebPage\",\"@id\":\"https:\\\/\\\/veho-schweiz.com\\\/fr\\\/product\\\/m-series-mz-9-fortify-haut-parleur-sans-fil-bluetooth-kopie\\\/\",\"url\":\"https:\\\/\\\/veho-schweiz.com\\\/fr\\\/product\\\/m-series-mz-9-fortify-haut-parleur-sans-fil-bluetooth-kopie\\\/\",\"name\":\"M-12 de la s\u00e9rie M Enceinte sans fil Auroqa\",\"isPartOf\":{\"@id\":\"https:\\\/\\\/veho-schweiz.com\\\/fr\\\/#website\"},\"primaryImageOfPage\":{\"@id\":\"https:\\\/\\\/veho-schweiz.com\\\/fr\\\/product\\\/m-series-mz-9-fortify-haut-parleur-sans-fil-bluetooth-kopie\\\/#primaryimage\"},\"image\":{\"@id\":\"https:\\\/\\\/veho-schweiz.com\\\/fr\\\/product\\\/m-series-mz-9-fortify-haut-parleur-sans-fil-bluetooth-kopie\\\/#primaryimage\"},\"thumbnailUrl\":\"https:\\\/\\\/veho-schweiz.com\\\/wp-content\\\/uploads\\\/2025\\\/09\\\/mz12_hero.png\",\"datePublished\":\"2025-09-22T12:11:13+00:00\",\"dateModified\":\"2025-09-22T13:05:43+00:00\",\"description\":\"Le haut-parleur Bluetooth du Veho M-12 Auroqa est le meilleur avec deux caissons de basses \u00e0 3 pouces, environ 1,5 pouces de haut et deux radiateurs passifs IS95.\",\"breadcrumb\":{\"@id\":\"https:\\\/\\\/veho-schweiz.com\\\/fr\\\/product\\\/m-series-mz-9-fortify-haut-parleur-sans-fil-bluetooth-kopie\\\/#breadcrumb\"},\"inLanguage\":\"fr-FR\",\"potentialAction\":[{\"@type\":\"ReadAction\",\"target\":[\"https:\\\/\\\/veho-schweiz.com\\\/fr\\\/product\\\/m-series-mz-9-fortify-haut-parleur-sans-fil-bluetooth-kopie\\\/\"]}]},{\"@type\":\"ImageObject\",\"inLanguage\":\"fr-FR\",\"@id\":\"https:\\\/\\\/veho-schweiz.com\\\/fr\\\/product\\\/m-series-mz-9-fortify-haut-parleur-sans-fil-bluetooth-kopie\\\/#primaryimage\",\"url\":\"https:\\\/\\\/veho-schweiz.com\\\/wp-content\\\/uploads\\\/2025\\\/09\\\/mz12_hero.png\",\"contentUrl\":\"https:\\\/\\\/veho-schweiz.com\\\/wp-content\\\/uploads\\\/2025\\\/09\\\/mz12_hero.png\",\"width\":620,\"height\":620},{\"@type\":\"BreadcrumbList\",\"@id\":\"https:\\\/\\\/veho-schweiz.com\\\/fr\\\/product\\\/m-series-mz-9-fortify-haut-parleur-sans-fil-bluetooth-kopie\\\/#breadcrumb\",\"itemListElement\":[{\"@type\":\"ListItem\",\"position\":1,\"name\":\"Home\",\"item\":\"https:\\\/\\\/veho-schweiz.com\\\/fr\\\/\"},{\"@type\":\"ListItem\",\"position\":2,\"name\":\"Shop\",\"item\":\"https:\\\/\\\/veho-schweiz.com\\\/shop\\\/\"},{\"@type\":\"ListItem\",\"position\":3,\"name\":\"M-12 de la s\u00e9rie M Enceinte sans fil Auroqa\"}]},{\"@type\":\"WebSite\",\"@id\":\"https:\\\/\\\/veho-schweiz.com\\\/fr\\\/#website\",\"url\":\"https:\\\/\\\/veho-schweiz.com\\\/fr\\\/\",\"name\":\"Veho Lifestyle Store Suisse\",\"description\":\"\u00c9lectronique grand public de conception britannique\",\"potentialAction\":[{\"@type\":\"SearchAction\",\"target\":{\"@type\":\"EntryPoint\",\"urlTemplate\":\"https:\\\/\\\/veho-schweiz.com\\\/fr\\\/?s={search_term_string}\"},\"query-input\":{\"@type\":\"PropertyValueSpecification\",\"valueRequired\":true,\"valueName\":\"search_term_string\"}}],\"inLanguage\":\"fr-FR\"}]}<\/script>\n<!-- \/ Yoast SEO plugin. -->","yoast_head_json":{"title":"M-12 de la s\u00e9rie M Enceinte sans fil Auroqa","description":"Le haut-parleur Bluetooth du Veho M-12 Auroqa est le meilleur avec deux caissons de basses \u00e0 3 pouces, environ 1,5 pouces de haut et deux radiateurs passifs IS95.","robots":{"index":"index","follow":"follow","max-snippet":"max-snippet:-1","max-image-preview":"max-image-preview:large","max-video-preview":"max-video-preview:-1"},"canonical":"https:\/\/veho-schweiz.com\/fr\/product\/m-series-mz-9-fortify-haut-parleur-sans-fil-bluetooth-kopie\/","og_locale":"fr_FR","og_type":"article","og_title":"M-12 de la s\u00e9rie M Enceinte sans fil Auroqa","og_description":"Le haut-parleur Bluetooth du Veho M-12 Auroqa est le meilleur avec deux caissons de basses \u00e0 3 pouces, environ 1,5 pouces de haut et deux radiateurs passifs IS95.","og_url":"https:\/\/veho-schweiz.com\/fr\/product\/m-series-mz-9-fortify-haut-parleur-sans-fil-bluetooth-kopie\/","og_site_name":"Veho Lifestyle Store Suisse","article_modified_time":"2025-09-22T13:05:43+00:00","og_image":[{"width":620,"height":620,"url":"https:\/\/veho-schweiz.com\/wp-content\/uploads\/2025\/09\/mz12_hero.png","type":"image\/png"}],"twitter_card":"summary_large_image","schema":{"@context":"https:\/\/schema.org","@graph":[{"@type":"WebPage","@id":"https:\/\/veho-schweiz.com\/fr\/product\/m-series-mz-9-fortify-haut-parleur-sans-fil-bluetooth-kopie\/","url":"https:\/\/veho-schweiz.com\/fr\/product\/m-series-mz-9-fortify-haut-parleur-sans-fil-bluetooth-kopie\/","name":"M-12 de la s\u00e9rie M Enceinte sans fil Auroqa","isPartOf":{"@id":"https:\/\/veho-schweiz.com\/fr\/#website"},"primaryImageOfPage":{"@id":"https:\/\/veho-schweiz.com\/fr\/product\/m-series-mz-9-fortify-haut-parleur-sans-fil-bluetooth-kopie\/#primaryimage"},"image":{"@id":"https:\/\/veho-schweiz.com\/fr\/product\/m-series-mz-9-fortify-haut-parleur-sans-fil-bluetooth-kopie\/#primaryimage"},"thumbnailUrl":"https:\/\/veho-schweiz.com\/wp-content\/uploads\/2025\/09\/mz12_hero.png","datePublished":"2025-09-22T12:11:13+00:00","dateModified":"2025-09-22T13:05:43+00:00","description":"Le haut-parleur Bluetooth du Veho M-12 Auroqa est le meilleur avec deux caissons de basses \u00e0 3 pouces, environ 1,5 pouces de haut et deux radiateurs passifs IS95.","breadcrumb":{"@id":"https:\/\/veho-schweiz.com\/fr\/product\/m-series-mz-9-fortify-haut-parleur-sans-fil-bluetooth-kopie\/#breadcrumb"},"inLanguage":"fr-FR","potentialAction":[{"@type":"ReadAction","target":["https:\/\/veho-schweiz.com\/fr\/product\/m-series-mz-9-fortify-haut-parleur-sans-fil-bluetooth-kopie\/"]}]},{"@type":"ImageObject","inLanguage":"fr-FR","@id":"https:\/\/veho-schweiz.com\/fr\/product\/m-series-mz-9-fortify-haut-parleur-sans-fil-bluetooth-kopie\/#primaryimage","url":"https:\/\/veho-schweiz.com\/wp-content\/uploads\/2025\/09\/mz12_hero.png","contentUrl":"https:\/\/veho-schweiz.com\/wp-content\/uploads\/2025\/09\/mz12_hero.png","width":620,"height":620},{"@type":"BreadcrumbList","@id":"https:\/\/veho-schweiz.com\/fr\/product\/m-series-mz-9-fortify-haut-parleur-sans-fil-bluetooth-kopie\/#breadcrumb","itemListElement":[{"@type":"ListItem","position":1,"name":"Home","item":"https:\/\/veho-schweiz.com\/fr\/"},{"@type":"ListItem","position":2,"name":"Shop","item":"https:\/\/veho-schweiz.com\/shop\/"},{"@type":"ListItem","position":3,"name":"M-12 de la s\u00e9rie M Enceinte sans fil Auroqa"}]},{"@type":"WebSite","@id":"https:\/\/veho-schweiz.com\/fr\/#website","url":"https:\/\/veho-schweiz.com\/fr\/","name":"Veho Lifestyle Store Suisse","description":"\u00c9lectronique grand public de conception britannique","potentialAction":[{"@type":"SearchAction","target":{"@type":"EntryPoint","urlTemplate":"https:\/\/veho-schweiz.com\/fr\/?s={search_term_string}"},"query-input":{"@type":"PropertyValueSpecification","valueRequired":true,"valueName":"search_term_string"}}],"inLanguage":"fr-FR"}]}},"jetpack_sharing_enabled":true,"_links":{"self":[{"href":"https:\/\/veho-schweiz.com\/fr\/wp-json\/wp\/v2\/product\/8526","targetHints":{"allow":["GET"]}}],"collection":[{"href":"https:\/\/veho-schweiz.com\/fr\/wp-json\/wp\/v2\/product"}],"about":[{"href":"https:\/\/veho-schweiz.com\/fr\/wp-json\/wp\/v2\/types\/product"}],"replies":[{"embeddable":true,"href":"https:\/\/veho-schweiz.com\/fr\/wp-json\/wp\/v2\/comments?post=8526"}],"wp:featuredmedia":[{"embeddable":true,"href":"https:\/\/veho-schweiz.com\/fr\/wp-json\/wp\/v2\/media\/8535"}],"wp:attachment":[{"href":"https:\/\/veho-schweiz.com\/fr\/wp-json\/wp\/v2\/media?parent=8526"}],"wp:term":[{"taxonomy":"product_brand","embeddable":true,"href":"https:\/\/veho-schweiz.com\/fr\/wp-json\/wp\/v2\/product_brand?post=8526"},{"taxonomy":"product_cat","embeddable":true,"href":"https:\/\/veho-schweiz.com\/fr\/wp-json\/wp\/v2\/product_cat?post=8526"},{"taxonomy":"product_tag","embeddable":true,"href":"https:\/\/veho-schweiz.com\/fr\/wp-json\/wp\/v2\/product_tag?post=8526"}],"curies":[{"name":"wp","href":"https:\/\/api.w.org\/{rel}","templated":true}]}}