{"id":8481,"date":"2025-09-02T17:39:45","date_gmt":"2025-09-02T15:39:45","guid":{"rendered":"https:\/\/veho-schweiz.com\/?post_type=product&#038;p=8481"},"modified":"2025-09-03T16:50:13","modified_gmt":"2025-09-03T14:50:13","slug":"zb-4-neb-casque-sans-fil-avec-microphone-noir-kopie","status":"publish","type":"product","link":"https:\/\/veho-schweiz.com\/fr\/product\/zb-4-neb-casque-sans-fil-avec-microphone-noir-kopie\/","title":{"rendered":"ZB-8 Casque sans fil"},"content":{"rendered":"<div class=\"wp-content wp-content--product\"><p>Le casque sans fil Veho ZB-8 offre un son de haute qualit\u00e9 avec des aigus, des graves et des m\u00e9diums d\u00e9taill\u00e9s gr\u00e2ce \u00e0 ses diaphragmes de 44 mm. La technologie Bluetooth avanc\u00e9e (v5.3) vous permet de connecter vos appareils sans fil. La longue dur\u00e9e de lecture (jusqu&rsquo;\u00e0 36 heures avec une seule charge) vous permet de vous immerger dans votre musique. Les coussinets d&rsquo;oreille \u00e9pais sont parfaits pour les longues sessions d&rsquo;\u00e9coute ou plusieurs voyages. Le design pliable \u00e0 plat permet un rangement et un transport faciles.    <\/p>\n<\/div>","protected":false},"excerpt":{"rendered":"<ul>\n<li>Jusqu&rsquo;\u00e0 36 heures de lecture continue<\/li>\n<li>3 heures de charge<\/li>\n<li>Bluetooth v5.3<\/li>\n<\/ul>\n","protected":false},"featured_media":8484,"comment_status":"open","ping_status":"closed","template":"","meta":{"_acf_changed":false,"inline_featured_image":false},"product_brand":[],"product_cat":[254],"product_tag":[],"class_list":{"0":"post-8481","1":"product","2":"type-product","3":"status-publish","4":"has-post-thumbnail","6":"product_cat-over-ear-wireless-fr","8":"first","9":"outofstock","10":"shipping-taxable","11":"purchasable","12":"product-type-simple"},"acf":[],"yoast_head":"<!-- This site is optimized with the Yoast SEO plugin v27.5 - https:\/\/yoast.com\/product\/yoast-seo-wordpress\/ -->\n<title>ZB-8 Casque sans fil<\/title>\n<meta name=\"description\" content=\"Plongez dans le monde de l&#039;audio avec les \u00e9couteurs sans fil Veho ZB-8. Avec des pilotes de 44 mm et Bluetooth v5.3.\" \/>\n<meta name=\"robots\" content=\"index, follow, max-snippet:-1, max-image-preview:large, max-video-preview:-1\" \/>\n<link rel=\"canonical\" href=\"https:\/\/veho-schweiz.com\/fr\/product\/zb-4-neb-casque-sans-fil-avec-microphone-noir-kopie\/\" \/>\n<meta property=\"og:locale\" content=\"fr_FR\" \/>\n<meta property=\"og:type\" content=\"article\" \/>\n<meta property=\"og:title\" content=\"ZB-8 Casque sans fil\" \/>\n<meta property=\"og:description\" content=\"Plongez dans le monde de l&#039;audio avec les \u00e9couteurs sans fil Veho ZB-8. Avec des pilotes de 44 mm et Bluetooth v5.3.\" \/>\n<meta property=\"og:url\" content=\"https:\/\/veho-schweiz.com\/fr\/product\/zb-4-neb-casque-sans-fil-avec-microphone-noir-kopie\/\" \/>\n<meta property=\"og:site_name\" content=\"Veho Lifestyle Store Suisse\" \/>\n<meta property=\"article:modified_time\" content=\"2025-09-03T14:50:13+00:00\" \/>\n<meta property=\"og:image\" content=\"https:\/\/veho-schweiz.com\/wp-content\/uploads\/2025\/09\/zb8_4.png\" \/>\n\t<meta property=\"og:image:width\" content=\"620\" \/>\n\t<meta property=\"og:image:height\" content=\"620\" \/>\n\t<meta property=\"og:image:type\" content=\"image\/png\" \/>\n<meta name=\"twitter:card\" content=\"summary_large_image\" \/>\n<script type=\"application\/ld+json\" class=\"yoast-schema-graph\">{\"@context\":\"https:\\\/\\\/schema.org\",\"@graph\":[{\"@type\":\"WebPage\",\"@id\":\"https:\\\/\\\/veho-schweiz.com\\\/fr\\\/product\\\/zb-4-neb-casque-sans-fil-avec-microphone-noir-kopie\\\/\",\"url\":\"https:\\\/\\\/veho-schweiz.com\\\/fr\\\/product\\\/zb-4-neb-casque-sans-fil-avec-microphone-noir-kopie\\\/\",\"name\":\"ZB-8 Casque sans fil\",\"isPartOf\":{\"@id\":\"https:\\\/\\\/veho-schweiz.com\\\/fr\\\/#website\"},\"primaryImageOfPage\":{\"@id\":\"https:\\\/\\\/veho-schweiz.com\\\/fr\\\/product\\\/zb-4-neb-casque-sans-fil-avec-microphone-noir-kopie\\\/#primaryimage\"},\"image\":{\"@id\":\"https:\\\/\\\/veho-schweiz.com\\\/fr\\\/product\\\/zb-4-neb-casque-sans-fil-avec-microphone-noir-kopie\\\/#primaryimage\"},\"thumbnailUrl\":\"https:\\\/\\\/veho-schweiz.com\\\/wp-content\\\/uploads\\\/2025\\\/09\\\/zb8_4.png\",\"datePublished\":\"2025-09-02T15:39:45+00:00\",\"dateModified\":\"2025-09-03T14:50:13+00:00\",\"description\":\"Plongez dans le monde de l'audio avec les \u00e9couteurs sans fil Veho ZB-8. Avec des pilotes de 44 mm et Bluetooth v5.3.\",\"breadcrumb\":{\"@id\":\"https:\\\/\\\/veho-schweiz.com\\\/fr\\\/product\\\/zb-4-neb-casque-sans-fil-avec-microphone-noir-kopie\\\/#breadcrumb\"},\"inLanguage\":\"fr-FR\",\"potentialAction\":[{\"@type\":\"ReadAction\",\"target\":[\"https:\\\/\\\/veho-schweiz.com\\\/fr\\\/product\\\/zb-4-neb-casque-sans-fil-avec-microphone-noir-kopie\\\/\"]}]},{\"@type\":\"ImageObject\",\"inLanguage\":\"fr-FR\",\"@id\":\"https:\\\/\\\/veho-schweiz.com\\\/fr\\\/product\\\/zb-4-neb-casque-sans-fil-avec-microphone-noir-kopie\\\/#primaryimage\",\"url\":\"https:\\\/\\\/veho-schweiz.com\\\/wp-content\\\/uploads\\\/2025\\\/09\\\/zb8_4.png\",\"contentUrl\":\"https:\\\/\\\/veho-schweiz.com\\\/wp-content\\\/uploads\\\/2025\\\/09\\\/zb8_4.png\",\"width\":620,\"height\":620},{\"@type\":\"BreadcrumbList\",\"@id\":\"https:\\\/\\\/veho-schweiz.com\\\/fr\\\/product\\\/zb-4-neb-casque-sans-fil-avec-microphone-noir-kopie\\\/#breadcrumb\",\"itemListElement\":[{\"@type\":\"ListItem\",\"position\":1,\"name\":\"Home\",\"item\":\"https:\\\/\\\/veho-schweiz.com\\\/fr\\\/\"},{\"@type\":\"ListItem\",\"position\":2,\"name\":\"Shop\",\"item\":\"https:\\\/\\\/veho-schweiz.com\\\/shop\\\/\"},{\"@type\":\"ListItem\",\"position\":3,\"name\":\"ZB-8 Casque sans fil\"}]},{\"@type\":\"WebSite\",\"@id\":\"https:\\\/\\\/veho-schweiz.com\\\/fr\\\/#website\",\"url\":\"https:\\\/\\\/veho-schweiz.com\\\/fr\\\/\",\"name\":\"Veho Lifestyle Store Suisse\",\"description\":\"\u00c9lectronique grand public de conception britannique\",\"potentialAction\":[{\"@type\":\"SearchAction\",\"target\":{\"@type\":\"EntryPoint\",\"urlTemplate\":\"https:\\\/\\\/veho-schweiz.com\\\/fr\\\/?s={search_term_string}\"},\"query-input\":{\"@type\":\"PropertyValueSpecification\",\"valueRequired\":true,\"valueName\":\"search_term_string\"}}],\"inLanguage\":\"fr-FR\"}]}<\/script>\n<!-- \/ Yoast SEO plugin. -->","yoast_head_json":{"title":"ZB-8 Casque sans fil","description":"Plongez dans le monde de l'audio avec les \u00e9couteurs sans fil Veho ZB-8. Avec des pilotes de 44 mm et Bluetooth v5.3.","robots":{"index":"index","follow":"follow","max-snippet":"max-snippet:-1","max-image-preview":"max-image-preview:large","max-video-preview":"max-video-preview:-1"},"canonical":"https:\/\/veho-schweiz.com\/fr\/product\/zb-4-neb-casque-sans-fil-avec-microphone-noir-kopie\/","og_locale":"fr_FR","og_type":"article","og_title":"ZB-8 Casque sans fil","og_description":"Plongez dans le monde de l'audio avec les \u00e9couteurs sans fil Veho ZB-8. Avec des pilotes de 44 mm et Bluetooth v5.3.","og_url":"https:\/\/veho-schweiz.com\/fr\/product\/zb-4-neb-casque-sans-fil-avec-microphone-noir-kopie\/","og_site_name":"Veho Lifestyle Store Suisse","article_modified_time":"2025-09-03T14:50:13+00:00","og_image":[{"width":620,"height":620,"url":"https:\/\/veho-schweiz.com\/wp-content\/uploads\/2025\/09\/zb8_4.png","type":"image\/png"}],"twitter_card":"summary_large_image","schema":{"@context":"https:\/\/schema.org","@graph":[{"@type":"WebPage","@id":"https:\/\/veho-schweiz.com\/fr\/product\/zb-4-neb-casque-sans-fil-avec-microphone-noir-kopie\/","url":"https:\/\/veho-schweiz.com\/fr\/product\/zb-4-neb-casque-sans-fil-avec-microphone-noir-kopie\/","name":"ZB-8 Casque sans fil","isPartOf":{"@id":"https:\/\/veho-schweiz.com\/fr\/#website"},"primaryImageOfPage":{"@id":"https:\/\/veho-schweiz.com\/fr\/product\/zb-4-neb-casque-sans-fil-avec-microphone-noir-kopie\/#primaryimage"},"image":{"@id":"https:\/\/veho-schweiz.com\/fr\/product\/zb-4-neb-casque-sans-fil-avec-microphone-noir-kopie\/#primaryimage"},"thumbnailUrl":"https:\/\/veho-schweiz.com\/wp-content\/uploads\/2025\/09\/zb8_4.png","datePublished":"2025-09-02T15:39:45+00:00","dateModified":"2025-09-03T14:50:13+00:00","description":"Plongez dans le monde de l'audio avec les \u00e9couteurs sans fil Veho ZB-8. Avec des pilotes de 44 mm et Bluetooth v5.3.","breadcrumb":{"@id":"https:\/\/veho-schweiz.com\/fr\/product\/zb-4-neb-casque-sans-fil-avec-microphone-noir-kopie\/#breadcrumb"},"inLanguage":"fr-FR","potentialAction":[{"@type":"ReadAction","target":["https:\/\/veho-schweiz.com\/fr\/product\/zb-4-neb-casque-sans-fil-avec-microphone-noir-kopie\/"]}]},{"@type":"ImageObject","inLanguage":"fr-FR","@id":"https:\/\/veho-schweiz.com\/fr\/product\/zb-4-neb-casque-sans-fil-avec-microphone-noir-kopie\/#primaryimage","url":"https:\/\/veho-schweiz.com\/wp-content\/uploads\/2025\/09\/zb8_4.png","contentUrl":"https:\/\/veho-schweiz.com\/wp-content\/uploads\/2025\/09\/zb8_4.png","width":620,"height":620},{"@type":"BreadcrumbList","@id":"https:\/\/veho-schweiz.com\/fr\/product\/zb-4-neb-casque-sans-fil-avec-microphone-noir-kopie\/#breadcrumb","itemListElement":[{"@type":"ListItem","position":1,"name":"Home","item":"https:\/\/veho-schweiz.com\/fr\/"},{"@type":"ListItem","position":2,"name":"Shop","item":"https:\/\/veho-schweiz.com\/shop\/"},{"@type":"ListItem","position":3,"name":"ZB-8 Casque sans fil"}]},{"@type":"WebSite","@id":"https:\/\/veho-schweiz.com\/fr\/#website","url":"https:\/\/veho-schweiz.com\/fr\/","name":"Veho Lifestyle Store Suisse","description":"\u00c9lectronique grand public de conception britannique","potentialAction":[{"@type":"SearchAction","target":{"@type":"EntryPoint","urlTemplate":"https:\/\/veho-schweiz.com\/fr\/?s={search_term_string}"},"query-input":{"@type":"PropertyValueSpecification","valueRequired":true,"valueName":"search_term_string"}}],"inLanguage":"fr-FR"}]}},"jetpack_sharing_enabled":true,"_links":{"self":[{"href":"https:\/\/veho-schweiz.com\/fr\/wp-json\/wp\/v2\/product\/8481","targetHints":{"allow":["GET"]}}],"collection":[{"href":"https:\/\/veho-schweiz.com\/fr\/wp-json\/wp\/v2\/product"}],"about":[{"href":"https:\/\/veho-schweiz.com\/fr\/wp-json\/wp\/v2\/types\/product"}],"replies":[{"embeddable":true,"href":"https:\/\/veho-schweiz.com\/fr\/wp-json\/wp\/v2\/comments?post=8481"}],"wp:featuredmedia":[{"embeddable":true,"href":"https:\/\/veho-schweiz.com\/fr\/wp-json\/wp\/v2\/media\/8484"}],"wp:attachment":[{"href":"https:\/\/veho-schweiz.com\/fr\/wp-json\/wp\/v2\/media?parent=8481"}],"wp:term":[{"taxonomy":"product_brand","embeddable":true,"href":"https:\/\/veho-schweiz.com\/fr\/wp-json\/wp\/v2\/product_brand?post=8481"},{"taxonomy":"product_cat","embeddable":true,"href":"https:\/\/veho-schweiz.com\/fr\/wp-json\/wp\/v2\/product_cat?post=8481"},{"taxonomy":"product_tag","embeddable":true,"href":"https:\/\/veho-schweiz.com\/fr\/wp-json\/wp\/v2\/product_tag?post=8481"}],"curies":[{"name":"wp","href":"https:\/\/api.w.org\/{rel}","templated":true}]}}