{"id":8478,"date":"2025-06-23T10:06:43","date_gmt":"2025-06-23T08:06:43","guid":{"rendered":"https:\/\/veho-schweiz.com\/?post_type=product&#038;p=8478"},"modified":"2026-01-29T10:54:20","modified_gmt":"2026-01-29T09:54:20","slug":"ds-7-chargeur-multiple-qi-kopie","status":"publish","type":"product","link":"https:\/\/veho-schweiz.com\/fr\/product\/ds-7-chargeur-multiple-qi-kopie\/","title":{"rendered":"R\u00e9veil num\u00e9rique TQ-1 &amp; chargeur sans fil Qi"},"content":{"rendered":"<div class=\"wp-content wp-content--product\"><p>Le r\u00e9veil num\u00e9rique Veho TQ-1 avec fonction de chargement sans fil Qi int\u00e9gr\u00e9e est \u00e9l\u00e9gant et moderne et s&rsquo;int\u00e8gre dans n&rsquo;importe quelle chambre ou en voyage. Le TQ-1 prend en charge la charge sans fil 5 W\/7,5 W\/10 W\/15 W et est compatible avec tous les smartphones compatibles Qi. Largement compatible avec : <\/p>\n<p>iPhone &#8211; s\u00e9rie 16 \/ s\u00e9rie 15 \/ s\u00e9rie 14 \/ s\u00e9rie 13 \/ s\u00e9rie 12 \/ s\u00e9rie 11 \/ s\u00e9rie XS \/ XR \/ X \/ 8 \/ 8 Plus.<\/p>\n<p>Samsung &#8211; Z Fold 4 \/ Z Flip 4 \/ S\u00e9rie S24 \/ S\u00e9rie S23 \/ S22\/S22 Ultra \/ S20\/S20+\/S20 Ultra \/ S10\/S10+\/S10e \/ S9\/S9+ \/ S8\/S8+ \/ S7\/S7 Edge \/ S6\/S6+.<\/p>\n<p>Autre &#8211; Pixel 4 \/ Pixel 4XL \/ LG V50 \/ LG V40 \/ LG V30 \/ LG V30+ \/ LG G7 \/ LG G8.<\/p>\n<p>Et tous les autres appareils compatibles Qi. Important ! Utilisez avec le TQ-1 une fiche d&rsquo;alimentation PD\/QC de 18W \u00e0 20W pour \u00e9viter les interruptions de charge.  <\/p>\n<\/div>","protected":false},"excerpt":{"rendered":"<ul>\n<li>Avec fonction de charge rapide Qi<\/li>\n<li>Multi-station de charge pour jusqu&rsquo;\u00e0 trois appareils<\/li>\n<li>Design pour la maison, le bureau et les d\u00e9placements<\/li>\n<\/ul>\n","protected":false},"featured_media":8523,"comment_status":"closed","ping_status":"closed","template":"","meta":{"_acf_changed":false,"inline_featured_image":false},"product_brand":[],"product_cat":[166],"product_tag":[],"class_list":{"0":"post-8478","1":"product","2":"type-product","3":"status-publish","4":"has-post-thumbnail","6":"product_cat-hubs-chargers-fr","8":"first","9":"instock","10":"shipping-taxable","11":"purchasable","12":"product-type-simple"},"acf":[],"yoast_head":"<!-- This site is optimized with the Yoast SEO plugin v27.5 - https:\/\/yoast.com\/product\/yoast-seo-wordpress\/ -->\n<title>R\u00e9veil num\u00e9rique TQ-1 &amp; chargeur sans fil Qi<\/title>\n<meta name=\"description\" content=\"Le r\u00e9veil num\u00e9rique Veho TQ-1 avec fonction de chargement sans fil Qi int\u00e9gr\u00e9e est \u00e9l\u00e9gant et moderne et s&#039;int\u00e8gre dans n&#039;importe quelle chambre ou en voyage.\" \/>\n<meta name=\"robots\" content=\"index, follow, max-snippet:-1, max-image-preview:large, max-video-preview:-1\" \/>\n<link rel=\"canonical\" href=\"https:\/\/veho-schweiz.com\/fr\/product\/ds-7-chargeur-multiple-qi-kopie\/\" \/>\n<meta property=\"og:locale\" content=\"fr_FR\" \/>\n<meta property=\"og:type\" content=\"article\" \/>\n<meta property=\"og:title\" content=\"R\u00e9veil num\u00e9rique TQ-1 &amp; chargeur sans fil Qi\" \/>\n<meta property=\"og:description\" content=\"Le r\u00e9veil num\u00e9rique Veho TQ-1 avec fonction de chargement sans fil Qi int\u00e9gr\u00e9e est \u00e9l\u00e9gant et moderne et s&#039;int\u00e8gre dans n&#039;importe quelle chambre ou en voyage.\" \/>\n<meta property=\"og:url\" content=\"https:\/\/veho-schweiz.com\/fr\/product\/ds-7-chargeur-multiple-qi-kopie\/\" \/>\n<meta property=\"og:site_name\" content=\"Veho Lifestyle Store Suisse\" \/>\n<meta property=\"article:modified_time\" content=\"2026-01-29T09:54:20+00:00\" \/>\n<meta property=\"og:image\" content=\"https:\/\/veho-schweiz.com\/wp-content\/uploads\/2025\/06\/tq1_hero2.png\" \/>\n\t<meta property=\"og:image:width\" content=\"620\" \/>\n\t<meta property=\"og:image:height\" content=\"620\" \/>\n\t<meta property=\"og:image:type\" content=\"image\/png\" \/>\n<meta name=\"twitter:card\" content=\"summary_large_image\" \/>\n<meta name=\"twitter:label1\" content=\"Dur\u00e9e de lecture estim\u00e9e\" \/>\n\t<meta name=\"twitter:data1\" content=\"1 minute\" \/>\n<script type=\"application\/ld+json\" class=\"yoast-schema-graph\">{\"@context\":\"https:\\\/\\\/schema.org\",\"@graph\":[{\"@type\":\"WebPage\",\"@id\":\"https:\\\/\\\/veho-schweiz.com\\\/fr\\\/product\\\/ds-7-chargeur-multiple-qi-kopie\\\/\",\"url\":\"https:\\\/\\\/veho-schweiz.com\\\/fr\\\/product\\\/ds-7-chargeur-multiple-qi-kopie\\\/\",\"name\":\"R\u00e9veil num\u00e9rique TQ-1 &amp; chargeur sans fil Qi\",\"isPartOf\":{\"@id\":\"https:\\\/\\\/veho-schweiz.com\\\/fr\\\/#website\"},\"primaryImageOfPage\":{\"@id\":\"https:\\\/\\\/veho-schweiz.com\\\/fr\\\/product\\\/ds-7-chargeur-multiple-qi-kopie\\\/#primaryimage\"},\"image\":{\"@id\":\"https:\\\/\\\/veho-schweiz.com\\\/fr\\\/product\\\/ds-7-chargeur-multiple-qi-kopie\\\/#primaryimage\"},\"thumbnailUrl\":\"https:\\\/\\\/veho-schweiz.com\\\/wp-content\\\/uploads\\\/2025\\\/06\\\/tq1_hero2.png\",\"datePublished\":\"2025-06-23T08:06:43+00:00\",\"dateModified\":\"2026-01-29T09:54:20+00:00\",\"description\":\"Le r\u00e9veil num\u00e9rique Veho TQ-1 avec fonction de chargement sans fil Qi int\u00e9gr\u00e9e est \u00e9l\u00e9gant et moderne et s'int\u00e8gre dans n'importe quelle chambre ou en voyage.\",\"breadcrumb\":{\"@id\":\"https:\\\/\\\/veho-schweiz.com\\\/fr\\\/product\\\/ds-7-chargeur-multiple-qi-kopie\\\/#breadcrumb\"},\"inLanguage\":\"fr-FR\",\"potentialAction\":[{\"@type\":\"ReadAction\",\"target\":[\"https:\\\/\\\/veho-schweiz.com\\\/fr\\\/product\\\/ds-7-chargeur-multiple-qi-kopie\\\/\"]}]},{\"@type\":\"ImageObject\",\"inLanguage\":\"fr-FR\",\"@id\":\"https:\\\/\\\/veho-schweiz.com\\\/fr\\\/product\\\/ds-7-chargeur-multiple-qi-kopie\\\/#primaryimage\",\"url\":\"https:\\\/\\\/veho-schweiz.com\\\/wp-content\\\/uploads\\\/2025\\\/06\\\/tq1_hero2.png\",\"contentUrl\":\"https:\\\/\\\/veho-schweiz.com\\\/wp-content\\\/uploads\\\/2025\\\/06\\\/tq1_hero2.png\",\"width\":620,\"height\":620},{\"@type\":\"BreadcrumbList\",\"@id\":\"https:\\\/\\\/veho-schweiz.com\\\/fr\\\/product\\\/ds-7-chargeur-multiple-qi-kopie\\\/#breadcrumb\",\"itemListElement\":[{\"@type\":\"ListItem\",\"position\":1,\"name\":\"Home\",\"item\":\"https:\\\/\\\/veho-schweiz.com\\\/fr\\\/\"},{\"@type\":\"ListItem\",\"position\":2,\"name\":\"Shop\",\"item\":\"https:\\\/\\\/veho-schweiz.com\\\/shop\\\/\"},{\"@type\":\"ListItem\",\"position\":3,\"name\":\"R\u00e9veil num\u00e9rique TQ-1 &amp; chargeur sans fil Qi\"}]},{\"@type\":\"WebSite\",\"@id\":\"https:\\\/\\\/veho-schweiz.com\\\/fr\\\/#website\",\"url\":\"https:\\\/\\\/veho-schweiz.com\\\/fr\\\/\",\"name\":\"Veho Lifestyle Store Suisse\",\"description\":\"\u00c9lectronique grand public de conception britannique\",\"potentialAction\":[{\"@type\":\"SearchAction\",\"target\":{\"@type\":\"EntryPoint\",\"urlTemplate\":\"https:\\\/\\\/veho-schweiz.com\\\/fr\\\/?s={search_term_string}\"},\"query-input\":{\"@type\":\"PropertyValueSpecification\",\"valueRequired\":true,\"valueName\":\"search_term_string\"}}],\"inLanguage\":\"fr-FR\"}]}<\/script>\n<!-- \/ Yoast SEO plugin. -->","yoast_head_json":{"title":"R\u00e9veil num\u00e9rique TQ-1 &amp; chargeur sans fil Qi","description":"Le r\u00e9veil num\u00e9rique Veho TQ-1 avec fonction de chargement sans fil Qi int\u00e9gr\u00e9e est \u00e9l\u00e9gant et moderne et s'int\u00e8gre dans n'importe quelle chambre ou en voyage.","robots":{"index":"index","follow":"follow","max-snippet":"max-snippet:-1","max-image-preview":"max-image-preview:large","max-video-preview":"max-video-preview:-1"},"canonical":"https:\/\/veho-schweiz.com\/fr\/product\/ds-7-chargeur-multiple-qi-kopie\/","og_locale":"fr_FR","og_type":"article","og_title":"R\u00e9veil num\u00e9rique TQ-1 &amp; chargeur sans fil Qi","og_description":"Le r\u00e9veil num\u00e9rique Veho TQ-1 avec fonction de chargement sans fil Qi int\u00e9gr\u00e9e est \u00e9l\u00e9gant et moderne et s'int\u00e8gre dans n'importe quelle chambre ou en voyage.","og_url":"https:\/\/veho-schweiz.com\/fr\/product\/ds-7-chargeur-multiple-qi-kopie\/","og_site_name":"Veho Lifestyle Store Suisse","article_modified_time":"2026-01-29T09:54:20+00:00","og_image":[{"width":620,"height":620,"url":"https:\/\/veho-schweiz.com\/wp-content\/uploads\/2025\/06\/tq1_hero2.png","type":"image\/png"}],"twitter_card":"summary_large_image","twitter_misc":{"Dur\u00e9e de lecture estim\u00e9e":"1 minute"},"schema":{"@context":"https:\/\/schema.org","@graph":[{"@type":"WebPage","@id":"https:\/\/veho-schweiz.com\/fr\/product\/ds-7-chargeur-multiple-qi-kopie\/","url":"https:\/\/veho-schweiz.com\/fr\/product\/ds-7-chargeur-multiple-qi-kopie\/","name":"R\u00e9veil num\u00e9rique TQ-1 &amp; chargeur sans fil Qi","isPartOf":{"@id":"https:\/\/veho-schweiz.com\/fr\/#website"},"primaryImageOfPage":{"@id":"https:\/\/veho-schweiz.com\/fr\/product\/ds-7-chargeur-multiple-qi-kopie\/#primaryimage"},"image":{"@id":"https:\/\/veho-schweiz.com\/fr\/product\/ds-7-chargeur-multiple-qi-kopie\/#primaryimage"},"thumbnailUrl":"https:\/\/veho-schweiz.com\/wp-content\/uploads\/2025\/06\/tq1_hero2.png","datePublished":"2025-06-23T08:06:43+00:00","dateModified":"2026-01-29T09:54:20+00:00","description":"Le r\u00e9veil num\u00e9rique Veho TQ-1 avec fonction de chargement sans fil Qi int\u00e9gr\u00e9e est \u00e9l\u00e9gant et moderne et s'int\u00e8gre dans n'importe quelle chambre ou en voyage.","breadcrumb":{"@id":"https:\/\/veho-schweiz.com\/fr\/product\/ds-7-chargeur-multiple-qi-kopie\/#breadcrumb"},"inLanguage":"fr-FR","potentialAction":[{"@type":"ReadAction","target":["https:\/\/veho-schweiz.com\/fr\/product\/ds-7-chargeur-multiple-qi-kopie\/"]}]},{"@type":"ImageObject","inLanguage":"fr-FR","@id":"https:\/\/veho-schweiz.com\/fr\/product\/ds-7-chargeur-multiple-qi-kopie\/#primaryimage","url":"https:\/\/veho-schweiz.com\/wp-content\/uploads\/2025\/06\/tq1_hero2.png","contentUrl":"https:\/\/veho-schweiz.com\/wp-content\/uploads\/2025\/06\/tq1_hero2.png","width":620,"height":620},{"@type":"BreadcrumbList","@id":"https:\/\/veho-schweiz.com\/fr\/product\/ds-7-chargeur-multiple-qi-kopie\/#breadcrumb","itemListElement":[{"@type":"ListItem","position":1,"name":"Home","item":"https:\/\/veho-schweiz.com\/fr\/"},{"@type":"ListItem","position":2,"name":"Shop","item":"https:\/\/veho-schweiz.com\/shop\/"},{"@type":"ListItem","position":3,"name":"R\u00e9veil num\u00e9rique TQ-1 &amp; chargeur sans fil Qi"}]},{"@type":"WebSite","@id":"https:\/\/veho-schweiz.com\/fr\/#website","url":"https:\/\/veho-schweiz.com\/fr\/","name":"Veho Lifestyle Store Suisse","description":"\u00c9lectronique grand public de conception britannique","potentialAction":[{"@type":"SearchAction","target":{"@type":"EntryPoint","urlTemplate":"https:\/\/veho-schweiz.com\/fr\/?s={search_term_string}"},"query-input":{"@type":"PropertyValueSpecification","valueRequired":true,"valueName":"search_term_string"}}],"inLanguage":"fr-FR"}]}},"jetpack_sharing_enabled":true,"_links":{"self":[{"href":"https:\/\/veho-schweiz.com\/fr\/wp-json\/wp\/v2\/product\/8478","targetHints":{"allow":["GET"]}}],"collection":[{"href":"https:\/\/veho-schweiz.com\/fr\/wp-json\/wp\/v2\/product"}],"about":[{"href":"https:\/\/veho-schweiz.com\/fr\/wp-json\/wp\/v2\/types\/product"}],"replies":[{"embeddable":true,"href":"https:\/\/veho-schweiz.com\/fr\/wp-json\/wp\/v2\/comments?post=8478"}],"wp:featuredmedia":[{"embeddable":true,"href":"https:\/\/veho-schweiz.com\/fr\/wp-json\/wp\/v2\/media\/8523"}],"wp:attachment":[{"href":"https:\/\/veho-schweiz.com\/fr\/wp-json\/wp\/v2\/media?parent=8478"}],"wp:term":[{"taxonomy":"product_brand","embeddable":true,"href":"https:\/\/veho-schweiz.com\/fr\/wp-json\/wp\/v2\/product_brand?post=8478"},{"taxonomy":"product_cat","embeddable":true,"href":"https:\/\/veho-schweiz.com\/fr\/wp-json\/wp\/v2\/product_cat?post=8478"},{"taxonomy":"product_tag","embeddable":true,"href":"https:\/\/veho-schweiz.com\/fr\/wp-json\/wp\/v2\/product_tag?post=8478"}],"curies":[{"name":"wp","href":"https:\/\/api.w.org\/{rel}","templated":true}]}}