{"id":8466,"date":"2025-06-17T11:23:16","date_gmt":"2025-06-17T09:23:16","guid":{"rendered":"https:\/\/veho-schweiz.com\/?post_type=product&#038;p=8466"},"modified":"2025-11-13T10:53:06","modified_gmt":"2025-11-13T09:53:06","slug":"projecteur-intelligent-veho-quda-pj-1-kopie","status":"publish","type":"product","link":"https:\/\/veho-schweiz.com\/fr\/product\/projecteur-intelligent-veho-quda-pj-1-kopie\/","title":{"rendered":"Projecteur intelligent Veho Quda PJ-1 Rohm"},"content":{"rendered":"<div class=\"wp-content wp-content--product\"><p>Le projecteur intelligent Veho Quda PJ-2 est votre home cin\u00e9ma de poche. La TV Android int\u00e9gr\u00e9e vous permet d&rsquo;acc\u00e9der \u00e0 une multitude d&rsquo;applications et de contenus. Regardez des films en Full HD 1080p et en r\u00e9solution 4K. Le Wi-Fi 6 assure une connexion simple et rapide. L&rsquo;entr\u00e9e HDMI int\u00e9gr\u00e9e convient pour les cl\u00e9s TV, les consoles de jeux, les PC, les smartphones, les ordinateurs portables, les lecteurs DVD et les cl\u00e9s USB.    <\/p>\n<p>Comprend des c\u00e2bles d&rsquo;alimentation pour plusieurs r\u00e9gions et un sac de transport, adapt\u00e9 aux voyages.<\/p>\n<\/div>","protected":false},"excerpt":{"rendered":"<ul>\n<li>Android TV int\u00e9gr\u00e9 avec un grand nombre d&rsquo;applications<\/li>\n<li>Prise en charge de la lecture vid\u00e9o Full HD 1080p et 4K<\/li>\n<li>Wi-Fi 6 pour une connexion simple et rapide<\/li>\n<li>Sac de voyage et prises d&rsquo;alimentation multir\u00e9gionales inclus<\/li>\n<\/ul>\n","protected":false},"featured_media":8583,"comment_status":"open","ping_status":"closed","template":"","meta":{"_acf_changed":false,"inline_featured_image":false},"product_brand":[],"product_cat":[270],"product_tag":[],"class_list":{"0":"post-8466","1":"product","2":"type-product","3":"status-publish","4":"has-post-thumbnail","6":"product_cat-projecteurs-intelligents","8":"first","9":"instock","10":"shipping-taxable","11":"purchasable","12":"product-type-simple"},"acf":[],"yoast_head":"<!-- This site is optimized with the Yoast SEO plugin v27.5 - https:\/\/yoast.com\/product\/yoast-seo-wordpress\/ -->\n<title>Projecteur intelligent Veho Quda PJ-1 Rohm - Veho Lifestyle Store Suisse<\/title>\n<meta name=\"description\" content=\"Le projecteur intelligent Veho Quda PJ-2 est votre home cin\u00e9ma de poche. Android TV int\u00e9gr\u00e9 vous permet d&#039;acc\u00e9der \u00e0 une multitude d&#039;applications et de contenus.\" \/>\n<meta name=\"robots\" content=\"index, follow, max-snippet:-1, max-image-preview:large, max-video-preview:-1\" \/>\n<link rel=\"canonical\" href=\"https:\/\/veho-schweiz.com\/fr\/product\/projecteur-intelligent-veho-quda-pj-1-kopie\/\" \/>\n<meta property=\"og:locale\" content=\"fr_FR\" \/>\n<meta property=\"og:type\" content=\"article\" \/>\n<meta property=\"og:title\" content=\"Projecteur intelligent Veho Quda PJ-1 Rohm - Veho Lifestyle Store Suisse\" \/>\n<meta property=\"og:description\" content=\"Le projecteur intelligent Veho Quda PJ-2 est votre home cin\u00e9ma de poche. Android TV int\u00e9gr\u00e9 vous permet d&#039;acc\u00e9der \u00e0 une multitude d&#039;applications et de contenus.\" \/>\n<meta property=\"og:url\" content=\"https:\/\/veho-schweiz.com\/fr\/product\/projecteur-intelligent-veho-quda-pj-1-kopie\/\" \/>\n<meta property=\"og:site_name\" content=\"Veho Lifestyle Store Suisse\" \/>\n<meta property=\"article:modified_time\" content=\"2025-11-13T09:53:06+00:00\" \/>\n<meta property=\"og:image\" content=\"https:\/\/veho-schweiz.com\/wp-content\/uploads\/2025\/06\/Quda-Remote-Hero.png\" \/>\n\t<meta property=\"og:image:width\" content=\"600\" \/>\n\t<meta property=\"og:image:height\" content=\"600\" \/>\n\t<meta property=\"og:image:type\" content=\"image\/png\" \/>\n<meta name=\"twitter:card\" content=\"summary_large_image\" \/>\n<script type=\"application\/ld+json\" class=\"yoast-schema-graph\">{\"@context\":\"https:\\\/\\\/schema.org\",\"@graph\":[{\"@type\":\"WebPage\",\"@id\":\"https:\\\/\\\/veho-schweiz.com\\\/fr\\\/product\\\/projecteur-intelligent-veho-quda-pj-1-kopie\\\/\",\"url\":\"https:\\\/\\\/veho-schweiz.com\\\/fr\\\/product\\\/projecteur-intelligent-veho-quda-pj-1-kopie\\\/\",\"name\":\"Projecteur intelligent Veho Quda PJ-1 Rohm - Veho Lifestyle Store Suisse\",\"isPartOf\":{\"@id\":\"https:\\\/\\\/veho-schweiz.com\\\/fr\\\/#website\"},\"primaryImageOfPage\":{\"@id\":\"https:\\\/\\\/veho-schweiz.com\\\/fr\\\/product\\\/projecteur-intelligent-veho-quda-pj-1-kopie\\\/#primaryimage\"},\"image\":{\"@id\":\"https:\\\/\\\/veho-schweiz.com\\\/fr\\\/product\\\/projecteur-intelligent-veho-quda-pj-1-kopie\\\/#primaryimage\"},\"thumbnailUrl\":\"https:\\\/\\\/veho-schweiz.com\\\/wp-content\\\/uploads\\\/2025\\\/06\\\/Quda-Remote-Hero.png\",\"datePublished\":\"2025-06-17T09:23:16+00:00\",\"dateModified\":\"2025-11-13T09:53:06+00:00\",\"description\":\"Le projecteur intelligent Veho Quda PJ-2 est votre home cin\u00e9ma de poche. Android TV int\u00e9gr\u00e9 vous permet d'acc\u00e9der \u00e0 une multitude d'applications et de contenus.\",\"breadcrumb\":{\"@id\":\"https:\\\/\\\/veho-schweiz.com\\\/fr\\\/product\\\/projecteur-intelligent-veho-quda-pj-1-kopie\\\/#breadcrumb\"},\"inLanguage\":\"fr-FR\",\"potentialAction\":[{\"@type\":\"ReadAction\",\"target\":[\"https:\\\/\\\/veho-schweiz.com\\\/fr\\\/product\\\/projecteur-intelligent-veho-quda-pj-1-kopie\\\/\"]}]},{\"@type\":\"ImageObject\",\"inLanguage\":\"fr-FR\",\"@id\":\"https:\\\/\\\/veho-schweiz.com\\\/fr\\\/product\\\/projecteur-intelligent-veho-quda-pj-1-kopie\\\/#primaryimage\",\"url\":\"https:\\\/\\\/veho-schweiz.com\\\/wp-content\\\/uploads\\\/2025\\\/06\\\/Quda-Remote-Hero.png\",\"contentUrl\":\"https:\\\/\\\/veho-schweiz.com\\\/wp-content\\\/uploads\\\/2025\\\/06\\\/Quda-Remote-Hero.png\",\"width\":600,\"height\":600},{\"@type\":\"BreadcrumbList\",\"@id\":\"https:\\\/\\\/veho-schweiz.com\\\/fr\\\/product\\\/projecteur-intelligent-veho-quda-pj-1-kopie\\\/#breadcrumb\",\"itemListElement\":[{\"@type\":\"ListItem\",\"position\":1,\"name\":\"Home\",\"item\":\"https:\\\/\\\/veho-schweiz.com\\\/fr\\\/\"},{\"@type\":\"ListItem\",\"position\":2,\"name\":\"Shop\",\"item\":\"https:\\\/\\\/veho-schweiz.com\\\/shop\\\/\"},{\"@type\":\"ListItem\",\"position\":3,\"name\":\"Projecteur intelligent Veho Quda PJ-1 Rohm\"}]},{\"@type\":\"WebSite\",\"@id\":\"https:\\\/\\\/veho-schweiz.com\\\/fr\\\/#website\",\"url\":\"https:\\\/\\\/veho-schweiz.com\\\/fr\\\/\",\"name\":\"Veho Lifestyle Store Suisse\",\"description\":\"\u00c9lectronique grand public de conception britannique\",\"potentialAction\":[{\"@type\":\"SearchAction\",\"target\":{\"@type\":\"EntryPoint\",\"urlTemplate\":\"https:\\\/\\\/veho-schweiz.com\\\/fr\\\/?s={search_term_string}\"},\"query-input\":{\"@type\":\"PropertyValueSpecification\",\"valueRequired\":true,\"valueName\":\"search_term_string\"}}],\"inLanguage\":\"fr-FR\"}]}<\/script>\n<!-- \/ Yoast SEO plugin. -->","yoast_head_json":{"title":"Projecteur intelligent Veho Quda PJ-1 Rohm - Veho Lifestyle Store Suisse","description":"Le projecteur intelligent Veho Quda PJ-2 est votre home cin\u00e9ma de poche. Android TV int\u00e9gr\u00e9 vous permet d'acc\u00e9der \u00e0 une multitude d'applications et de contenus.","robots":{"index":"index","follow":"follow","max-snippet":"max-snippet:-1","max-image-preview":"max-image-preview:large","max-video-preview":"max-video-preview:-1"},"canonical":"https:\/\/veho-schweiz.com\/fr\/product\/projecteur-intelligent-veho-quda-pj-1-kopie\/","og_locale":"fr_FR","og_type":"article","og_title":"Projecteur intelligent Veho Quda PJ-1 Rohm - Veho Lifestyle Store Suisse","og_description":"Le projecteur intelligent Veho Quda PJ-2 est votre home cin\u00e9ma de poche. Android TV int\u00e9gr\u00e9 vous permet d'acc\u00e9der \u00e0 une multitude d'applications et de contenus.","og_url":"https:\/\/veho-schweiz.com\/fr\/product\/projecteur-intelligent-veho-quda-pj-1-kopie\/","og_site_name":"Veho Lifestyle Store Suisse","article_modified_time":"2025-11-13T09:53:06+00:00","og_image":[{"width":600,"height":600,"url":"https:\/\/veho-schweiz.com\/wp-content\/uploads\/2025\/06\/Quda-Remote-Hero.png","type":"image\/png"}],"twitter_card":"summary_large_image","schema":{"@context":"https:\/\/schema.org","@graph":[{"@type":"WebPage","@id":"https:\/\/veho-schweiz.com\/fr\/product\/projecteur-intelligent-veho-quda-pj-1-kopie\/","url":"https:\/\/veho-schweiz.com\/fr\/product\/projecteur-intelligent-veho-quda-pj-1-kopie\/","name":"Projecteur intelligent Veho Quda PJ-1 Rohm - Veho Lifestyle Store Suisse","isPartOf":{"@id":"https:\/\/veho-schweiz.com\/fr\/#website"},"primaryImageOfPage":{"@id":"https:\/\/veho-schweiz.com\/fr\/product\/projecteur-intelligent-veho-quda-pj-1-kopie\/#primaryimage"},"image":{"@id":"https:\/\/veho-schweiz.com\/fr\/product\/projecteur-intelligent-veho-quda-pj-1-kopie\/#primaryimage"},"thumbnailUrl":"https:\/\/veho-schweiz.com\/wp-content\/uploads\/2025\/06\/Quda-Remote-Hero.png","datePublished":"2025-06-17T09:23:16+00:00","dateModified":"2025-11-13T09:53:06+00:00","description":"Le projecteur intelligent Veho Quda PJ-2 est votre home cin\u00e9ma de poche. Android TV int\u00e9gr\u00e9 vous permet d'acc\u00e9der \u00e0 une multitude d'applications et de contenus.","breadcrumb":{"@id":"https:\/\/veho-schweiz.com\/fr\/product\/projecteur-intelligent-veho-quda-pj-1-kopie\/#breadcrumb"},"inLanguage":"fr-FR","potentialAction":[{"@type":"ReadAction","target":["https:\/\/veho-schweiz.com\/fr\/product\/projecteur-intelligent-veho-quda-pj-1-kopie\/"]}]},{"@type":"ImageObject","inLanguage":"fr-FR","@id":"https:\/\/veho-schweiz.com\/fr\/product\/projecteur-intelligent-veho-quda-pj-1-kopie\/#primaryimage","url":"https:\/\/veho-schweiz.com\/wp-content\/uploads\/2025\/06\/Quda-Remote-Hero.png","contentUrl":"https:\/\/veho-schweiz.com\/wp-content\/uploads\/2025\/06\/Quda-Remote-Hero.png","width":600,"height":600},{"@type":"BreadcrumbList","@id":"https:\/\/veho-schweiz.com\/fr\/product\/projecteur-intelligent-veho-quda-pj-1-kopie\/#breadcrumb","itemListElement":[{"@type":"ListItem","position":1,"name":"Home","item":"https:\/\/veho-schweiz.com\/fr\/"},{"@type":"ListItem","position":2,"name":"Shop","item":"https:\/\/veho-schweiz.com\/shop\/"},{"@type":"ListItem","position":3,"name":"Projecteur intelligent Veho Quda PJ-1 Rohm"}]},{"@type":"WebSite","@id":"https:\/\/veho-schweiz.com\/fr\/#website","url":"https:\/\/veho-schweiz.com\/fr\/","name":"Veho Lifestyle Store Suisse","description":"\u00c9lectronique grand public de conception britannique","potentialAction":[{"@type":"SearchAction","target":{"@type":"EntryPoint","urlTemplate":"https:\/\/veho-schweiz.com\/fr\/?s={search_term_string}"},"query-input":{"@type":"PropertyValueSpecification","valueRequired":true,"valueName":"search_term_string"}}],"inLanguage":"fr-FR"}]}},"jetpack_sharing_enabled":true,"_links":{"self":[{"href":"https:\/\/veho-schweiz.com\/fr\/wp-json\/wp\/v2\/product\/8466","targetHints":{"allow":["GET"]}}],"collection":[{"href":"https:\/\/veho-schweiz.com\/fr\/wp-json\/wp\/v2\/product"}],"about":[{"href":"https:\/\/veho-schweiz.com\/fr\/wp-json\/wp\/v2\/types\/product"}],"replies":[{"embeddable":true,"href":"https:\/\/veho-schweiz.com\/fr\/wp-json\/wp\/v2\/comments?post=8466"}],"wp:featuredmedia":[{"embeddable":true,"href":"https:\/\/veho-schweiz.com\/fr\/wp-json\/wp\/v2\/media\/8583"}],"wp:attachment":[{"href":"https:\/\/veho-schweiz.com\/fr\/wp-json\/wp\/v2\/media?parent=8466"}],"wp:term":[{"taxonomy":"product_brand","embeddable":true,"href":"https:\/\/veho-schweiz.com\/fr\/wp-json\/wp\/v2\/product_brand?post=8466"},{"taxonomy":"product_cat","embeddable":true,"href":"https:\/\/veho-schweiz.com\/fr\/wp-json\/wp\/v2\/product_cat?post=8466"},{"taxonomy":"product_tag","embeddable":true,"href":"https:\/\/veho-schweiz.com\/fr\/wp-json\/wp\/v2\/product_tag?post=8466"}],"curies":[{"name":"wp","href":"https:\/\/api.w.org\/{rel}","templated":true}]}}