{"id":8418,"date":"2025-04-25T09:31:56","date_gmt":"2025-04-25T07:31:56","guid":{"rendered":"https:\/\/veho-schweiz.com\/?post_type=product&#038;p=8418"},"modified":"2025-04-25T09:58:17","modified_gmt":"2025-04-25T07:58:17","slug":"banque-dalimentation-pebble-pz-6-5000mah-kopie","status":"publish","type":"product","link":"https:\/\/veho-schweiz.com\/fr\/product\/banque-dalimentation-pebble-pz-6-5000mah-kopie\/","title":{"rendered":"Batterie externe Pebble MG5 MagSafe 5000mAh"},"content":{"rendered":"<div class=\"wp-content wp-content--product\"><p>La batterie externe Veho Pebble MG-5 MagSafe est une batterie externe haute performance. Elle vous permet de rester charg\u00e9(e) lors de vos d\u00e9placements. Cette solution de charge \u00e9l\u00e9gante et l\u00e9g\u00e8re, con\u00e7ue pour les appareils compatibles MagSafe, pr\u00e9sente une finition grise fine qui s&rsquo;adapte \u00e0 tous les styles. La MG-5 se fixe magn\u00e9tiquement \u00e0 l&rsquo;arri\u00e8re de votre t\u00e9l\u00e9phone, offrant un maintien s\u00fbr et une recharge sans fil fluide.   <\/p>\n<\/div>","protected":false},"excerpt":{"rendered":"<ul>\n<li>Mince, seulement 8,3 mm d&rsquo;\u00e9paisseur, design adapt\u00e9 aux voyages<\/li>\n<li>Enclenchement et chargement avec une connexion magn\u00e9tique puissante<\/li>\n<li>Port USB-C int\u00e9gr\u00e9 jusqu&rsquo;\u00e0 20W<\/li>\n<li>Puissance de charge sans fil : 5W\/7,5W\/10W\/15W<\/li>\n<\/ul>\n","protected":false},"featured_media":8436,"comment_status":"open","ping_status":"closed","template":"","meta":{"_acf_changed":false,"inline_featured_image":false},"product_brand":[],"product_cat":[232],"product_tag":[],"class_list":{"0":"post-8418","1":"product","2":"type-product","3":"status-publish","4":"has-post-thumbnail","6":"product_cat-travel-power-banks-fr","8":"first","9":"outofstock","10":"shipping-taxable","11":"purchasable","12":"product-type-simple"},"acf":[],"yoast_head":"<!-- This site is optimized with the Yoast SEO plugin v27.5 - https:\/\/yoast.com\/product\/yoast-seo-wordpress\/ -->\n<title>Batterie externe Pebble MG5 MagSafe 5000mAh<\/title>\n<meta name=\"description\" content=\"La batterie externe Veho Pebble MG-5 MagSafe est une batterie externe haute performance. Elle vous permet de rester charg\u00e9(e) lors de vos d\u00e9placements.\" \/>\n<meta name=\"robots\" content=\"index, follow, max-snippet:-1, max-image-preview:large, max-video-preview:-1\" \/>\n<link rel=\"canonical\" href=\"https:\/\/veho-schweiz.com\/fr\/product\/banque-dalimentation-pebble-pz-6-5000mah-kopie\/\" \/>\n<meta property=\"og:locale\" content=\"fr_FR\" \/>\n<meta property=\"og:type\" content=\"article\" \/>\n<meta property=\"og:title\" content=\"Batterie externe Pebble MG5 MagSafe 5000mAh\" \/>\n<meta property=\"og:description\" content=\"La batterie externe Veho Pebble MG-5 MagSafe est une batterie externe haute performance. Elle vous permet de rester charg\u00e9(e) lors de vos d\u00e9placements.\" \/>\n<meta property=\"og:url\" content=\"https:\/\/veho-schweiz.com\/fr\/product\/banque-dalimentation-pebble-pz-6-5000mah-kopie\/\" \/>\n<meta property=\"og:site_name\" content=\"Veho Lifestyle Store Suisse\" \/>\n<meta property=\"article:modified_time\" content=\"2025-04-25T07:58:17+00:00\" \/>\n<meta property=\"og:image\" content=\"https:\/\/veho-schweiz.com\/wp-content\/uploads\/2025\/04\/mg5_hero.png\" \/>\n\t<meta property=\"og:image:width\" content=\"620\" \/>\n\t<meta property=\"og:image:height\" content=\"620\" \/>\n\t<meta property=\"og:image:type\" content=\"image\/png\" \/>\n<meta name=\"twitter:card\" content=\"summary_large_image\" \/>\n<script type=\"application\/ld+json\" class=\"yoast-schema-graph\">{\"@context\":\"https:\\\/\\\/schema.org\",\"@graph\":[{\"@type\":\"WebPage\",\"@id\":\"https:\\\/\\\/veho-schweiz.com\\\/fr\\\/product\\\/banque-dalimentation-pebble-pz-6-5000mah-kopie\\\/\",\"url\":\"https:\\\/\\\/veho-schweiz.com\\\/fr\\\/product\\\/banque-dalimentation-pebble-pz-6-5000mah-kopie\\\/\",\"name\":\"Batterie externe Pebble MG5 MagSafe 5000mAh\",\"isPartOf\":{\"@id\":\"https:\\\/\\\/veho-schweiz.com\\\/fr\\\/#website\"},\"primaryImageOfPage\":{\"@id\":\"https:\\\/\\\/veho-schweiz.com\\\/fr\\\/product\\\/banque-dalimentation-pebble-pz-6-5000mah-kopie\\\/#primaryimage\"},\"image\":{\"@id\":\"https:\\\/\\\/veho-schweiz.com\\\/fr\\\/product\\\/banque-dalimentation-pebble-pz-6-5000mah-kopie\\\/#primaryimage\"},\"thumbnailUrl\":\"https:\\\/\\\/veho-schweiz.com\\\/wp-content\\\/uploads\\\/2025\\\/04\\\/mg5_hero.png\",\"datePublished\":\"2025-04-25T07:31:56+00:00\",\"dateModified\":\"2025-04-25T07:58:17+00:00\",\"description\":\"La batterie externe Veho Pebble MG-5 MagSafe est une batterie externe haute performance. Elle vous permet de rester charg\u00e9(e) lors de vos d\u00e9placements.\",\"breadcrumb\":{\"@id\":\"https:\\\/\\\/veho-schweiz.com\\\/fr\\\/product\\\/banque-dalimentation-pebble-pz-6-5000mah-kopie\\\/#breadcrumb\"},\"inLanguage\":\"fr-FR\",\"potentialAction\":[{\"@type\":\"ReadAction\",\"target\":[\"https:\\\/\\\/veho-schweiz.com\\\/fr\\\/product\\\/banque-dalimentation-pebble-pz-6-5000mah-kopie\\\/\"]}]},{\"@type\":\"ImageObject\",\"inLanguage\":\"fr-FR\",\"@id\":\"https:\\\/\\\/veho-schweiz.com\\\/fr\\\/product\\\/banque-dalimentation-pebble-pz-6-5000mah-kopie\\\/#primaryimage\",\"url\":\"https:\\\/\\\/veho-schweiz.com\\\/wp-content\\\/uploads\\\/2025\\\/04\\\/mg5_hero.png\",\"contentUrl\":\"https:\\\/\\\/veho-schweiz.com\\\/wp-content\\\/uploads\\\/2025\\\/04\\\/mg5_hero.png\",\"width\":620,\"height\":620},{\"@type\":\"BreadcrumbList\",\"@id\":\"https:\\\/\\\/veho-schweiz.com\\\/fr\\\/product\\\/banque-dalimentation-pebble-pz-6-5000mah-kopie\\\/#breadcrumb\",\"itemListElement\":[{\"@type\":\"ListItem\",\"position\":1,\"name\":\"Home\",\"item\":\"https:\\\/\\\/veho-schweiz.com\\\/fr\\\/\"},{\"@type\":\"ListItem\",\"position\":2,\"name\":\"Shop\",\"item\":\"https:\\\/\\\/veho-schweiz.com\\\/shop\\\/\"},{\"@type\":\"ListItem\",\"position\":3,\"name\":\"Batterie externe Pebble MG5 MagSafe 5000mAh\"}]},{\"@type\":\"WebSite\",\"@id\":\"https:\\\/\\\/veho-schweiz.com\\\/fr\\\/#website\",\"url\":\"https:\\\/\\\/veho-schweiz.com\\\/fr\\\/\",\"name\":\"Veho Lifestyle Store Suisse\",\"description\":\"\u00c9lectronique grand public de conception britannique\",\"potentialAction\":[{\"@type\":\"SearchAction\",\"target\":{\"@type\":\"EntryPoint\",\"urlTemplate\":\"https:\\\/\\\/veho-schweiz.com\\\/fr\\\/?s={search_term_string}\"},\"query-input\":{\"@type\":\"PropertyValueSpecification\",\"valueRequired\":true,\"valueName\":\"search_term_string\"}}],\"inLanguage\":\"fr-FR\"}]}<\/script>\n<!-- \/ Yoast SEO plugin. -->","yoast_head_json":{"title":"Batterie externe Pebble MG5 MagSafe 5000mAh","description":"La batterie externe Veho Pebble MG-5 MagSafe est une batterie externe haute performance. Elle vous permet de rester charg\u00e9(e) lors de vos d\u00e9placements.","robots":{"index":"index","follow":"follow","max-snippet":"max-snippet:-1","max-image-preview":"max-image-preview:large","max-video-preview":"max-video-preview:-1"},"canonical":"https:\/\/veho-schweiz.com\/fr\/product\/banque-dalimentation-pebble-pz-6-5000mah-kopie\/","og_locale":"fr_FR","og_type":"article","og_title":"Batterie externe Pebble MG5 MagSafe 5000mAh","og_description":"La batterie externe Veho Pebble MG-5 MagSafe est une batterie externe haute performance. Elle vous permet de rester charg\u00e9(e) lors de vos d\u00e9placements.","og_url":"https:\/\/veho-schweiz.com\/fr\/product\/banque-dalimentation-pebble-pz-6-5000mah-kopie\/","og_site_name":"Veho Lifestyle Store Suisse","article_modified_time":"2025-04-25T07:58:17+00:00","og_image":[{"width":620,"height":620,"url":"https:\/\/veho-schweiz.com\/wp-content\/uploads\/2025\/04\/mg5_hero.png","type":"image\/png"}],"twitter_card":"summary_large_image","schema":{"@context":"https:\/\/schema.org","@graph":[{"@type":"WebPage","@id":"https:\/\/veho-schweiz.com\/fr\/product\/banque-dalimentation-pebble-pz-6-5000mah-kopie\/","url":"https:\/\/veho-schweiz.com\/fr\/product\/banque-dalimentation-pebble-pz-6-5000mah-kopie\/","name":"Batterie externe Pebble MG5 MagSafe 5000mAh","isPartOf":{"@id":"https:\/\/veho-schweiz.com\/fr\/#website"},"primaryImageOfPage":{"@id":"https:\/\/veho-schweiz.com\/fr\/product\/banque-dalimentation-pebble-pz-6-5000mah-kopie\/#primaryimage"},"image":{"@id":"https:\/\/veho-schweiz.com\/fr\/product\/banque-dalimentation-pebble-pz-6-5000mah-kopie\/#primaryimage"},"thumbnailUrl":"https:\/\/veho-schweiz.com\/wp-content\/uploads\/2025\/04\/mg5_hero.png","datePublished":"2025-04-25T07:31:56+00:00","dateModified":"2025-04-25T07:58:17+00:00","description":"La batterie externe Veho Pebble MG-5 MagSafe est une batterie externe haute performance. Elle vous permet de rester charg\u00e9(e) lors de vos d\u00e9placements.","breadcrumb":{"@id":"https:\/\/veho-schweiz.com\/fr\/product\/banque-dalimentation-pebble-pz-6-5000mah-kopie\/#breadcrumb"},"inLanguage":"fr-FR","potentialAction":[{"@type":"ReadAction","target":["https:\/\/veho-schweiz.com\/fr\/product\/banque-dalimentation-pebble-pz-6-5000mah-kopie\/"]}]},{"@type":"ImageObject","inLanguage":"fr-FR","@id":"https:\/\/veho-schweiz.com\/fr\/product\/banque-dalimentation-pebble-pz-6-5000mah-kopie\/#primaryimage","url":"https:\/\/veho-schweiz.com\/wp-content\/uploads\/2025\/04\/mg5_hero.png","contentUrl":"https:\/\/veho-schweiz.com\/wp-content\/uploads\/2025\/04\/mg5_hero.png","width":620,"height":620},{"@type":"BreadcrumbList","@id":"https:\/\/veho-schweiz.com\/fr\/product\/banque-dalimentation-pebble-pz-6-5000mah-kopie\/#breadcrumb","itemListElement":[{"@type":"ListItem","position":1,"name":"Home","item":"https:\/\/veho-schweiz.com\/fr\/"},{"@type":"ListItem","position":2,"name":"Shop","item":"https:\/\/veho-schweiz.com\/shop\/"},{"@type":"ListItem","position":3,"name":"Batterie externe Pebble MG5 MagSafe 5000mAh"}]},{"@type":"WebSite","@id":"https:\/\/veho-schweiz.com\/fr\/#website","url":"https:\/\/veho-schweiz.com\/fr\/","name":"Veho Lifestyle Store Suisse","description":"\u00c9lectronique grand public de conception britannique","potentialAction":[{"@type":"SearchAction","target":{"@type":"EntryPoint","urlTemplate":"https:\/\/veho-schweiz.com\/fr\/?s={search_term_string}"},"query-input":{"@type":"PropertyValueSpecification","valueRequired":true,"valueName":"search_term_string"}}],"inLanguage":"fr-FR"}]}},"jetpack_sharing_enabled":true,"_links":{"self":[{"href":"https:\/\/veho-schweiz.com\/fr\/wp-json\/wp\/v2\/product\/8418","targetHints":{"allow":["GET"]}}],"collection":[{"href":"https:\/\/veho-schweiz.com\/fr\/wp-json\/wp\/v2\/product"}],"about":[{"href":"https:\/\/veho-schweiz.com\/fr\/wp-json\/wp\/v2\/types\/product"}],"replies":[{"embeddable":true,"href":"https:\/\/veho-schweiz.com\/fr\/wp-json\/wp\/v2\/comments?post=8418"}],"wp:featuredmedia":[{"embeddable":true,"href":"https:\/\/veho-schweiz.com\/fr\/wp-json\/wp\/v2\/media\/8436"}],"wp:attachment":[{"href":"https:\/\/veho-schweiz.com\/fr\/wp-json\/wp\/v2\/media?parent=8418"}],"wp:term":[{"taxonomy":"product_brand","embeddable":true,"href":"https:\/\/veho-schweiz.com\/fr\/wp-json\/wp\/v2\/product_brand?post=8418"},{"taxonomy":"product_cat","embeddable":true,"href":"https:\/\/veho-schweiz.com\/fr\/wp-json\/wp\/v2\/product_cat?post=8418"},{"taxonomy":"product_tag","embeddable":true,"href":"https:\/\/veho-schweiz.com\/fr\/wp-json\/wp\/v2\/product_tag?post=8418"}],"curies":[{"name":"wp","href":"https:\/\/api.w.org\/{rel}","templated":true}]}}