{"id":7840,"date":"2023-01-11T10:16:30","date_gmt":"2023-01-11T09:16:30","guid":{"rendered":"https:\/\/veho-schweiz.com\/product\/z-1-ecouteurs-filaires-gris\/"},"modified":"2024-12-20T10:13:11","modified_gmt":"2024-12-20T09:13:11","slug":"z-1-ecouteurs-filaires-gris","status":"publish","type":"product","link":"https:\/\/veho-schweiz.com\/fr\/product\/z-1-ecouteurs-filaires-gris\/","title":{"rendered":"Z-1 Ecouteurs filaires &#8211; Gris"},"content":{"rendered":"<div class=\"wp-content wp-content--product\"><p>Les \u00e9couteurs filaires Z-1 de Veho avec isolation phonique et c\u00e2ble flexible anti-enchev\u00eatrement. Avec le nouveau c\u00e2ble flexible plat anti-enchev\u00eatrement, qui emp\u00eache vos \u00e9couteurs de s&#8217;emm\u00ealer. Non seulement ils sont superbes, mais ils s&rsquo;adaptent aussi parfaitement, car vous pouvez choisir entre diff\u00e9rents embouts super doux et \u00e0 isolation phonique. Le plus important, c&rsquo;est qu&rsquo;ils sonnent super bien avec un haut-parleur de 10 mm avec amplification des basses. Les Z-1 sont compatibles avec tous les appareils utilisant une prise de sortie standard de 3,5 mm.    <\/p>\n<\/div>","protected":false},"excerpt":{"rendered":"<ul>\n<li>Ecouteurs ultra-souples \u00e0 isolation phonique, disponibles en deux tailles suppl\u00e9mentaires pour un ajustement optimal.<\/li>\n<li>C\u00e2ble \u00ab\u00a0Flex\u00a0\u00bb de 130 cm sans enchev\u00eatrement<\/li>\n<li>Prise de sortie de 3,5 mm<\/li>\n<\/ul>\n","protected":false},"featured_media":7040,"comment_status":"open","ping_status":"closed","template":"","meta":{"_acf_changed":false,"inline_featured_image":false},"product_brand":[],"product_cat":[246],"product_tag":[],"class_list":{"0":"post-7840","1":"product","2":"type-product","3":"status-publish","4":"has-post-thumbnail","6":"product_cat-in-ear-wired-fr","8":"first","9":"instock","10":"shipping-taxable","11":"purchasable","12":"product-type-simple"},"acf":[],"yoast_head":"<!-- This site is optimized with the Yoast SEO plugin v27.5 - https:\/\/yoast.com\/product\/yoast-seo-wordpress\/ -->\n<title>Z-1 Ecouteurs filaires - Gris<\/title>\n<meta name=\"description\" content=\"Les \u00e9couteurs filaires Z-1 de Veho avec isolation phonique et c\u00e2ble flexible anti-enchev\u00eatrement. Haut-parleur de 10 mm.\" \/>\n<meta name=\"robots\" content=\"index, follow, max-snippet:-1, max-image-preview:large, max-video-preview:-1\" \/>\n<link rel=\"canonical\" href=\"https:\/\/veho-schweiz.com\/fr\/product\/z-1-ecouteurs-filaires-gris\/\" \/>\n<meta property=\"og:locale\" content=\"fr_FR\" \/>\n<meta property=\"og:type\" content=\"article\" \/>\n<meta property=\"og:title\" content=\"Z-1 Ecouteurs filaires - Gris\" \/>\n<meta property=\"og:description\" content=\"Les \u00e9couteurs filaires Z-1 de Veho avec isolation phonique et c\u00e2ble flexible anti-enchev\u00eatrement. Haut-parleur de 10 mm.\" \/>\n<meta property=\"og:url\" content=\"https:\/\/veho-schweiz.com\/fr\/product\/z-1-ecouteurs-filaires-gris\/\" \/>\n<meta property=\"og:site_name\" content=\"Veho Lifestyle Store Suisse\" \/>\n<meta property=\"article:modified_time\" content=\"2024-12-20T09:13:11+00:00\" \/>\n<meta property=\"og:image\" content=\"https:\/\/veho-schweiz.com\/wp-content\/uploads\/2023\/01\/z1_grey_hero.png\" \/>\n\t<meta property=\"og:image:width\" content=\"620\" \/>\n\t<meta property=\"og:image:height\" content=\"620\" \/>\n\t<meta property=\"og:image:type\" content=\"image\/png\" \/>\n<meta name=\"twitter:card\" content=\"summary_large_image\" \/>\n<script type=\"application\/ld+json\" class=\"yoast-schema-graph\">{\"@context\":\"https:\\\/\\\/schema.org\",\"@graph\":[{\"@type\":\"WebPage\",\"@id\":\"https:\\\/\\\/veho-schweiz.com\\\/fr\\\/product\\\/z-1-ecouteurs-filaires-gris\\\/\",\"url\":\"https:\\\/\\\/veho-schweiz.com\\\/fr\\\/product\\\/z-1-ecouteurs-filaires-gris\\\/\",\"name\":\"Z-1 Ecouteurs filaires - Gris\",\"isPartOf\":{\"@id\":\"https:\\\/\\\/veho-schweiz.com\\\/fr\\\/#website\"},\"primaryImageOfPage\":{\"@id\":\"https:\\\/\\\/veho-schweiz.com\\\/fr\\\/product\\\/z-1-ecouteurs-filaires-gris\\\/#primaryimage\"},\"image\":{\"@id\":\"https:\\\/\\\/veho-schweiz.com\\\/fr\\\/product\\\/z-1-ecouteurs-filaires-gris\\\/#primaryimage\"},\"thumbnailUrl\":\"https:\\\/\\\/veho-schweiz.com\\\/wp-content\\\/uploads\\\/2023\\\/01\\\/z1_grey_hero.png\",\"datePublished\":\"2023-01-11T09:16:30+00:00\",\"dateModified\":\"2024-12-20T09:13:11+00:00\",\"description\":\"Les \u00e9couteurs filaires Z-1 de Veho avec isolation phonique et c\u00e2ble flexible anti-enchev\u00eatrement. Haut-parleur de 10 mm.\",\"breadcrumb\":{\"@id\":\"https:\\\/\\\/veho-schweiz.com\\\/fr\\\/product\\\/z-1-ecouteurs-filaires-gris\\\/#breadcrumb\"},\"inLanguage\":\"fr-FR\",\"potentialAction\":[{\"@type\":\"ReadAction\",\"target\":[\"https:\\\/\\\/veho-schweiz.com\\\/fr\\\/product\\\/z-1-ecouteurs-filaires-gris\\\/\"]}]},{\"@type\":\"ImageObject\",\"inLanguage\":\"fr-FR\",\"@id\":\"https:\\\/\\\/veho-schweiz.com\\\/fr\\\/product\\\/z-1-ecouteurs-filaires-gris\\\/#primaryimage\",\"url\":\"https:\\\/\\\/veho-schweiz.com\\\/wp-content\\\/uploads\\\/2023\\\/01\\\/z1_grey_hero.png\",\"contentUrl\":\"https:\\\/\\\/veho-schweiz.com\\\/wp-content\\\/uploads\\\/2023\\\/01\\\/z1_grey_hero.png\",\"width\":620,\"height\":620,\"caption\":\"\u00c9couteurs filaires Z-1 - Gris\"},{\"@type\":\"BreadcrumbList\",\"@id\":\"https:\\\/\\\/veho-schweiz.com\\\/fr\\\/product\\\/z-1-ecouteurs-filaires-gris\\\/#breadcrumb\",\"itemListElement\":[{\"@type\":\"ListItem\",\"position\":1,\"name\":\"Home\",\"item\":\"https:\\\/\\\/veho-schweiz.com\\\/fr\\\/\"},{\"@type\":\"ListItem\",\"position\":2,\"name\":\"Shop\",\"item\":\"https:\\\/\\\/veho-schweiz.com\\\/shop\\\/\"},{\"@type\":\"ListItem\",\"position\":3,\"name\":\"Z-1 Ecouteurs filaires &#8211; Gris\"}]},{\"@type\":\"WebSite\",\"@id\":\"https:\\\/\\\/veho-schweiz.com\\\/fr\\\/#website\",\"url\":\"https:\\\/\\\/veho-schweiz.com\\\/fr\\\/\",\"name\":\"Veho Lifestyle Store Suisse\",\"description\":\"\u00c9lectronique grand public de conception britannique\",\"potentialAction\":[{\"@type\":\"SearchAction\",\"target\":{\"@type\":\"EntryPoint\",\"urlTemplate\":\"https:\\\/\\\/veho-schweiz.com\\\/fr\\\/?s={search_term_string}\"},\"query-input\":{\"@type\":\"PropertyValueSpecification\",\"valueRequired\":true,\"valueName\":\"search_term_string\"}}],\"inLanguage\":\"fr-FR\"}]}<\/script>\n<!-- \/ Yoast SEO plugin. -->","yoast_head_json":{"title":"Z-1 Ecouteurs filaires - Gris","description":"Les \u00e9couteurs filaires Z-1 de Veho avec isolation phonique et c\u00e2ble flexible anti-enchev\u00eatrement. Haut-parleur de 10 mm.","robots":{"index":"index","follow":"follow","max-snippet":"max-snippet:-1","max-image-preview":"max-image-preview:large","max-video-preview":"max-video-preview:-1"},"canonical":"https:\/\/veho-schweiz.com\/fr\/product\/z-1-ecouteurs-filaires-gris\/","og_locale":"fr_FR","og_type":"article","og_title":"Z-1 Ecouteurs filaires - Gris","og_description":"Les \u00e9couteurs filaires Z-1 de Veho avec isolation phonique et c\u00e2ble flexible anti-enchev\u00eatrement. Haut-parleur de 10 mm.","og_url":"https:\/\/veho-schweiz.com\/fr\/product\/z-1-ecouteurs-filaires-gris\/","og_site_name":"Veho Lifestyle Store Suisse","article_modified_time":"2024-12-20T09:13:11+00:00","og_image":[{"width":620,"height":620,"url":"https:\/\/veho-schweiz.com\/wp-content\/uploads\/2023\/01\/z1_grey_hero.png","type":"image\/png"}],"twitter_card":"summary_large_image","schema":{"@context":"https:\/\/schema.org","@graph":[{"@type":"WebPage","@id":"https:\/\/veho-schweiz.com\/fr\/product\/z-1-ecouteurs-filaires-gris\/","url":"https:\/\/veho-schweiz.com\/fr\/product\/z-1-ecouteurs-filaires-gris\/","name":"Z-1 Ecouteurs filaires - Gris","isPartOf":{"@id":"https:\/\/veho-schweiz.com\/fr\/#website"},"primaryImageOfPage":{"@id":"https:\/\/veho-schweiz.com\/fr\/product\/z-1-ecouteurs-filaires-gris\/#primaryimage"},"image":{"@id":"https:\/\/veho-schweiz.com\/fr\/product\/z-1-ecouteurs-filaires-gris\/#primaryimage"},"thumbnailUrl":"https:\/\/veho-schweiz.com\/wp-content\/uploads\/2023\/01\/z1_grey_hero.png","datePublished":"2023-01-11T09:16:30+00:00","dateModified":"2024-12-20T09:13:11+00:00","description":"Les \u00e9couteurs filaires Z-1 de Veho avec isolation phonique et c\u00e2ble flexible anti-enchev\u00eatrement. Haut-parleur de 10 mm.","breadcrumb":{"@id":"https:\/\/veho-schweiz.com\/fr\/product\/z-1-ecouteurs-filaires-gris\/#breadcrumb"},"inLanguage":"fr-FR","potentialAction":[{"@type":"ReadAction","target":["https:\/\/veho-schweiz.com\/fr\/product\/z-1-ecouteurs-filaires-gris\/"]}]},{"@type":"ImageObject","inLanguage":"fr-FR","@id":"https:\/\/veho-schweiz.com\/fr\/product\/z-1-ecouteurs-filaires-gris\/#primaryimage","url":"https:\/\/veho-schweiz.com\/wp-content\/uploads\/2023\/01\/z1_grey_hero.png","contentUrl":"https:\/\/veho-schweiz.com\/wp-content\/uploads\/2023\/01\/z1_grey_hero.png","width":620,"height":620,"caption":"\u00c9couteurs filaires Z-1 - Gris"},{"@type":"BreadcrumbList","@id":"https:\/\/veho-schweiz.com\/fr\/product\/z-1-ecouteurs-filaires-gris\/#breadcrumb","itemListElement":[{"@type":"ListItem","position":1,"name":"Home","item":"https:\/\/veho-schweiz.com\/fr\/"},{"@type":"ListItem","position":2,"name":"Shop","item":"https:\/\/veho-schweiz.com\/shop\/"},{"@type":"ListItem","position":3,"name":"Z-1 Ecouteurs filaires &#8211; Gris"}]},{"@type":"WebSite","@id":"https:\/\/veho-schweiz.com\/fr\/#website","url":"https:\/\/veho-schweiz.com\/fr\/","name":"Veho Lifestyle Store Suisse","description":"\u00c9lectronique grand public de conception britannique","potentialAction":[{"@type":"SearchAction","target":{"@type":"EntryPoint","urlTemplate":"https:\/\/veho-schweiz.com\/fr\/?s={search_term_string}"},"query-input":{"@type":"PropertyValueSpecification","valueRequired":true,"valueName":"search_term_string"}}],"inLanguage":"fr-FR"}]}},"jetpack_sharing_enabled":true,"_links":{"self":[{"href":"https:\/\/veho-schweiz.com\/fr\/wp-json\/wp\/v2\/product\/7840","targetHints":{"allow":["GET"]}}],"collection":[{"href":"https:\/\/veho-schweiz.com\/fr\/wp-json\/wp\/v2\/product"}],"about":[{"href":"https:\/\/veho-schweiz.com\/fr\/wp-json\/wp\/v2\/types\/product"}],"replies":[{"embeddable":true,"href":"https:\/\/veho-schweiz.com\/fr\/wp-json\/wp\/v2\/comments?post=7840"}],"wp:featuredmedia":[{"embeddable":true,"href":"https:\/\/veho-schweiz.com\/fr\/wp-json\/wp\/v2\/media\/7040"}],"wp:attachment":[{"href":"https:\/\/veho-schweiz.com\/fr\/wp-json\/wp\/v2\/media?parent=7840"}],"wp:term":[{"taxonomy":"product_brand","embeddable":true,"href":"https:\/\/veho-schweiz.com\/fr\/wp-json\/wp\/v2\/product_brand?post=7840"},{"taxonomy":"product_cat","embeddable":true,"href":"https:\/\/veho-schweiz.com\/fr\/wp-json\/wp\/v2\/product_cat?post=7840"},{"taxonomy":"product_tag","embeddable":true,"href":"https:\/\/veho-schweiz.com\/fr\/wp-json\/wp\/v2\/product_tag?post=7840"}],"curies":[{"name":"wp","href":"https:\/\/api.w.org\/{rel}","templated":true}]}}