{"id":7838,"date":"2023-02-21T13:58:33","date_gmt":"2023-02-21T12:58:33","guid":{"rendered":"https:\/\/veho-schweiz.com\/product\/banque-dalimentation-pebble-pz-12-10000mah\/"},"modified":"2024-12-18T15:48:38","modified_gmt":"2024-12-18T14:48:38","slug":"banque-dalimentation-pebble-pz-12-10000mah","status":"publish","type":"product","link":"https:\/\/veho-schweiz.com\/fr\/product\/banque-dalimentation-pebble-pz-12-10000mah\/","title":{"rendered":"Banque d&rsquo;alimentation Pebble PZ-12 &#8211; 10000mAh"},"content":{"rendered":"<div class=\"wp-content wp-content--product\"><p>Le banc de puissance robuste Veho Pebble PZ-12 utilise de puissantes cellules Li-on WYG 21700. Ces cellules sont 40% plus efficaces en \u00e9nergie que les powerbanks traditionnels, ce qui permet au PZ-12 d&rsquo;\u00eatre plus compact. La charge rapide de 20W via le port de charge universel USB-C PD charge la plupart des appareils portables avec une puissance de sortie allant jusqu&rsquo;\u00e0 12V (tous les smartphones, les tablettes et la plupart des mini-ordinateurs portables). Son design compact et l\u00e9ger avec un couvercle en silicone offre une protection contre les \u00e9claboussures, ce qui le rend parfait pour les voyages.   <\/p>\n<\/div>","protected":false},"excerpt":{"rendered":"<ul>\n<li>Capacit\u00e9 compacte mais puissante de 10 000 mAh<\/li>\n<li>Piles Li-Ion haute performance WYG 21700<\/li>\n<li>Bo\u00eetier robuste et r\u00e9sistant aux projections d&rsquo;eau<\/li>\n<li>Charge rapide de 20W<\/li>\n<\/ul>\n","protected":false},"featured_media":7086,"comment_status":"open","ping_status":"closed","template":"","meta":{"_acf_changed":false,"inline_featured_image":false},"product_brand":[],"product_cat":[232],"product_tag":[],"class_list":{"0":"post-7838","1":"product","2":"type-product","3":"status-publish","4":"has-post-thumbnail","6":"product_cat-travel-power-banks-fr","8":"first","9":"instock","10":"shipping-taxable","11":"purchasable","12":"product-type-simple"},"acf":[],"yoast_head":"<!-- This site is optimized with the Yoast SEO plugin v27.5 - https:\/\/yoast.com\/product\/yoast-seo-wordpress\/ -->\n<title>Banque d&#039;alimentation Pebble PZ-12 - 10000mAh<\/title>\n<meta name=\"description\" content=\"La banque d&#039;alimentation PZ-12 est compacte et l\u00e9g\u00e8re avec une charge rapide de 20W via le port de charge universel USB-C PD. Robuste et r\u00e9sistant aux \u00e9claboussures.\" \/>\n<meta name=\"robots\" content=\"index, follow, max-snippet:-1, max-image-preview:large, max-video-preview:-1\" \/>\n<link rel=\"canonical\" href=\"https:\/\/veho-schweiz.com\/fr\/product\/banque-dalimentation-pebble-pz-12-10000mah\/\" \/>\n<meta property=\"og:locale\" content=\"fr_FR\" \/>\n<meta property=\"og:type\" content=\"article\" \/>\n<meta property=\"og:title\" content=\"Banque d&#039;alimentation Pebble PZ-12 - 10000mAh\" \/>\n<meta property=\"og:description\" content=\"La banque d&#039;alimentation PZ-12 est compacte et l\u00e9g\u00e8re avec une charge rapide de 20W via le port de charge universel USB-C PD. Robuste et r\u00e9sistant aux \u00e9claboussures.\" \/>\n<meta property=\"og:url\" content=\"https:\/\/veho-schweiz.com\/fr\/product\/banque-dalimentation-pebble-pz-12-10000mah\/\" \/>\n<meta property=\"og:site_name\" content=\"Veho Lifestyle Store Suisse\" \/>\n<meta property=\"article:modified_time\" content=\"2024-12-18T14:48:38+00:00\" \/>\n<meta property=\"og:image\" content=\"https:\/\/veho-schweiz.com\/wp-content\/uploads\/2023\/01\/pz12_hero.png\" \/>\n\t<meta property=\"og:image:width\" content=\"620\" \/>\n\t<meta property=\"og:image:height\" content=\"620\" \/>\n\t<meta property=\"og:image:type\" content=\"image\/png\" \/>\n<meta name=\"twitter:card\" content=\"summary_large_image\" \/>\n<script type=\"application\/ld+json\" class=\"yoast-schema-graph\">{\"@context\":\"https:\\\/\\\/schema.org\",\"@graph\":[{\"@type\":\"WebPage\",\"@id\":\"https:\\\/\\\/veho-schweiz.com\\\/fr\\\/product\\\/banque-dalimentation-pebble-pz-12-10000mah\\\/\",\"url\":\"https:\\\/\\\/veho-schweiz.com\\\/fr\\\/product\\\/banque-dalimentation-pebble-pz-12-10000mah\\\/\",\"name\":\"Banque d'alimentation Pebble PZ-12 - 10000mAh\",\"isPartOf\":{\"@id\":\"https:\\\/\\\/veho-schweiz.com\\\/fr\\\/#website\"},\"primaryImageOfPage\":{\"@id\":\"https:\\\/\\\/veho-schweiz.com\\\/fr\\\/product\\\/banque-dalimentation-pebble-pz-12-10000mah\\\/#primaryimage\"},\"image\":{\"@id\":\"https:\\\/\\\/veho-schweiz.com\\\/fr\\\/product\\\/banque-dalimentation-pebble-pz-12-10000mah\\\/#primaryimage\"},\"thumbnailUrl\":\"https:\\\/\\\/veho-schweiz.com\\\/wp-content\\\/uploads\\\/2023\\\/01\\\/pz12_hero.png\",\"datePublished\":\"2023-02-21T12:58:33+00:00\",\"dateModified\":\"2024-12-18T14:48:38+00:00\",\"description\":\"La banque d'alimentation PZ-12 est compacte et l\u00e9g\u00e8re avec une charge rapide de 20W via le port de charge universel USB-C PD. Robuste et r\u00e9sistant aux \u00e9claboussures.\",\"breadcrumb\":{\"@id\":\"https:\\\/\\\/veho-schweiz.com\\\/fr\\\/product\\\/banque-dalimentation-pebble-pz-12-10000mah\\\/#breadcrumb\"},\"inLanguage\":\"fr-FR\",\"potentialAction\":[{\"@type\":\"ReadAction\",\"target\":[\"https:\\\/\\\/veho-schweiz.com\\\/fr\\\/product\\\/banque-dalimentation-pebble-pz-12-10000mah\\\/\"]}]},{\"@type\":\"ImageObject\",\"inLanguage\":\"fr-FR\",\"@id\":\"https:\\\/\\\/veho-schweiz.com\\\/fr\\\/product\\\/banque-dalimentation-pebble-pz-12-10000mah\\\/#primaryimage\",\"url\":\"https:\\\/\\\/veho-schweiz.com\\\/wp-content\\\/uploads\\\/2023\\\/01\\\/pz12_hero.png\",\"contentUrl\":\"https:\\\/\\\/veho-schweiz.com\\\/wp-content\\\/uploads\\\/2023\\\/01\\\/pz12_hero.png\",\"width\":620,\"height\":620,\"caption\":\"Pebble PZ-12 Rugged Portable Power Bank - 10,000mAh\"},{\"@type\":\"BreadcrumbList\",\"@id\":\"https:\\\/\\\/veho-schweiz.com\\\/fr\\\/product\\\/banque-dalimentation-pebble-pz-12-10000mah\\\/#breadcrumb\",\"itemListElement\":[{\"@type\":\"ListItem\",\"position\":1,\"name\":\"Home\",\"item\":\"https:\\\/\\\/veho-schweiz.com\\\/fr\\\/\"},{\"@type\":\"ListItem\",\"position\":2,\"name\":\"Shop\",\"item\":\"https:\\\/\\\/veho-schweiz.com\\\/shop\\\/\"},{\"@type\":\"ListItem\",\"position\":3,\"name\":\"Banque d&rsquo;alimentation Pebble PZ-12 &#8211; 10000mAh\"}]},{\"@type\":\"WebSite\",\"@id\":\"https:\\\/\\\/veho-schweiz.com\\\/fr\\\/#website\",\"url\":\"https:\\\/\\\/veho-schweiz.com\\\/fr\\\/\",\"name\":\"Veho Lifestyle Store Suisse\",\"description\":\"\u00c9lectronique grand public de conception britannique\",\"potentialAction\":[{\"@type\":\"SearchAction\",\"target\":{\"@type\":\"EntryPoint\",\"urlTemplate\":\"https:\\\/\\\/veho-schweiz.com\\\/fr\\\/?s={search_term_string}\"},\"query-input\":{\"@type\":\"PropertyValueSpecification\",\"valueRequired\":true,\"valueName\":\"search_term_string\"}}],\"inLanguage\":\"fr-FR\"}]}<\/script>\n<!-- \/ Yoast SEO plugin. -->","yoast_head_json":{"title":"Banque d'alimentation Pebble PZ-12 - 10000mAh","description":"La banque d'alimentation PZ-12 est compacte et l\u00e9g\u00e8re avec une charge rapide de 20W via le port de charge universel USB-C PD. Robuste et r\u00e9sistant aux \u00e9claboussures.","robots":{"index":"index","follow":"follow","max-snippet":"max-snippet:-1","max-image-preview":"max-image-preview:large","max-video-preview":"max-video-preview:-1"},"canonical":"https:\/\/veho-schweiz.com\/fr\/product\/banque-dalimentation-pebble-pz-12-10000mah\/","og_locale":"fr_FR","og_type":"article","og_title":"Banque d'alimentation Pebble PZ-12 - 10000mAh","og_description":"La banque d'alimentation PZ-12 est compacte et l\u00e9g\u00e8re avec une charge rapide de 20W via le port de charge universel USB-C PD. Robuste et r\u00e9sistant aux \u00e9claboussures.","og_url":"https:\/\/veho-schweiz.com\/fr\/product\/banque-dalimentation-pebble-pz-12-10000mah\/","og_site_name":"Veho Lifestyle Store Suisse","article_modified_time":"2024-12-18T14:48:38+00:00","og_image":[{"width":620,"height":620,"url":"https:\/\/veho-schweiz.com\/wp-content\/uploads\/2023\/01\/pz12_hero.png","type":"image\/png"}],"twitter_card":"summary_large_image","schema":{"@context":"https:\/\/schema.org","@graph":[{"@type":"WebPage","@id":"https:\/\/veho-schweiz.com\/fr\/product\/banque-dalimentation-pebble-pz-12-10000mah\/","url":"https:\/\/veho-schweiz.com\/fr\/product\/banque-dalimentation-pebble-pz-12-10000mah\/","name":"Banque d'alimentation Pebble PZ-12 - 10000mAh","isPartOf":{"@id":"https:\/\/veho-schweiz.com\/fr\/#website"},"primaryImageOfPage":{"@id":"https:\/\/veho-schweiz.com\/fr\/product\/banque-dalimentation-pebble-pz-12-10000mah\/#primaryimage"},"image":{"@id":"https:\/\/veho-schweiz.com\/fr\/product\/banque-dalimentation-pebble-pz-12-10000mah\/#primaryimage"},"thumbnailUrl":"https:\/\/veho-schweiz.com\/wp-content\/uploads\/2023\/01\/pz12_hero.png","datePublished":"2023-02-21T12:58:33+00:00","dateModified":"2024-12-18T14:48:38+00:00","description":"La banque d'alimentation PZ-12 est compacte et l\u00e9g\u00e8re avec une charge rapide de 20W via le port de charge universel USB-C PD. Robuste et r\u00e9sistant aux \u00e9claboussures.","breadcrumb":{"@id":"https:\/\/veho-schweiz.com\/fr\/product\/banque-dalimentation-pebble-pz-12-10000mah\/#breadcrumb"},"inLanguage":"fr-FR","potentialAction":[{"@type":"ReadAction","target":["https:\/\/veho-schweiz.com\/fr\/product\/banque-dalimentation-pebble-pz-12-10000mah\/"]}]},{"@type":"ImageObject","inLanguage":"fr-FR","@id":"https:\/\/veho-schweiz.com\/fr\/product\/banque-dalimentation-pebble-pz-12-10000mah\/#primaryimage","url":"https:\/\/veho-schweiz.com\/wp-content\/uploads\/2023\/01\/pz12_hero.png","contentUrl":"https:\/\/veho-schweiz.com\/wp-content\/uploads\/2023\/01\/pz12_hero.png","width":620,"height":620,"caption":"Pebble PZ-12 Rugged Portable Power Bank - 10,000mAh"},{"@type":"BreadcrumbList","@id":"https:\/\/veho-schweiz.com\/fr\/product\/banque-dalimentation-pebble-pz-12-10000mah\/#breadcrumb","itemListElement":[{"@type":"ListItem","position":1,"name":"Home","item":"https:\/\/veho-schweiz.com\/fr\/"},{"@type":"ListItem","position":2,"name":"Shop","item":"https:\/\/veho-schweiz.com\/shop\/"},{"@type":"ListItem","position":3,"name":"Banque d&rsquo;alimentation Pebble PZ-12 &#8211; 10000mAh"}]},{"@type":"WebSite","@id":"https:\/\/veho-schweiz.com\/fr\/#website","url":"https:\/\/veho-schweiz.com\/fr\/","name":"Veho Lifestyle Store Suisse","description":"\u00c9lectronique grand public de conception britannique","potentialAction":[{"@type":"SearchAction","target":{"@type":"EntryPoint","urlTemplate":"https:\/\/veho-schweiz.com\/fr\/?s={search_term_string}"},"query-input":{"@type":"PropertyValueSpecification","valueRequired":true,"valueName":"search_term_string"}}],"inLanguage":"fr-FR"}]}},"jetpack_sharing_enabled":true,"_links":{"self":[{"href":"https:\/\/veho-schweiz.com\/fr\/wp-json\/wp\/v2\/product\/7838","targetHints":{"allow":["GET"]}}],"collection":[{"href":"https:\/\/veho-schweiz.com\/fr\/wp-json\/wp\/v2\/product"}],"about":[{"href":"https:\/\/veho-schweiz.com\/fr\/wp-json\/wp\/v2\/types\/product"}],"replies":[{"embeddable":true,"href":"https:\/\/veho-schweiz.com\/fr\/wp-json\/wp\/v2\/comments?post=7838"}],"wp:featuredmedia":[{"embeddable":true,"href":"https:\/\/veho-schweiz.com\/fr\/wp-json\/wp\/v2\/media\/7086"}],"wp:attachment":[{"href":"https:\/\/veho-schweiz.com\/fr\/wp-json\/wp\/v2\/media?parent=7838"}],"wp:term":[{"taxonomy":"product_brand","embeddable":true,"href":"https:\/\/veho-schweiz.com\/fr\/wp-json\/wp\/v2\/product_brand?post=7838"},{"taxonomy":"product_cat","embeddable":true,"href":"https:\/\/veho-schweiz.com\/fr\/wp-json\/wp\/v2\/product_cat?post=7838"},{"taxonomy":"product_tag","embeddable":true,"href":"https:\/\/veho-schweiz.com\/fr\/wp-json\/wp\/v2\/product_tag?post=7838"}],"curies":[{"name":"wp","href":"https:\/\/api.w.org\/{rel}","templated":true}]}}