{"id":7834,"date":"2023-07-10T10:47:52","date_gmt":"2023-07-10T08:47:52","guid":{"rendered":"https:\/\/veho-schweiz.com\/product\/veho-uf-2-ventilateur-de-bureau-usb-3-en-1-chargeur-de-smartphone-et-lampe-led\/"},"modified":"2024-12-18T15:53:42","modified_gmt":"2024-12-18T14:53:42","slug":"veho-uf-2-ventilateur-de-bureau-usb-3-en-1-chargeur-de-smartphone-et-lampe-led","status":"publish","type":"product","link":"https:\/\/veho-schweiz.com\/fr\/product\/veho-uf-2-ventilateur-de-bureau-usb-3-en-1-chargeur-de-smartphone-et-lampe-led\/","title":{"rendered":"Veho UF-2 Ventilateur de bureau USB 3 en 1, chargeur de smartphone et lampe LED"},"content":{"rendered":"<div class=\"wp-content wp-content--product\"><div class=\"flex-shrink-0 flex flex-col relative items-end\">\n<div class=\"pt-0\">\n<div class=\"gizmo-bot-avatar flex h-8 w-8 items-center justify-center overflow-hidden rounded-full\">\n<div class=\"relative p-1 rounded-sm flex items-center justify-center bg-token-main-surface-primary text-token-text-primary h-8 w-8\">Le Veho UF-2 est un ventilateur de bureau multifonctionnel 3 en 1, \u00e9quip\u00e9 d&rsquo;un chargeur sans fil rapide de 15W pour smartphones, d&rsquo;un ventilateur \u00e0 3 vitesses et d&rsquo;une lumi\u00e8re LED brillante.<\/div>\n<\/div>\n<\/div>\n<\/div>\n<\/div>","protected":false},"excerpt":{"rendered":"<ul>\n<li>Solution de bureau 3 en 1<\/li>\n<li>Chargeur de smartphone 15 W<\/li>\n<li>Ventilateur \u00e0 3 vitesses<\/li>\n<\/ul>\n","protected":false},"featured_media":7206,"comment_status":"open","ping_status":"closed","template":"","meta":{"_acf_changed":false,"inline_featured_image":false},"product_brand":[],"product_cat":[240],"product_tag":[],"class_list":{"0":"post-7834","1":"product","2":"type-product","3":"status-publish","4":"has-post-thumbnail","6":"product_cat-usb-fans-fr","8":"first","9":"instock","10":"shipping-taxable","11":"purchasable","12":"product-type-simple"},"acf":[],"yoast_head":"<!-- This site is optimized with the Yoast SEO plugin v27.5 - https:\/\/yoast.com\/product\/yoast-seo-wordpress\/ -->\n<title>Veho UF-2 Ventilateur de bureau USB 3 en 1, chargeur de smartphone et lampe LED<\/title>\n<meta name=\"description\" content=\"Le Veho UF-2 est un ventilateur de bureau 3 en 1 \u00e9quip\u00e9 d&#039;un chargeur rapide sans fil de 15 W pour smartphones, d&#039;un ventilateur et d&#039;une lampe annulaire LED.\" \/>\n<meta name=\"robots\" content=\"index, follow, max-snippet:-1, max-image-preview:large, max-video-preview:-1\" \/>\n<link rel=\"canonical\" href=\"https:\/\/veho-schweiz.com\/fr\/product\/veho-uf-2-ventilateur-de-bureau-usb-3-en-1-chargeur-de-smartphone-et-lampe-led\/\" \/>\n<meta property=\"og:locale\" content=\"fr_FR\" \/>\n<meta property=\"og:type\" content=\"article\" \/>\n<meta property=\"og:title\" content=\"Veho UF-2 Ventilateur de bureau USB 3 en 1, chargeur de smartphone et lampe LED\" \/>\n<meta property=\"og:description\" content=\"Le Veho UF-2 est un ventilateur de bureau 3 en 1 \u00e9quip\u00e9 d&#039;un chargeur rapide sans fil de 15 W pour smartphones, d&#039;un ventilateur et d&#039;une lampe annulaire LED.\" \/>\n<meta property=\"og:url\" content=\"https:\/\/veho-schweiz.com\/fr\/product\/veho-uf-2-ventilateur-de-bureau-usb-3-en-1-chargeur-de-smartphone-et-lampe-led\/\" \/>\n<meta property=\"og:site_name\" content=\"Veho Lifestyle Store Suisse\" \/>\n<meta property=\"article:modified_time\" content=\"2024-12-18T14:53:42+00:00\" \/>\n<meta property=\"og:image\" content=\"https:\/\/veho-schweiz.com\/wp-content\/uploads\/2023\/05\/usb_fan2.png\" \/>\n\t<meta property=\"og:image:width\" content=\"620\" \/>\n\t<meta property=\"og:image:height\" content=\"620\" \/>\n\t<meta property=\"og:image:type\" content=\"image\/png\" \/>\n<meta name=\"twitter:card\" content=\"summary_large_image\" \/>\n<script type=\"application\/ld+json\" class=\"yoast-schema-graph\">{\"@context\":\"https:\\\/\\\/schema.org\",\"@graph\":[{\"@type\":\"WebPage\",\"@id\":\"https:\\\/\\\/veho-schweiz.com\\\/fr\\\/product\\\/veho-uf-2-ventilateur-de-bureau-usb-3-en-1-chargeur-de-smartphone-et-lampe-led\\\/\",\"url\":\"https:\\\/\\\/veho-schweiz.com\\\/fr\\\/product\\\/veho-uf-2-ventilateur-de-bureau-usb-3-en-1-chargeur-de-smartphone-et-lampe-led\\\/\",\"name\":\"Veho UF-2 Ventilateur de bureau USB 3 en 1, chargeur de smartphone et lampe LED\",\"isPartOf\":{\"@id\":\"https:\\\/\\\/veho-schweiz.com\\\/fr\\\/#website\"},\"primaryImageOfPage\":{\"@id\":\"https:\\\/\\\/veho-schweiz.com\\\/fr\\\/product\\\/veho-uf-2-ventilateur-de-bureau-usb-3-en-1-chargeur-de-smartphone-et-lampe-led\\\/#primaryimage\"},\"image\":{\"@id\":\"https:\\\/\\\/veho-schweiz.com\\\/fr\\\/product\\\/veho-uf-2-ventilateur-de-bureau-usb-3-en-1-chargeur-de-smartphone-et-lampe-led\\\/#primaryimage\"},\"thumbnailUrl\":\"https:\\\/\\\/veho-schweiz.com\\\/wp-content\\\/uploads\\\/2023\\\/05\\\/usb_fan2.png\",\"datePublished\":\"2023-07-10T08:47:52+00:00\",\"dateModified\":\"2024-12-18T14:53:42+00:00\",\"description\":\"Le Veho UF-2 est un ventilateur de bureau 3 en 1 \u00e9quip\u00e9 d'un chargeur rapide sans fil de 15 W pour smartphones, d'un ventilateur et d'une lampe annulaire LED.\",\"breadcrumb\":{\"@id\":\"https:\\\/\\\/veho-schweiz.com\\\/fr\\\/product\\\/veho-uf-2-ventilateur-de-bureau-usb-3-en-1-chargeur-de-smartphone-et-lampe-led\\\/#breadcrumb\"},\"inLanguage\":\"fr-FR\",\"potentialAction\":[{\"@type\":\"ReadAction\",\"target\":[\"https:\\\/\\\/veho-schweiz.com\\\/fr\\\/product\\\/veho-uf-2-ventilateur-de-bureau-usb-3-en-1-chargeur-de-smartphone-et-lampe-led\\\/\"]}]},{\"@type\":\"ImageObject\",\"inLanguage\":\"fr-FR\",\"@id\":\"https:\\\/\\\/veho-schweiz.com\\\/fr\\\/product\\\/veho-uf-2-ventilateur-de-bureau-usb-3-en-1-chargeur-de-smartphone-et-lampe-led\\\/#primaryimage\",\"url\":\"https:\\\/\\\/veho-schweiz.com\\\/wp-content\\\/uploads\\\/2023\\\/05\\\/usb_fan2.png\",\"contentUrl\":\"https:\\\/\\\/veho-schweiz.com\\\/wp-content\\\/uploads\\\/2023\\\/05\\\/usb_fan2.png\",\"width\":620,\"height\":620},{\"@type\":\"BreadcrumbList\",\"@id\":\"https:\\\/\\\/veho-schweiz.com\\\/fr\\\/product\\\/veho-uf-2-ventilateur-de-bureau-usb-3-en-1-chargeur-de-smartphone-et-lampe-led\\\/#breadcrumb\",\"itemListElement\":[{\"@type\":\"ListItem\",\"position\":1,\"name\":\"Home\",\"item\":\"https:\\\/\\\/veho-schweiz.com\\\/fr\\\/\"},{\"@type\":\"ListItem\",\"position\":2,\"name\":\"Shop\",\"item\":\"https:\\\/\\\/veho-schweiz.com\\\/shop\\\/\"},{\"@type\":\"ListItem\",\"position\":3,\"name\":\"Veho UF-2 Ventilateur de bureau USB 3 en 1, chargeur de smartphone et lampe LED\"}]},{\"@type\":\"WebSite\",\"@id\":\"https:\\\/\\\/veho-schweiz.com\\\/fr\\\/#website\",\"url\":\"https:\\\/\\\/veho-schweiz.com\\\/fr\\\/\",\"name\":\"Veho Lifestyle Store Suisse\",\"description\":\"\u00c9lectronique grand public de conception britannique\",\"potentialAction\":[{\"@type\":\"SearchAction\",\"target\":{\"@type\":\"EntryPoint\",\"urlTemplate\":\"https:\\\/\\\/veho-schweiz.com\\\/fr\\\/?s={search_term_string}\"},\"query-input\":{\"@type\":\"PropertyValueSpecification\",\"valueRequired\":true,\"valueName\":\"search_term_string\"}}],\"inLanguage\":\"fr-FR\"}]}<\/script>\n<!-- \/ Yoast SEO plugin. -->","yoast_head_json":{"title":"Veho UF-2 Ventilateur de bureau USB 3 en 1, chargeur de smartphone et lampe LED","description":"Le Veho UF-2 est un ventilateur de bureau 3 en 1 \u00e9quip\u00e9 d'un chargeur rapide sans fil de 15 W pour smartphones, d'un ventilateur et d'une lampe annulaire LED.","robots":{"index":"index","follow":"follow","max-snippet":"max-snippet:-1","max-image-preview":"max-image-preview:large","max-video-preview":"max-video-preview:-1"},"canonical":"https:\/\/veho-schweiz.com\/fr\/product\/veho-uf-2-ventilateur-de-bureau-usb-3-en-1-chargeur-de-smartphone-et-lampe-led\/","og_locale":"fr_FR","og_type":"article","og_title":"Veho UF-2 Ventilateur de bureau USB 3 en 1, chargeur de smartphone et lampe LED","og_description":"Le Veho UF-2 est un ventilateur de bureau 3 en 1 \u00e9quip\u00e9 d'un chargeur rapide sans fil de 15 W pour smartphones, d'un ventilateur et d'une lampe annulaire LED.","og_url":"https:\/\/veho-schweiz.com\/fr\/product\/veho-uf-2-ventilateur-de-bureau-usb-3-en-1-chargeur-de-smartphone-et-lampe-led\/","og_site_name":"Veho Lifestyle Store Suisse","article_modified_time":"2024-12-18T14:53:42+00:00","og_image":[{"width":620,"height":620,"url":"https:\/\/veho-schweiz.com\/wp-content\/uploads\/2023\/05\/usb_fan2.png","type":"image\/png"}],"twitter_card":"summary_large_image","schema":{"@context":"https:\/\/schema.org","@graph":[{"@type":"WebPage","@id":"https:\/\/veho-schweiz.com\/fr\/product\/veho-uf-2-ventilateur-de-bureau-usb-3-en-1-chargeur-de-smartphone-et-lampe-led\/","url":"https:\/\/veho-schweiz.com\/fr\/product\/veho-uf-2-ventilateur-de-bureau-usb-3-en-1-chargeur-de-smartphone-et-lampe-led\/","name":"Veho UF-2 Ventilateur de bureau USB 3 en 1, chargeur de smartphone et lampe LED","isPartOf":{"@id":"https:\/\/veho-schweiz.com\/fr\/#website"},"primaryImageOfPage":{"@id":"https:\/\/veho-schweiz.com\/fr\/product\/veho-uf-2-ventilateur-de-bureau-usb-3-en-1-chargeur-de-smartphone-et-lampe-led\/#primaryimage"},"image":{"@id":"https:\/\/veho-schweiz.com\/fr\/product\/veho-uf-2-ventilateur-de-bureau-usb-3-en-1-chargeur-de-smartphone-et-lampe-led\/#primaryimage"},"thumbnailUrl":"https:\/\/veho-schweiz.com\/wp-content\/uploads\/2023\/05\/usb_fan2.png","datePublished":"2023-07-10T08:47:52+00:00","dateModified":"2024-12-18T14:53:42+00:00","description":"Le Veho UF-2 est un ventilateur de bureau 3 en 1 \u00e9quip\u00e9 d'un chargeur rapide sans fil de 15 W pour smartphones, d'un ventilateur et d'une lampe annulaire LED.","breadcrumb":{"@id":"https:\/\/veho-schweiz.com\/fr\/product\/veho-uf-2-ventilateur-de-bureau-usb-3-en-1-chargeur-de-smartphone-et-lampe-led\/#breadcrumb"},"inLanguage":"fr-FR","potentialAction":[{"@type":"ReadAction","target":["https:\/\/veho-schweiz.com\/fr\/product\/veho-uf-2-ventilateur-de-bureau-usb-3-en-1-chargeur-de-smartphone-et-lampe-led\/"]}]},{"@type":"ImageObject","inLanguage":"fr-FR","@id":"https:\/\/veho-schweiz.com\/fr\/product\/veho-uf-2-ventilateur-de-bureau-usb-3-en-1-chargeur-de-smartphone-et-lampe-led\/#primaryimage","url":"https:\/\/veho-schweiz.com\/wp-content\/uploads\/2023\/05\/usb_fan2.png","contentUrl":"https:\/\/veho-schweiz.com\/wp-content\/uploads\/2023\/05\/usb_fan2.png","width":620,"height":620},{"@type":"BreadcrumbList","@id":"https:\/\/veho-schweiz.com\/fr\/product\/veho-uf-2-ventilateur-de-bureau-usb-3-en-1-chargeur-de-smartphone-et-lampe-led\/#breadcrumb","itemListElement":[{"@type":"ListItem","position":1,"name":"Home","item":"https:\/\/veho-schweiz.com\/fr\/"},{"@type":"ListItem","position":2,"name":"Shop","item":"https:\/\/veho-schweiz.com\/shop\/"},{"@type":"ListItem","position":3,"name":"Veho UF-2 Ventilateur de bureau USB 3 en 1, chargeur de smartphone et lampe LED"}]},{"@type":"WebSite","@id":"https:\/\/veho-schweiz.com\/fr\/#website","url":"https:\/\/veho-schweiz.com\/fr\/","name":"Veho Lifestyle Store Suisse","description":"\u00c9lectronique grand public de conception britannique","potentialAction":[{"@type":"SearchAction","target":{"@type":"EntryPoint","urlTemplate":"https:\/\/veho-schweiz.com\/fr\/?s={search_term_string}"},"query-input":{"@type":"PropertyValueSpecification","valueRequired":true,"valueName":"search_term_string"}}],"inLanguage":"fr-FR"}]}},"jetpack_sharing_enabled":true,"_links":{"self":[{"href":"https:\/\/veho-schweiz.com\/fr\/wp-json\/wp\/v2\/product\/7834","targetHints":{"allow":["GET"]}}],"collection":[{"href":"https:\/\/veho-schweiz.com\/fr\/wp-json\/wp\/v2\/product"}],"about":[{"href":"https:\/\/veho-schweiz.com\/fr\/wp-json\/wp\/v2\/types\/product"}],"replies":[{"embeddable":true,"href":"https:\/\/veho-schweiz.com\/fr\/wp-json\/wp\/v2\/comments?post=7834"}],"wp:featuredmedia":[{"embeddable":true,"href":"https:\/\/veho-schweiz.com\/fr\/wp-json\/wp\/v2\/media\/7206"}],"wp:attachment":[{"href":"https:\/\/veho-schweiz.com\/fr\/wp-json\/wp\/v2\/media?parent=7834"}],"wp:term":[{"taxonomy":"product_brand","embeddable":true,"href":"https:\/\/veho-schweiz.com\/fr\/wp-json\/wp\/v2\/product_brand?post=7834"},{"taxonomy":"product_cat","embeddable":true,"href":"https:\/\/veho-schweiz.com\/fr\/wp-json\/wp\/v2\/product_cat?post=7834"},{"taxonomy":"product_tag","embeddable":true,"href":"https:\/\/veho-schweiz.com\/fr\/wp-json\/wp\/v2\/product_tag?post=7834"}],"curies":[{"name":"wp","href":"https:\/\/api.w.org\/{rel}","templated":true}]}}