{"id":7832,"date":"2023-09-20T13:26:54","date_gmt":"2023-09-20T11:26:54","guid":{"rendered":"https:\/\/veho-schweiz.com\/product\/veho-cable-usb-c-vers-usb-c-et-cable-de-synchronisation-1m\/"},"modified":"2024-12-18T17:22:15","modified_gmt":"2024-12-18T16:22:15","slug":"veho-cable-usb-c-vers-usb-c-et-cable-de-synchronisation-1m","status":"publish","type":"product","link":"https:\/\/veho-schweiz.com\/fr\/product\/veho-cable-usb-c-vers-usb-c-et-cable-de-synchronisation-1m\/","title":{"rendered":"Veho c\u00e2ble USB-C\u2122 vers USB-C\u2122 et c\u00e2ble de synchronisation (1m)"},"content":{"rendered":"<div class=\"wp-content wp-content--product\"><p>Chargez et synchronisez vos appareils mobiles avec ce c\u00e2ble USB-C\u2122 vers USB-C\u2122. Le c\u00e2ble prend en charge des taux de transfert de donn\u00e9es ultra-rapides allant jusqu&rsquo;\u00e0 480 Mbps et une charge rapide pouvant atteindre 60 W. Avec un rev\u00eatement en caoutchouc Tecton noir, souple et durable, il est id\u00e9al pour les professionnels, les \u00e9tudiants ou pour une utilisation quotidienne. Il charge tous les p\u00e9riph\u00e9riques USB-C jusqu&rsquo;\u00e0 60 W.  <\/p>\n<p>&nbsp;<\/p>\n<\/div>","protected":false},"excerpt":{"rendered":"<ul>\n<li>Charge rapide jusqu&rsquo;\u00e0 60 W<\/li>\n<li>Compatible avec tous les p\u00e9riph\u00e9riques USB-C jusqu&rsquo;\u00e0 60 W<\/li>\n<li>Chargement et synchronisation<\/li>\n<\/ul>\n","protected":false},"featured_media":7304,"comment_status":"closed","ping_status":"closed","template":"","meta":{"_acf_changed":false,"inline_featured_image":false},"product_brand":[],"product_cat":[230],"product_tag":[],"class_list":{"0":"post-7832","1":"product","2":"type-product","3":"status-publish","4":"has-post-thumbnail","6":"product_cat-portable-power-accessories-fr","8":"first","9":"instock","10":"shipping-taxable","11":"purchasable","12":"product-type-simple"},"acf":[],"yoast_head":"<!-- This site is optimized with the Yoast SEO plugin v27.5 - https:\/\/yoast.com\/product\/yoast-seo-wordpress\/ -->\n<title>Veho c\u00e2ble USB-C\u2122 vers USB-C\u2122 et c\u00e2ble de synchronisation (1m)<\/title>\n<meta name=\"description\" content=\"Chargez et synchronisez vos appareils mobiles avec ce c\u00e2ble USB-C\u2122 vers USB-C\u2122. Vitesse de transmission ultra rapide de 480 Mbps et recharge rapide \u00e0 60W.\" \/>\n<meta name=\"robots\" content=\"index, follow, max-snippet:-1, max-image-preview:large, max-video-preview:-1\" \/>\n<link rel=\"canonical\" href=\"https:\/\/veho-schweiz.com\/fr\/product\/veho-cable-usb-c-vers-usb-c-et-cable-de-synchronisation-1m\/\" \/>\n<meta property=\"og:locale\" content=\"fr_FR\" \/>\n<meta property=\"og:type\" content=\"article\" \/>\n<meta property=\"og:title\" content=\"Veho c\u00e2ble USB-C\u2122 vers USB-C\u2122 et c\u00e2ble de synchronisation (1m)\" \/>\n<meta property=\"og:description\" content=\"Chargez et synchronisez vos appareils mobiles avec ce c\u00e2ble USB-C\u2122 vers USB-C\u2122. Vitesse de transmission ultra rapide de 480 Mbps et recharge rapide \u00e0 60W.\" \/>\n<meta property=\"og:url\" content=\"https:\/\/veho-schweiz.com\/fr\/product\/veho-cable-usb-c-vers-usb-c-et-cable-de-synchronisation-1m\/\" \/>\n<meta property=\"og:site_name\" content=\"Veho Lifestyle Store Suisse\" \/>\n<meta property=\"article:modified_time\" content=\"2024-12-18T16:22:15+00:00\" \/>\n<meta property=\"og:image\" content=\"https:\/\/veho-schweiz.com\/wp-content\/uploads\/2023\/09\/VCL-006-C2C_1.png\" \/>\n\t<meta property=\"og:image:width\" content=\"620\" \/>\n\t<meta property=\"og:image:height\" content=\"620\" \/>\n\t<meta property=\"og:image:type\" content=\"image\/png\" \/>\n<meta name=\"twitter:card\" content=\"summary_large_image\" \/>\n<script type=\"application\/ld+json\" class=\"yoast-schema-graph\">{\"@context\":\"https:\\\/\\\/schema.org\",\"@graph\":[{\"@type\":\"WebPage\",\"@id\":\"https:\\\/\\\/veho-schweiz.com\\\/fr\\\/product\\\/veho-cable-usb-c-vers-usb-c-et-cable-de-synchronisation-1m\\\/\",\"url\":\"https:\\\/\\\/veho-schweiz.com\\\/fr\\\/product\\\/veho-cable-usb-c-vers-usb-c-et-cable-de-synchronisation-1m\\\/\",\"name\":\"Veho c\u00e2ble USB-C\u2122 vers USB-C\u2122 et c\u00e2ble de synchronisation (1m)\",\"isPartOf\":{\"@id\":\"https:\\\/\\\/veho-schweiz.com\\\/fr\\\/#website\"},\"primaryImageOfPage\":{\"@id\":\"https:\\\/\\\/veho-schweiz.com\\\/fr\\\/product\\\/veho-cable-usb-c-vers-usb-c-et-cable-de-synchronisation-1m\\\/#primaryimage\"},\"image\":{\"@id\":\"https:\\\/\\\/veho-schweiz.com\\\/fr\\\/product\\\/veho-cable-usb-c-vers-usb-c-et-cable-de-synchronisation-1m\\\/#primaryimage\"},\"thumbnailUrl\":\"https:\\\/\\\/veho-schweiz.com\\\/wp-content\\\/uploads\\\/2023\\\/09\\\/VCL-006-C2C_1.png\",\"datePublished\":\"2023-09-20T11:26:54+00:00\",\"dateModified\":\"2024-12-18T16:22:15+00:00\",\"description\":\"Chargez et synchronisez vos appareils mobiles avec ce c\u00e2ble USB-C\u2122 vers USB-C\u2122. Vitesse de transmission ultra rapide de 480 Mbps et recharge rapide \u00e0 60W.\",\"breadcrumb\":{\"@id\":\"https:\\\/\\\/veho-schweiz.com\\\/fr\\\/product\\\/veho-cable-usb-c-vers-usb-c-et-cable-de-synchronisation-1m\\\/#breadcrumb\"},\"inLanguage\":\"fr-FR\",\"potentialAction\":[{\"@type\":\"ReadAction\",\"target\":[\"https:\\\/\\\/veho-schweiz.com\\\/fr\\\/product\\\/veho-cable-usb-c-vers-usb-c-et-cable-de-synchronisation-1m\\\/\"]}]},{\"@type\":\"ImageObject\",\"inLanguage\":\"fr-FR\",\"@id\":\"https:\\\/\\\/veho-schweiz.com\\\/fr\\\/product\\\/veho-cable-usb-c-vers-usb-c-et-cable-de-synchronisation-1m\\\/#primaryimage\",\"url\":\"https:\\\/\\\/veho-schweiz.com\\\/wp-content\\\/uploads\\\/2023\\\/09\\\/VCL-006-C2C_1.png\",\"contentUrl\":\"https:\\\/\\\/veho-schweiz.com\\\/wp-content\\\/uploads\\\/2023\\\/09\\\/VCL-006-C2C_1.png\",\"width\":620,\"height\":620,\"caption\":\"Veho c\u00e2ble USB-C\u2122 vers USB-C\u2122 et de synchronisation (1 m\\\/3,3 ft)\"},{\"@type\":\"BreadcrumbList\",\"@id\":\"https:\\\/\\\/veho-schweiz.com\\\/fr\\\/product\\\/veho-cable-usb-c-vers-usb-c-et-cable-de-synchronisation-1m\\\/#breadcrumb\",\"itemListElement\":[{\"@type\":\"ListItem\",\"position\":1,\"name\":\"Home\",\"item\":\"https:\\\/\\\/veho-schweiz.com\\\/fr\\\/\"},{\"@type\":\"ListItem\",\"position\":2,\"name\":\"Shop\",\"item\":\"https:\\\/\\\/veho-schweiz.com\\\/shop\\\/\"},{\"@type\":\"ListItem\",\"position\":3,\"name\":\"Veho c\u00e2ble USB-C\u2122 vers USB-C\u2122 et c\u00e2ble de synchronisation (1m)\"}]},{\"@type\":\"WebSite\",\"@id\":\"https:\\\/\\\/veho-schweiz.com\\\/fr\\\/#website\",\"url\":\"https:\\\/\\\/veho-schweiz.com\\\/fr\\\/\",\"name\":\"Veho Lifestyle Store Suisse\",\"description\":\"\u00c9lectronique grand public de conception britannique\",\"potentialAction\":[{\"@type\":\"SearchAction\",\"target\":{\"@type\":\"EntryPoint\",\"urlTemplate\":\"https:\\\/\\\/veho-schweiz.com\\\/fr\\\/?s={search_term_string}\"},\"query-input\":{\"@type\":\"PropertyValueSpecification\",\"valueRequired\":true,\"valueName\":\"search_term_string\"}}],\"inLanguage\":\"fr-FR\"}]}<\/script>\n<!-- \/ Yoast SEO plugin. -->","yoast_head_json":{"title":"Veho c\u00e2ble USB-C\u2122 vers USB-C\u2122 et c\u00e2ble de synchronisation (1m)","description":"Chargez et synchronisez vos appareils mobiles avec ce c\u00e2ble USB-C\u2122 vers USB-C\u2122. Vitesse de transmission ultra rapide de 480 Mbps et recharge rapide \u00e0 60W.","robots":{"index":"index","follow":"follow","max-snippet":"max-snippet:-1","max-image-preview":"max-image-preview:large","max-video-preview":"max-video-preview:-1"},"canonical":"https:\/\/veho-schweiz.com\/fr\/product\/veho-cable-usb-c-vers-usb-c-et-cable-de-synchronisation-1m\/","og_locale":"fr_FR","og_type":"article","og_title":"Veho c\u00e2ble USB-C\u2122 vers USB-C\u2122 et c\u00e2ble de synchronisation (1m)","og_description":"Chargez et synchronisez vos appareils mobiles avec ce c\u00e2ble USB-C\u2122 vers USB-C\u2122. Vitesse de transmission ultra rapide de 480 Mbps et recharge rapide \u00e0 60W.","og_url":"https:\/\/veho-schweiz.com\/fr\/product\/veho-cable-usb-c-vers-usb-c-et-cable-de-synchronisation-1m\/","og_site_name":"Veho Lifestyle Store Suisse","article_modified_time":"2024-12-18T16:22:15+00:00","og_image":[{"width":620,"height":620,"url":"https:\/\/veho-schweiz.com\/wp-content\/uploads\/2023\/09\/VCL-006-C2C_1.png","type":"image\/png"}],"twitter_card":"summary_large_image","schema":{"@context":"https:\/\/schema.org","@graph":[{"@type":"WebPage","@id":"https:\/\/veho-schweiz.com\/fr\/product\/veho-cable-usb-c-vers-usb-c-et-cable-de-synchronisation-1m\/","url":"https:\/\/veho-schweiz.com\/fr\/product\/veho-cable-usb-c-vers-usb-c-et-cable-de-synchronisation-1m\/","name":"Veho c\u00e2ble USB-C\u2122 vers USB-C\u2122 et c\u00e2ble de synchronisation (1m)","isPartOf":{"@id":"https:\/\/veho-schweiz.com\/fr\/#website"},"primaryImageOfPage":{"@id":"https:\/\/veho-schweiz.com\/fr\/product\/veho-cable-usb-c-vers-usb-c-et-cable-de-synchronisation-1m\/#primaryimage"},"image":{"@id":"https:\/\/veho-schweiz.com\/fr\/product\/veho-cable-usb-c-vers-usb-c-et-cable-de-synchronisation-1m\/#primaryimage"},"thumbnailUrl":"https:\/\/veho-schweiz.com\/wp-content\/uploads\/2023\/09\/VCL-006-C2C_1.png","datePublished":"2023-09-20T11:26:54+00:00","dateModified":"2024-12-18T16:22:15+00:00","description":"Chargez et synchronisez vos appareils mobiles avec ce c\u00e2ble USB-C\u2122 vers USB-C\u2122. Vitesse de transmission ultra rapide de 480 Mbps et recharge rapide \u00e0 60W.","breadcrumb":{"@id":"https:\/\/veho-schweiz.com\/fr\/product\/veho-cable-usb-c-vers-usb-c-et-cable-de-synchronisation-1m\/#breadcrumb"},"inLanguage":"fr-FR","potentialAction":[{"@type":"ReadAction","target":["https:\/\/veho-schweiz.com\/fr\/product\/veho-cable-usb-c-vers-usb-c-et-cable-de-synchronisation-1m\/"]}]},{"@type":"ImageObject","inLanguage":"fr-FR","@id":"https:\/\/veho-schweiz.com\/fr\/product\/veho-cable-usb-c-vers-usb-c-et-cable-de-synchronisation-1m\/#primaryimage","url":"https:\/\/veho-schweiz.com\/wp-content\/uploads\/2023\/09\/VCL-006-C2C_1.png","contentUrl":"https:\/\/veho-schweiz.com\/wp-content\/uploads\/2023\/09\/VCL-006-C2C_1.png","width":620,"height":620,"caption":"Veho c\u00e2ble USB-C\u2122 vers USB-C\u2122 et de synchronisation (1 m\/3,3 ft)"},{"@type":"BreadcrumbList","@id":"https:\/\/veho-schweiz.com\/fr\/product\/veho-cable-usb-c-vers-usb-c-et-cable-de-synchronisation-1m\/#breadcrumb","itemListElement":[{"@type":"ListItem","position":1,"name":"Home","item":"https:\/\/veho-schweiz.com\/fr\/"},{"@type":"ListItem","position":2,"name":"Shop","item":"https:\/\/veho-schweiz.com\/shop\/"},{"@type":"ListItem","position":3,"name":"Veho c\u00e2ble USB-C\u2122 vers USB-C\u2122 et c\u00e2ble de synchronisation (1m)"}]},{"@type":"WebSite","@id":"https:\/\/veho-schweiz.com\/fr\/#website","url":"https:\/\/veho-schweiz.com\/fr\/","name":"Veho Lifestyle Store Suisse","description":"\u00c9lectronique grand public de conception britannique","potentialAction":[{"@type":"SearchAction","target":{"@type":"EntryPoint","urlTemplate":"https:\/\/veho-schweiz.com\/fr\/?s={search_term_string}"},"query-input":{"@type":"PropertyValueSpecification","valueRequired":true,"valueName":"search_term_string"}}],"inLanguage":"fr-FR"}]}},"jetpack_sharing_enabled":true,"_links":{"self":[{"href":"https:\/\/veho-schweiz.com\/fr\/wp-json\/wp\/v2\/product\/7832","targetHints":{"allow":["GET"]}}],"collection":[{"href":"https:\/\/veho-schweiz.com\/fr\/wp-json\/wp\/v2\/product"}],"about":[{"href":"https:\/\/veho-schweiz.com\/fr\/wp-json\/wp\/v2\/types\/product"}],"replies":[{"embeddable":true,"href":"https:\/\/veho-schweiz.com\/fr\/wp-json\/wp\/v2\/comments?post=7832"}],"wp:featuredmedia":[{"embeddable":true,"href":"https:\/\/veho-schweiz.com\/fr\/wp-json\/wp\/v2\/media\/7304"}],"wp:attachment":[{"href":"https:\/\/veho-schweiz.com\/fr\/wp-json\/wp\/v2\/media?parent=7832"}],"wp:term":[{"taxonomy":"product_brand","embeddable":true,"href":"https:\/\/veho-schweiz.com\/fr\/wp-json\/wp\/v2\/product_brand?post=7832"},{"taxonomy":"product_cat","embeddable":true,"href":"https:\/\/veho-schweiz.com\/fr\/wp-json\/wp\/v2\/product_cat?post=7832"},{"taxonomy":"product_tag","embeddable":true,"href":"https:\/\/veho-schweiz.com\/fr\/wp-json\/wp\/v2\/product_tag?post=7832"}],"curies":[{"name":"wp","href":"https:\/\/api.w.org\/{rel}","templated":true}]}}