{"id":7828,"date":"2024-04-16T17:10:47","date_gmt":"2024-04-16T15:10:47","guid":{"rendered":"https:\/\/veho-schweiz.com\/product\/m-series-mz-9-fortify-haut-parleur-sans-fil-bluetooth\/"},"modified":"2025-07-23T11:00:12","modified_gmt":"2025-07-23T09:00:12","slug":"m-series-mz-9-fortify-haut-parleur-sans-fil-bluetooth","status":"publish","type":"product","link":"https:\/\/veho-schweiz.com\/fr\/product\/m-series-mz-9-fortify-haut-parleur-sans-fil-bluetooth\/","title":{"rendered":"M-Series MZ-9 Fortify Haut-parleur sans fil Bluetooth"},"content":{"rendered":"<div class=\"wp-content wp-content--product\"><p>Le haut-parleur portable sans fil Bluetooth Veho MZ-9 Fortify dispose d&rsquo;une puissante puissance de sortie de 100 watts (RMS) avec un subwoofer 4.1 Tri-Wave\u2122 et des tweeters \u00e0 moyenne fr\u00e9quence. Avec jusqu&rsquo;\u00e0 10 heures d&rsquo;autonomie en lecture sur une seule charge et un mode d&rsquo;appairage double TWS qui permet de coupler facilement deux haut-parleurs simultan\u00e9ment. Une poign\u00e9e et une sangle robustes ainsi qu&rsquo;une \u00e9tanch\u00e9it\u00e9 IPX6 font du MZ-9 un haut-parleur parfait pour l&rsquo;ext\u00e9rieur.  <\/p>\n<\/div>","protected":false},"excerpt":{"rendered":"<ul>\n<li>100 watts de puissance totale<\/li>\n<li>R\u00e9sistant \u00e0 l&rsquo;eau selon IPX6<\/li>\n<li>Jusqu&rsquo;\u00e0 10 heures de lecture continue<\/li>\n<li>Poign\u00e9e et sangle de transport<\/li>\n<\/ul>\n","protected":false},"featured_media":7380,"comment_status":"closed","ping_status":"closed","template":"","meta":{"_acf_changed":false,"inline_featured_image":false},"product_brand":[],"product_cat":[167],"product_tag":[168,169,256],"class_list":{"0":"post-7828","1":"product","2":"type-product","3":"status-publish","4":"has-post-thumbnail","6":"product_cat-bluetooth-speakers-fr","7":"product_tag-bluetooth-fr","8":"product_tag-fonction-dappariement-tws","9":"product_tag-resistant-a-leau","11":"first","12":"instock","13":"shipping-taxable","14":"purchasable","15":"product-type-simple"},"acf":[],"yoast_head":"<!-- This site is optimized with the Yoast SEO plugin v27.5 - https:\/\/yoast.com\/product\/yoast-seo-wordpress\/ -->\n<title>M-Series MZ-9 Fortify Haut-parleur sans fil Bluetooth<\/title>\n<meta name=\"description\" content=\"Le haut-parleur portable sans fil Bluetooth Veho MZ-9 Fortify dispose d&#039;une puissante puissance de sortie de 100 watts (RMS) avec subwoofer.\" \/>\n<meta name=\"robots\" content=\"index, follow, max-snippet:-1, max-image-preview:large, max-video-preview:-1\" \/>\n<link rel=\"canonical\" href=\"https:\/\/veho-schweiz.com\/fr\/product\/m-series-mz-9-fortify-haut-parleur-sans-fil-bluetooth\/\" \/>\n<meta property=\"og:locale\" content=\"fr_FR\" \/>\n<meta property=\"og:type\" content=\"article\" \/>\n<meta property=\"og:title\" content=\"M-Series MZ-9 Fortify Haut-parleur sans fil Bluetooth\" \/>\n<meta property=\"og:description\" content=\"Le haut-parleur portable sans fil Bluetooth Veho MZ-9 Fortify dispose d&#039;une puissante puissance de sortie de 100 watts (RMS) avec subwoofer.\" \/>\n<meta property=\"og:url\" content=\"https:\/\/veho-schweiz.com\/fr\/product\/m-series-mz-9-fortify-haut-parleur-sans-fil-bluetooth\/\" \/>\n<meta property=\"og:site_name\" content=\"Veho Lifestyle Store Suisse\" \/>\n<meta property=\"article:modified_time\" content=\"2025-07-23T09:00:12+00:00\" \/>\n<meta property=\"og:image\" content=\"https:\/\/veho-schweiz.com\/wp-content\/uploads\/2024\/04\/mz9-hero.png\" \/>\n\t<meta property=\"og:image:width\" content=\"620\" \/>\n\t<meta property=\"og:image:height\" content=\"620\" \/>\n\t<meta property=\"og:image:type\" content=\"image\/png\" \/>\n<meta name=\"twitter:card\" content=\"summary_large_image\" \/>\n<script type=\"application\/ld+json\" class=\"yoast-schema-graph\">{\"@context\":\"https:\\\/\\\/schema.org\",\"@graph\":[{\"@type\":\"WebPage\",\"@id\":\"https:\\\/\\\/veho-schweiz.com\\\/fr\\\/product\\\/m-series-mz-9-fortify-haut-parleur-sans-fil-bluetooth\\\/\",\"url\":\"https:\\\/\\\/veho-schweiz.com\\\/fr\\\/product\\\/m-series-mz-9-fortify-haut-parleur-sans-fil-bluetooth\\\/\",\"name\":\"M-Series MZ-9 Fortify Haut-parleur sans fil Bluetooth\",\"isPartOf\":{\"@id\":\"https:\\\/\\\/veho-schweiz.com\\\/fr\\\/#website\"},\"primaryImageOfPage\":{\"@id\":\"https:\\\/\\\/veho-schweiz.com\\\/fr\\\/product\\\/m-series-mz-9-fortify-haut-parleur-sans-fil-bluetooth\\\/#primaryimage\"},\"image\":{\"@id\":\"https:\\\/\\\/veho-schweiz.com\\\/fr\\\/product\\\/m-series-mz-9-fortify-haut-parleur-sans-fil-bluetooth\\\/#primaryimage\"},\"thumbnailUrl\":\"https:\\\/\\\/veho-schweiz.com\\\/wp-content\\\/uploads\\\/2024\\\/04\\\/mz9-hero.png\",\"datePublished\":\"2024-04-16T15:10:47+00:00\",\"dateModified\":\"2025-07-23T09:00:12+00:00\",\"description\":\"Le haut-parleur portable sans fil Bluetooth Veho MZ-9 Fortify dispose d'une puissante puissance de sortie de 100 watts (RMS) avec subwoofer.\",\"breadcrumb\":{\"@id\":\"https:\\\/\\\/veho-schweiz.com\\\/fr\\\/product\\\/m-series-mz-9-fortify-haut-parleur-sans-fil-bluetooth\\\/#breadcrumb\"},\"inLanguage\":\"fr-FR\",\"potentialAction\":[{\"@type\":\"ReadAction\",\"target\":[\"https:\\\/\\\/veho-schweiz.com\\\/fr\\\/product\\\/m-series-mz-9-fortify-haut-parleur-sans-fil-bluetooth\\\/\"]}]},{\"@type\":\"ImageObject\",\"inLanguage\":\"fr-FR\",\"@id\":\"https:\\\/\\\/veho-schweiz.com\\\/fr\\\/product\\\/m-series-mz-9-fortify-haut-parleur-sans-fil-bluetooth\\\/#primaryimage\",\"url\":\"https:\\\/\\\/veho-schweiz.com\\\/wp-content\\\/uploads\\\/2024\\\/04\\\/mz9-hero.png\",\"contentUrl\":\"https:\\\/\\\/veho-schweiz.com\\\/wp-content\\\/uploads\\\/2024\\\/04\\\/mz9-hero.png\",\"width\":620,\"height\":620},{\"@type\":\"BreadcrumbList\",\"@id\":\"https:\\\/\\\/veho-schweiz.com\\\/fr\\\/product\\\/m-series-mz-9-fortify-haut-parleur-sans-fil-bluetooth\\\/#breadcrumb\",\"itemListElement\":[{\"@type\":\"ListItem\",\"position\":1,\"name\":\"Home\",\"item\":\"https:\\\/\\\/veho-schweiz.com\\\/fr\\\/\"},{\"@type\":\"ListItem\",\"position\":2,\"name\":\"Shop\",\"item\":\"https:\\\/\\\/veho-schweiz.com\\\/shop\\\/\"},{\"@type\":\"ListItem\",\"position\":3,\"name\":\"M-Series MZ-9 Fortify Haut-parleur sans fil Bluetooth\"}]},{\"@type\":\"WebSite\",\"@id\":\"https:\\\/\\\/veho-schweiz.com\\\/fr\\\/#website\",\"url\":\"https:\\\/\\\/veho-schweiz.com\\\/fr\\\/\",\"name\":\"Veho Lifestyle Store Suisse\",\"description\":\"\u00c9lectronique grand public de conception britannique\",\"potentialAction\":[{\"@type\":\"SearchAction\",\"target\":{\"@type\":\"EntryPoint\",\"urlTemplate\":\"https:\\\/\\\/veho-schweiz.com\\\/fr\\\/?s={search_term_string}\"},\"query-input\":{\"@type\":\"PropertyValueSpecification\",\"valueRequired\":true,\"valueName\":\"search_term_string\"}}],\"inLanguage\":\"fr-FR\"}]}<\/script>\n<!-- \/ Yoast SEO plugin. -->","yoast_head_json":{"title":"M-Series MZ-9 Fortify Haut-parleur sans fil Bluetooth","description":"Le haut-parleur portable sans fil Bluetooth Veho MZ-9 Fortify dispose d'une puissante puissance de sortie de 100 watts (RMS) avec subwoofer.","robots":{"index":"index","follow":"follow","max-snippet":"max-snippet:-1","max-image-preview":"max-image-preview:large","max-video-preview":"max-video-preview:-1"},"canonical":"https:\/\/veho-schweiz.com\/fr\/product\/m-series-mz-9-fortify-haut-parleur-sans-fil-bluetooth\/","og_locale":"fr_FR","og_type":"article","og_title":"M-Series MZ-9 Fortify Haut-parleur sans fil Bluetooth","og_description":"Le haut-parleur portable sans fil Bluetooth Veho MZ-9 Fortify dispose d'une puissante puissance de sortie de 100 watts (RMS) avec subwoofer.","og_url":"https:\/\/veho-schweiz.com\/fr\/product\/m-series-mz-9-fortify-haut-parleur-sans-fil-bluetooth\/","og_site_name":"Veho Lifestyle Store Suisse","article_modified_time":"2025-07-23T09:00:12+00:00","og_image":[{"width":620,"height":620,"url":"https:\/\/veho-schweiz.com\/wp-content\/uploads\/2024\/04\/mz9-hero.png","type":"image\/png"}],"twitter_card":"summary_large_image","schema":{"@context":"https:\/\/schema.org","@graph":[{"@type":"WebPage","@id":"https:\/\/veho-schweiz.com\/fr\/product\/m-series-mz-9-fortify-haut-parleur-sans-fil-bluetooth\/","url":"https:\/\/veho-schweiz.com\/fr\/product\/m-series-mz-9-fortify-haut-parleur-sans-fil-bluetooth\/","name":"M-Series MZ-9 Fortify Haut-parleur sans fil Bluetooth","isPartOf":{"@id":"https:\/\/veho-schweiz.com\/fr\/#website"},"primaryImageOfPage":{"@id":"https:\/\/veho-schweiz.com\/fr\/product\/m-series-mz-9-fortify-haut-parleur-sans-fil-bluetooth\/#primaryimage"},"image":{"@id":"https:\/\/veho-schweiz.com\/fr\/product\/m-series-mz-9-fortify-haut-parleur-sans-fil-bluetooth\/#primaryimage"},"thumbnailUrl":"https:\/\/veho-schweiz.com\/wp-content\/uploads\/2024\/04\/mz9-hero.png","datePublished":"2024-04-16T15:10:47+00:00","dateModified":"2025-07-23T09:00:12+00:00","description":"Le haut-parleur portable sans fil Bluetooth Veho MZ-9 Fortify dispose d'une puissante puissance de sortie de 100 watts (RMS) avec subwoofer.","breadcrumb":{"@id":"https:\/\/veho-schweiz.com\/fr\/product\/m-series-mz-9-fortify-haut-parleur-sans-fil-bluetooth\/#breadcrumb"},"inLanguage":"fr-FR","potentialAction":[{"@type":"ReadAction","target":["https:\/\/veho-schweiz.com\/fr\/product\/m-series-mz-9-fortify-haut-parleur-sans-fil-bluetooth\/"]}]},{"@type":"ImageObject","inLanguage":"fr-FR","@id":"https:\/\/veho-schweiz.com\/fr\/product\/m-series-mz-9-fortify-haut-parleur-sans-fil-bluetooth\/#primaryimage","url":"https:\/\/veho-schweiz.com\/wp-content\/uploads\/2024\/04\/mz9-hero.png","contentUrl":"https:\/\/veho-schweiz.com\/wp-content\/uploads\/2024\/04\/mz9-hero.png","width":620,"height":620},{"@type":"BreadcrumbList","@id":"https:\/\/veho-schweiz.com\/fr\/product\/m-series-mz-9-fortify-haut-parleur-sans-fil-bluetooth\/#breadcrumb","itemListElement":[{"@type":"ListItem","position":1,"name":"Home","item":"https:\/\/veho-schweiz.com\/fr\/"},{"@type":"ListItem","position":2,"name":"Shop","item":"https:\/\/veho-schweiz.com\/shop\/"},{"@type":"ListItem","position":3,"name":"M-Series MZ-9 Fortify Haut-parleur sans fil Bluetooth"}]},{"@type":"WebSite","@id":"https:\/\/veho-schweiz.com\/fr\/#website","url":"https:\/\/veho-schweiz.com\/fr\/","name":"Veho Lifestyle Store Suisse","description":"\u00c9lectronique grand public de conception britannique","potentialAction":[{"@type":"SearchAction","target":{"@type":"EntryPoint","urlTemplate":"https:\/\/veho-schweiz.com\/fr\/?s={search_term_string}"},"query-input":{"@type":"PropertyValueSpecification","valueRequired":true,"valueName":"search_term_string"}}],"inLanguage":"fr-FR"}]}},"jetpack_sharing_enabled":true,"_links":{"self":[{"href":"https:\/\/veho-schweiz.com\/fr\/wp-json\/wp\/v2\/product\/7828","targetHints":{"allow":["GET"]}}],"collection":[{"href":"https:\/\/veho-schweiz.com\/fr\/wp-json\/wp\/v2\/product"}],"about":[{"href":"https:\/\/veho-schweiz.com\/fr\/wp-json\/wp\/v2\/types\/product"}],"replies":[{"embeddable":true,"href":"https:\/\/veho-schweiz.com\/fr\/wp-json\/wp\/v2\/comments?post=7828"}],"wp:featuredmedia":[{"embeddable":true,"href":"https:\/\/veho-schweiz.com\/fr\/wp-json\/wp\/v2\/media\/7380"}],"wp:attachment":[{"href":"https:\/\/veho-schweiz.com\/fr\/wp-json\/wp\/v2\/media?parent=7828"}],"wp:term":[{"taxonomy":"product_brand","embeddable":true,"href":"https:\/\/veho-schweiz.com\/fr\/wp-json\/wp\/v2\/product_brand?post=7828"},{"taxonomy":"product_cat","embeddable":true,"href":"https:\/\/veho-schweiz.com\/fr\/wp-json\/wp\/v2\/product_cat?post=7828"},{"taxonomy":"product_tag","embeddable":true,"href":"https:\/\/veho-schweiz.com\/fr\/wp-json\/wp\/v2\/product_tag?post=7828"}],"curies":[{"name":"wp","href":"https:\/\/api.w.org\/{rel}","templated":true}]}}