{"id":7822,"date":"2024-07-17T09:45:52","date_gmt":"2024-07-17T07:45:52","guid":{"rendered":"https:\/\/veho-schweiz.com\/product\/m-series-mz-4-haut-parleur-sans-fil-noir\/"},"modified":"2024-12-18T16:57:36","modified_gmt":"2024-12-18T15:57:36","slug":"m-series-mz-4-haut-parleur-sans-fil-noir","status":"publish","type":"product","link":"https:\/\/veho-schweiz.com\/fr\/product\/m-series-mz-4-haut-parleur-sans-fil-noir\/","title":{"rendered":"M-Series MZ-4 Haut-parleur sans fil &#8211; Noir"},"content":{"rendered":"<div class=\"wp-content wp-content--product\"><p>Le Veho MZ4 est un haut-parleur sans fil compact avec PBE\u2122 (Passive Bass Enhancer) int\u00e9gr\u00e9, qui offre une exp\u00e9rience sonore riche et puissante. Jusqu&rsquo;\u00e0 26 heures d&rsquo;autonomie. <\/p>\n<\/div>","protected":false},"excerpt":{"rendered":"<ul>\n<li>PBE\u2122 int\u00e9gr\u00e9 (amplificateur passif de basses)<\/li>\n<li>Couplez-le \u00e0 un autre MZ-4 via TWS pour un son surround<\/li>\n<li>Jusqu&rsquo;\u00e0 26 heures de lecture continue<\/li>\n<\/ul>\n","protected":false},"featured_media":7464,"comment_status":"closed","ping_status":"closed","template":"","meta":{"_acf_changed":false,"inline_featured_image":false},"product_brand":[],"product_cat":[167],"product_tag":[168,169],"class_list":{"0":"post-7822","1":"product","2":"type-product","3":"status-publish","4":"has-post-thumbnail","6":"product_cat-bluetooth-speakers-fr","7":"product_tag-bluetooth-fr","8":"product_tag-fonction-dappariement-tws","10":"first","11":"outofstock","12":"shipping-taxable","13":"purchasable","14":"product-type-simple"},"acf":[],"yoast_head":"<!-- This site is optimized with the Yoast SEO plugin v27.5 - https:\/\/yoast.com\/product\/yoast-seo-wordpress\/ -->\n<title>M-Series MZ-4 Haut-parleur sans fil - Noir<\/title>\n<meta name=\"description\" content=\"Le Veho MZ4 est un haut-parleur sans fil compact avec PBE\u2122 (Passive Bass Enhancer) int\u00e9gr\u00e9, qui offre une exp\u00e9rience sonore riche et puissante.\" \/>\n<meta name=\"robots\" content=\"index, follow, max-snippet:-1, max-image-preview:large, max-video-preview:-1\" \/>\n<link rel=\"canonical\" href=\"https:\/\/veho-schweiz.com\/fr\/product\/m-series-mz-4-haut-parleur-sans-fil-noir\/\" \/>\n<meta property=\"og:locale\" content=\"fr_FR\" \/>\n<meta property=\"og:type\" content=\"article\" \/>\n<meta property=\"og:title\" content=\"M-Series MZ-4 Haut-parleur sans fil - Noir\" \/>\n<meta property=\"og:description\" content=\"Le Veho MZ4 est un haut-parleur sans fil compact avec PBE\u2122 (Passive Bass Enhancer) int\u00e9gr\u00e9, qui offre une exp\u00e9rience sonore riche et puissante.\" \/>\n<meta property=\"og:url\" content=\"https:\/\/veho-schweiz.com\/fr\/product\/m-series-mz-4-haut-parleur-sans-fil-noir\/\" \/>\n<meta property=\"og:site_name\" content=\"Veho Lifestyle Store Suisse\" \/>\n<meta property=\"article:modified_time\" content=\"2024-12-18T15:57:36+00:00\" \/>\n<meta property=\"og:image\" content=\"https:\/\/veho-schweiz.com\/wp-content\/uploads\/2024\/07\/mz4_black_hero.png\" \/>\n\t<meta property=\"og:image:width\" content=\"620\" \/>\n\t<meta property=\"og:image:height\" content=\"620\" \/>\n\t<meta property=\"og:image:type\" content=\"image\/png\" \/>\n<meta name=\"twitter:card\" content=\"summary_large_image\" \/>\n<script type=\"application\/ld+json\" class=\"yoast-schema-graph\">{\"@context\":\"https:\\\/\\\/schema.org\",\"@graph\":[{\"@type\":\"WebPage\",\"@id\":\"https:\\\/\\\/veho-schweiz.com\\\/fr\\\/product\\\/m-series-mz-4-haut-parleur-sans-fil-noir\\\/\",\"url\":\"https:\\\/\\\/veho-schweiz.com\\\/fr\\\/product\\\/m-series-mz-4-haut-parleur-sans-fil-noir\\\/\",\"name\":\"M-Series MZ-4 Haut-parleur sans fil - Noir\",\"isPartOf\":{\"@id\":\"https:\\\/\\\/veho-schweiz.com\\\/fr\\\/#website\"},\"primaryImageOfPage\":{\"@id\":\"https:\\\/\\\/veho-schweiz.com\\\/fr\\\/product\\\/m-series-mz-4-haut-parleur-sans-fil-noir\\\/#primaryimage\"},\"image\":{\"@id\":\"https:\\\/\\\/veho-schweiz.com\\\/fr\\\/product\\\/m-series-mz-4-haut-parleur-sans-fil-noir\\\/#primaryimage\"},\"thumbnailUrl\":\"https:\\\/\\\/veho-schweiz.com\\\/wp-content\\\/uploads\\\/2024\\\/07\\\/mz4_black_hero.png\",\"datePublished\":\"2024-07-17T07:45:52+00:00\",\"dateModified\":\"2024-12-18T15:57:36+00:00\",\"description\":\"Le Veho MZ4 est un haut-parleur sans fil compact avec PBE\u2122 (Passive Bass Enhancer) int\u00e9gr\u00e9, qui offre une exp\u00e9rience sonore riche et puissante.\",\"breadcrumb\":{\"@id\":\"https:\\\/\\\/veho-schweiz.com\\\/fr\\\/product\\\/m-series-mz-4-haut-parleur-sans-fil-noir\\\/#breadcrumb\"},\"inLanguage\":\"fr-FR\",\"potentialAction\":[{\"@type\":\"ReadAction\",\"target\":[\"https:\\\/\\\/veho-schweiz.com\\\/fr\\\/product\\\/m-series-mz-4-haut-parleur-sans-fil-noir\\\/\"]}]},{\"@type\":\"ImageObject\",\"inLanguage\":\"fr-FR\",\"@id\":\"https:\\\/\\\/veho-schweiz.com\\\/fr\\\/product\\\/m-series-mz-4-haut-parleur-sans-fil-noir\\\/#primaryimage\",\"url\":\"https:\\\/\\\/veho-schweiz.com\\\/wp-content\\\/uploads\\\/2024\\\/07\\\/mz4_black_hero.png\",\"contentUrl\":\"https:\\\/\\\/veho-schweiz.com\\\/wp-content\\\/uploads\\\/2024\\\/07\\\/mz4_black_hero.png\",\"width\":620,\"height\":620},{\"@type\":\"BreadcrumbList\",\"@id\":\"https:\\\/\\\/veho-schweiz.com\\\/fr\\\/product\\\/m-series-mz-4-haut-parleur-sans-fil-noir\\\/#breadcrumb\",\"itemListElement\":[{\"@type\":\"ListItem\",\"position\":1,\"name\":\"Home\",\"item\":\"https:\\\/\\\/veho-schweiz.com\\\/fr\\\/\"},{\"@type\":\"ListItem\",\"position\":2,\"name\":\"Shop\",\"item\":\"https:\\\/\\\/veho-schweiz.com\\\/shop\\\/\"},{\"@type\":\"ListItem\",\"position\":3,\"name\":\"M-Series MZ-4 Haut-parleur sans fil &#8211; Noir\"}]},{\"@type\":\"WebSite\",\"@id\":\"https:\\\/\\\/veho-schweiz.com\\\/fr\\\/#website\",\"url\":\"https:\\\/\\\/veho-schweiz.com\\\/fr\\\/\",\"name\":\"Veho Lifestyle Store Suisse\",\"description\":\"\u00c9lectronique grand public de conception britannique\",\"potentialAction\":[{\"@type\":\"SearchAction\",\"target\":{\"@type\":\"EntryPoint\",\"urlTemplate\":\"https:\\\/\\\/veho-schweiz.com\\\/fr\\\/?s={search_term_string}\"},\"query-input\":{\"@type\":\"PropertyValueSpecification\",\"valueRequired\":true,\"valueName\":\"search_term_string\"}}],\"inLanguage\":\"fr-FR\"}]}<\/script>\n<!-- \/ Yoast SEO plugin. -->","yoast_head_json":{"title":"M-Series MZ-4 Haut-parleur sans fil - Noir","description":"Le Veho MZ4 est un haut-parleur sans fil compact avec PBE\u2122 (Passive Bass Enhancer) int\u00e9gr\u00e9, qui offre une exp\u00e9rience sonore riche et puissante.","robots":{"index":"index","follow":"follow","max-snippet":"max-snippet:-1","max-image-preview":"max-image-preview:large","max-video-preview":"max-video-preview:-1"},"canonical":"https:\/\/veho-schweiz.com\/fr\/product\/m-series-mz-4-haut-parleur-sans-fil-noir\/","og_locale":"fr_FR","og_type":"article","og_title":"M-Series MZ-4 Haut-parleur sans fil - Noir","og_description":"Le Veho MZ4 est un haut-parleur sans fil compact avec PBE\u2122 (Passive Bass Enhancer) int\u00e9gr\u00e9, qui offre une exp\u00e9rience sonore riche et puissante.","og_url":"https:\/\/veho-schweiz.com\/fr\/product\/m-series-mz-4-haut-parleur-sans-fil-noir\/","og_site_name":"Veho Lifestyle Store Suisse","article_modified_time":"2024-12-18T15:57:36+00:00","og_image":[{"width":620,"height":620,"url":"https:\/\/veho-schweiz.com\/wp-content\/uploads\/2024\/07\/mz4_black_hero.png","type":"image\/png"}],"twitter_card":"summary_large_image","schema":{"@context":"https:\/\/schema.org","@graph":[{"@type":"WebPage","@id":"https:\/\/veho-schweiz.com\/fr\/product\/m-series-mz-4-haut-parleur-sans-fil-noir\/","url":"https:\/\/veho-schweiz.com\/fr\/product\/m-series-mz-4-haut-parleur-sans-fil-noir\/","name":"M-Series MZ-4 Haut-parleur sans fil - Noir","isPartOf":{"@id":"https:\/\/veho-schweiz.com\/fr\/#website"},"primaryImageOfPage":{"@id":"https:\/\/veho-schweiz.com\/fr\/product\/m-series-mz-4-haut-parleur-sans-fil-noir\/#primaryimage"},"image":{"@id":"https:\/\/veho-schweiz.com\/fr\/product\/m-series-mz-4-haut-parleur-sans-fil-noir\/#primaryimage"},"thumbnailUrl":"https:\/\/veho-schweiz.com\/wp-content\/uploads\/2024\/07\/mz4_black_hero.png","datePublished":"2024-07-17T07:45:52+00:00","dateModified":"2024-12-18T15:57:36+00:00","description":"Le Veho MZ4 est un haut-parleur sans fil compact avec PBE\u2122 (Passive Bass Enhancer) int\u00e9gr\u00e9, qui offre une exp\u00e9rience sonore riche et puissante.","breadcrumb":{"@id":"https:\/\/veho-schweiz.com\/fr\/product\/m-series-mz-4-haut-parleur-sans-fil-noir\/#breadcrumb"},"inLanguage":"fr-FR","potentialAction":[{"@type":"ReadAction","target":["https:\/\/veho-schweiz.com\/fr\/product\/m-series-mz-4-haut-parleur-sans-fil-noir\/"]}]},{"@type":"ImageObject","inLanguage":"fr-FR","@id":"https:\/\/veho-schweiz.com\/fr\/product\/m-series-mz-4-haut-parleur-sans-fil-noir\/#primaryimage","url":"https:\/\/veho-schweiz.com\/wp-content\/uploads\/2024\/07\/mz4_black_hero.png","contentUrl":"https:\/\/veho-schweiz.com\/wp-content\/uploads\/2024\/07\/mz4_black_hero.png","width":620,"height":620},{"@type":"BreadcrumbList","@id":"https:\/\/veho-schweiz.com\/fr\/product\/m-series-mz-4-haut-parleur-sans-fil-noir\/#breadcrumb","itemListElement":[{"@type":"ListItem","position":1,"name":"Home","item":"https:\/\/veho-schweiz.com\/fr\/"},{"@type":"ListItem","position":2,"name":"Shop","item":"https:\/\/veho-schweiz.com\/shop\/"},{"@type":"ListItem","position":3,"name":"M-Series MZ-4 Haut-parleur sans fil &#8211; Noir"}]},{"@type":"WebSite","@id":"https:\/\/veho-schweiz.com\/fr\/#website","url":"https:\/\/veho-schweiz.com\/fr\/","name":"Veho Lifestyle Store Suisse","description":"\u00c9lectronique grand public de conception britannique","potentialAction":[{"@type":"SearchAction","target":{"@type":"EntryPoint","urlTemplate":"https:\/\/veho-schweiz.com\/fr\/?s={search_term_string}"},"query-input":{"@type":"PropertyValueSpecification","valueRequired":true,"valueName":"search_term_string"}}],"inLanguage":"fr-FR"}]}},"jetpack_sharing_enabled":true,"_links":{"self":[{"href":"https:\/\/veho-schweiz.com\/fr\/wp-json\/wp\/v2\/product\/7822","targetHints":{"allow":["GET"]}}],"collection":[{"href":"https:\/\/veho-schweiz.com\/fr\/wp-json\/wp\/v2\/product"}],"about":[{"href":"https:\/\/veho-schweiz.com\/fr\/wp-json\/wp\/v2\/types\/product"}],"replies":[{"embeddable":true,"href":"https:\/\/veho-schweiz.com\/fr\/wp-json\/wp\/v2\/comments?post=7822"}],"wp:featuredmedia":[{"embeddable":true,"href":"https:\/\/veho-schweiz.com\/fr\/wp-json\/wp\/v2\/media\/7464"}],"wp:attachment":[{"href":"https:\/\/veho-schweiz.com\/fr\/wp-json\/wp\/v2\/media?parent=7822"}],"wp:term":[{"taxonomy":"product_brand","embeddable":true,"href":"https:\/\/veho-schweiz.com\/fr\/wp-json\/wp\/v2\/product_brand?post=7822"},{"taxonomy":"product_cat","embeddable":true,"href":"https:\/\/veho-schweiz.com\/fr\/wp-json\/wp\/v2\/product_cat?post=7822"},{"taxonomy":"product_tag","embeddable":true,"href":"https:\/\/veho-schweiz.com\/fr\/wp-json\/wp\/v2\/product_tag?post=7822"}],"curies":[{"name":"wp","href":"https:\/\/api.w.org\/{rel}","templated":true}]}}