{"id":7820,"date":"2024-10-08T17:44:12","date_gmt":"2024-10-08T15:44:12","guid":{"rendered":"https:\/\/veho-schweiz.com\/product\/kuzo-ii-fs-2-montre-intelligente-de-sport-avec-gps-noir\/"},"modified":"2024-12-18T13:12:47","modified_gmt":"2024-12-18T12:12:47","slug":"kuzo-ii-fs-2-montre-intelligente-de-sport-avec-gps-noir","status":"publish","type":"product","link":"https:\/\/veho-schweiz.com\/fr\/product\/kuzo-ii-fs-2-montre-intelligente-de-sport-avec-gps-noir\/","title":{"rendered":"Kuzo II FS-2 Montre intelligente de sport avec GPS &#8211; Noir"},"content":{"rendered":"<div class=\"wp-content wp-content--product\"><p>La Veho Kuzo II FS-2 est une smartwatch robuste et durable pour l&rsquo;aventure, le sport et le plein air, avec un \u00e9cran tactile AMOLED et un GPS int\u00e9gr\u00e9. La smartwatch Kuzo II FS-2 est une montre \u00e9l\u00e9gante et styl\u00e9e dot\u00e9e de fonctionnalit\u00e9s impressionnantes. Son \u00e9cran AMOLED de 1,3 pouce offre des couleurs vives, tandis que son design l\u00e9ger et robuste permet un port confortable dans n&rsquo;importe quel environnement. Avec des fonctions compl\u00e8tes de surveillance de la sant\u00e9, notamment le suivi de la fr\u00e9quence cardiaque, le taux d&rsquo;oxyg\u00e8ne dans le sang et l&rsquo;analyse du sommeil, la Kuzo II FS-2 vous aide \u00e0 prendre des d\u00e9cisions \u00e9clair\u00e9es sur votre mode de vie. Restez connect\u00e9 gr\u00e2ce aux notifications intelligentes pour les appels, les messages et les alertes des m\u00e9dias sociaux. L&rsquo;interface utilisateur intuitive de la montre vous permet de contr\u00f4ler la lecture de la musique et de g\u00e9rer les alertes. Avec un indice de r\u00e9sistance \u00e0 l&rsquo;eau et \u00e0 la poussi\u00e8re IP68, elle est parfaite pour les s\u00e9ances d&rsquo;entra\u00eenement et les aventures en plein air.      <\/p>\n<\/div>","protected":false},"excerpt":{"rendered":"<ul>\n<li>\u00c9cran tactile AMOLED 1,3 pouce en couleurs<\/li>\n<li>Surveillance de la sant\u00e9 et suivi de la condition physique 24h\/24 et 7j\/7<\/li>\n<li>Etanche \u00e0 l&rsquo;eau selon IP68<\/li>\n<li>GPS int\u00e9gr\u00e9 avec 3 modes<\/li>\n<\/ul>\n","protected":false},"featured_media":7488,"comment_status":"closed","ping_status":"closed","template":"","meta":{"_acf_changed":false,"inline_featured_image":false},"product_brand":[],"product_cat":[180],"product_tag":[],"class_list":{"0":"post-7820","1":"product","2":"type-product","3":"status-publish","4":"has-post-thumbnail","6":"product_cat-kuzo-sport-smartwatch-fr","8":"first","9":"instock","10":"shipping-taxable","11":"purchasable","12":"product-type-simple"},"acf":[],"yoast_head":"<!-- This site is optimized with the Yoast SEO plugin v27.5 - https:\/\/yoast.com\/product\/yoast-seo-wordpress\/ -->\n<title>Kuzo II FS-2 Montre intelligente de sport avec GPS - Noir - Veho Lifestyle Store Suisse<\/title>\n<meta name=\"description\" content=\"La Veho Kuzo Sports Smart Watch est une montre intelligente robuste et durable con\u00e7ue pour le plein air, les sports et l&#039;aventure avec un GPS int\u00e9gr\u00e9 et un \u00e9cran AMOLED.\" \/>\n<meta name=\"robots\" content=\"index, follow, max-snippet:-1, max-image-preview:large, max-video-preview:-1\" \/>\n<link rel=\"canonical\" href=\"https:\/\/veho-schweiz.com\/fr\/product\/kuzo-ii-fs-2-montre-intelligente-de-sport-avec-gps-noir\/\" \/>\n<meta property=\"og:locale\" content=\"fr_FR\" \/>\n<meta property=\"og:type\" content=\"article\" \/>\n<meta property=\"og:title\" content=\"Kuzo II FS-2 Montre intelligente de sport avec GPS - Noir - Veho Lifestyle Store Suisse\" \/>\n<meta property=\"og:description\" content=\"La Veho Kuzo Sports Smart Watch est une montre intelligente robuste et durable con\u00e7ue pour le plein air, les sports et l&#039;aventure avec un GPS int\u00e9gr\u00e9 et un \u00e9cran AMOLED.\" \/>\n<meta property=\"og:url\" content=\"https:\/\/veho-schweiz.com\/fr\/product\/kuzo-ii-fs-2-montre-intelligente-de-sport-avec-gps-noir\/\" \/>\n<meta property=\"og:site_name\" content=\"Veho Lifestyle Store Suisse\" \/>\n<meta property=\"article:modified_time\" content=\"2024-12-18T12:12:47+00:00\" \/>\n<meta property=\"og:image\" content=\"https:\/\/veho-schweiz.com\/wp-content\/uploads\/2024\/09\/fs2_hero.png\" \/>\n\t<meta property=\"og:image:width\" content=\"620\" \/>\n\t<meta property=\"og:image:height\" content=\"620\" \/>\n\t<meta property=\"og:image:type\" content=\"image\/png\" \/>\n<meta name=\"twitter:card\" content=\"summary_large_image\" \/>\n<meta name=\"twitter:label1\" content=\"Dur\u00e9e de lecture estim\u00e9e\" \/>\n\t<meta name=\"twitter:data1\" content=\"2 minutes\" \/>\n<script type=\"application\/ld+json\" class=\"yoast-schema-graph\">{\"@context\":\"https:\\\/\\\/schema.org\",\"@graph\":[{\"@type\":\"WebPage\",\"@id\":\"https:\\\/\\\/veho-schweiz.com\\\/fr\\\/product\\\/kuzo-ii-fs-2-montre-intelligente-de-sport-avec-gps-noir\\\/\",\"url\":\"https:\\\/\\\/veho-schweiz.com\\\/fr\\\/product\\\/kuzo-ii-fs-2-montre-intelligente-de-sport-avec-gps-noir\\\/\",\"name\":\"Kuzo II FS-2 Montre intelligente de sport avec GPS - Noir - Veho Lifestyle Store Suisse\",\"isPartOf\":{\"@id\":\"https:\\\/\\\/veho-schweiz.com\\\/fr\\\/#website\"},\"primaryImageOfPage\":{\"@id\":\"https:\\\/\\\/veho-schweiz.com\\\/fr\\\/product\\\/kuzo-ii-fs-2-montre-intelligente-de-sport-avec-gps-noir\\\/#primaryimage\"},\"image\":{\"@id\":\"https:\\\/\\\/veho-schweiz.com\\\/fr\\\/product\\\/kuzo-ii-fs-2-montre-intelligente-de-sport-avec-gps-noir\\\/#primaryimage\"},\"thumbnailUrl\":\"https:\\\/\\\/veho-schweiz.com\\\/wp-content\\\/uploads\\\/2024\\\/09\\\/fs2_hero.png\",\"datePublished\":\"2024-10-08T15:44:12+00:00\",\"dateModified\":\"2024-12-18T12:12:47+00:00\",\"description\":\"La Veho Kuzo Sports Smart Watch est une montre intelligente robuste et durable con\u00e7ue pour le plein air, les sports et l'aventure avec un GPS int\u00e9gr\u00e9 et un \u00e9cran AMOLED.\",\"breadcrumb\":{\"@id\":\"https:\\\/\\\/veho-schweiz.com\\\/fr\\\/product\\\/kuzo-ii-fs-2-montre-intelligente-de-sport-avec-gps-noir\\\/#breadcrumb\"},\"inLanguage\":\"fr-FR\",\"potentialAction\":[{\"@type\":\"ReadAction\",\"target\":[\"https:\\\/\\\/veho-schweiz.com\\\/fr\\\/product\\\/kuzo-ii-fs-2-montre-intelligente-de-sport-avec-gps-noir\\\/\"]}]},{\"@type\":\"ImageObject\",\"inLanguage\":\"fr-FR\",\"@id\":\"https:\\\/\\\/veho-schweiz.com\\\/fr\\\/product\\\/kuzo-ii-fs-2-montre-intelligente-de-sport-avec-gps-noir\\\/#primaryimage\",\"url\":\"https:\\\/\\\/veho-schweiz.com\\\/wp-content\\\/uploads\\\/2024\\\/09\\\/fs2_hero.png\",\"contentUrl\":\"https:\\\/\\\/veho-schweiz.com\\\/wp-content\\\/uploads\\\/2024\\\/09\\\/fs2_hero.png\",\"width\":620,\"height\":620},{\"@type\":\"BreadcrumbList\",\"@id\":\"https:\\\/\\\/veho-schweiz.com\\\/fr\\\/product\\\/kuzo-ii-fs-2-montre-intelligente-de-sport-avec-gps-noir\\\/#breadcrumb\",\"itemListElement\":[{\"@type\":\"ListItem\",\"position\":1,\"name\":\"Home\",\"item\":\"https:\\\/\\\/veho-schweiz.com\\\/fr\\\/\"},{\"@type\":\"ListItem\",\"position\":2,\"name\":\"Shop\",\"item\":\"https:\\\/\\\/veho-schweiz.com\\\/shop\\\/\"},{\"@type\":\"ListItem\",\"position\":3,\"name\":\"Kuzo II FS-2 Montre intelligente de sport avec GPS &#8211; Noir\"}]},{\"@type\":\"WebSite\",\"@id\":\"https:\\\/\\\/veho-schweiz.com\\\/fr\\\/#website\",\"url\":\"https:\\\/\\\/veho-schweiz.com\\\/fr\\\/\",\"name\":\"Veho Lifestyle Store Suisse\",\"description\":\"\u00c9lectronique grand public de conception britannique\",\"potentialAction\":[{\"@type\":\"SearchAction\",\"target\":{\"@type\":\"EntryPoint\",\"urlTemplate\":\"https:\\\/\\\/veho-schweiz.com\\\/fr\\\/?s={search_term_string}\"},\"query-input\":{\"@type\":\"PropertyValueSpecification\",\"valueRequired\":true,\"valueName\":\"search_term_string\"}}],\"inLanguage\":\"fr-FR\"}]}<\/script>\n<!-- \/ Yoast SEO plugin. -->","yoast_head_json":{"title":"Kuzo II FS-2 Montre intelligente de sport avec GPS - Noir - Veho Lifestyle Store Suisse","description":"La Veho Kuzo Sports Smart Watch est une montre intelligente robuste et durable con\u00e7ue pour le plein air, les sports et l'aventure avec un GPS int\u00e9gr\u00e9 et un \u00e9cran AMOLED.","robots":{"index":"index","follow":"follow","max-snippet":"max-snippet:-1","max-image-preview":"max-image-preview:large","max-video-preview":"max-video-preview:-1"},"canonical":"https:\/\/veho-schweiz.com\/fr\/product\/kuzo-ii-fs-2-montre-intelligente-de-sport-avec-gps-noir\/","og_locale":"fr_FR","og_type":"article","og_title":"Kuzo II FS-2 Montre intelligente de sport avec GPS - Noir - Veho Lifestyle Store Suisse","og_description":"La Veho Kuzo Sports Smart Watch est une montre intelligente robuste et durable con\u00e7ue pour le plein air, les sports et l'aventure avec un GPS int\u00e9gr\u00e9 et un \u00e9cran AMOLED.","og_url":"https:\/\/veho-schweiz.com\/fr\/product\/kuzo-ii-fs-2-montre-intelligente-de-sport-avec-gps-noir\/","og_site_name":"Veho Lifestyle Store Suisse","article_modified_time":"2024-12-18T12:12:47+00:00","og_image":[{"width":620,"height":620,"url":"https:\/\/veho-schweiz.com\/wp-content\/uploads\/2024\/09\/fs2_hero.png","type":"image\/png"}],"twitter_card":"summary_large_image","twitter_misc":{"Dur\u00e9e de lecture estim\u00e9e":"2 minutes"},"schema":{"@context":"https:\/\/schema.org","@graph":[{"@type":"WebPage","@id":"https:\/\/veho-schweiz.com\/fr\/product\/kuzo-ii-fs-2-montre-intelligente-de-sport-avec-gps-noir\/","url":"https:\/\/veho-schweiz.com\/fr\/product\/kuzo-ii-fs-2-montre-intelligente-de-sport-avec-gps-noir\/","name":"Kuzo II FS-2 Montre intelligente de sport avec GPS - Noir - Veho Lifestyle Store Suisse","isPartOf":{"@id":"https:\/\/veho-schweiz.com\/fr\/#website"},"primaryImageOfPage":{"@id":"https:\/\/veho-schweiz.com\/fr\/product\/kuzo-ii-fs-2-montre-intelligente-de-sport-avec-gps-noir\/#primaryimage"},"image":{"@id":"https:\/\/veho-schweiz.com\/fr\/product\/kuzo-ii-fs-2-montre-intelligente-de-sport-avec-gps-noir\/#primaryimage"},"thumbnailUrl":"https:\/\/veho-schweiz.com\/wp-content\/uploads\/2024\/09\/fs2_hero.png","datePublished":"2024-10-08T15:44:12+00:00","dateModified":"2024-12-18T12:12:47+00:00","description":"La Veho Kuzo Sports Smart Watch est une montre intelligente robuste et durable con\u00e7ue pour le plein air, les sports et l'aventure avec un GPS int\u00e9gr\u00e9 et un \u00e9cran AMOLED.","breadcrumb":{"@id":"https:\/\/veho-schweiz.com\/fr\/product\/kuzo-ii-fs-2-montre-intelligente-de-sport-avec-gps-noir\/#breadcrumb"},"inLanguage":"fr-FR","potentialAction":[{"@type":"ReadAction","target":["https:\/\/veho-schweiz.com\/fr\/product\/kuzo-ii-fs-2-montre-intelligente-de-sport-avec-gps-noir\/"]}]},{"@type":"ImageObject","inLanguage":"fr-FR","@id":"https:\/\/veho-schweiz.com\/fr\/product\/kuzo-ii-fs-2-montre-intelligente-de-sport-avec-gps-noir\/#primaryimage","url":"https:\/\/veho-schweiz.com\/wp-content\/uploads\/2024\/09\/fs2_hero.png","contentUrl":"https:\/\/veho-schweiz.com\/wp-content\/uploads\/2024\/09\/fs2_hero.png","width":620,"height":620},{"@type":"BreadcrumbList","@id":"https:\/\/veho-schweiz.com\/fr\/product\/kuzo-ii-fs-2-montre-intelligente-de-sport-avec-gps-noir\/#breadcrumb","itemListElement":[{"@type":"ListItem","position":1,"name":"Home","item":"https:\/\/veho-schweiz.com\/fr\/"},{"@type":"ListItem","position":2,"name":"Shop","item":"https:\/\/veho-schweiz.com\/shop\/"},{"@type":"ListItem","position":3,"name":"Kuzo II FS-2 Montre intelligente de sport avec GPS &#8211; Noir"}]},{"@type":"WebSite","@id":"https:\/\/veho-schweiz.com\/fr\/#website","url":"https:\/\/veho-schweiz.com\/fr\/","name":"Veho Lifestyle Store Suisse","description":"\u00c9lectronique grand public de conception britannique","potentialAction":[{"@type":"SearchAction","target":{"@type":"EntryPoint","urlTemplate":"https:\/\/veho-schweiz.com\/fr\/?s={search_term_string}"},"query-input":{"@type":"PropertyValueSpecification","valueRequired":true,"valueName":"search_term_string"}}],"inLanguage":"fr-FR"}]}},"jetpack_sharing_enabled":true,"_links":{"self":[{"href":"https:\/\/veho-schweiz.com\/fr\/wp-json\/wp\/v2\/product\/7820","targetHints":{"allow":["GET"]}}],"collection":[{"href":"https:\/\/veho-schweiz.com\/fr\/wp-json\/wp\/v2\/product"}],"about":[{"href":"https:\/\/veho-schweiz.com\/fr\/wp-json\/wp\/v2\/types\/product"}],"replies":[{"embeddable":true,"href":"https:\/\/veho-schweiz.com\/fr\/wp-json\/wp\/v2\/comments?post=7820"}],"wp:featuredmedia":[{"embeddable":true,"href":"https:\/\/veho-schweiz.com\/fr\/wp-json\/wp\/v2\/media\/7488"}],"wp:attachment":[{"href":"https:\/\/veho-schweiz.com\/fr\/wp-json\/wp\/v2\/media?parent=7820"}],"wp:term":[{"taxonomy":"product_brand","embeddable":true,"href":"https:\/\/veho-schweiz.com\/fr\/wp-json\/wp\/v2\/product_brand?post=7820"},{"taxonomy":"product_cat","embeddable":true,"href":"https:\/\/veho-schweiz.com\/fr\/wp-json\/wp\/v2\/product_cat?post=7820"},{"taxonomy":"product_tag","embeddable":true,"href":"https:\/\/veho-schweiz.com\/fr\/wp-json\/wp\/v2\/product_tag?post=7820"}],"curies":[{"name":"wp","href":"https:\/\/api.w.org\/{rel}","templated":true}]}}