{"id":7812,"date":"2024-10-08T17:44:39","date_gmt":"2024-10-08T15:44:39","guid":{"rendered":"https:\/\/veho-schweiz.com\/product\/pebble-pokket-1000mah-batterie-externe-de-la-taille-dun-micro-porte-cles-orange\/"},"modified":"2024-12-20T09:58:21","modified_gmt":"2024-12-20T08:58:21","slug":"pebble-pokket-1000mah-batterie-externe-de-la-taille-dun-micro-porte-cles-orange","status":"publish","type":"product","link":"https:\/\/veho-schweiz.com\/fr\/product\/pebble-pokket-1000mah-batterie-externe-de-la-taille-dun-micro-porte-cles-orange\/","title":{"rendered":"Pebble Pokket 1000mAh batterie externe de la taille d&rsquo;un micro porte-cl\u00e9s &#8211; Orange"},"content":{"rendered":"<div class=\"wp-content wp-content--product\"><p><span style=\"vertical-align: inherit;\"><span style=\"vertical-align: inherit;\">La Pokket Pebble est une banque d&rsquo;\u00e9nergie ultra-mince et compacte qui est suffisamment discr\u00e8te pour tenir dans votre poche ou que vous pouvez attacher \u00e0 votre porte-cl\u00e9s. Fournissant jusqu&rsquo;\u00e0 25% d&rsquo;\u00e9nergie \u00e0 votre appareil (sur la base d&rsquo;un smartphone moyen), la batterie Pebble Pokket est parfaite pour toutes les occasions o\u00f9 il n&rsquo;est pas pratique de transporter un grand sac. Con\u00e7ue au Royaume-Uni.  <\/span><\/span><\/p>\n<\/div>","protected":false},"excerpt":{"rendered":"<ul>\n<li><span style=\"vertical-align: inherit;\"><span style=\"vertical-align: inherit;\">Batterie de 1000mAh pour fournir jusqu&rsquo;\u00e0 25% d&rsquo;autonomie suppl\u00e9mentaire \u00e0 votre appareil<\/span><\/span><\/li>\n<li><span style=\"vertical-align: inherit;\"><span style=\"vertical-align: inherit;\">Petit et suffisamment plat pour tenir discr\u00e8tement dans une poche ou sur un porte-cl\u00e9s<\/span><\/span><\/li>\n<li><span style=\"vertical-align: inherit;\"><span style=\"vertical-align: inherit;\">Connexion USB-C int\u00e9gr\u00e9e, compatible avec la plupart des smartphones Android<\/span><\/span><\/li>\n<\/ul>\n","protected":false},"featured_media":5094,"comment_status":"closed","ping_status":"closed","template":"","meta":{"_acf_changed":false,"inline_featured_image":false},"product_brand":[],"product_cat":[228],"product_tag":[],"class_list":{"0":"post-7812","1":"product","2":"type-product","3":"status-publish","4":"has-post-thumbnail","6":"product_cat-emergency-power-banks-fr","8":"first","9":"outofstock","10":"shipping-taxable","11":"purchasable","12":"product-type-simple"},"acf":[],"yoast_head":"<!-- This site is optimized with the Yoast SEO plugin v27.5 - https:\/\/yoast.com\/product\/yoast-seo-wordpress\/ -->\n<title>Pebble Pokket 1000mAh batterie externe de la taille d&#039;un micro porte-cl\u00e9s - Orange<\/title>\n<meta name=\"description\" content=\"La Pebble Pokket est une banque d&#039;\u00e9nergie d&#039;urgence ultra-mince, suffisamment petite pour tenir dans votre poche sans se faire remarquer.\" \/>\n<meta name=\"robots\" content=\"index, follow, max-snippet:-1, max-image-preview:large, max-video-preview:-1\" \/>\n<link rel=\"canonical\" href=\"https:\/\/veho-schweiz.com\/fr\/product\/pebble-pokket-1000mah-batterie-externe-de-la-taille-dun-micro-porte-cles-orange\/\" \/>\n<meta property=\"og:locale\" content=\"fr_FR\" \/>\n<meta property=\"og:type\" content=\"article\" \/>\n<meta property=\"og:title\" content=\"Pebble Pokket 1000mAh batterie externe de la taille d&#039;un micro porte-cl\u00e9s - Orange\" \/>\n<meta property=\"og:description\" content=\"La Pebble Pokket est une banque d&#039;\u00e9nergie d&#039;urgence ultra-mince, suffisamment petite pour tenir dans votre poche sans se faire remarquer.\" \/>\n<meta property=\"og:url\" content=\"https:\/\/veho-schweiz.com\/fr\/product\/pebble-pokket-1000mah-batterie-externe-de-la-taille-dun-micro-porte-cles-orange\/\" \/>\n<meta property=\"og:site_name\" content=\"Veho Lifestyle Store Suisse\" \/>\n<meta property=\"article:modified_time\" content=\"2024-12-20T08:58:21+00:00\" \/>\n<meta property=\"og:image\" content=\"https:\/\/veho-schweiz.com\/wp-content\/uploads\/2022\/02\/VPP-016-PK-O_1.png\" \/>\n\t<meta property=\"og:image:width\" content=\"620\" \/>\n\t<meta property=\"og:image:height\" content=\"620\" \/>\n\t<meta property=\"og:image:type\" content=\"image\/png\" \/>\n<meta name=\"twitter:card\" content=\"summary_large_image\" \/>\n<script type=\"application\/ld+json\" class=\"yoast-schema-graph\">{\"@context\":\"https:\\\/\\\/schema.org\",\"@graph\":[{\"@type\":\"WebPage\",\"@id\":\"https:\\\/\\\/veho-schweiz.com\\\/fr\\\/product\\\/pebble-pokket-1000mah-batterie-externe-de-la-taille-dun-micro-porte-cles-orange\\\/\",\"url\":\"https:\\\/\\\/veho-schweiz.com\\\/fr\\\/product\\\/pebble-pokket-1000mah-batterie-externe-de-la-taille-dun-micro-porte-cles-orange\\\/\",\"name\":\"Pebble Pokket 1000mAh batterie externe de la taille d'un micro porte-cl\u00e9s - Orange\",\"isPartOf\":{\"@id\":\"https:\\\/\\\/veho-schweiz.com\\\/fr\\\/#website\"},\"primaryImageOfPage\":{\"@id\":\"https:\\\/\\\/veho-schweiz.com\\\/fr\\\/product\\\/pebble-pokket-1000mah-batterie-externe-de-la-taille-dun-micro-porte-cles-orange\\\/#primaryimage\"},\"image\":{\"@id\":\"https:\\\/\\\/veho-schweiz.com\\\/fr\\\/product\\\/pebble-pokket-1000mah-batterie-externe-de-la-taille-dun-micro-porte-cles-orange\\\/#primaryimage\"},\"thumbnailUrl\":\"https:\\\/\\\/veho-schweiz.com\\\/wp-content\\\/uploads\\\/2022\\\/02\\\/VPP-016-PK-O_1.png\",\"datePublished\":\"2024-10-08T15:44:39+00:00\",\"dateModified\":\"2024-12-20T08:58:21+00:00\",\"description\":\"La Pebble Pokket est une banque d'\u00e9nergie d'urgence ultra-mince, suffisamment petite pour tenir dans votre poche sans se faire remarquer.\",\"breadcrumb\":{\"@id\":\"https:\\\/\\\/veho-schweiz.com\\\/fr\\\/product\\\/pebble-pokket-1000mah-batterie-externe-de-la-taille-dun-micro-porte-cles-orange\\\/#breadcrumb\"},\"inLanguage\":\"fr-FR\",\"potentialAction\":[{\"@type\":\"ReadAction\",\"target\":[\"https:\\\/\\\/veho-schweiz.com\\\/fr\\\/product\\\/pebble-pokket-1000mah-batterie-externe-de-la-taille-dun-micro-porte-cles-orange\\\/\"]}]},{\"@type\":\"ImageObject\",\"inLanguage\":\"fr-FR\",\"@id\":\"https:\\\/\\\/veho-schweiz.com\\\/fr\\\/product\\\/pebble-pokket-1000mah-batterie-externe-de-la-taille-dun-micro-porte-cles-orange\\\/#primaryimage\",\"url\":\"https:\\\/\\\/veho-schweiz.com\\\/wp-content\\\/uploads\\\/2022\\\/02\\\/VPP-016-PK-O_1.png\",\"contentUrl\":\"https:\\\/\\\/veho-schweiz.com\\\/wp-content\\\/uploads\\\/2022\\\/02\\\/VPP-016-PK-O_1.png\",\"width\":620,\"height\":620,\"caption\":\"Banque de puissance Pebble Pokket\"},{\"@type\":\"BreadcrumbList\",\"@id\":\"https:\\\/\\\/veho-schweiz.com\\\/fr\\\/product\\\/pebble-pokket-1000mah-batterie-externe-de-la-taille-dun-micro-porte-cles-orange\\\/#breadcrumb\",\"itemListElement\":[{\"@type\":\"ListItem\",\"position\":1,\"name\":\"Home\",\"item\":\"https:\\\/\\\/veho-schweiz.com\\\/fr\\\/\"},{\"@type\":\"ListItem\",\"position\":2,\"name\":\"Shop\",\"item\":\"https:\\\/\\\/veho-schweiz.com\\\/shop\\\/\"},{\"@type\":\"ListItem\",\"position\":3,\"name\":\"Pebble Pokket 1000mAh batterie externe de la taille d&rsquo;un micro porte-cl\u00e9s &#8211; Orange\"}]},{\"@type\":\"WebSite\",\"@id\":\"https:\\\/\\\/veho-schweiz.com\\\/fr\\\/#website\",\"url\":\"https:\\\/\\\/veho-schweiz.com\\\/fr\\\/\",\"name\":\"Veho Lifestyle Store Suisse\",\"description\":\"\u00c9lectronique grand public de conception britannique\",\"potentialAction\":[{\"@type\":\"SearchAction\",\"target\":{\"@type\":\"EntryPoint\",\"urlTemplate\":\"https:\\\/\\\/veho-schweiz.com\\\/fr\\\/?s={search_term_string}\"},\"query-input\":{\"@type\":\"PropertyValueSpecification\",\"valueRequired\":true,\"valueName\":\"search_term_string\"}}],\"inLanguage\":\"fr-FR\"}]}<\/script>\n<!-- \/ Yoast SEO plugin. -->","yoast_head_json":{"title":"Pebble Pokket 1000mAh batterie externe de la taille d'un micro porte-cl\u00e9s - Orange","description":"La Pebble Pokket est une banque d'\u00e9nergie d'urgence ultra-mince, suffisamment petite pour tenir dans votre poche sans se faire remarquer.","robots":{"index":"index","follow":"follow","max-snippet":"max-snippet:-1","max-image-preview":"max-image-preview:large","max-video-preview":"max-video-preview:-1"},"canonical":"https:\/\/veho-schweiz.com\/fr\/product\/pebble-pokket-1000mah-batterie-externe-de-la-taille-dun-micro-porte-cles-orange\/","og_locale":"fr_FR","og_type":"article","og_title":"Pebble Pokket 1000mAh batterie externe de la taille d'un micro porte-cl\u00e9s - Orange","og_description":"La Pebble Pokket est une banque d'\u00e9nergie d'urgence ultra-mince, suffisamment petite pour tenir dans votre poche sans se faire remarquer.","og_url":"https:\/\/veho-schweiz.com\/fr\/product\/pebble-pokket-1000mah-batterie-externe-de-la-taille-dun-micro-porte-cles-orange\/","og_site_name":"Veho Lifestyle Store Suisse","article_modified_time":"2024-12-20T08:58:21+00:00","og_image":[{"width":620,"height":620,"url":"https:\/\/veho-schweiz.com\/wp-content\/uploads\/2022\/02\/VPP-016-PK-O_1.png","type":"image\/png"}],"twitter_card":"summary_large_image","schema":{"@context":"https:\/\/schema.org","@graph":[{"@type":"WebPage","@id":"https:\/\/veho-schweiz.com\/fr\/product\/pebble-pokket-1000mah-batterie-externe-de-la-taille-dun-micro-porte-cles-orange\/","url":"https:\/\/veho-schweiz.com\/fr\/product\/pebble-pokket-1000mah-batterie-externe-de-la-taille-dun-micro-porte-cles-orange\/","name":"Pebble Pokket 1000mAh batterie externe de la taille d'un micro porte-cl\u00e9s - Orange","isPartOf":{"@id":"https:\/\/veho-schweiz.com\/fr\/#website"},"primaryImageOfPage":{"@id":"https:\/\/veho-schweiz.com\/fr\/product\/pebble-pokket-1000mah-batterie-externe-de-la-taille-dun-micro-porte-cles-orange\/#primaryimage"},"image":{"@id":"https:\/\/veho-schweiz.com\/fr\/product\/pebble-pokket-1000mah-batterie-externe-de-la-taille-dun-micro-porte-cles-orange\/#primaryimage"},"thumbnailUrl":"https:\/\/veho-schweiz.com\/wp-content\/uploads\/2022\/02\/VPP-016-PK-O_1.png","datePublished":"2024-10-08T15:44:39+00:00","dateModified":"2024-12-20T08:58:21+00:00","description":"La Pebble Pokket est une banque d'\u00e9nergie d'urgence ultra-mince, suffisamment petite pour tenir dans votre poche sans se faire remarquer.","breadcrumb":{"@id":"https:\/\/veho-schweiz.com\/fr\/product\/pebble-pokket-1000mah-batterie-externe-de-la-taille-dun-micro-porte-cles-orange\/#breadcrumb"},"inLanguage":"fr-FR","potentialAction":[{"@type":"ReadAction","target":["https:\/\/veho-schweiz.com\/fr\/product\/pebble-pokket-1000mah-batterie-externe-de-la-taille-dun-micro-porte-cles-orange\/"]}]},{"@type":"ImageObject","inLanguage":"fr-FR","@id":"https:\/\/veho-schweiz.com\/fr\/product\/pebble-pokket-1000mah-batterie-externe-de-la-taille-dun-micro-porte-cles-orange\/#primaryimage","url":"https:\/\/veho-schweiz.com\/wp-content\/uploads\/2022\/02\/VPP-016-PK-O_1.png","contentUrl":"https:\/\/veho-schweiz.com\/wp-content\/uploads\/2022\/02\/VPP-016-PK-O_1.png","width":620,"height":620,"caption":"Banque de puissance Pebble Pokket"},{"@type":"BreadcrumbList","@id":"https:\/\/veho-schweiz.com\/fr\/product\/pebble-pokket-1000mah-batterie-externe-de-la-taille-dun-micro-porte-cles-orange\/#breadcrumb","itemListElement":[{"@type":"ListItem","position":1,"name":"Home","item":"https:\/\/veho-schweiz.com\/fr\/"},{"@type":"ListItem","position":2,"name":"Shop","item":"https:\/\/veho-schweiz.com\/shop\/"},{"@type":"ListItem","position":3,"name":"Pebble Pokket 1000mAh batterie externe de la taille d&rsquo;un micro porte-cl\u00e9s &#8211; Orange"}]},{"@type":"WebSite","@id":"https:\/\/veho-schweiz.com\/fr\/#website","url":"https:\/\/veho-schweiz.com\/fr\/","name":"Veho Lifestyle Store Suisse","description":"\u00c9lectronique grand public de conception britannique","potentialAction":[{"@type":"SearchAction","target":{"@type":"EntryPoint","urlTemplate":"https:\/\/veho-schweiz.com\/fr\/?s={search_term_string}"},"query-input":{"@type":"PropertyValueSpecification","valueRequired":true,"valueName":"search_term_string"}}],"inLanguage":"fr-FR"}]}},"jetpack_sharing_enabled":true,"_links":{"self":[{"href":"https:\/\/veho-schweiz.com\/fr\/wp-json\/wp\/v2\/product\/7812","targetHints":{"allow":["GET"]}}],"collection":[{"href":"https:\/\/veho-schweiz.com\/fr\/wp-json\/wp\/v2\/product"}],"about":[{"href":"https:\/\/veho-schweiz.com\/fr\/wp-json\/wp\/v2\/types\/product"}],"replies":[{"embeddable":true,"href":"https:\/\/veho-schweiz.com\/fr\/wp-json\/wp\/v2\/comments?post=7812"}],"wp:featuredmedia":[{"embeddable":true,"href":"https:\/\/veho-schweiz.com\/fr\/wp-json\/wp\/v2\/media\/5094"}],"wp:attachment":[{"href":"https:\/\/veho-schweiz.com\/fr\/wp-json\/wp\/v2\/media?parent=7812"}],"wp:term":[{"taxonomy":"product_brand","embeddable":true,"href":"https:\/\/veho-schweiz.com\/fr\/wp-json\/wp\/v2\/product_brand?post=7812"},{"taxonomy":"product_cat","embeddable":true,"href":"https:\/\/veho-schweiz.com\/fr\/wp-json\/wp\/v2\/product_cat?post=7812"},{"taxonomy":"product_tag","embeddable":true,"href":"https:\/\/veho-schweiz.com\/fr\/wp-json\/wp\/v2\/product_tag?post=7812"}],"curies":[{"name":"wp","href":"https:\/\/api.w.org\/{rel}","templated":true}]}}