{"id":7804,"date":"2024-10-08T17:44:41","date_gmt":"2024-10-08T15:44:41","guid":{"rendered":"https:\/\/veho-schweiz.com\/product\/pebble-ministick-batterie-portable-blanc\/"},"modified":"2024-12-20T09:48:52","modified_gmt":"2024-12-20T08:48:52","slug":"pebble-ministick-batterie-portable-blanc","status":"publish","type":"product","link":"https:\/\/veho-schweiz.com\/fr\/product\/pebble-ministick-batterie-portable-blanc\/","title":{"rendered":"Pebble Ministick batterie portable &#8211; Blanc"},"content":{"rendered":"<div class=\"wp-content wp-content--product\"><div class=\"flex-shrink-0 flex flex-col relative items-end\">\n<div>\n<div class=\"pt-0\">\n<div class=\"gizmo-bot-avatar flex h-8 w-8 items-center justify-center overflow-hidden rounded-full\">\n<div class=\"relative p-1 rounded-sm flex items-center justify-center bg-token-main-surface-primary text-token-text-primary h-8 w-8\">Rechargez vos appareils mobiles lors de vos d\u00e9placements gr\u00e2ce \u00e0 la batterie portable Pebble Ministick. La Pebble Ministick dispose d&rsquo;une capacit\u00e9 de batterie de 2200 mAh, suffisante pour fournir une charge d&rsquo;urgence \u00e0 votre appareil mobile. Il vous suffit de recharger votre mini-stick Pebble \u00e0 l&rsquo;aide du c\u00e2ble de charge fourni pour qu&rsquo;il soit pr\u00eat d\u00e8s que vous avez besoin d&rsquo;un regain d&rsquo;\u00e9nergie.<\/div>\n<\/div>\n<\/div>\n<\/div>\n<\/div>\n<\/div>","protected":false},"excerpt":{"rendered":"<ul>\n<li>Charge la plupart des appareils aliment\u00e9s par USB, y compris les smartphones<\/li>\n<li>Batterie de secours de 2200 mAh<\/li>\n<li>4 indicateurs de puissance LED bleus<\/li>\n<\/ul>\n","protected":false},"featured_media":6480,"comment_status":"closed","ping_status":"closed","template":"","meta":{"_acf_changed":false,"inline_featured_image":false},"product_brand":[],"product_cat":[228],"product_tag":[],"class_list":{"0":"post-7804","1":"product","2":"type-product","3":"status-publish","4":"has-post-thumbnail","6":"product_cat-emergency-power-banks-fr","8":"first","9":"outofstock","10":"shipping-taxable","11":"purchasable","12":"product-type-simple"},"acf":[],"yoast_head":"<!-- This site is optimized with the Yoast SEO plugin v27.5 - https:\/\/yoast.com\/product\/yoast-seo-wordpress\/ -->\n<title>Pebble Ministick batterie portable - Blanc<\/title>\n<meta name=\"description\" content=\"Chargez vos appareils mobiles \u00e0 la vol\u00e9e avec le Ministick Pebble. Assez d&#039;un coup de pouce pour donner \u00e0 votre appareil mobile une charge d&#039;appoint d&#039;urgence.\" \/>\n<meta name=\"robots\" content=\"index, follow, max-snippet:-1, max-image-preview:large, max-video-preview:-1\" \/>\n<link rel=\"canonical\" href=\"https:\/\/veho-schweiz.com\/fr\/product\/pebble-ministick-batterie-portable-blanc\/\" \/>\n<meta property=\"og:locale\" content=\"fr_FR\" \/>\n<meta property=\"og:type\" content=\"article\" \/>\n<meta property=\"og:title\" content=\"Pebble Ministick batterie portable - Blanc\" \/>\n<meta property=\"og:description\" content=\"Chargez vos appareils mobiles \u00e0 la vol\u00e9e avec le Ministick Pebble. Assez d&#039;un coup de pouce pour donner \u00e0 votre appareil mobile une charge d&#039;appoint d&#039;urgence.\" \/>\n<meta property=\"og:url\" content=\"https:\/\/veho-schweiz.com\/fr\/product\/pebble-ministick-batterie-portable-blanc\/\" \/>\n<meta property=\"og:site_name\" content=\"Veho Lifestyle Store Suisse\" \/>\n<meta property=\"article:modified_time\" content=\"2024-12-20T08:48:52+00:00\" \/>\n<meta property=\"og:image\" content=\"https:\/\/veho-schweiz.com\/wp-content\/uploads\/2022\/04\/white_ministick.png\" \/>\n\t<meta property=\"og:image:width\" content=\"620\" \/>\n\t<meta property=\"og:image:height\" content=\"620\" \/>\n\t<meta property=\"og:image:type\" content=\"image\/png\" \/>\n<meta name=\"twitter:card\" content=\"summary_large_image\" \/>\n<script type=\"application\/ld+json\" class=\"yoast-schema-graph\">{\"@context\":\"https:\\\/\\\/schema.org\",\"@graph\":[{\"@type\":\"WebPage\",\"@id\":\"https:\\\/\\\/veho-schweiz.com\\\/fr\\\/product\\\/pebble-ministick-batterie-portable-blanc\\\/\",\"url\":\"https:\\\/\\\/veho-schweiz.com\\\/fr\\\/product\\\/pebble-ministick-batterie-portable-blanc\\\/\",\"name\":\"Pebble Ministick batterie portable - Blanc\",\"isPartOf\":{\"@id\":\"https:\\\/\\\/veho-schweiz.com\\\/fr\\\/#website\"},\"primaryImageOfPage\":{\"@id\":\"https:\\\/\\\/veho-schweiz.com\\\/fr\\\/product\\\/pebble-ministick-batterie-portable-blanc\\\/#primaryimage\"},\"image\":{\"@id\":\"https:\\\/\\\/veho-schweiz.com\\\/fr\\\/product\\\/pebble-ministick-batterie-portable-blanc\\\/#primaryimage\"},\"thumbnailUrl\":\"https:\\\/\\\/veho-schweiz.com\\\/wp-content\\\/uploads\\\/2022\\\/04\\\/white_ministick.png\",\"datePublished\":\"2024-10-08T15:44:41+00:00\",\"dateModified\":\"2024-12-20T08:48:52+00:00\",\"description\":\"Chargez vos appareils mobiles \u00e0 la vol\u00e9e avec le Ministick Pebble. Assez d'un coup de pouce pour donner \u00e0 votre appareil mobile une charge d'appoint d'urgence.\",\"breadcrumb\":{\"@id\":\"https:\\\/\\\/veho-schweiz.com\\\/fr\\\/product\\\/pebble-ministick-batterie-portable-blanc\\\/#breadcrumb\"},\"inLanguage\":\"fr-FR\",\"potentialAction\":[{\"@type\":\"ReadAction\",\"target\":[\"https:\\\/\\\/veho-schweiz.com\\\/fr\\\/product\\\/pebble-ministick-batterie-portable-blanc\\\/\"]}]},{\"@type\":\"ImageObject\",\"inLanguage\":\"fr-FR\",\"@id\":\"https:\\\/\\\/veho-schweiz.com\\\/fr\\\/product\\\/pebble-ministick-batterie-portable-blanc\\\/#primaryimage\",\"url\":\"https:\\\/\\\/veho-schweiz.com\\\/wp-content\\\/uploads\\\/2022\\\/04\\\/white_ministick.png\",\"contentUrl\":\"https:\\\/\\\/veho-schweiz.com\\\/wp-content\\\/uploads\\\/2022\\\/04\\\/white_ministick.png\",\"width\":620,\"height\":620,\"caption\":\"Pebble Ministick Pile portable\"},{\"@type\":\"BreadcrumbList\",\"@id\":\"https:\\\/\\\/veho-schweiz.com\\\/fr\\\/product\\\/pebble-ministick-batterie-portable-blanc\\\/#breadcrumb\",\"itemListElement\":[{\"@type\":\"ListItem\",\"position\":1,\"name\":\"Home\",\"item\":\"https:\\\/\\\/veho-schweiz.com\\\/fr\\\/\"},{\"@type\":\"ListItem\",\"position\":2,\"name\":\"Shop\",\"item\":\"https:\\\/\\\/veho-schweiz.com\\\/shop\\\/\"},{\"@type\":\"ListItem\",\"position\":3,\"name\":\"Pebble Ministick batterie portable &#8211; Blanc\"}]},{\"@type\":\"WebSite\",\"@id\":\"https:\\\/\\\/veho-schweiz.com\\\/fr\\\/#website\",\"url\":\"https:\\\/\\\/veho-schweiz.com\\\/fr\\\/\",\"name\":\"Veho Lifestyle Store Suisse\",\"description\":\"\u00c9lectronique grand public de conception britannique\",\"potentialAction\":[{\"@type\":\"SearchAction\",\"target\":{\"@type\":\"EntryPoint\",\"urlTemplate\":\"https:\\\/\\\/veho-schweiz.com\\\/fr\\\/?s={search_term_string}\"},\"query-input\":{\"@type\":\"PropertyValueSpecification\",\"valueRequired\":true,\"valueName\":\"search_term_string\"}}],\"inLanguage\":\"fr-FR\"}]}<\/script>\n<!-- \/ Yoast SEO plugin. -->","yoast_head_json":{"title":"Pebble Ministick batterie portable - Blanc","description":"Chargez vos appareils mobiles \u00e0 la vol\u00e9e avec le Ministick Pebble. Assez d'un coup de pouce pour donner \u00e0 votre appareil mobile une charge d'appoint d'urgence.","robots":{"index":"index","follow":"follow","max-snippet":"max-snippet:-1","max-image-preview":"max-image-preview:large","max-video-preview":"max-video-preview:-1"},"canonical":"https:\/\/veho-schweiz.com\/fr\/product\/pebble-ministick-batterie-portable-blanc\/","og_locale":"fr_FR","og_type":"article","og_title":"Pebble Ministick batterie portable - Blanc","og_description":"Chargez vos appareils mobiles \u00e0 la vol\u00e9e avec le Ministick Pebble. Assez d'un coup de pouce pour donner \u00e0 votre appareil mobile une charge d'appoint d'urgence.","og_url":"https:\/\/veho-schweiz.com\/fr\/product\/pebble-ministick-batterie-portable-blanc\/","og_site_name":"Veho Lifestyle Store Suisse","article_modified_time":"2024-12-20T08:48:52+00:00","og_image":[{"width":620,"height":620,"url":"https:\/\/veho-schweiz.com\/wp-content\/uploads\/2022\/04\/white_ministick.png","type":"image\/png"}],"twitter_card":"summary_large_image","schema":{"@context":"https:\/\/schema.org","@graph":[{"@type":"WebPage","@id":"https:\/\/veho-schweiz.com\/fr\/product\/pebble-ministick-batterie-portable-blanc\/","url":"https:\/\/veho-schweiz.com\/fr\/product\/pebble-ministick-batterie-portable-blanc\/","name":"Pebble Ministick batterie portable - Blanc","isPartOf":{"@id":"https:\/\/veho-schweiz.com\/fr\/#website"},"primaryImageOfPage":{"@id":"https:\/\/veho-schweiz.com\/fr\/product\/pebble-ministick-batterie-portable-blanc\/#primaryimage"},"image":{"@id":"https:\/\/veho-schweiz.com\/fr\/product\/pebble-ministick-batterie-portable-blanc\/#primaryimage"},"thumbnailUrl":"https:\/\/veho-schweiz.com\/wp-content\/uploads\/2022\/04\/white_ministick.png","datePublished":"2024-10-08T15:44:41+00:00","dateModified":"2024-12-20T08:48:52+00:00","description":"Chargez vos appareils mobiles \u00e0 la vol\u00e9e avec le Ministick Pebble. Assez d'un coup de pouce pour donner \u00e0 votre appareil mobile une charge d'appoint d'urgence.","breadcrumb":{"@id":"https:\/\/veho-schweiz.com\/fr\/product\/pebble-ministick-batterie-portable-blanc\/#breadcrumb"},"inLanguage":"fr-FR","potentialAction":[{"@type":"ReadAction","target":["https:\/\/veho-schweiz.com\/fr\/product\/pebble-ministick-batterie-portable-blanc\/"]}]},{"@type":"ImageObject","inLanguage":"fr-FR","@id":"https:\/\/veho-schweiz.com\/fr\/product\/pebble-ministick-batterie-portable-blanc\/#primaryimage","url":"https:\/\/veho-schweiz.com\/wp-content\/uploads\/2022\/04\/white_ministick.png","contentUrl":"https:\/\/veho-schweiz.com\/wp-content\/uploads\/2022\/04\/white_ministick.png","width":620,"height":620,"caption":"Pebble Ministick Pile portable"},{"@type":"BreadcrumbList","@id":"https:\/\/veho-schweiz.com\/fr\/product\/pebble-ministick-batterie-portable-blanc\/#breadcrumb","itemListElement":[{"@type":"ListItem","position":1,"name":"Home","item":"https:\/\/veho-schweiz.com\/fr\/"},{"@type":"ListItem","position":2,"name":"Shop","item":"https:\/\/veho-schweiz.com\/shop\/"},{"@type":"ListItem","position":3,"name":"Pebble Ministick batterie portable &#8211; Blanc"}]},{"@type":"WebSite","@id":"https:\/\/veho-schweiz.com\/fr\/#website","url":"https:\/\/veho-schweiz.com\/fr\/","name":"Veho Lifestyle Store Suisse","description":"\u00c9lectronique grand public de conception britannique","potentialAction":[{"@type":"SearchAction","target":{"@type":"EntryPoint","urlTemplate":"https:\/\/veho-schweiz.com\/fr\/?s={search_term_string}"},"query-input":{"@type":"PropertyValueSpecification","valueRequired":true,"valueName":"search_term_string"}}],"inLanguage":"fr-FR"}]}},"jetpack_sharing_enabled":true,"_links":{"self":[{"href":"https:\/\/veho-schweiz.com\/fr\/wp-json\/wp\/v2\/product\/7804","targetHints":{"allow":["GET"]}}],"collection":[{"href":"https:\/\/veho-schweiz.com\/fr\/wp-json\/wp\/v2\/product"}],"about":[{"href":"https:\/\/veho-schweiz.com\/fr\/wp-json\/wp\/v2\/types\/product"}],"replies":[{"embeddable":true,"href":"https:\/\/veho-schweiz.com\/fr\/wp-json\/wp\/v2\/comments?post=7804"}],"wp:featuredmedia":[{"embeddable":true,"href":"https:\/\/veho-schweiz.com\/fr\/wp-json\/wp\/v2\/media\/6480"}],"wp:attachment":[{"href":"https:\/\/veho-schweiz.com\/fr\/wp-json\/wp\/v2\/media?parent=7804"}],"wp:term":[{"taxonomy":"product_brand","embeddable":true,"href":"https:\/\/veho-schweiz.com\/fr\/wp-json\/wp\/v2\/product_brand?post=7804"},{"taxonomy":"product_cat","embeddable":true,"href":"https:\/\/veho-schweiz.com\/fr\/wp-json\/wp\/v2\/product_cat?post=7804"},{"taxonomy":"product_tag","embeddable":true,"href":"https:\/\/veho-schweiz.com\/fr\/wp-json\/wp\/v2\/product_tag?post=7804"}],"curies":[{"name":"wp","href":"https:\/\/api.w.org\/{rel}","templated":true}]}}