{"id":7796,"date":"2024-10-08T17:44:41","date_gmt":"2024-10-08T15:44:41","guid":{"rendered":"https:\/\/veho-schweiz.com\/product\/banque-dalimentation-pebble-pz5-pro-5000mah\/"},"modified":"2024-12-20T09:43:52","modified_gmt":"2024-12-20T08:43:52","slug":"banque-dalimentation-pebble-pz5-pro-5000mah","status":"publish","type":"product","link":"https:\/\/veho-schweiz.com\/fr\/product\/banque-dalimentation-pebble-pz5-pro-5000mah\/","title":{"rendered":"Banque d&rsquo;alimentation Pebble PZ5 Pro &#8211; 5000mAh"},"content":{"rendered":"<div class=\"wp-content wp-content--product\"><div class=\"flex-shrink-0 flex flex-col relative items-end\">\n<div>\n<div class=\"pt-0\">\n<div class=\"gizmo-bot-avatar flex h-8 w-8 items-center justify-center overflow-hidden rounded-full\">\n<div class=\"relative p-1 rounded-sm flex items-center justify-center bg-token-main-surface-primary text-token-text-primary h-8 w-8\">Le powerbank Veho Pebble PZ5 Pro utilise des cellules Li-Ion 21700 WYG de haute qualit\u00e9, qui sont 40% plus efficaces en termes d&rsquo;\u00e9nergie que les powerbanks traditionnels. Gr\u00e2ce \u00e0 son port de charge universel USB-C PD, le Pebble PZ5 peut charger la plupart des appareils portables avec une puissance de sortie allant jusqu&rsquo;\u00e0 12 V (tous les smartphones, les tablettes et la plupart des mini-ordinateurs portables). Compacte et l\u00e9g\u00e8re, la PZ5 est votre compagnon de voyage id\u00e9al. Elle est livr\u00e9e avec un c\u00e2ble Lightning certifi\u00e9 MFI pour Apple et un \u00e9tui de transport.   <\/div>\n<\/div>\n<\/div>\n<\/div>\n<\/div>\n<\/div>","protected":false},"excerpt":{"rendered":"<ul>\n<li>Capacit\u00e9 compacte mais puissante de 5000mAh<\/li>\n<li>Cellules Li-Ion haute performance WYG 21700<\/li>\n<li>Port de charge universel USB-C (PD)<\/li>\n<li>C\u00e2ble Lightning\u00ae certifi\u00e9 MFI pour Apple<\/li>\n<\/ul>\n","protected":false},"featured_media":5384,"comment_status":"closed","ping_status":"closed","template":"","meta":{"_acf_changed":false,"inline_featured_image":false},"product_brand":[],"product_cat":[232],"product_tag":[],"class_list":{"0":"post-7796","1":"product","2":"type-product","3":"status-publish","4":"has-post-thumbnail","6":"product_cat-travel-power-banks-fr","8":"first","9":"instock","10":"shipping-taxable","11":"purchasable","12":"product-type-simple"},"acf":[],"yoast_head":"<!-- This site is optimized with the Yoast SEO plugin v27.5 - https:\/\/yoast.com\/product\/yoast-seo-wordpress\/ -->\n<title>Banque d&#039;alimentation Pebble PZ5 Pro - 5000mAh<\/title>\n<meta name=\"description\" content=\"La batterie Pebble PZ5 Pro utilise des cellules Li-ion 21700 haute performance WYG, qui sont 40% plus efficaces en termes d&#039;\u00e9nergie que les batteries traditionnelles.\" \/>\n<meta name=\"robots\" content=\"index, follow, max-snippet:-1, max-image-preview:large, max-video-preview:-1\" \/>\n<link rel=\"canonical\" href=\"https:\/\/veho-schweiz.com\/fr\/product\/banque-dalimentation-pebble-pz5-pro-5000mah\/\" \/>\n<meta property=\"og:locale\" content=\"fr_FR\" \/>\n<meta property=\"og:type\" content=\"article\" \/>\n<meta property=\"og:title\" content=\"Banque d&#039;alimentation Pebble PZ5 Pro - 5000mAh\" \/>\n<meta property=\"og:description\" content=\"La batterie Pebble PZ5 Pro utilise des cellules Li-ion 21700 haute performance WYG, qui sont 40% plus efficaces en termes d&#039;\u00e9nergie que les batteries traditionnelles.\" \/>\n<meta property=\"og:url\" content=\"https:\/\/veho-schweiz.com\/fr\/product\/banque-dalimentation-pebble-pz5-pro-5000mah\/\" \/>\n<meta property=\"og:site_name\" content=\"Veho Lifestyle Store Suisse\" \/>\n<meta property=\"article:modified_time\" content=\"2024-12-20T08:43:52+00:00\" \/>\n<meta property=\"og:image\" content=\"https:\/\/veho-schweiz.com\/wp-content\/uploads\/2022\/02\/pz5_pro_hero.png\" \/>\n\t<meta property=\"og:image:width\" content=\"620\" \/>\n\t<meta property=\"og:image:height\" content=\"620\" \/>\n\t<meta property=\"og:image:type\" content=\"image\/png\" \/>\n<meta name=\"twitter:card\" content=\"summary_large_image\" \/>\n<script type=\"application\/ld+json\" class=\"yoast-schema-graph\">{\"@context\":\"https:\\\/\\\/schema.org\",\"@graph\":[{\"@type\":\"WebPage\",\"@id\":\"https:\\\/\\\/veho-schweiz.com\\\/fr\\\/product\\\/banque-dalimentation-pebble-pz5-pro-5000mah\\\/\",\"url\":\"https:\\\/\\\/veho-schweiz.com\\\/fr\\\/product\\\/banque-dalimentation-pebble-pz5-pro-5000mah\\\/\",\"name\":\"Banque d'alimentation Pebble PZ5 Pro - 5000mAh\",\"isPartOf\":{\"@id\":\"https:\\\/\\\/veho-schweiz.com\\\/fr\\\/#website\"},\"primaryImageOfPage\":{\"@id\":\"https:\\\/\\\/veho-schweiz.com\\\/fr\\\/product\\\/banque-dalimentation-pebble-pz5-pro-5000mah\\\/#primaryimage\"},\"image\":{\"@id\":\"https:\\\/\\\/veho-schweiz.com\\\/fr\\\/product\\\/banque-dalimentation-pebble-pz5-pro-5000mah\\\/#primaryimage\"},\"thumbnailUrl\":\"https:\\\/\\\/veho-schweiz.com\\\/wp-content\\\/uploads\\\/2022\\\/02\\\/pz5_pro_hero.png\",\"datePublished\":\"2024-10-08T15:44:41+00:00\",\"dateModified\":\"2024-12-20T08:43:52+00:00\",\"description\":\"La batterie Pebble PZ5 Pro utilise des cellules Li-ion 21700 haute performance WYG, qui sont 40% plus efficaces en termes d'\u00e9nergie que les batteries traditionnelles.\",\"breadcrumb\":{\"@id\":\"https:\\\/\\\/veho-schweiz.com\\\/fr\\\/product\\\/banque-dalimentation-pebble-pz5-pro-5000mah\\\/#breadcrumb\"},\"inLanguage\":\"fr-FR\",\"potentialAction\":[{\"@type\":\"ReadAction\",\"target\":[\"https:\\\/\\\/veho-schweiz.com\\\/fr\\\/product\\\/banque-dalimentation-pebble-pz5-pro-5000mah\\\/\"]}]},{\"@type\":\"ImageObject\",\"inLanguage\":\"fr-FR\",\"@id\":\"https:\\\/\\\/veho-schweiz.com\\\/fr\\\/product\\\/banque-dalimentation-pebble-pz5-pro-5000mah\\\/#primaryimage\",\"url\":\"https:\\\/\\\/veho-schweiz.com\\\/wp-content\\\/uploads\\\/2022\\\/02\\\/pz5_pro_hero.png\",\"contentUrl\":\"https:\\\/\\\/veho-schweiz.com\\\/wp-content\\\/uploads\\\/2022\\\/02\\\/pz5_pro_hero.png\",\"width\":620,\"height\":620,\"caption\":\"Banque d'alimentation Pebble PZ5 Pro\"},{\"@type\":\"BreadcrumbList\",\"@id\":\"https:\\\/\\\/veho-schweiz.com\\\/fr\\\/product\\\/banque-dalimentation-pebble-pz5-pro-5000mah\\\/#breadcrumb\",\"itemListElement\":[{\"@type\":\"ListItem\",\"position\":1,\"name\":\"Home\",\"item\":\"https:\\\/\\\/veho-schweiz.com\\\/fr\\\/\"},{\"@type\":\"ListItem\",\"position\":2,\"name\":\"Shop\",\"item\":\"https:\\\/\\\/veho-schweiz.com\\\/shop\\\/\"},{\"@type\":\"ListItem\",\"position\":3,\"name\":\"Banque d&rsquo;alimentation Pebble PZ5 Pro &#8211; 5000mAh\"}]},{\"@type\":\"WebSite\",\"@id\":\"https:\\\/\\\/veho-schweiz.com\\\/fr\\\/#website\",\"url\":\"https:\\\/\\\/veho-schweiz.com\\\/fr\\\/\",\"name\":\"Veho Lifestyle Store Suisse\",\"description\":\"\u00c9lectronique grand public de conception britannique\",\"potentialAction\":[{\"@type\":\"SearchAction\",\"target\":{\"@type\":\"EntryPoint\",\"urlTemplate\":\"https:\\\/\\\/veho-schweiz.com\\\/fr\\\/?s={search_term_string}\"},\"query-input\":{\"@type\":\"PropertyValueSpecification\",\"valueRequired\":true,\"valueName\":\"search_term_string\"}}],\"inLanguage\":\"fr-FR\"}]}<\/script>\n<!-- \/ Yoast SEO plugin. -->","yoast_head_json":{"title":"Banque d'alimentation Pebble PZ5 Pro - 5000mAh","description":"La batterie Pebble PZ5 Pro utilise des cellules Li-ion 21700 haute performance WYG, qui sont 40% plus efficaces en termes d'\u00e9nergie que les batteries traditionnelles.","robots":{"index":"index","follow":"follow","max-snippet":"max-snippet:-1","max-image-preview":"max-image-preview:large","max-video-preview":"max-video-preview:-1"},"canonical":"https:\/\/veho-schweiz.com\/fr\/product\/banque-dalimentation-pebble-pz5-pro-5000mah\/","og_locale":"fr_FR","og_type":"article","og_title":"Banque d'alimentation Pebble PZ5 Pro - 5000mAh","og_description":"La batterie Pebble PZ5 Pro utilise des cellules Li-ion 21700 haute performance WYG, qui sont 40% plus efficaces en termes d'\u00e9nergie que les batteries traditionnelles.","og_url":"https:\/\/veho-schweiz.com\/fr\/product\/banque-dalimentation-pebble-pz5-pro-5000mah\/","og_site_name":"Veho Lifestyle Store Suisse","article_modified_time":"2024-12-20T08:43:52+00:00","og_image":[{"width":620,"height":620,"url":"https:\/\/veho-schweiz.com\/wp-content\/uploads\/2022\/02\/pz5_pro_hero.png","type":"image\/png"}],"twitter_card":"summary_large_image","schema":{"@context":"https:\/\/schema.org","@graph":[{"@type":"WebPage","@id":"https:\/\/veho-schweiz.com\/fr\/product\/banque-dalimentation-pebble-pz5-pro-5000mah\/","url":"https:\/\/veho-schweiz.com\/fr\/product\/banque-dalimentation-pebble-pz5-pro-5000mah\/","name":"Banque d'alimentation Pebble PZ5 Pro - 5000mAh","isPartOf":{"@id":"https:\/\/veho-schweiz.com\/fr\/#website"},"primaryImageOfPage":{"@id":"https:\/\/veho-schweiz.com\/fr\/product\/banque-dalimentation-pebble-pz5-pro-5000mah\/#primaryimage"},"image":{"@id":"https:\/\/veho-schweiz.com\/fr\/product\/banque-dalimentation-pebble-pz5-pro-5000mah\/#primaryimage"},"thumbnailUrl":"https:\/\/veho-schweiz.com\/wp-content\/uploads\/2022\/02\/pz5_pro_hero.png","datePublished":"2024-10-08T15:44:41+00:00","dateModified":"2024-12-20T08:43:52+00:00","description":"La batterie Pebble PZ5 Pro utilise des cellules Li-ion 21700 haute performance WYG, qui sont 40% plus efficaces en termes d'\u00e9nergie que les batteries traditionnelles.","breadcrumb":{"@id":"https:\/\/veho-schweiz.com\/fr\/product\/banque-dalimentation-pebble-pz5-pro-5000mah\/#breadcrumb"},"inLanguage":"fr-FR","potentialAction":[{"@type":"ReadAction","target":["https:\/\/veho-schweiz.com\/fr\/product\/banque-dalimentation-pebble-pz5-pro-5000mah\/"]}]},{"@type":"ImageObject","inLanguage":"fr-FR","@id":"https:\/\/veho-schweiz.com\/fr\/product\/banque-dalimentation-pebble-pz5-pro-5000mah\/#primaryimage","url":"https:\/\/veho-schweiz.com\/wp-content\/uploads\/2022\/02\/pz5_pro_hero.png","contentUrl":"https:\/\/veho-schweiz.com\/wp-content\/uploads\/2022\/02\/pz5_pro_hero.png","width":620,"height":620,"caption":"Banque d'alimentation Pebble PZ5 Pro"},{"@type":"BreadcrumbList","@id":"https:\/\/veho-schweiz.com\/fr\/product\/banque-dalimentation-pebble-pz5-pro-5000mah\/#breadcrumb","itemListElement":[{"@type":"ListItem","position":1,"name":"Home","item":"https:\/\/veho-schweiz.com\/fr\/"},{"@type":"ListItem","position":2,"name":"Shop","item":"https:\/\/veho-schweiz.com\/shop\/"},{"@type":"ListItem","position":3,"name":"Banque d&rsquo;alimentation Pebble PZ5 Pro &#8211; 5000mAh"}]},{"@type":"WebSite","@id":"https:\/\/veho-schweiz.com\/fr\/#website","url":"https:\/\/veho-schweiz.com\/fr\/","name":"Veho Lifestyle Store Suisse","description":"\u00c9lectronique grand public de conception britannique","potentialAction":[{"@type":"SearchAction","target":{"@type":"EntryPoint","urlTemplate":"https:\/\/veho-schweiz.com\/fr\/?s={search_term_string}"},"query-input":{"@type":"PropertyValueSpecification","valueRequired":true,"valueName":"search_term_string"}}],"inLanguage":"fr-FR"}]}},"jetpack_sharing_enabled":true,"_links":{"self":[{"href":"https:\/\/veho-schweiz.com\/fr\/wp-json\/wp\/v2\/product\/7796","targetHints":{"allow":["GET"]}}],"collection":[{"href":"https:\/\/veho-schweiz.com\/fr\/wp-json\/wp\/v2\/product"}],"about":[{"href":"https:\/\/veho-schweiz.com\/fr\/wp-json\/wp\/v2\/types\/product"}],"replies":[{"embeddable":true,"href":"https:\/\/veho-schweiz.com\/fr\/wp-json\/wp\/v2\/comments?post=7796"}],"wp:featuredmedia":[{"embeddable":true,"href":"https:\/\/veho-schweiz.com\/fr\/wp-json\/wp\/v2\/media\/5384"}],"wp:attachment":[{"href":"https:\/\/veho-schweiz.com\/fr\/wp-json\/wp\/v2\/media?parent=7796"}],"wp:term":[{"taxonomy":"product_brand","embeddable":true,"href":"https:\/\/veho-schweiz.com\/fr\/wp-json\/wp\/v2\/product_brand?post=7796"},{"taxonomy":"product_cat","embeddable":true,"href":"https:\/\/veho-schweiz.com\/fr\/wp-json\/wp\/v2\/product_cat?post=7796"},{"taxonomy":"product_tag","embeddable":true,"href":"https:\/\/veho-schweiz.com\/fr\/wp-json\/wp\/v2\/product_tag?post=7796"}],"curies":[{"name":"wp","href":"https:\/\/api.w.org\/{rel}","templated":true}]}}