{"id":7792,"date":"2024-10-08T17:44:42","date_gmt":"2024-10-08T15:44:42","guid":{"rendered":"https:\/\/veho-schweiz.com\/product\/veho-usb-c-vers-lightning-cable-de-charge-vers-synchronisation-1m-33-pieds\/"},"modified":"2024-12-18T17:23:05","modified_gmt":"2024-12-18T16:23:05","slug":"veho-usb-c-vers-lightning-cable-de-charge-vers-synchronisation-1m-33-pieds","status":"publish","type":"product","link":"https:\/\/veho-schweiz.com\/fr\/product\/veho-usb-c-vers-lightning-cable-de-charge-vers-synchronisation-1m-33-pieds\/","title":{"rendered":"Veho USB-C\u2122 vers Lightning\u00ae C\u00e2ble de charge vers synchronisation (1m\/3,3 pieds)"},"content":{"rendered":"<div class=\"wp-content wp-content--product\"><p>Chargez et synchronisez vos appareils Apple avec ce c\u00e2ble USB-C\u2122 vers Lightning \u00ab\u00a0approuv\u00e9 MFI\u00a0\u00bb par Apple de Veho. Le c\u00e2ble est dot\u00e9 d&rsquo;une surface en caoutchouc souple qui est robuste et durable et qui convient parfaitement aux clients professionnels ou \u00e0 l&rsquo;utilisation g\u00e9n\u00e9rale quotidienne.<\/p>\n<\/div>","protected":false},"excerpt":{"rendered":"<ul>\n<li>Certifi\u00e9 Apple<\/li>\n<li>1 m (3,3 pieds)<\/li>\n<li>Chargement et synchronisation<\/li>\n<\/ul>\n","protected":false},"featured_media":5448,"comment_status":"closed","ping_status":"closed","template":"","meta":{"_acf_changed":false,"inline_featured_image":false},"product_brand":[],"product_cat":[230],"product_tag":[],"class_list":{"0":"post-7792","1":"product","2":"type-product","3":"status-publish","4":"has-post-thumbnail","6":"product_cat-portable-power-accessories-fr","8":"first","9":"instock","10":"shipping-taxable","11":"purchasable","12":"product-type-simple"},"acf":[],"yoast_head":"<!-- This site is optimized with the Yoast SEO plugin v27.5 - https:\/\/yoast.com\/product\/yoast-seo-wordpress\/ -->\n<title>Veho USB-C\u2122 vers Lightning\u00ae C\u00e2ble de charge vers synchronisation (1m\/3,3 pieds)<\/title>\n<meta name=\"description\" content=\"Chargez et synchronisez vos appareils Apple avec ce c\u00e2ble USB-C\u2122 vers Lightning &quot;approuv\u00e9 MFI&quot; par Apple de Veho. Les robustes et durables.\" \/>\n<meta name=\"robots\" content=\"index, follow, max-snippet:-1, max-image-preview:large, max-video-preview:-1\" \/>\n<link rel=\"canonical\" href=\"https:\/\/veho-schweiz.com\/fr\/product\/veho-usb-c-vers-lightning-cable-de-charge-vers-synchronisation-1m-33-pieds\/\" \/>\n<meta property=\"og:locale\" content=\"fr_FR\" \/>\n<meta property=\"og:type\" content=\"article\" \/>\n<meta property=\"og:title\" content=\"Veho USB-C\u2122 vers Lightning\u00ae C\u00e2ble de charge vers synchronisation (1m\/3,3 pieds)\" \/>\n<meta property=\"og:description\" content=\"Chargez et synchronisez vos appareils Apple avec ce c\u00e2ble USB-C\u2122 vers Lightning &quot;approuv\u00e9 MFI&quot; par Apple de Veho. Les robustes et durables.\" \/>\n<meta property=\"og:url\" content=\"https:\/\/veho-schweiz.com\/fr\/product\/veho-usb-c-vers-lightning-cable-de-charge-vers-synchronisation-1m-33-pieds\/\" \/>\n<meta property=\"og:site_name\" content=\"Veho Lifestyle Store Suisse\" \/>\n<meta property=\"article:modified_time\" content=\"2024-12-18T16:23:05+00:00\" \/>\n<meta property=\"og:image\" content=\"https:\/\/veho-schweiz.com\/wp-content\/uploads\/2022\/02\/VCL-005-MFI-C-1M_1.png\" \/>\n\t<meta property=\"og:image:width\" content=\"620\" \/>\n\t<meta property=\"og:image:height\" content=\"620\" \/>\n\t<meta property=\"og:image:type\" content=\"image\/png\" \/>\n<meta name=\"twitter:card\" content=\"summary_large_image\" \/>\n<script type=\"application\/ld+json\" class=\"yoast-schema-graph\">{\"@context\":\"https:\\\/\\\/schema.org\",\"@graph\":[{\"@type\":\"WebPage\",\"@id\":\"https:\\\/\\\/veho-schweiz.com\\\/fr\\\/product\\\/veho-usb-c-vers-lightning-cable-de-charge-vers-synchronisation-1m-33-pieds\\\/\",\"url\":\"https:\\\/\\\/veho-schweiz.com\\\/fr\\\/product\\\/veho-usb-c-vers-lightning-cable-de-charge-vers-synchronisation-1m-33-pieds\\\/\",\"name\":\"Veho USB-C\u2122 vers Lightning\u00ae C\u00e2ble de charge vers synchronisation (1m\\\/3,3 pieds)\",\"isPartOf\":{\"@id\":\"https:\\\/\\\/veho-schweiz.com\\\/fr\\\/#website\"},\"primaryImageOfPage\":{\"@id\":\"https:\\\/\\\/veho-schweiz.com\\\/fr\\\/product\\\/veho-usb-c-vers-lightning-cable-de-charge-vers-synchronisation-1m-33-pieds\\\/#primaryimage\"},\"image\":{\"@id\":\"https:\\\/\\\/veho-schweiz.com\\\/fr\\\/product\\\/veho-usb-c-vers-lightning-cable-de-charge-vers-synchronisation-1m-33-pieds\\\/#primaryimage\"},\"thumbnailUrl\":\"https:\\\/\\\/veho-schweiz.com\\\/wp-content\\\/uploads\\\/2022\\\/02\\\/VCL-005-MFI-C-1M_1.png\",\"datePublished\":\"2024-10-08T15:44:42+00:00\",\"dateModified\":\"2024-12-18T16:23:05+00:00\",\"description\":\"Chargez et synchronisez vos appareils Apple avec ce c\u00e2ble USB-C\u2122 vers Lightning \\\"approuv\u00e9 MFI\\\" par Apple de Veho. Les robustes et durables.\",\"breadcrumb\":{\"@id\":\"https:\\\/\\\/veho-schweiz.com\\\/fr\\\/product\\\/veho-usb-c-vers-lightning-cable-de-charge-vers-synchronisation-1m-33-pieds\\\/#breadcrumb\"},\"inLanguage\":\"fr-FR\",\"potentialAction\":[{\"@type\":\"ReadAction\",\"target\":[\"https:\\\/\\\/veho-schweiz.com\\\/fr\\\/product\\\/veho-usb-c-vers-lightning-cable-de-charge-vers-synchronisation-1m-33-pieds\\\/\"]}]},{\"@type\":\"ImageObject\",\"inLanguage\":\"fr-FR\",\"@id\":\"https:\\\/\\\/veho-schweiz.com\\\/fr\\\/product\\\/veho-usb-c-vers-lightning-cable-de-charge-vers-synchronisation-1m-33-pieds\\\/#primaryimage\",\"url\":\"https:\\\/\\\/veho-schweiz.com\\\/wp-content\\\/uploads\\\/2022\\\/02\\\/VCL-005-MFI-C-1M_1.png\",\"contentUrl\":\"https:\\\/\\\/veho-schweiz.com\\\/wp-content\\\/uploads\\\/2022\\\/02\\\/VCL-005-MFI-C-1M_1.png\",\"width\":620,\"height\":620,\"caption\":\"Veho USB-C\u2122 vers Lightning\"},{\"@type\":\"BreadcrumbList\",\"@id\":\"https:\\\/\\\/veho-schweiz.com\\\/fr\\\/product\\\/veho-usb-c-vers-lightning-cable-de-charge-vers-synchronisation-1m-33-pieds\\\/#breadcrumb\",\"itemListElement\":[{\"@type\":\"ListItem\",\"position\":1,\"name\":\"Home\",\"item\":\"https:\\\/\\\/veho-schweiz.com\\\/fr\\\/\"},{\"@type\":\"ListItem\",\"position\":2,\"name\":\"Shop\",\"item\":\"https:\\\/\\\/veho-schweiz.com\\\/shop\\\/\"},{\"@type\":\"ListItem\",\"position\":3,\"name\":\"Veho USB-C\u2122 vers Lightning\u00ae C\u00e2ble de charge vers synchronisation (1m\\\/3,3 pieds)\"}]},{\"@type\":\"WebSite\",\"@id\":\"https:\\\/\\\/veho-schweiz.com\\\/fr\\\/#website\",\"url\":\"https:\\\/\\\/veho-schweiz.com\\\/fr\\\/\",\"name\":\"Veho Lifestyle Store Suisse\",\"description\":\"\u00c9lectronique grand public de conception britannique\",\"potentialAction\":[{\"@type\":\"SearchAction\",\"target\":{\"@type\":\"EntryPoint\",\"urlTemplate\":\"https:\\\/\\\/veho-schweiz.com\\\/fr\\\/?s={search_term_string}\"},\"query-input\":{\"@type\":\"PropertyValueSpecification\",\"valueRequired\":true,\"valueName\":\"search_term_string\"}}],\"inLanguage\":\"fr-FR\"}]}<\/script>\n<!-- \/ Yoast SEO plugin. -->","yoast_head_json":{"title":"Veho USB-C\u2122 vers Lightning\u00ae C\u00e2ble de charge vers synchronisation (1m\/3,3 pieds)","description":"Chargez et synchronisez vos appareils Apple avec ce c\u00e2ble USB-C\u2122 vers Lightning \"approuv\u00e9 MFI\" par Apple de Veho. Les robustes et durables.","robots":{"index":"index","follow":"follow","max-snippet":"max-snippet:-1","max-image-preview":"max-image-preview:large","max-video-preview":"max-video-preview:-1"},"canonical":"https:\/\/veho-schweiz.com\/fr\/product\/veho-usb-c-vers-lightning-cable-de-charge-vers-synchronisation-1m-33-pieds\/","og_locale":"fr_FR","og_type":"article","og_title":"Veho USB-C\u2122 vers Lightning\u00ae C\u00e2ble de charge vers synchronisation (1m\/3,3 pieds)","og_description":"Chargez et synchronisez vos appareils Apple avec ce c\u00e2ble USB-C\u2122 vers Lightning \"approuv\u00e9 MFI\" par Apple de Veho. Les robustes et durables.","og_url":"https:\/\/veho-schweiz.com\/fr\/product\/veho-usb-c-vers-lightning-cable-de-charge-vers-synchronisation-1m-33-pieds\/","og_site_name":"Veho Lifestyle Store Suisse","article_modified_time":"2024-12-18T16:23:05+00:00","og_image":[{"width":620,"height":620,"url":"https:\/\/veho-schweiz.com\/wp-content\/uploads\/2022\/02\/VCL-005-MFI-C-1M_1.png","type":"image\/png"}],"twitter_card":"summary_large_image","schema":{"@context":"https:\/\/schema.org","@graph":[{"@type":"WebPage","@id":"https:\/\/veho-schweiz.com\/fr\/product\/veho-usb-c-vers-lightning-cable-de-charge-vers-synchronisation-1m-33-pieds\/","url":"https:\/\/veho-schweiz.com\/fr\/product\/veho-usb-c-vers-lightning-cable-de-charge-vers-synchronisation-1m-33-pieds\/","name":"Veho USB-C\u2122 vers Lightning\u00ae C\u00e2ble de charge vers synchronisation (1m\/3,3 pieds)","isPartOf":{"@id":"https:\/\/veho-schweiz.com\/fr\/#website"},"primaryImageOfPage":{"@id":"https:\/\/veho-schweiz.com\/fr\/product\/veho-usb-c-vers-lightning-cable-de-charge-vers-synchronisation-1m-33-pieds\/#primaryimage"},"image":{"@id":"https:\/\/veho-schweiz.com\/fr\/product\/veho-usb-c-vers-lightning-cable-de-charge-vers-synchronisation-1m-33-pieds\/#primaryimage"},"thumbnailUrl":"https:\/\/veho-schweiz.com\/wp-content\/uploads\/2022\/02\/VCL-005-MFI-C-1M_1.png","datePublished":"2024-10-08T15:44:42+00:00","dateModified":"2024-12-18T16:23:05+00:00","description":"Chargez et synchronisez vos appareils Apple avec ce c\u00e2ble USB-C\u2122 vers Lightning \"approuv\u00e9 MFI\" par Apple de Veho. Les robustes et durables.","breadcrumb":{"@id":"https:\/\/veho-schweiz.com\/fr\/product\/veho-usb-c-vers-lightning-cable-de-charge-vers-synchronisation-1m-33-pieds\/#breadcrumb"},"inLanguage":"fr-FR","potentialAction":[{"@type":"ReadAction","target":["https:\/\/veho-schweiz.com\/fr\/product\/veho-usb-c-vers-lightning-cable-de-charge-vers-synchronisation-1m-33-pieds\/"]}]},{"@type":"ImageObject","inLanguage":"fr-FR","@id":"https:\/\/veho-schweiz.com\/fr\/product\/veho-usb-c-vers-lightning-cable-de-charge-vers-synchronisation-1m-33-pieds\/#primaryimage","url":"https:\/\/veho-schweiz.com\/wp-content\/uploads\/2022\/02\/VCL-005-MFI-C-1M_1.png","contentUrl":"https:\/\/veho-schweiz.com\/wp-content\/uploads\/2022\/02\/VCL-005-MFI-C-1M_1.png","width":620,"height":620,"caption":"Veho USB-C\u2122 vers Lightning"},{"@type":"BreadcrumbList","@id":"https:\/\/veho-schweiz.com\/fr\/product\/veho-usb-c-vers-lightning-cable-de-charge-vers-synchronisation-1m-33-pieds\/#breadcrumb","itemListElement":[{"@type":"ListItem","position":1,"name":"Home","item":"https:\/\/veho-schweiz.com\/fr\/"},{"@type":"ListItem","position":2,"name":"Shop","item":"https:\/\/veho-schweiz.com\/shop\/"},{"@type":"ListItem","position":3,"name":"Veho USB-C\u2122 vers Lightning\u00ae C\u00e2ble de charge vers synchronisation (1m\/3,3 pieds)"}]},{"@type":"WebSite","@id":"https:\/\/veho-schweiz.com\/fr\/#website","url":"https:\/\/veho-schweiz.com\/fr\/","name":"Veho Lifestyle Store Suisse","description":"\u00c9lectronique grand public de conception britannique","potentialAction":[{"@type":"SearchAction","target":{"@type":"EntryPoint","urlTemplate":"https:\/\/veho-schweiz.com\/fr\/?s={search_term_string}"},"query-input":{"@type":"PropertyValueSpecification","valueRequired":true,"valueName":"search_term_string"}}],"inLanguage":"fr-FR"}]}},"jetpack_sharing_enabled":true,"_links":{"self":[{"href":"https:\/\/veho-schweiz.com\/fr\/wp-json\/wp\/v2\/product\/7792","targetHints":{"allow":["GET"]}}],"collection":[{"href":"https:\/\/veho-schweiz.com\/fr\/wp-json\/wp\/v2\/product"}],"about":[{"href":"https:\/\/veho-schweiz.com\/fr\/wp-json\/wp\/v2\/types\/product"}],"replies":[{"embeddable":true,"href":"https:\/\/veho-schweiz.com\/fr\/wp-json\/wp\/v2\/comments?post=7792"}],"wp:featuredmedia":[{"embeddable":true,"href":"https:\/\/veho-schweiz.com\/fr\/wp-json\/wp\/v2\/media\/5448"}],"wp:attachment":[{"href":"https:\/\/veho-schweiz.com\/fr\/wp-json\/wp\/v2\/media?parent=7792"}],"wp:term":[{"taxonomy":"product_brand","embeddable":true,"href":"https:\/\/veho-schweiz.com\/fr\/wp-json\/wp\/v2\/product_brand?post=7792"},{"taxonomy":"product_cat","embeddable":true,"href":"https:\/\/veho-schweiz.com\/fr\/wp-json\/wp\/v2\/product_cat?post=7792"},{"taxonomy":"product_tag","embeddable":true,"href":"https:\/\/veho-schweiz.com\/fr\/wp-json\/wp\/v2\/product_tag?post=7792"}],"curies":[{"name":"wp","href":"https:\/\/api.w.org\/{rel}","templated":true}]}}