{"id":7788,"date":"2024-10-08T17:44:42","date_gmt":"2024-10-08T15:44:42","guid":{"rendered":"https:\/\/veho-schweiz.com\/product\/banque-dalimentation-pebble-pz-10-10000mah\/"},"modified":"2024-12-19T11:31:58","modified_gmt":"2024-12-19T10:31:58","slug":"banque-dalimentation-pebble-pz-10-10000mah","status":"publish","type":"product","link":"https:\/\/veho-schweiz.com\/fr\/product\/banque-dalimentation-pebble-pz-10-10000mah\/","title":{"rendered":"Banque d&rsquo;alimentation Pebble PZ-10 &#8211; 10000mAh"},"content":{"rendered":"<div class=\"wp-content wp-content--product\"><p>La batterie externe Pebble PZ10 Pro utilise des cellules Li-ion WYG 21700 haute performance, offrant une efficacit\u00e9 \u00e9nerg\u00e9tique sup\u00e9rieure de 40% par rapport aux batteries externes traditionnelles. Gr\u00e2ce \u00e0 son port de charge universel USB-C PD, le Pebble PZ10 Pro peut charger la plupart des appareils portables avec une puissance allant jusqu&rsquo;\u00e0 12V, y compris tous les smartphones, tablettes et la plupart des mini ordinateurs portables. Son design compact et l\u00e9ger en fait un compagnon id\u00e9al pour vos voyages. Il est \u00e9galement livr\u00e9 avec une housse de transport pratique.   <\/p>\n<\/div>","protected":false},"excerpt":{"rendered":"<ul>\n<li>Capacit\u00e9 compacte mais puissante de 10 000 mAh<\/li>\n<li>Piles Li-Ion haute performance WYG 21700<\/li>\n<li>Port de charge universel USB-C (PD)<\/li>\n<li>C\u00e2ble Lightning\u00ae MFI pour Apple<\/li>\n<\/ul>\n","protected":false},"featured_media":6856,"comment_status":"closed","ping_status":"closed","template":"","meta":{"_acf_changed":false,"inline_featured_image":false},"product_brand":[],"product_cat":[232],"product_tag":[],"class_list":{"0":"post-7788","1":"product","2":"type-product","3":"status-publish","4":"has-post-thumbnail","6":"product_cat-travel-power-banks-fr","8":"first","9":"instock","10":"shipping-taxable","11":"purchasable","12":"product-type-simple"},"acf":[],"yoast_head":"<!-- This site is optimized with the Yoast SEO plugin v27.5 - https:\/\/yoast.com\/product\/yoast-seo-wordpress\/ -->\n<title>Banque d&#039;alimentation Pebble PZ-10 - 10000mAh<\/title>\n<meta name=\"description\" content=\"Le banc d&#039;alimentation Pebble PZ10 Pro utilise des cellules WYG Li-on 21700 haute performance, ce qui est 40% plus efficace en termes d&#039;\u00e9nergie que les bancs d&#039;alimentation traditionnels.\" \/>\n<meta name=\"robots\" content=\"index, follow, max-snippet:-1, max-image-preview:large, max-video-preview:-1\" \/>\n<link rel=\"canonical\" href=\"https:\/\/veho-schweiz.com\/fr\/product\/banque-dalimentation-pebble-pz-10-10000mah\/\" \/>\n<meta property=\"og:locale\" content=\"fr_FR\" \/>\n<meta property=\"og:type\" content=\"article\" \/>\n<meta property=\"og:title\" content=\"Banque d&#039;alimentation Pebble PZ-10 - 10000mAh\" \/>\n<meta property=\"og:description\" content=\"Le banc d&#039;alimentation Pebble PZ10 Pro utilise des cellules WYG Li-on 21700 haute performance, ce qui est 40% plus efficace en termes d&#039;\u00e9nergie que les bancs d&#039;alimentation traditionnels.\" \/>\n<meta property=\"og:url\" content=\"https:\/\/veho-schweiz.com\/fr\/product\/banque-dalimentation-pebble-pz-10-10000mah\/\" \/>\n<meta property=\"og:site_name\" content=\"Veho Lifestyle Store Suisse\" \/>\n<meta property=\"article:modified_time\" content=\"2024-12-19T10:31:58+00:00\" \/>\n<meta property=\"og:image\" content=\"https:\/\/veho-schweiz.com\/wp-content\/uploads\/2022\/05\/pz10_pro_hero-1.png\" \/>\n\t<meta property=\"og:image:width\" content=\"620\" \/>\n\t<meta property=\"og:image:height\" content=\"620\" \/>\n\t<meta property=\"og:image:type\" content=\"image\/png\" \/>\n<meta name=\"twitter:card\" content=\"summary_large_image\" \/>\n<script type=\"application\/ld+json\" class=\"yoast-schema-graph\">{\"@context\":\"https:\\\/\\\/schema.org\",\"@graph\":[{\"@type\":\"WebPage\",\"@id\":\"https:\\\/\\\/veho-schweiz.com\\\/fr\\\/product\\\/banque-dalimentation-pebble-pz-10-10000mah\\\/\",\"url\":\"https:\\\/\\\/veho-schweiz.com\\\/fr\\\/product\\\/banque-dalimentation-pebble-pz-10-10000mah\\\/\",\"name\":\"Banque d'alimentation Pebble PZ-10 - 10000mAh\",\"isPartOf\":{\"@id\":\"https:\\\/\\\/veho-schweiz.com\\\/fr\\\/#website\"},\"primaryImageOfPage\":{\"@id\":\"https:\\\/\\\/veho-schweiz.com\\\/fr\\\/product\\\/banque-dalimentation-pebble-pz-10-10000mah\\\/#primaryimage\"},\"image\":{\"@id\":\"https:\\\/\\\/veho-schweiz.com\\\/fr\\\/product\\\/banque-dalimentation-pebble-pz-10-10000mah\\\/#primaryimage\"},\"thumbnailUrl\":\"https:\\\/\\\/veho-schweiz.com\\\/wp-content\\\/uploads\\\/2022\\\/05\\\/pz10_pro_hero-1.png\",\"datePublished\":\"2024-10-08T15:44:42+00:00\",\"dateModified\":\"2024-12-19T10:31:58+00:00\",\"description\":\"Le banc d'alimentation Pebble PZ10 Pro utilise des cellules WYG Li-on 21700 haute performance, ce qui est 40% plus efficace en termes d'\u00e9nergie que les bancs d'alimentation traditionnels.\",\"breadcrumb\":{\"@id\":\"https:\\\/\\\/veho-schweiz.com\\\/fr\\\/product\\\/banque-dalimentation-pebble-pz-10-10000mah\\\/#breadcrumb\"},\"inLanguage\":\"fr-FR\",\"potentialAction\":[{\"@type\":\"ReadAction\",\"target\":[\"https:\\\/\\\/veho-schweiz.com\\\/fr\\\/product\\\/banque-dalimentation-pebble-pz-10-10000mah\\\/\"]}]},{\"@type\":\"ImageObject\",\"inLanguage\":\"fr-FR\",\"@id\":\"https:\\\/\\\/veho-schweiz.com\\\/fr\\\/product\\\/banque-dalimentation-pebble-pz-10-10000mah\\\/#primaryimage\",\"url\":\"https:\\\/\\\/veho-schweiz.com\\\/wp-content\\\/uploads\\\/2022\\\/05\\\/pz10_pro_hero-1.png\",\"contentUrl\":\"https:\\\/\\\/veho-schweiz.com\\\/wp-content\\\/uploads\\\/2022\\\/05\\\/pz10_pro_hero-1.png\",\"width\":620,\"height\":620,\"caption\":\"Banque de puissance Pebble PZ10\"},{\"@type\":\"BreadcrumbList\",\"@id\":\"https:\\\/\\\/veho-schweiz.com\\\/fr\\\/product\\\/banque-dalimentation-pebble-pz-10-10000mah\\\/#breadcrumb\",\"itemListElement\":[{\"@type\":\"ListItem\",\"position\":1,\"name\":\"Home\",\"item\":\"https:\\\/\\\/veho-schweiz.com\\\/fr\\\/\"},{\"@type\":\"ListItem\",\"position\":2,\"name\":\"Shop\",\"item\":\"https:\\\/\\\/veho-schweiz.com\\\/shop\\\/\"},{\"@type\":\"ListItem\",\"position\":3,\"name\":\"Banque d&rsquo;alimentation Pebble PZ-10 &#8211; 10000mAh\"}]},{\"@type\":\"WebSite\",\"@id\":\"https:\\\/\\\/veho-schweiz.com\\\/fr\\\/#website\",\"url\":\"https:\\\/\\\/veho-schweiz.com\\\/fr\\\/\",\"name\":\"Veho Lifestyle Store Suisse\",\"description\":\"\u00c9lectronique grand public de conception britannique\",\"potentialAction\":[{\"@type\":\"SearchAction\",\"target\":{\"@type\":\"EntryPoint\",\"urlTemplate\":\"https:\\\/\\\/veho-schweiz.com\\\/fr\\\/?s={search_term_string}\"},\"query-input\":{\"@type\":\"PropertyValueSpecification\",\"valueRequired\":true,\"valueName\":\"search_term_string\"}}],\"inLanguage\":\"fr-FR\"}]}<\/script>\n<!-- \/ Yoast SEO plugin. -->","yoast_head_json":{"title":"Banque d'alimentation Pebble PZ-10 - 10000mAh","description":"Le banc d'alimentation Pebble PZ10 Pro utilise des cellules WYG Li-on 21700 haute performance, ce qui est 40% plus efficace en termes d'\u00e9nergie que les bancs d'alimentation traditionnels.","robots":{"index":"index","follow":"follow","max-snippet":"max-snippet:-1","max-image-preview":"max-image-preview:large","max-video-preview":"max-video-preview:-1"},"canonical":"https:\/\/veho-schweiz.com\/fr\/product\/banque-dalimentation-pebble-pz-10-10000mah\/","og_locale":"fr_FR","og_type":"article","og_title":"Banque d'alimentation Pebble PZ-10 - 10000mAh","og_description":"Le banc d'alimentation Pebble PZ10 Pro utilise des cellules WYG Li-on 21700 haute performance, ce qui est 40% plus efficace en termes d'\u00e9nergie que les bancs d'alimentation traditionnels.","og_url":"https:\/\/veho-schweiz.com\/fr\/product\/banque-dalimentation-pebble-pz-10-10000mah\/","og_site_name":"Veho Lifestyle Store Suisse","article_modified_time":"2024-12-19T10:31:58+00:00","og_image":[{"width":620,"height":620,"url":"https:\/\/veho-schweiz.com\/wp-content\/uploads\/2022\/05\/pz10_pro_hero-1.png","type":"image\/png"}],"twitter_card":"summary_large_image","schema":{"@context":"https:\/\/schema.org","@graph":[{"@type":"WebPage","@id":"https:\/\/veho-schweiz.com\/fr\/product\/banque-dalimentation-pebble-pz-10-10000mah\/","url":"https:\/\/veho-schweiz.com\/fr\/product\/banque-dalimentation-pebble-pz-10-10000mah\/","name":"Banque d'alimentation Pebble PZ-10 - 10000mAh","isPartOf":{"@id":"https:\/\/veho-schweiz.com\/fr\/#website"},"primaryImageOfPage":{"@id":"https:\/\/veho-schweiz.com\/fr\/product\/banque-dalimentation-pebble-pz-10-10000mah\/#primaryimage"},"image":{"@id":"https:\/\/veho-schweiz.com\/fr\/product\/banque-dalimentation-pebble-pz-10-10000mah\/#primaryimage"},"thumbnailUrl":"https:\/\/veho-schweiz.com\/wp-content\/uploads\/2022\/05\/pz10_pro_hero-1.png","datePublished":"2024-10-08T15:44:42+00:00","dateModified":"2024-12-19T10:31:58+00:00","description":"Le banc d'alimentation Pebble PZ10 Pro utilise des cellules WYG Li-on 21700 haute performance, ce qui est 40% plus efficace en termes d'\u00e9nergie que les bancs d'alimentation traditionnels.","breadcrumb":{"@id":"https:\/\/veho-schweiz.com\/fr\/product\/banque-dalimentation-pebble-pz-10-10000mah\/#breadcrumb"},"inLanguage":"fr-FR","potentialAction":[{"@type":"ReadAction","target":["https:\/\/veho-schweiz.com\/fr\/product\/banque-dalimentation-pebble-pz-10-10000mah\/"]}]},{"@type":"ImageObject","inLanguage":"fr-FR","@id":"https:\/\/veho-schweiz.com\/fr\/product\/banque-dalimentation-pebble-pz-10-10000mah\/#primaryimage","url":"https:\/\/veho-schweiz.com\/wp-content\/uploads\/2022\/05\/pz10_pro_hero-1.png","contentUrl":"https:\/\/veho-schweiz.com\/wp-content\/uploads\/2022\/05\/pz10_pro_hero-1.png","width":620,"height":620,"caption":"Banque de puissance Pebble PZ10"},{"@type":"BreadcrumbList","@id":"https:\/\/veho-schweiz.com\/fr\/product\/banque-dalimentation-pebble-pz-10-10000mah\/#breadcrumb","itemListElement":[{"@type":"ListItem","position":1,"name":"Home","item":"https:\/\/veho-schweiz.com\/fr\/"},{"@type":"ListItem","position":2,"name":"Shop","item":"https:\/\/veho-schweiz.com\/shop\/"},{"@type":"ListItem","position":3,"name":"Banque d&rsquo;alimentation Pebble PZ-10 &#8211; 10000mAh"}]},{"@type":"WebSite","@id":"https:\/\/veho-schweiz.com\/fr\/#website","url":"https:\/\/veho-schweiz.com\/fr\/","name":"Veho Lifestyle Store Suisse","description":"\u00c9lectronique grand public de conception britannique","potentialAction":[{"@type":"SearchAction","target":{"@type":"EntryPoint","urlTemplate":"https:\/\/veho-schweiz.com\/fr\/?s={search_term_string}"},"query-input":{"@type":"PropertyValueSpecification","valueRequired":true,"valueName":"search_term_string"}}],"inLanguage":"fr-FR"}]}},"jetpack_sharing_enabled":true,"_links":{"self":[{"href":"https:\/\/veho-schweiz.com\/fr\/wp-json\/wp\/v2\/product\/7788","targetHints":{"allow":["GET"]}}],"collection":[{"href":"https:\/\/veho-schweiz.com\/fr\/wp-json\/wp\/v2\/product"}],"about":[{"href":"https:\/\/veho-schweiz.com\/fr\/wp-json\/wp\/v2\/types\/product"}],"replies":[{"embeddable":true,"href":"https:\/\/veho-schweiz.com\/fr\/wp-json\/wp\/v2\/comments?post=7788"}],"wp:featuredmedia":[{"embeddable":true,"href":"https:\/\/veho-schweiz.com\/fr\/wp-json\/wp\/v2\/media\/6856"}],"wp:attachment":[{"href":"https:\/\/veho-schweiz.com\/fr\/wp-json\/wp\/v2\/media?parent=7788"}],"wp:term":[{"taxonomy":"product_brand","embeddable":true,"href":"https:\/\/veho-schweiz.com\/fr\/wp-json\/wp\/v2\/product_brand?post=7788"},{"taxonomy":"product_cat","embeddable":true,"href":"https:\/\/veho-schweiz.com\/fr\/wp-json\/wp\/v2\/product_cat?post=7788"},{"taxonomy":"product_tag","embeddable":true,"href":"https:\/\/veho-schweiz.com\/fr\/wp-json\/wp\/v2\/product_tag?post=7788"}],"curies":[{"name":"wp","href":"https:\/\/api.w.org\/{rel}","templated":true}]}}