{"id":7786,"date":"2024-10-08T17:44:43","date_gmt":"2024-10-08T15:44:43","guid":{"rendered":"https:\/\/veho-schweiz.com\/product\/ds-6-chargeur-sans-fil-qi-15w\/"},"modified":"2024-12-18T19:26:16","modified_gmt":"2024-12-18T18:26:16","slug":"ds-6-chargeur-sans-fil-qi-15w","status":"publish","type":"product","link":"https:\/\/veho-schweiz.com\/fr\/product\/ds-6-chargeur-sans-fil-qi-15w\/","title":{"rendered":"DS-6 Chargeur sans fil Qi 15W"},"content":{"rendered":"<div class=\"wp-content wp-content--product\"><p>Le Veho DS-6 est un chargeur sans fil Qi ultra-mince et \u00e9l\u00e9gant pour tous les smartphones (avec fonction Qi Wireless). Sa puissance de 15 watts permet une charge sans fil ultra-rapide. <\/p>\n<\/div>","protected":false},"excerpt":{"rendered":"<ul>\n<li>Charge rapide Qi sans fil de 15 watts<\/li>\n<li>Base de chargement TP antid\u00e9rapante avec c\u00e2ble d&rsquo;alimentation de 1 m\u00e8tre<\/li>\n<li>Chargement \u00e0 travers la plupart des \u00e9tuis de smartphones<\/li>\n<\/ul>\n","protected":false},"featured_media":5946,"comment_status":"closed","ping_status":"closed","template":"","meta":{"_acf_changed":false,"inline_featured_image":false},"product_brand":[],"product_cat":[166,188],"product_tag":[],"class_list":{"0":"post-7786","1":"product","2":"type-product","3":"status-publish","4":"has-post-thumbnail","6":"product_cat-hubs-chargers-fr","7":"product_cat-top-deals-fr","9":"first","10":"instock","11":"shipping-taxable","12":"purchasable","13":"product-type-simple"},"acf":[],"yoast_head":"<!-- This site is optimized with the Yoast SEO plugin v27.5 - https:\/\/yoast.com\/product\/yoast-seo-wordpress\/ -->\n<title>DS-6 Chargeur sans fil Qi 15W<\/title>\n<meta name=\"description\" content=\"Le DS-6 Qi pad de charge sans fil pour tous les smartphones Qi-enabled. Les 15 watts de sortie d&#039;\u00e9nergie fournissent une charge sans fil super rapide.\" \/>\n<meta name=\"robots\" content=\"index, follow, max-snippet:-1, max-image-preview:large, max-video-preview:-1\" \/>\n<link rel=\"canonical\" href=\"https:\/\/veho-schweiz.com\/fr\/product\/ds-6-chargeur-sans-fil-qi-15w\/\" \/>\n<meta property=\"og:locale\" content=\"fr_FR\" \/>\n<meta property=\"og:type\" content=\"article\" \/>\n<meta property=\"og:title\" content=\"DS-6 Chargeur sans fil Qi 15W\" \/>\n<meta property=\"og:description\" content=\"Le DS-6 Qi pad de charge sans fil pour tous les smartphones Qi-enabled. Les 15 watts de sortie d&#039;\u00e9nergie fournissent une charge sans fil super rapide.\" \/>\n<meta property=\"og:url\" content=\"https:\/\/veho-schweiz.com\/fr\/product\/ds-6-chargeur-sans-fil-qi-15w\/\" \/>\n<meta property=\"og:site_name\" content=\"Veho Lifestyle Store Suisse\" \/>\n<meta property=\"article:modified_time\" content=\"2024-12-18T18:26:16+00:00\" \/>\n<meta property=\"og:image\" content=\"https:\/\/veho-schweiz.com\/wp-content\/uploads\/2022\/02\/ds-6_hero.png\" \/>\n\t<meta property=\"og:image:width\" content=\"620\" \/>\n\t<meta property=\"og:image:height\" content=\"620\" \/>\n\t<meta property=\"og:image:type\" content=\"image\/png\" \/>\n<meta name=\"twitter:card\" content=\"summary_large_image\" \/>\n<script type=\"application\/ld+json\" class=\"yoast-schema-graph\">{\"@context\":\"https:\\\/\\\/schema.org\",\"@graph\":[{\"@type\":\"WebPage\",\"@id\":\"https:\\\/\\\/veho-schweiz.com\\\/fr\\\/product\\\/ds-6-chargeur-sans-fil-qi-15w\\\/\",\"url\":\"https:\\\/\\\/veho-schweiz.com\\\/fr\\\/product\\\/ds-6-chargeur-sans-fil-qi-15w\\\/\",\"name\":\"DS-6 Chargeur sans fil Qi 15W\",\"isPartOf\":{\"@id\":\"https:\\\/\\\/veho-schweiz.com\\\/fr\\\/#website\"},\"primaryImageOfPage\":{\"@id\":\"https:\\\/\\\/veho-schweiz.com\\\/fr\\\/product\\\/ds-6-chargeur-sans-fil-qi-15w\\\/#primaryimage\"},\"image\":{\"@id\":\"https:\\\/\\\/veho-schweiz.com\\\/fr\\\/product\\\/ds-6-chargeur-sans-fil-qi-15w\\\/#primaryimage\"},\"thumbnailUrl\":\"https:\\\/\\\/veho-schweiz.com\\\/wp-content\\\/uploads\\\/2022\\\/02\\\/ds-6_hero.png\",\"datePublished\":\"2024-10-08T15:44:43+00:00\",\"dateModified\":\"2024-12-18T18:26:16+00:00\",\"description\":\"Le DS-6 Qi pad de charge sans fil pour tous les smartphones Qi-enabled. Les 15 watts de sortie d'\u00e9nergie fournissent une charge sans fil super rapide.\",\"breadcrumb\":{\"@id\":\"https:\\\/\\\/veho-schweiz.com\\\/fr\\\/product\\\/ds-6-chargeur-sans-fil-qi-15w\\\/#breadcrumb\"},\"inLanguage\":\"fr-FR\",\"potentialAction\":[{\"@type\":\"ReadAction\",\"target\":[\"https:\\\/\\\/veho-schweiz.com\\\/fr\\\/product\\\/ds-6-chargeur-sans-fil-qi-15w\\\/\"]}]},{\"@type\":\"ImageObject\",\"inLanguage\":\"fr-FR\",\"@id\":\"https:\\\/\\\/veho-schweiz.com\\\/fr\\\/product\\\/ds-6-chargeur-sans-fil-qi-15w\\\/#primaryimage\",\"url\":\"https:\\\/\\\/veho-schweiz.com\\\/wp-content\\\/uploads\\\/2022\\\/02\\\/ds-6_hero.png\",\"contentUrl\":\"https:\\\/\\\/veho-schweiz.com\\\/wp-content\\\/uploads\\\/2022\\\/02\\\/ds-6_hero.png\",\"width\":620,\"height\":620,\"caption\":\"DS-6 Qi 15W pad de charge sans fil\"},{\"@type\":\"BreadcrumbList\",\"@id\":\"https:\\\/\\\/veho-schweiz.com\\\/fr\\\/product\\\/ds-6-chargeur-sans-fil-qi-15w\\\/#breadcrumb\",\"itemListElement\":[{\"@type\":\"ListItem\",\"position\":1,\"name\":\"Home\",\"item\":\"https:\\\/\\\/veho-schweiz.com\\\/fr\\\/\"},{\"@type\":\"ListItem\",\"position\":2,\"name\":\"Shop\",\"item\":\"https:\\\/\\\/veho-schweiz.com\\\/shop\\\/\"},{\"@type\":\"ListItem\",\"position\":3,\"name\":\"DS-6 Chargeur sans fil Qi 15W\"}]},{\"@type\":\"WebSite\",\"@id\":\"https:\\\/\\\/veho-schweiz.com\\\/fr\\\/#website\",\"url\":\"https:\\\/\\\/veho-schweiz.com\\\/fr\\\/\",\"name\":\"Veho Lifestyle Store Suisse\",\"description\":\"\u00c9lectronique grand public de conception britannique\",\"potentialAction\":[{\"@type\":\"SearchAction\",\"target\":{\"@type\":\"EntryPoint\",\"urlTemplate\":\"https:\\\/\\\/veho-schweiz.com\\\/fr\\\/?s={search_term_string}\"},\"query-input\":{\"@type\":\"PropertyValueSpecification\",\"valueRequired\":true,\"valueName\":\"search_term_string\"}}],\"inLanguage\":\"fr-FR\"}]}<\/script>\n<!-- \/ Yoast SEO plugin. -->","yoast_head_json":{"title":"DS-6 Chargeur sans fil Qi 15W","description":"Le DS-6 Qi pad de charge sans fil pour tous les smartphones Qi-enabled. Les 15 watts de sortie d'\u00e9nergie fournissent une charge sans fil super rapide.","robots":{"index":"index","follow":"follow","max-snippet":"max-snippet:-1","max-image-preview":"max-image-preview:large","max-video-preview":"max-video-preview:-1"},"canonical":"https:\/\/veho-schweiz.com\/fr\/product\/ds-6-chargeur-sans-fil-qi-15w\/","og_locale":"fr_FR","og_type":"article","og_title":"DS-6 Chargeur sans fil Qi 15W","og_description":"Le DS-6 Qi pad de charge sans fil pour tous les smartphones Qi-enabled. Les 15 watts de sortie d'\u00e9nergie fournissent une charge sans fil super rapide.","og_url":"https:\/\/veho-schweiz.com\/fr\/product\/ds-6-chargeur-sans-fil-qi-15w\/","og_site_name":"Veho Lifestyle Store Suisse","article_modified_time":"2024-12-18T18:26:16+00:00","og_image":[{"width":620,"height":620,"url":"https:\/\/veho-schweiz.com\/wp-content\/uploads\/2022\/02\/ds-6_hero.png","type":"image\/png"}],"twitter_card":"summary_large_image","schema":{"@context":"https:\/\/schema.org","@graph":[{"@type":"WebPage","@id":"https:\/\/veho-schweiz.com\/fr\/product\/ds-6-chargeur-sans-fil-qi-15w\/","url":"https:\/\/veho-schweiz.com\/fr\/product\/ds-6-chargeur-sans-fil-qi-15w\/","name":"DS-6 Chargeur sans fil Qi 15W","isPartOf":{"@id":"https:\/\/veho-schweiz.com\/fr\/#website"},"primaryImageOfPage":{"@id":"https:\/\/veho-schweiz.com\/fr\/product\/ds-6-chargeur-sans-fil-qi-15w\/#primaryimage"},"image":{"@id":"https:\/\/veho-schweiz.com\/fr\/product\/ds-6-chargeur-sans-fil-qi-15w\/#primaryimage"},"thumbnailUrl":"https:\/\/veho-schweiz.com\/wp-content\/uploads\/2022\/02\/ds-6_hero.png","datePublished":"2024-10-08T15:44:43+00:00","dateModified":"2024-12-18T18:26:16+00:00","description":"Le DS-6 Qi pad de charge sans fil pour tous les smartphones Qi-enabled. Les 15 watts de sortie d'\u00e9nergie fournissent une charge sans fil super rapide.","breadcrumb":{"@id":"https:\/\/veho-schweiz.com\/fr\/product\/ds-6-chargeur-sans-fil-qi-15w\/#breadcrumb"},"inLanguage":"fr-FR","potentialAction":[{"@type":"ReadAction","target":["https:\/\/veho-schweiz.com\/fr\/product\/ds-6-chargeur-sans-fil-qi-15w\/"]}]},{"@type":"ImageObject","inLanguage":"fr-FR","@id":"https:\/\/veho-schweiz.com\/fr\/product\/ds-6-chargeur-sans-fil-qi-15w\/#primaryimage","url":"https:\/\/veho-schweiz.com\/wp-content\/uploads\/2022\/02\/ds-6_hero.png","contentUrl":"https:\/\/veho-schweiz.com\/wp-content\/uploads\/2022\/02\/ds-6_hero.png","width":620,"height":620,"caption":"DS-6 Qi 15W pad de charge sans fil"},{"@type":"BreadcrumbList","@id":"https:\/\/veho-schweiz.com\/fr\/product\/ds-6-chargeur-sans-fil-qi-15w\/#breadcrumb","itemListElement":[{"@type":"ListItem","position":1,"name":"Home","item":"https:\/\/veho-schweiz.com\/fr\/"},{"@type":"ListItem","position":2,"name":"Shop","item":"https:\/\/veho-schweiz.com\/shop\/"},{"@type":"ListItem","position":3,"name":"DS-6 Chargeur sans fil Qi 15W"}]},{"@type":"WebSite","@id":"https:\/\/veho-schweiz.com\/fr\/#website","url":"https:\/\/veho-schweiz.com\/fr\/","name":"Veho Lifestyle Store Suisse","description":"\u00c9lectronique grand public de conception britannique","potentialAction":[{"@type":"SearchAction","target":{"@type":"EntryPoint","urlTemplate":"https:\/\/veho-schweiz.com\/fr\/?s={search_term_string}"},"query-input":{"@type":"PropertyValueSpecification","valueRequired":true,"valueName":"search_term_string"}}],"inLanguage":"fr-FR"}]}},"jetpack_sharing_enabled":true,"_links":{"self":[{"href":"https:\/\/veho-schweiz.com\/fr\/wp-json\/wp\/v2\/product\/7786","targetHints":{"allow":["GET"]}}],"collection":[{"href":"https:\/\/veho-schweiz.com\/fr\/wp-json\/wp\/v2\/product"}],"about":[{"href":"https:\/\/veho-schweiz.com\/fr\/wp-json\/wp\/v2\/types\/product"}],"replies":[{"embeddable":true,"href":"https:\/\/veho-schweiz.com\/fr\/wp-json\/wp\/v2\/comments?post=7786"}],"wp:featuredmedia":[{"embeddable":true,"href":"https:\/\/veho-schweiz.com\/fr\/wp-json\/wp\/v2\/media\/5946"}],"wp:attachment":[{"href":"https:\/\/veho-schweiz.com\/fr\/wp-json\/wp\/v2\/media?parent=7786"}],"wp:term":[{"taxonomy":"product_brand","embeddable":true,"href":"https:\/\/veho-schweiz.com\/fr\/wp-json\/wp\/v2\/product_brand?post=7786"},{"taxonomy":"product_cat","embeddable":true,"href":"https:\/\/veho-schweiz.com\/fr\/wp-json\/wp\/v2\/product_cat?post=7786"},{"taxonomy":"product_tag","embeddable":true,"href":"https:\/\/veho-schweiz.com\/fr\/wp-json\/wp\/v2\/product_tag?post=7786"}],"curies":[{"name":"wp","href":"https:\/\/api.w.org\/{rel}","templated":true}]}}