{"id":7772,"date":"2024-10-08T17:45:05","date_gmt":"2024-10-08T15:45:05","guid":{"rendered":"https:\/\/veho-schweiz.com\/product\/kit-de-demarrage-pour-maison-intelligente-cave\/"},"modified":"2024-12-18T16:33:22","modified_gmt":"2024-12-18T15:33:22","slug":"kit-de-demarrage-pour-maison-intelligente-cave","status":"publish","type":"product","link":"https:\/\/veho-schweiz.com\/fr\/product\/kit-de-demarrage-pour-maison-intelligente-cave\/","title":{"rendered":"Kit de d\u00e9marrage pour maison intelligente Cave"},"content":{"rendered":"<div class=\"wp-content wp-content--product\"><p>Le kit de d\u00e9marrage Cave Smart Home, associ\u00e9 \u00e0 une application d\u00e9di\u00e9e, vous permet, \u00e0 vous et \u00e0 votre famille, de contr\u00f4ler et de surveiller \u00e0 distance votre syst\u00e8me de s\u00e9curit\u00e9 domestique. Activez ou d\u00e9sactivez le syst\u00e8me Cave depuis n&rsquo;importe o\u00f9 dans le monde gr\u00e2ce \u00e0 l&rsquo;application intuitive Cave. L&rsquo;installation et l&rsquo;extension de Cave sont simples gr\u00e2ce \u00e0 un syst\u00e8me de code QR qui vous permet d&rsquo;ajouter des accessoires \u00e0 votre syst\u00e8me en toute s\u00e9curit\u00e9. Cave peut \u00eatre connect\u00e9 via un r\u00e9seau sans fil, c\u00e2bl\u00e9 ou mobile.  <\/p>\n<\/div>","protected":false},"excerpt":{"rendered":"<ul>\n<li>S\u00e9curit\u00e9 et surveillance sans fil<\/li>\n<li>Application pour iOS et Android<\/li>\n<li>Jusqu&rsquo;\u00e0 99 accessoires<\/li>\n<\/ul>\n","protected":false},"featured_media":5496,"comment_status":"closed","ping_status":"closed","template":"","meta":{"_acf_changed":false,"inline_featured_image":false},"product_brand":[],"product_cat":[198],"product_tag":[],"class_list":{"0":"post-7772","1":"product","2":"type-product","3":"status-publish","4":"has-post-thumbnail","6":"product_cat-cave-smart-home-fr","8":"first","9":"instock","10":"shipping-taxable","11":"purchasable","12":"product-type-simple"},"acf":[],"yoast_head":"<!-- This site is optimized with the Yoast SEO plugin v27.5 - https:\/\/yoast.com\/product\/yoast-seo-wordpress\/ -->\n<title>Kit de d\u00e9marrage Cave Wireless Smart Home avec application d\u00e9di\u00e9e<\/title>\n<meta name=\"description\" content=\"Le kit de d\u00e9marrage Cave Smart Home, avec une application d\u00e9di\u00e9e, vous permet, \u00e0 vous et \u00e0 votre famille, de contr\u00f4ler et de visualiser \u00e0 distance votre syst\u00e8me de s\u00e9curit\u00e9 domestique.\" \/>\n<meta name=\"robots\" content=\"index, follow, max-snippet:-1, max-image-preview:large, max-video-preview:-1\" \/>\n<link rel=\"canonical\" href=\"https:\/\/veho-schweiz.com\/fr\/product\/kit-de-demarrage-pour-maison-intelligente-cave\/\" \/>\n<meta property=\"og:locale\" content=\"fr_FR\" \/>\n<meta property=\"og:type\" content=\"article\" \/>\n<meta property=\"og:title\" content=\"Kit de d\u00e9marrage Cave Wireless Smart Home avec application d\u00e9di\u00e9e\" \/>\n<meta property=\"og:description\" content=\"Le kit de d\u00e9marrage Cave Smart Home, avec une application d\u00e9di\u00e9e, vous permet, \u00e0 vous et \u00e0 votre famille, de contr\u00f4ler et de visualiser \u00e0 distance votre syst\u00e8me de s\u00e9curit\u00e9 domestique.\" \/>\n<meta property=\"og:url\" content=\"https:\/\/veho-schweiz.com\/fr\/product\/kit-de-demarrage-pour-maison-intelligente-cave\/\" \/>\n<meta property=\"og:site_name\" content=\"Veho Lifestyle Store Suisse\" \/>\n<meta property=\"article:modified_time\" content=\"2024-12-18T15:33:22+00:00\" \/>\n<meta property=\"og:image\" content=\"https:\/\/veho-schweiz.com\/wp-content\/uploads\/2022\/02\/Cave-Starter-Kit-1.png\" \/>\n\t<meta property=\"og:image:width\" content=\"620\" \/>\n\t<meta property=\"og:image:height\" content=\"620\" \/>\n\t<meta property=\"og:image:type\" content=\"image\/png\" \/>\n<meta name=\"twitter:card\" content=\"summary_large_image\" \/>\n<script type=\"application\/ld+json\" class=\"yoast-schema-graph\">{\"@context\":\"https:\\\/\\\/schema.org\",\"@graph\":[{\"@type\":\"WebPage\",\"@id\":\"https:\\\/\\\/veho-schweiz.com\\\/fr\\\/product\\\/kit-de-demarrage-pour-maison-intelligente-cave\\\/\",\"url\":\"https:\\\/\\\/veho-schweiz.com\\\/fr\\\/product\\\/kit-de-demarrage-pour-maison-intelligente-cave\\\/\",\"name\":\"Kit de d\u00e9marrage Cave Wireless Smart Home avec application d\u00e9di\u00e9e\",\"isPartOf\":{\"@id\":\"https:\\\/\\\/veho-schweiz.com\\\/fr\\\/#website\"},\"primaryImageOfPage\":{\"@id\":\"https:\\\/\\\/veho-schweiz.com\\\/fr\\\/product\\\/kit-de-demarrage-pour-maison-intelligente-cave\\\/#primaryimage\"},\"image\":{\"@id\":\"https:\\\/\\\/veho-schweiz.com\\\/fr\\\/product\\\/kit-de-demarrage-pour-maison-intelligente-cave\\\/#primaryimage\"},\"thumbnailUrl\":\"https:\\\/\\\/veho-schweiz.com\\\/wp-content\\\/uploads\\\/2022\\\/02\\\/Cave-Starter-Kit-1.png\",\"datePublished\":\"2024-10-08T15:45:05+00:00\",\"dateModified\":\"2024-12-18T15:33:22+00:00\",\"description\":\"Le kit de d\u00e9marrage Cave Smart Home, avec une application d\u00e9di\u00e9e, vous permet, \u00e0 vous et \u00e0 votre famille, de contr\u00f4ler et de visualiser \u00e0 distance votre syst\u00e8me de s\u00e9curit\u00e9 domestique.\",\"breadcrumb\":{\"@id\":\"https:\\\/\\\/veho-schweiz.com\\\/fr\\\/product\\\/kit-de-demarrage-pour-maison-intelligente-cave\\\/#breadcrumb\"},\"inLanguage\":\"fr-FR\",\"potentialAction\":[{\"@type\":\"ReadAction\",\"target\":[\"https:\\\/\\\/veho-schweiz.com\\\/fr\\\/product\\\/kit-de-demarrage-pour-maison-intelligente-cave\\\/\"]}]},{\"@type\":\"ImageObject\",\"inLanguage\":\"fr-FR\",\"@id\":\"https:\\\/\\\/veho-schweiz.com\\\/fr\\\/product\\\/kit-de-demarrage-pour-maison-intelligente-cave\\\/#primaryimage\",\"url\":\"https:\\\/\\\/veho-schweiz.com\\\/wp-content\\\/uploads\\\/2022\\\/02\\\/Cave-Starter-Kit-1.png\",\"contentUrl\":\"https:\\\/\\\/veho-schweiz.com\\\/wp-content\\\/uploads\\\/2022\\\/02\\\/Cave-Starter-Kit-1.png\",\"width\":620,\"height\":620},{\"@type\":\"BreadcrumbList\",\"@id\":\"https:\\\/\\\/veho-schweiz.com\\\/fr\\\/product\\\/kit-de-demarrage-pour-maison-intelligente-cave\\\/#breadcrumb\",\"itemListElement\":[{\"@type\":\"ListItem\",\"position\":1,\"name\":\"Home\",\"item\":\"https:\\\/\\\/veho-schweiz.com\\\/fr\\\/\"},{\"@type\":\"ListItem\",\"position\":2,\"name\":\"Shop\",\"item\":\"https:\\\/\\\/veho-schweiz.com\\\/shop\\\/\"},{\"@type\":\"ListItem\",\"position\":3,\"name\":\"Kit de d\u00e9marrage pour maison intelligente Cave\"}]},{\"@type\":\"WebSite\",\"@id\":\"https:\\\/\\\/veho-schweiz.com\\\/fr\\\/#website\",\"url\":\"https:\\\/\\\/veho-schweiz.com\\\/fr\\\/\",\"name\":\"Veho Lifestyle Store Suisse\",\"description\":\"\u00c9lectronique grand public de conception britannique\",\"potentialAction\":[{\"@type\":\"SearchAction\",\"target\":{\"@type\":\"EntryPoint\",\"urlTemplate\":\"https:\\\/\\\/veho-schweiz.com\\\/fr\\\/?s={search_term_string}\"},\"query-input\":{\"@type\":\"PropertyValueSpecification\",\"valueRequired\":true,\"valueName\":\"search_term_string\"}}],\"inLanguage\":\"fr-FR\"}]}<\/script>\n<!-- \/ Yoast SEO plugin. -->","yoast_head_json":{"title":"Kit de d\u00e9marrage Cave Wireless Smart Home avec application d\u00e9di\u00e9e","description":"Le kit de d\u00e9marrage Cave Smart Home, avec une application d\u00e9di\u00e9e, vous permet, \u00e0 vous et \u00e0 votre famille, de contr\u00f4ler et de visualiser \u00e0 distance votre syst\u00e8me de s\u00e9curit\u00e9 domestique.","robots":{"index":"index","follow":"follow","max-snippet":"max-snippet:-1","max-image-preview":"max-image-preview:large","max-video-preview":"max-video-preview:-1"},"canonical":"https:\/\/veho-schweiz.com\/fr\/product\/kit-de-demarrage-pour-maison-intelligente-cave\/","og_locale":"fr_FR","og_type":"article","og_title":"Kit de d\u00e9marrage Cave Wireless Smart Home avec application d\u00e9di\u00e9e","og_description":"Le kit de d\u00e9marrage Cave Smart Home, avec une application d\u00e9di\u00e9e, vous permet, \u00e0 vous et \u00e0 votre famille, de contr\u00f4ler et de visualiser \u00e0 distance votre syst\u00e8me de s\u00e9curit\u00e9 domestique.","og_url":"https:\/\/veho-schweiz.com\/fr\/product\/kit-de-demarrage-pour-maison-intelligente-cave\/","og_site_name":"Veho Lifestyle Store Suisse","article_modified_time":"2024-12-18T15:33:22+00:00","og_image":[{"width":620,"height":620,"url":"https:\/\/veho-schweiz.com\/wp-content\/uploads\/2022\/02\/Cave-Starter-Kit-1.png","type":"image\/png"}],"twitter_card":"summary_large_image","schema":{"@context":"https:\/\/schema.org","@graph":[{"@type":"WebPage","@id":"https:\/\/veho-schweiz.com\/fr\/product\/kit-de-demarrage-pour-maison-intelligente-cave\/","url":"https:\/\/veho-schweiz.com\/fr\/product\/kit-de-demarrage-pour-maison-intelligente-cave\/","name":"Kit de d\u00e9marrage Cave Wireless Smart Home avec application d\u00e9di\u00e9e","isPartOf":{"@id":"https:\/\/veho-schweiz.com\/fr\/#website"},"primaryImageOfPage":{"@id":"https:\/\/veho-schweiz.com\/fr\/product\/kit-de-demarrage-pour-maison-intelligente-cave\/#primaryimage"},"image":{"@id":"https:\/\/veho-schweiz.com\/fr\/product\/kit-de-demarrage-pour-maison-intelligente-cave\/#primaryimage"},"thumbnailUrl":"https:\/\/veho-schweiz.com\/wp-content\/uploads\/2022\/02\/Cave-Starter-Kit-1.png","datePublished":"2024-10-08T15:45:05+00:00","dateModified":"2024-12-18T15:33:22+00:00","description":"Le kit de d\u00e9marrage Cave Smart Home, avec une application d\u00e9di\u00e9e, vous permet, \u00e0 vous et \u00e0 votre famille, de contr\u00f4ler et de visualiser \u00e0 distance votre syst\u00e8me de s\u00e9curit\u00e9 domestique.","breadcrumb":{"@id":"https:\/\/veho-schweiz.com\/fr\/product\/kit-de-demarrage-pour-maison-intelligente-cave\/#breadcrumb"},"inLanguage":"fr-FR","potentialAction":[{"@type":"ReadAction","target":["https:\/\/veho-schweiz.com\/fr\/product\/kit-de-demarrage-pour-maison-intelligente-cave\/"]}]},{"@type":"ImageObject","inLanguage":"fr-FR","@id":"https:\/\/veho-schweiz.com\/fr\/product\/kit-de-demarrage-pour-maison-intelligente-cave\/#primaryimage","url":"https:\/\/veho-schweiz.com\/wp-content\/uploads\/2022\/02\/Cave-Starter-Kit-1.png","contentUrl":"https:\/\/veho-schweiz.com\/wp-content\/uploads\/2022\/02\/Cave-Starter-Kit-1.png","width":620,"height":620},{"@type":"BreadcrumbList","@id":"https:\/\/veho-schweiz.com\/fr\/product\/kit-de-demarrage-pour-maison-intelligente-cave\/#breadcrumb","itemListElement":[{"@type":"ListItem","position":1,"name":"Home","item":"https:\/\/veho-schweiz.com\/fr\/"},{"@type":"ListItem","position":2,"name":"Shop","item":"https:\/\/veho-schweiz.com\/shop\/"},{"@type":"ListItem","position":3,"name":"Kit de d\u00e9marrage pour maison intelligente Cave"}]},{"@type":"WebSite","@id":"https:\/\/veho-schweiz.com\/fr\/#website","url":"https:\/\/veho-schweiz.com\/fr\/","name":"Veho Lifestyle Store Suisse","description":"\u00c9lectronique grand public de conception britannique","potentialAction":[{"@type":"SearchAction","target":{"@type":"EntryPoint","urlTemplate":"https:\/\/veho-schweiz.com\/fr\/?s={search_term_string}"},"query-input":{"@type":"PropertyValueSpecification","valueRequired":true,"valueName":"search_term_string"}}],"inLanguage":"fr-FR"}]}},"jetpack_sharing_enabled":true,"_links":{"self":[{"href":"https:\/\/veho-schweiz.com\/fr\/wp-json\/wp\/v2\/product\/7772","targetHints":{"allow":["GET"]}}],"collection":[{"href":"https:\/\/veho-schweiz.com\/fr\/wp-json\/wp\/v2\/product"}],"about":[{"href":"https:\/\/veho-schweiz.com\/fr\/wp-json\/wp\/v2\/types\/product"}],"replies":[{"embeddable":true,"href":"https:\/\/veho-schweiz.com\/fr\/wp-json\/wp\/v2\/comments?post=7772"}],"wp:featuredmedia":[{"embeddable":true,"href":"https:\/\/veho-schweiz.com\/fr\/wp-json\/wp\/v2\/media\/5496"}],"wp:attachment":[{"href":"https:\/\/veho-schweiz.com\/fr\/wp-json\/wp\/v2\/media?parent=7772"}],"wp:term":[{"taxonomy":"product_brand","embeddable":true,"href":"https:\/\/veho-schweiz.com\/fr\/wp-json\/wp\/v2\/product_brand?post=7772"},{"taxonomy":"product_cat","embeddable":true,"href":"https:\/\/veho-schweiz.com\/fr\/wp-json\/wp\/v2\/product_cat?post=7772"},{"taxonomy":"product_tag","embeddable":true,"href":"https:\/\/veho-schweiz.com\/fr\/wp-json\/wp\/v2\/product_tag?post=7772"}],"curies":[{"name":"wp","href":"https:\/\/api.w.org\/{rel}","templated":true}]}}