{"id":7768,"date":"2024-10-08T17:45:07","date_gmt":"2024-10-08T15:45:07","guid":{"rendered":"https:\/\/veho-schweiz.com\/product\/stix-ii-pro-ecouteurs-sans-fil-veritable-avec-suppression-active-du-bruit-blanc\/"},"modified":"2024-12-18T11:47:02","modified_gmt":"2024-12-18T10:47:02","slug":"stix-ii-pro-ecouteurs-sans-fil-veritable-avec-suppression-active-du-bruit-blanc","status":"publish","type":"product","link":"https:\/\/veho-schweiz.com\/fr\/product\/stix-ii-pro-ecouteurs-sans-fil-veritable-avec-suppression-active-du-bruit-blanc\/","title":{"rendered":"STIX II PRO \u00c9couteurs sans fil v\u00e9ritable avec suppression active du bruit &#8211; Blanc"},"content":{"rendered":"<div class=\"wp-content wp-content--product\"><p>Les \u00e9couteurs STIX II Pro True Wireless \u00e0 suppression active du bruit sont dot\u00e9s de pilotes audio optimis\u00e9s, d&rsquo;un microphone ENC Quad Pro et du Bluetooth 5.3 pour une consommation d&rsquo;\u00e9nergie extr\u00eamement faible. Le microphone ENC (Electronic Noise Cancelling) Quad Pro offre une qualit\u00e9 audio sup\u00e9rieure pour les appels vocaux sur Internet et le tout dernier chipset Bluetooth prolonge le temps d&rsquo;appel\/de lecture jusqu&rsquo;\u00e0 7 heures. Le STIX II Pro comprend un \u00e9tui de transport rechargeable au format de poche qui permet de recharger le STIX II jusqu&rsquo;\u00e0 3,5 fois, un temps de charge ultra-rapide de 50 minutes, Smart Touch int\u00e9gr\u00e9 pour contr\u00f4ler votre musique\/vos appels et un bo\u00eetier \u00e9tanche IPX5 pour am\u00e9liorer votre exp\u00e9rience audio.  <\/p>\n<\/div>","protected":false},"excerpt":{"rendered":"<ul>\n<li>V\u00e9ritables \u00e9couteurs sans fil Bluetooth v5.3<\/li>\n<li>Technologie ANC (Active Noise Cancelling)<\/li>\n<li>ENC Quad microphone<\/li>\n<li>Jusqu&rsquo;\u00e0 7 heures de jeu<\/li>\n<\/ul>\n","protected":false},"featured_media":7538,"comment_status":"closed","ping_status":"closed","template":"","meta":{"_acf_changed":false,"inline_featured_image":false},"product_brand":[],"product_cat":[179],"product_tag":[168,256,258],"class_list":{"0":"post-7768","1":"product","2":"type-product","3":"status-publish","4":"has-post-thumbnail","6":"product_cat-in-ear-wireless-fr","7":"product_tag-bluetooth-fr","8":"product_tag-resistant-a-leau","9":"product_tag-telecommande-microphone-integre","11":"first","12":"instock","13":"shipping-taxable","14":"purchasable","15":"product-type-simple"},"acf":[],"yoast_head":"<!-- This site is optimized with the Yoast SEO plugin v27.5 - https:\/\/yoast.com\/product\/yoast-seo-wordpress\/ -->\n<title>STIX II PRO \u00c9couteurs sans fil v\u00e9ritable avec suppression active du bruit - Blanc<\/title>\n<meta name=\"description\" content=\"Les \u00e9couteurs STIX II Pro True Wireless sont dot\u00e9s de la technologie Bluetooth 5.3 et consomment peu d&#039;\u00e9nergie. Jusqu&#039;\u00e0 7 heures de temps de lecture \u00e0 partir d&#039;une seule charge.\" \/>\n<meta name=\"robots\" content=\"index, follow, max-snippet:-1, max-image-preview:large, max-video-preview:-1\" \/>\n<link rel=\"canonical\" href=\"https:\/\/veho-schweiz.com\/fr\/product\/stix-ii-pro-ecouteurs-sans-fil-veritable-avec-suppression-active-du-bruit-blanc\/\" \/>\n<meta property=\"og:locale\" content=\"fr_FR\" \/>\n<meta property=\"og:type\" content=\"article\" \/>\n<meta property=\"og:title\" content=\"STIX II PRO \u00c9couteurs sans fil v\u00e9ritable avec suppression active du bruit - Blanc\" \/>\n<meta property=\"og:description\" content=\"Les \u00e9couteurs STIX II Pro True Wireless sont dot\u00e9s de la technologie Bluetooth 5.3 et consomment peu d&#039;\u00e9nergie. Jusqu&#039;\u00e0 7 heures de temps de lecture \u00e0 partir d&#039;une seule charge.\" \/>\n<meta property=\"og:url\" content=\"https:\/\/veho-schweiz.com\/fr\/product\/stix-ii-pro-ecouteurs-sans-fil-veritable-avec-suppression-active-du-bruit-blanc\/\" \/>\n<meta property=\"og:site_name\" content=\"Veho Lifestyle Store Suisse\" \/>\n<meta property=\"article:modified_time\" content=\"2024-12-18T10:47:02+00:00\" \/>\n<meta property=\"og:image\" content=\"https:\/\/veho-schweiz.com\/wp-content\/uploads\/2024\/02\/stix2pro_w_hero-1.png\" \/>\n\t<meta property=\"og:image:width\" content=\"620\" \/>\n\t<meta property=\"og:image:height\" content=\"620\" \/>\n\t<meta property=\"og:image:type\" content=\"image\/png\" \/>\n<meta name=\"twitter:card\" content=\"summary_large_image\" \/>\n<meta name=\"twitter:label1\" content=\"Dur\u00e9e de lecture estim\u00e9e\" \/>\n\t<meta name=\"twitter:data1\" content=\"1 minute\" \/>\n<script type=\"application\/ld+json\" class=\"yoast-schema-graph\">{\"@context\":\"https:\\\/\\\/schema.org\",\"@graph\":[{\"@type\":\"WebPage\",\"@id\":\"https:\\\/\\\/veho-schweiz.com\\\/fr\\\/product\\\/stix-ii-pro-ecouteurs-sans-fil-veritable-avec-suppression-active-du-bruit-blanc\\\/\",\"url\":\"https:\\\/\\\/veho-schweiz.com\\\/fr\\\/product\\\/stix-ii-pro-ecouteurs-sans-fil-veritable-avec-suppression-active-du-bruit-blanc\\\/\",\"name\":\"STIX II PRO \u00c9couteurs sans fil v\u00e9ritable avec suppression active du bruit - Blanc\",\"isPartOf\":{\"@id\":\"https:\\\/\\\/veho-schweiz.com\\\/fr\\\/#website\"},\"primaryImageOfPage\":{\"@id\":\"https:\\\/\\\/veho-schweiz.com\\\/fr\\\/product\\\/stix-ii-pro-ecouteurs-sans-fil-veritable-avec-suppression-active-du-bruit-blanc\\\/#primaryimage\"},\"image\":{\"@id\":\"https:\\\/\\\/veho-schweiz.com\\\/fr\\\/product\\\/stix-ii-pro-ecouteurs-sans-fil-veritable-avec-suppression-active-du-bruit-blanc\\\/#primaryimage\"},\"thumbnailUrl\":\"https:\\\/\\\/veho-schweiz.com\\\/wp-content\\\/uploads\\\/2024\\\/02\\\/stix2pro_w_hero-1.png\",\"datePublished\":\"2024-10-08T15:45:07+00:00\",\"dateModified\":\"2024-12-18T10:47:02+00:00\",\"description\":\"Les \u00e9couteurs STIX II Pro True Wireless sont dot\u00e9s de la technologie Bluetooth 5.3 et consomment peu d'\u00e9nergie. Jusqu'\u00e0 7 heures de temps de lecture \u00e0 partir d'une seule charge.\",\"breadcrumb\":{\"@id\":\"https:\\\/\\\/veho-schweiz.com\\\/fr\\\/product\\\/stix-ii-pro-ecouteurs-sans-fil-veritable-avec-suppression-active-du-bruit-blanc\\\/#breadcrumb\"},\"inLanguage\":\"fr-FR\",\"potentialAction\":[{\"@type\":\"ReadAction\",\"target\":[\"https:\\\/\\\/veho-schweiz.com\\\/fr\\\/product\\\/stix-ii-pro-ecouteurs-sans-fil-veritable-avec-suppression-active-du-bruit-blanc\\\/\"]}]},{\"@type\":\"ImageObject\",\"inLanguage\":\"fr-FR\",\"@id\":\"https:\\\/\\\/veho-schweiz.com\\\/fr\\\/product\\\/stix-ii-pro-ecouteurs-sans-fil-veritable-avec-suppression-active-du-bruit-blanc\\\/#primaryimage\",\"url\":\"https:\\\/\\\/veho-schweiz.com\\\/wp-content\\\/uploads\\\/2024\\\/02\\\/stix2pro_w_hero-1.png\",\"contentUrl\":\"https:\\\/\\\/veho-schweiz.com\\\/wp-content\\\/uploads\\\/2024\\\/02\\\/stix2pro_w_hero-1.png\",\"width\":620,\"height\":620},{\"@type\":\"BreadcrumbList\",\"@id\":\"https:\\\/\\\/veho-schweiz.com\\\/fr\\\/product\\\/stix-ii-pro-ecouteurs-sans-fil-veritable-avec-suppression-active-du-bruit-blanc\\\/#breadcrumb\",\"itemListElement\":[{\"@type\":\"ListItem\",\"position\":1,\"name\":\"Home\",\"item\":\"https:\\\/\\\/veho-schweiz.com\\\/fr\\\/\"},{\"@type\":\"ListItem\",\"position\":2,\"name\":\"Shop\",\"item\":\"https:\\\/\\\/veho-schweiz.com\\\/shop\\\/\"},{\"@type\":\"ListItem\",\"position\":3,\"name\":\"STIX II PRO \u00c9couteurs sans fil v\u00e9ritable avec suppression active du bruit &#8211; Blanc\"}]},{\"@type\":\"WebSite\",\"@id\":\"https:\\\/\\\/veho-schweiz.com\\\/fr\\\/#website\",\"url\":\"https:\\\/\\\/veho-schweiz.com\\\/fr\\\/\",\"name\":\"Veho Lifestyle Store Suisse\",\"description\":\"\u00c9lectronique grand public de conception britannique\",\"potentialAction\":[{\"@type\":\"SearchAction\",\"target\":{\"@type\":\"EntryPoint\",\"urlTemplate\":\"https:\\\/\\\/veho-schweiz.com\\\/fr\\\/?s={search_term_string}\"},\"query-input\":{\"@type\":\"PropertyValueSpecification\",\"valueRequired\":true,\"valueName\":\"search_term_string\"}}],\"inLanguage\":\"fr-FR\"}]}<\/script>\n<!-- \/ Yoast SEO plugin. -->","yoast_head_json":{"title":"STIX II PRO \u00c9couteurs sans fil v\u00e9ritable avec suppression active du bruit - Blanc","description":"Les \u00e9couteurs STIX II Pro True Wireless sont dot\u00e9s de la technologie Bluetooth 5.3 et consomment peu d'\u00e9nergie. Jusqu'\u00e0 7 heures de temps de lecture \u00e0 partir d'une seule charge.","robots":{"index":"index","follow":"follow","max-snippet":"max-snippet:-1","max-image-preview":"max-image-preview:large","max-video-preview":"max-video-preview:-1"},"canonical":"https:\/\/veho-schweiz.com\/fr\/product\/stix-ii-pro-ecouteurs-sans-fil-veritable-avec-suppression-active-du-bruit-blanc\/","og_locale":"fr_FR","og_type":"article","og_title":"STIX II PRO \u00c9couteurs sans fil v\u00e9ritable avec suppression active du bruit - Blanc","og_description":"Les \u00e9couteurs STIX II Pro True Wireless sont dot\u00e9s de la technologie Bluetooth 5.3 et consomment peu d'\u00e9nergie. Jusqu'\u00e0 7 heures de temps de lecture \u00e0 partir d'une seule charge.","og_url":"https:\/\/veho-schweiz.com\/fr\/product\/stix-ii-pro-ecouteurs-sans-fil-veritable-avec-suppression-active-du-bruit-blanc\/","og_site_name":"Veho Lifestyle Store Suisse","article_modified_time":"2024-12-18T10:47:02+00:00","og_image":[{"width":620,"height":620,"url":"https:\/\/veho-schweiz.com\/wp-content\/uploads\/2024\/02\/stix2pro_w_hero-1.png","type":"image\/png"}],"twitter_card":"summary_large_image","twitter_misc":{"Dur\u00e9e de lecture estim\u00e9e":"1 minute"},"schema":{"@context":"https:\/\/schema.org","@graph":[{"@type":"WebPage","@id":"https:\/\/veho-schweiz.com\/fr\/product\/stix-ii-pro-ecouteurs-sans-fil-veritable-avec-suppression-active-du-bruit-blanc\/","url":"https:\/\/veho-schweiz.com\/fr\/product\/stix-ii-pro-ecouteurs-sans-fil-veritable-avec-suppression-active-du-bruit-blanc\/","name":"STIX II PRO \u00c9couteurs sans fil v\u00e9ritable avec suppression active du bruit - Blanc","isPartOf":{"@id":"https:\/\/veho-schweiz.com\/fr\/#website"},"primaryImageOfPage":{"@id":"https:\/\/veho-schweiz.com\/fr\/product\/stix-ii-pro-ecouteurs-sans-fil-veritable-avec-suppression-active-du-bruit-blanc\/#primaryimage"},"image":{"@id":"https:\/\/veho-schweiz.com\/fr\/product\/stix-ii-pro-ecouteurs-sans-fil-veritable-avec-suppression-active-du-bruit-blanc\/#primaryimage"},"thumbnailUrl":"https:\/\/veho-schweiz.com\/wp-content\/uploads\/2024\/02\/stix2pro_w_hero-1.png","datePublished":"2024-10-08T15:45:07+00:00","dateModified":"2024-12-18T10:47:02+00:00","description":"Les \u00e9couteurs STIX II Pro True Wireless sont dot\u00e9s de la technologie Bluetooth 5.3 et consomment peu d'\u00e9nergie. Jusqu'\u00e0 7 heures de temps de lecture \u00e0 partir d'une seule charge.","breadcrumb":{"@id":"https:\/\/veho-schweiz.com\/fr\/product\/stix-ii-pro-ecouteurs-sans-fil-veritable-avec-suppression-active-du-bruit-blanc\/#breadcrumb"},"inLanguage":"fr-FR","potentialAction":[{"@type":"ReadAction","target":["https:\/\/veho-schweiz.com\/fr\/product\/stix-ii-pro-ecouteurs-sans-fil-veritable-avec-suppression-active-du-bruit-blanc\/"]}]},{"@type":"ImageObject","inLanguage":"fr-FR","@id":"https:\/\/veho-schweiz.com\/fr\/product\/stix-ii-pro-ecouteurs-sans-fil-veritable-avec-suppression-active-du-bruit-blanc\/#primaryimage","url":"https:\/\/veho-schweiz.com\/wp-content\/uploads\/2024\/02\/stix2pro_w_hero-1.png","contentUrl":"https:\/\/veho-schweiz.com\/wp-content\/uploads\/2024\/02\/stix2pro_w_hero-1.png","width":620,"height":620},{"@type":"BreadcrumbList","@id":"https:\/\/veho-schweiz.com\/fr\/product\/stix-ii-pro-ecouteurs-sans-fil-veritable-avec-suppression-active-du-bruit-blanc\/#breadcrumb","itemListElement":[{"@type":"ListItem","position":1,"name":"Home","item":"https:\/\/veho-schweiz.com\/fr\/"},{"@type":"ListItem","position":2,"name":"Shop","item":"https:\/\/veho-schweiz.com\/shop\/"},{"@type":"ListItem","position":3,"name":"STIX II PRO \u00c9couteurs sans fil v\u00e9ritable avec suppression active du bruit &#8211; Blanc"}]},{"@type":"WebSite","@id":"https:\/\/veho-schweiz.com\/fr\/#website","url":"https:\/\/veho-schweiz.com\/fr\/","name":"Veho Lifestyle Store Suisse","description":"\u00c9lectronique grand public de conception britannique","potentialAction":[{"@type":"SearchAction","target":{"@type":"EntryPoint","urlTemplate":"https:\/\/veho-schweiz.com\/fr\/?s={search_term_string}"},"query-input":{"@type":"PropertyValueSpecification","valueRequired":true,"valueName":"search_term_string"}}],"inLanguage":"fr-FR"}]}},"jetpack_sharing_enabled":true,"_links":{"self":[{"href":"https:\/\/veho-schweiz.com\/fr\/wp-json\/wp\/v2\/product\/7768","targetHints":{"allow":["GET"]}}],"collection":[{"href":"https:\/\/veho-schweiz.com\/fr\/wp-json\/wp\/v2\/product"}],"about":[{"href":"https:\/\/veho-schweiz.com\/fr\/wp-json\/wp\/v2\/types\/product"}],"replies":[{"embeddable":true,"href":"https:\/\/veho-schweiz.com\/fr\/wp-json\/wp\/v2\/comments?post=7768"}],"wp:featuredmedia":[{"embeddable":true,"href":"https:\/\/veho-schweiz.com\/fr\/wp-json\/wp\/v2\/media\/7538"}],"wp:attachment":[{"href":"https:\/\/veho-schweiz.com\/fr\/wp-json\/wp\/v2\/media?parent=7768"}],"wp:term":[{"taxonomy":"product_brand","embeddable":true,"href":"https:\/\/veho-schweiz.com\/fr\/wp-json\/wp\/v2\/product_brand?post=7768"},{"taxonomy":"product_cat","embeddable":true,"href":"https:\/\/veho-schweiz.com\/fr\/wp-json\/wp\/v2\/product_cat?post=7768"},{"taxonomy":"product_tag","embeddable":true,"href":"https:\/\/veho-schweiz.com\/fr\/wp-json\/wp\/v2\/product_tag?post=7768"}],"curies":[{"name":"wp","href":"https:\/\/api.w.org\/{rel}","templated":true}]}}