{"id":7760,"date":"2024-10-08T17:45:31","date_gmt":"2024-10-08T15:45:31","guid":{"rendered":"https:\/\/veho-schweiz.com\/product\/rhox-ecouteurs-true-wireless-electric-blue\/"},"modified":"2024-12-18T16:27:50","modified_gmt":"2024-12-18T15:27:50","slug":"rhox-ecouteurs-true-wireless-electric-blue","status":"publish","type":"product","link":"https:\/\/veho-schweiz.com\/fr\/product\/rhox-ecouteurs-true-wireless-electric-blue\/","title":{"rendered":"RHOX Ecouteurs True Wireless &#8211; Electric Blue"},"content":{"rendered":"<div class=\"wp-content wp-content--product\"><p>Les \u00e9couteurs RHOX True Wireless sont la combinaison ultime d&rsquo;une qualit\u00e9 sonore de premier ordre et d&rsquo;un confort intra-auriculaire ergonomique. Gr\u00e2ce \u00e0 leur batterie compacte mais puissante, les RHOX sont parfaitement adapt\u00e9s \u00e0 tous les environnements int\u00e9rieurs et ext\u00e9rieurs. Complet avec un \u00e9tui de voyage qui permet de recharger les \u00e9couteurs jusqu&rsquo;\u00e0 3 fois. Parmi les autres fonctionnalit\u00e9s figurent des commandes tactiles souples, un bo\u00eetier \u00e9tanche IPX5 et le mode de couplage rapide Bluetooth 5.1.<\/p>\n<\/div>","protected":false},"excerpt":{"rendered":"<ul>\n<li>RHOX Ecouteurs \u00ab\u00a0True Wireless\u00a0\u00bb Bluetooth v5.1<\/li>\n<li>Bo\u00eetier \u00e9tanche IPX5<\/li>\n<li>Jusqu&rsquo;\u00e0 5 heures de jeu<\/li>\n<\/ul>\n","protected":false},"featured_media":6284,"comment_status":"open","ping_status":"closed","template":"","meta":{"_acf_changed":false,"inline_featured_image":false},"product_brand":[],"product_cat":[179],"product_tag":[],"class_list":{"0":"post-7760","1":"product","2":"type-product","3":"status-publish","4":"has-post-thumbnail","6":"product_cat-in-ear-wireless-fr","8":"first","9":"outofstock","10":"shipping-taxable","11":"purchasable","12":"product-type-simple"},"acf":[],"yoast_head":"<!-- This site is optimized with the Yoast SEO plugin v27.5 - https:\/\/yoast.com\/product\/yoast-seo-wordpress\/ -->\n<title>RHOX Ecouteurs True Wireless - Electric Blue - Veho Lifestyle Store Suisse<\/title>\n<meta name=\"description\" content=\"Les \u00e9couteurs RHOX True Wireless sont l&#039;ultime combinaison d&#039;une qualit\u00e9 sonore haut de gamme et d&#039;un confort intra-auriculaire ergonomique.\" \/>\n<meta name=\"robots\" content=\"index, follow, max-snippet:-1, max-image-preview:large, max-video-preview:-1\" \/>\n<link rel=\"canonical\" href=\"https:\/\/veho-schweiz.com\/fr\/product\/rhox-ecouteurs-true-wireless-electric-blue\/\" \/>\n<meta property=\"og:locale\" content=\"fr_FR\" \/>\n<meta property=\"og:type\" content=\"article\" \/>\n<meta property=\"og:title\" content=\"RHOX Ecouteurs True Wireless - Electric Blue - Veho Lifestyle Store Suisse\" \/>\n<meta property=\"og:description\" content=\"Les \u00e9couteurs RHOX True Wireless sont l&#039;ultime combinaison d&#039;une qualit\u00e9 sonore haut de gamme et d&#039;un confort intra-auriculaire ergonomique.\" \/>\n<meta property=\"og:url\" content=\"https:\/\/veho-schweiz.com\/fr\/product\/rhox-ecouteurs-true-wireless-electric-blue\/\" \/>\n<meta property=\"og:site_name\" content=\"Veho Lifestyle Store Suisse\" \/>\n<meta property=\"article:modified_time\" content=\"2024-12-18T15:27:50+00:00\" \/>\n<meta property=\"og:image\" content=\"https:\/\/veho-schweiz.com\/wp-content\/uploads\/2022\/04\/rhox_blue_hero.png\" \/>\n\t<meta property=\"og:image:width\" content=\"620\" \/>\n\t<meta property=\"og:image:height\" content=\"620\" \/>\n\t<meta property=\"og:image:type\" content=\"image\/png\" \/>\n<meta name=\"twitter:card\" content=\"summary_large_image\" \/>\n<script type=\"application\/ld+json\" class=\"yoast-schema-graph\">{\"@context\":\"https:\\\/\\\/schema.org\",\"@graph\":[{\"@type\":\"WebPage\",\"@id\":\"https:\\\/\\\/veho-schweiz.com\\\/fr\\\/product\\\/rhox-ecouteurs-true-wireless-electric-blue\\\/\",\"url\":\"https:\\\/\\\/veho-schweiz.com\\\/fr\\\/product\\\/rhox-ecouteurs-true-wireless-electric-blue\\\/\",\"name\":\"RHOX Ecouteurs True Wireless - Electric Blue - Veho Lifestyle Store Suisse\",\"isPartOf\":{\"@id\":\"https:\\\/\\\/veho-schweiz.com\\\/fr\\\/#website\"},\"primaryImageOfPage\":{\"@id\":\"https:\\\/\\\/veho-schweiz.com\\\/fr\\\/product\\\/rhox-ecouteurs-true-wireless-electric-blue\\\/#primaryimage\"},\"image\":{\"@id\":\"https:\\\/\\\/veho-schweiz.com\\\/fr\\\/product\\\/rhox-ecouteurs-true-wireless-electric-blue\\\/#primaryimage\"},\"thumbnailUrl\":\"https:\\\/\\\/veho-schweiz.com\\\/wp-content\\\/uploads\\\/2022\\\/04\\\/rhox_blue_hero.png\",\"datePublished\":\"2024-10-08T15:45:31+00:00\",\"dateModified\":\"2024-12-18T15:27:50+00:00\",\"description\":\"Les \u00e9couteurs RHOX True Wireless sont l'ultime combinaison d'une qualit\u00e9 sonore haut de gamme et d'un confort intra-auriculaire ergonomique.\",\"breadcrumb\":{\"@id\":\"https:\\\/\\\/veho-schweiz.com\\\/fr\\\/product\\\/rhox-ecouteurs-true-wireless-electric-blue\\\/#breadcrumb\"},\"inLanguage\":\"fr-FR\",\"potentialAction\":[{\"@type\":\"ReadAction\",\"target\":[\"https:\\\/\\\/veho-schweiz.com\\\/fr\\\/product\\\/rhox-ecouteurs-true-wireless-electric-blue\\\/\"]}]},{\"@type\":\"ImageObject\",\"inLanguage\":\"fr-FR\",\"@id\":\"https:\\\/\\\/veho-schweiz.com\\\/fr\\\/product\\\/rhox-ecouteurs-true-wireless-electric-blue\\\/#primaryimage\",\"url\":\"https:\\\/\\\/veho-schweiz.com\\\/wp-content\\\/uploads\\\/2022\\\/04\\\/rhox_blue_hero.png\",\"contentUrl\":\"https:\\\/\\\/veho-schweiz.com\\\/wp-content\\\/uploads\\\/2022\\\/04\\\/rhox_blue_hero.png\",\"width\":620,\"height\":620,\"caption\":\"RHOX \u00c9couteurs True Wireless\"},{\"@type\":\"BreadcrumbList\",\"@id\":\"https:\\\/\\\/veho-schweiz.com\\\/fr\\\/product\\\/rhox-ecouteurs-true-wireless-electric-blue\\\/#breadcrumb\",\"itemListElement\":[{\"@type\":\"ListItem\",\"position\":1,\"name\":\"Home\",\"item\":\"https:\\\/\\\/veho-schweiz.com\\\/fr\\\/\"},{\"@type\":\"ListItem\",\"position\":2,\"name\":\"Shop\",\"item\":\"https:\\\/\\\/veho-schweiz.com\\\/shop\\\/\"},{\"@type\":\"ListItem\",\"position\":3,\"name\":\"RHOX Ecouteurs True Wireless &#8211; Electric Blue\"}]},{\"@type\":\"WebSite\",\"@id\":\"https:\\\/\\\/veho-schweiz.com\\\/fr\\\/#website\",\"url\":\"https:\\\/\\\/veho-schweiz.com\\\/fr\\\/\",\"name\":\"Veho Lifestyle Store Suisse\",\"description\":\"\u00c9lectronique grand public de conception britannique\",\"potentialAction\":[{\"@type\":\"SearchAction\",\"target\":{\"@type\":\"EntryPoint\",\"urlTemplate\":\"https:\\\/\\\/veho-schweiz.com\\\/fr\\\/?s={search_term_string}\"},\"query-input\":{\"@type\":\"PropertyValueSpecification\",\"valueRequired\":true,\"valueName\":\"search_term_string\"}}],\"inLanguage\":\"fr-FR\"}]}<\/script>\n<!-- \/ Yoast SEO plugin. -->","yoast_head_json":{"title":"RHOX Ecouteurs True Wireless - Electric Blue - Veho Lifestyle Store Suisse","description":"Les \u00e9couteurs RHOX True Wireless sont l'ultime combinaison d'une qualit\u00e9 sonore haut de gamme et d'un confort intra-auriculaire ergonomique.","robots":{"index":"index","follow":"follow","max-snippet":"max-snippet:-1","max-image-preview":"max-image-preview:large","max-video-preview":"max-video-preview:-1"},"canonical":"https:\/\/veho-schweiz.com\/fr\/product\/rhox-ecouteurs-true-wireless-electric-blue\/","og_locale":"fr_FR","og_type":"article","og_title":"RHOX Ecouteurs True Wireless - Electric Blue - Veho Lifestyle Store Suisse","og_description":"Les \u00e9couteurs RHOX True Wireless sont l'ultime combinaison d'une qualit\u00e9 sonore haut de gamme et d'un confort intra-auriculaire ergonomique.","og_url":"https:\/\/veho-schweiz.com\/fr\/product\/rhox-ecouteurs-true-wireless-electric-blue\/","og_site_name":"Veho Lifestyle Store Suisse","article_modified_time":"2024-12-18T15:27:50+00:00","og_image":[{"width":620,"height":620,"url":"https:\/\/veho-schweiz.com\/wp-content\/uploads\/2022\/04\/rhox_blue_hero.png","type":"image\/png"}],"twitter_card":"summary_large_image","schema":{"@context":"https:\/\/schema.org","@graph":[{"@type":"WebPage","@id":"https:\/\/veho-schweiz.com\/fr\/product\/rhox-ecouteurs-true-wireless-electric-blue\/","url":"https:\/\/veho-schweiz.com\/fr\/product\/rhox-ecouteurs-true-wireless-electric-blue\/","name":"RHOX Ecouteurs True Wireless - Electric Blue - Veho Lifestyle Store Suisse","isPartOf":{"@id":"https:\/\/veho-schweiz.com\/fr\/#website"},"primaryImageOfPage":{"@id":"https:\/\/veho-schweiz.com\/fr\/product\/rhox-ecouteurs-true-wireless-electric-blue\/#primaryimage"},"image":{"@id":"https:\/\/veho-schweiz.com\/fr\/product\/rhox-ecouteurs-true-wireless-electric-blue\/#primaryimage"},"thumbnailUrl":"https:\/\/veho-schweiz.com\/wp-content\/uploads\/2022\/04\/rhox_blue_hero.png","datePublished":"2024-10-08T15:45:31+00:00","dateModified":"2024-12-18T15:27:50+00:00","description":"Les \u00e9couteurs RHOX True Wireless sont l'ultime combinaison d'une qualit\u00e9 sonore haut de gamme et d'un confort intra-auriculaire ergonomique.","breadcrumb":{"@id":"https:\/\/veho-schweiz.com\/fr\/product\/rhox-ecouteurs-true-wireless-electric-blue\/#breadcrumb"},"inLanguage":"fr-FR","potentialAction":[{"@type":"ReadAction","target":["https:\/\/veho-schweiz.com\/fr\/product\/rhox-ecouteurs-true-wireless-electric-blue\/"]}]},{"@type":"ImageObject","inLanguage":"fr-FR","@id":"https:\/\/veho-schweiz.com\/fr\/product\/rhox-ecouteurs-true-wireless-electric-blue\/#primaryimage","url":"https:\/\/veho-schweiz.com\/wp-content\/uploads\/2022\/04\/rhox_blue_hero.png","contentUrl":"https:\/\/veho-schweiz.com\/wp-content\/uploads\/2022\/04\/rhox_blue_hero.png","width":620,"height":620,"caption":"RHOX \u00c9couteurs True Wireless"},{"@type":"BreadcrumbList","@id":"https:\/\/veho-schweiz.com\/fr\/product\/rhox-ecouteurs-true-wireless-electric-blue\/#breadcrumb","itemListElement":[{"@type":"ListItem","position":1,"name":"Home","item":"https:\/\/veho-schweiz.com\/fr\/"},{"@type":"ListItem","position":2,"name":"Shop","item":"https:\/\/veho-schweiz.com\/shop\/"},{"@type":"ListItem","position":3,"name":"RHOX Ecouteurs True Wireless &#8211; Electric Blue"}]},{"@type":"WebSite","@id":"https:\/\/veho-schweiz.com\/fr\/#website","url":"https:\/\/veho-schweiz.com\/fr\/","name":"Veho Lifestyle Store Suisse","description":"\u00c9lectronique grand public de conception britannique","potentialAction":[{"@type":"SearchAction","target":{"@type":"EntryPoint","urlTemplate":"https:\/\/veho-schweiz.com\/fr\/?s={search_term_string}"},"query-input":{"@type":"PropertyValueSpecification","valueRequired":true,"valueName":"search_term_string"}}],"inLanguage":"fr-FR"}]}},"jetpack_sharing_enabled":true,"_links":{"self":[{"href":"https:\/\/veho-schweiz.com\/fr\/wp-json\/wp\/v2\/product\/7760","targetHints":{"allow":["GET"]}}],"collection":[{"href":"https:\/\/veho-schweiz.com\/fr\/wp-json\/wp\/v2\/product"}],"about":[{"href":"https:\/\/veho-schweiz.com\/fr\/wp-json\/wp\/v2\/types\/product"}],"replies":[{"embeddable":true,"href":"https:\/\/veho-schweiz.com\/fr\/wp-json\/wp\/v2\/comments?post=7760"}],"wp:featuredmedia":[{"embeddable":true,"href":"https:\/\/veho-schweiz.com\/fr\/wp-json\/wp\/v2\/media\/6284"}],"wp:attachment":[{"href":"https:\/\/veho-schweiz.com\/fr\/wp-json\/wp\/v2\/media?parent=7760"}],"wp:term":[{"taxonomy":"product_brand","embeddable":true,"href":"https:\/\/veho-schweiz.com\/fr\/wp-json\/wp\/v2\/product_brand?post=7760"},{"taxonomy":"product_cat","embeddable":true,"href":"https:\/\/veho-schweiz.com\/fr\/wp-json\/wp\/v2\/product_cat?post=7760"},{"taxonomy":"product_tag","embeddable":true,"href":"https:\/\/veho-schweiz.com\/fr\/wp-json\/wp\/v2\/product_tag?post=7760"}],"curies":[{"name":"wp","href":"https:\/\/api.w.org\/{rel}","templated":true}]}}