{"id":7756,"date":"2024-10-08T17:45:32","date_gmt":"2024-10-08T15:45:32","guid":{"rendered":"https:\/\/veho-schweiz.com\/product\/zb-4-neb-casque-sans-fil-avec-microphone-noir\/"},"modified":"2024-12-18T16:16:13","modified_gmt":"2024-12-18T15:16:13","slug":"zb-4-neb-casque-sans-fil-avec-microphone-noir","status":"publish","type":"product","link":"https:\/\/veho-schweiz.com\/fr\/product\/zb-4-neb-casque-sans-fil-avec-microphone-noir\/","title":{"rendered":"ZB-4 NEB Casque sans fil avec microphone &#8211; Noir"},"content":{"rendered":"<div class=\"wp-content wp-content--product\"><p>Plongez dans le monde de l&rsquo;audio avec les \u00e9couteurs sans fil Veho ZB-4 NEB. Avec des diaphragmes de 44 mm, ces \u00e9couteurs d\u00e9livrent un son puissant avec clart\u00e9 et basses. Avec Bluetooth v5.3, vous pouvez vous connecter sans effort \u00e0 vos appareils et profiter de la libert\u00e9 sans fil. La batterie de 500 mAh offre une autonomie impressionnante allant jusqu&rsquo;\u00e0 36 heures, ce qui vous permet de profiter de votre musique sans interruption lors de vos d\u00e9placements. Le port de charge USB-C permet une charge rapide et pratique, tandis que le design l\u00e9ger et portable\/pliable rend ces \u00e9couteurs parfaits pour les voyages et l&rsquo;utilisation quotidienne. Faites l&rsquo;exp\u00e9rience du confort, de la durabilit\u00e9 et de performances audio exceptionnelles avec les \u00e9couteurs Veho ZB-4.     <\/p>\n<\/div>","protected":false},"excerpt":{"rendered":"<ul>\n<li>Puissants haut-parleurs de 44 mm<\/li>\n<li>Jusqu&rsquo;\u00e0 36 heures de jeu continu<\/li>\n<li>Bluetooth v5.3<\/li>\n<\/ul>\n","protected":false},"featured_media":7242,"comment_status":"open","ping_status":"closed","template":"","meta":{"_acf_changed":false,"inline_featured_image":false},"product_brand":[],"product_cat":[254],"product_tag":[],"class_list":{"0":"post-7756","1":"product","2":"type-product","3":"status-publish","4":"has-post-thumbnail","6":"product_cat-over-ear-wireless-fr","8":"first","9":"instock","10":"shipping-taxable","11":"purchasable","12":"product-type-simple"},"acf":[],"yoast_head":"<!-- This site is optimized with the Yoast SEO plugin v27.5 - https:\/\/yoast.com\/product\/yoast-seo-wordpress\/ -->\n<title>ZB-4 NEB Casque sans fil avec microphone - Noir<\/title>\n<meta name=\"description\" content=\"Plongez dans le monde de l&#039;audio avec les \u00e9couteurs sans fil Veho ZB-4 NEB. Avec des diaphragmes de 44 mm et Bluetooth v5.3.\" \/>\n<meta name=\"robots\" content=\"index, follow, max-snippet:-1, max-image-preview:large, max-video-preview:-1\" \/>\n<link rel=\"canonical\" href=\"https:\/\/veho-schweiz.com\/fr\/product\/zb-4-neb-casque-sans-fil-avec-microphone-noir\/\" \/>\n<meta property=\"og:locale\" content=\"fr_FR\" \/>\n<meta property=\"og:type\" content=\"article\" \/>\n<meta property=\"og:title\" content=\"ZB-4 NEB Casque sans fil avec microphone - Noir\" \/>\n<meta property=\"og:description\" content=\"Plongez dans le monde de l&#039;audio avec les \u00e9couteurs sans fil Veho ZB-4 NEB. Avec des diaphragmes de 44 mm et Bluetooth v5.3.\" \/>\n<meta property=\"og:url\" content=\"https:\/\/veho-schweiz.com\/fr\/product\/zb-4-neb-casque-sans-fil-avec-microphone-noir\/\" \/>\n<meta property=\"og:site_name\" content=\"Veho Lifestyle Store Suisse\" \/>\n<meta property=\"article:modified_time\" content=\"2024-12-18T15:16:13+00:00\" \/>\n<meta property=\"og:image\" content=\"https:\/\/veho-schweiz.com\/wp-content\/uploads\/2023\/06\/zb4_2.png\" \/>\n\t<meta property=\"og:image:width\" content=\"620\" \/>\n\t<meta property=\"og:image:height\" content=\"620\" \/>\n\t<meta property=\"og:image:type\" content=\"image\/png\" \/>\n<meta name=\"twitter:card\" content=\"summary_large_image\" \/>\n<meta name=\"twitter:label1\" content=\"Dur\u00e9e de lecture estim\u00e9e\" \/>\n\t<meta name=\"twitter:data1\" content=\"1 minute\" \/>\n<script type=\"application\/ld+json\" class=\"yoast-schema-graph\">{\"@context\":\"https:\\\/\\\/schema.org\",\"@graph\":[{\"@type\":\"WebPage\",\"@id\":\"https:\\\/\\\/veho-schweiz.com\\\/fr\\\/product\\\/zb-4-neb-casque-sans-fil-avec-microphone-noir\\\/\",\"url\":\"https:\\\/\\\/veho-schweiz.com\\\/fr\\\/product\\\/zb-4-neb-casque-sans-fil-avec-microphone-noir\\\/\",\"name\":\"ZB-4 NEB Casque sans fil avec microphone - Noir\",\"isPartOf\":{\"@id\":\"https:\\\/\\\/veho-schweiz.com\\\/fr\\\/#website\"},\"primaryImageOfPage\":{\"@id\":\"https:\\\/\\\/veho-schweiz.com\\\/fr\\\/product\\\/zb-4-neb-casque-sans-fil-avec-microphone-noir\\\/#primaryimage\"},\"image\":{\"@id\":\"https:\\\/\\\/veho-schweiz.com\\\/fr\\\/product\\\/zb-4-neb-casque-sans-fil-avec-microphone-noir\\\/#primaryimage\"},\"thumbnailUrl\":\"https:\\\/\\\/veho-schweiz.com\\\/wp-content\\\/uploads\\\/2023\\\/06\\\/zb4_2.png\",\"datePublished\":\"2024-10-08T15:45:32+00:00\",\"dateModified\":\"2024-12-18T15:16:13+00:00\",\"description\":\"Plongez dans le monde de l'audio avec les \u00e9couteurs sans fil Veho ZB-4 NEB. Avec des diaphragmes de 44 mm et Bluetooth v5.3.\",\"breadcrumb\":{\"@id\":\"https:\\\/\\\/veho-schweiz.com\\\/fr\\\/product\\\/zb-4-neb-casque-sans-fil-avec-microphone-noir\\\/#breadcrumb\"},\"inLanguage\":\"fr-FR\",\"potentialAction\":[{\"@type\":\"ReadAction\",\"target\":[\"https:\\\/\\\/veho-schweiz.com\\\/fr\\\/product\\\/zb-4-neb-casque-sans-fil-avec-microphone-noir\\\/\"]}]},{\"@type\":\"ImageObject\",\"inLanguage\":\"fr-FR\",\"@id\":\"https:\\\/\\\/veho-schweiz.com\\\/fr\\\/product\\\/zb-4-neb-casque-sans-fil-avec-microphone-noir\\\/#primaryimage\",\"url\":\"https:\\\/\\\/veho-schweiz.com\\\/wp-content\\\/uploads\\\/2023\\\/06\\\/zb4_2.png\",\"contentUrl\":\"https:\\\/\\\/veho-schweiz.com\\\/wp-content\\\/uploads\\\/2023\\\/06\\\/zb4_2.png\",\"width\":620,\"height\":620,\"caption\":\"ZB-4 NEB draadloze hoofdtelefoon met microfoon\"},{\"@type\":\"BreadcrumbList\",\"@id\":\"https:\\\/\\\/veho-schweiz.com\\\/fr\\\/product\\\/zb-4-neb-casque-sans-fil-avec-microphone-noir\\\/#breadcrumb\",\"itemListElement\":[{\"@type\":\"ListItem\",\"position\":1,\"name\":\"Home\",\"item\":\"https:\\\/\\\/veho-schweiz.com\\\/fr\\\/\"},{\"@type\":\"ListItem\",\"position\":2,\"name\":\"Shop\",\"item\":\"https:\\\/\\\/veho-schweiz.com\\\/shop\\\/\"},{\"@type\":\"ListItem\",\"position\":3,\"name\":\"ZB-4 NEB Casque sans fil avec microphone &#8211; Noir\"}]},{\"@type\":\"WebSite\",\"@id\":\"https:\\\/\\\/veho-schweiz.com\\\/fr\\\/#website\",\"url\":\"https:\\\/\\\/veho-schweiz.com\\\/fr\\\/\",\"name\":\"Veho Lifestyle Store Suisse\",\"description\":\"\u00c9lectronique grand public de conception britannique\",\"potentialAction\":[{\"@type\":\"SearchAction\",\"target\":{\"@type\":\"EntryPoint\",\"urlTemplate\":\"https:\\\/\\\/veho-schweiz.com\\\/fr\\\/?s={search_term_string}\"},\"query-input\":{\"@type\":\"PropertyValueSpecification\",\"valueRequired\":true,\"valueName\":\"search_term_string\"}}],\"inLanguage\":\"fr-FR\"}]}<\/script>\n<!-- \/ Yoast SEO plugin. -->","yoast_head_json":{"title":"ZB-4 NEB Casque sans fil avec microphone - Noir","description":"Plongez dans le monde de l'audio avec les \u00e9couteurs sans fil Veho ZB-4 NEB. Avec des diaphragmes de 44 mm et Bluetooth v5.3.","robots":{"index":"index","follow":"follow","max-snippet":"max-snippet:-1","max-image-preview":"max-image-preview:large","max-video-preview":"max-video-preview:-1"},"canonical":"https:\/\/veho-schweiz.com\/fr\/product\/zb-4-neb-casque-sans-fil-avec-microphone-noir\/","og_locale":"fr_FR","og_type":"article","og_title":"ZB-4 NEB Casque sans fil avec microphone - Noir","og_description":"Plongez dans le monde de l'audio avec les \u00e9couteurs sans fil Veho ZB-4 NEB. Avec des diaphragmes de 44 mm et Bluetooth v5.3.","og_url":"https:\/\/veho-schweiz.com\/fr\/product\/zb-4-neb-casque-sans-fil-avec-microphone-noir\/","og_site_name":"Veho Lifestyle Store Suisse","article_modified_time":"2024-12-18T15:16:13+00:00","og_image":[{"width":620,"height":620,"url":"https:\/\/veho-schweiz.com\/wp-content\/uploads\/2023\/06\/zb4_2.png","type":"image\/png"}],"twitter_card":"summary_large_image","twitter_misc":{"Dur\u00e9e de lecture estim\u00e9e":"1 minute"},"schema":{"@context":"https:\/\/schema.org","@graph":[{"@type":"WebPage","@id":"https:\/\/veho-schweiz.com\/fr\/product\/zb-4-neb-casque-sans-fil-avec-microphone-noir\/","url":"https:\/\/veho-schweiz.com\/fr\/product\/zb-4-neb-casque-sans-fil-avec-microphone-noir\/","name":"ZB-4 NEB Casque sans fil avec microphone - Noir","isPartOf":{"@id":"https:\/\/veho-schweiz.com\/fr\/#website"},"primaryImageOfPage":{"@id":"https:\/\/veho-schweiz.com\/fr\/product\/zb-4-neb-casque-sans-fil-avec-microphone-noir\/#primaryimage"},"image":{"@id":"https:\/\/veho-schweiz.com\/fr\/product\/zb-4-neb-casque-sans-fil-avec-microphone-noir\/#primaryimage"},"thumbnailUrl":"https:\/\/veho-schweiz.com\/wp-content\/uploads\/2023\/06\/zb4_2.png","datePublished":"2024-10-08T15:45:32+00:00","dateModified":"2024-12-18T15:16:13+00:00","description":"Plongez dans le monde de l'audio avec les \u00e9couteurs sans fil Veho ZB-4 NEB. Avec des diaphragmes de 44 mm et Bluetooth v5.3.","breadcrumb":{"@id":"https:\/\/veho-schweiz.com\/fr\/product\/zb-4-neb-casque-sans-fil-avec-microphone-noir\/#breadcrumb"},"inLanguage":"fr-FR","potentialAction":[{"@type":"ReadAction","target":["https:\/\/veho-schweiz.com\/fr\/product\/zb-4-neb-casque-sans-fil-avec-microphone-noir\/"]}]},{"@type":"ImageObject","inLanguage":"fr-FR","@id":"https:\/\/veho-schweiz.com\/fr\/product\/zb-4-neb-casque-sans-fil-avec-microphone-noir\/#primaryimage","url":"https:\/\/veho-schweiz.com\/wp-content\/uploads\/2023\/06\/zb4_2.png","contentUrl":"https:\/\/veho-schweiz.com\/wp-content\/uploads\/2023\/06\/zb4_2.png","width":620,"height":620,"caption":"ZB-4 NEB draadloze hoofdtelefoon met microfoon"},{"@type":"BreadcrumbList","@id":"https:\/\/veho-schweiz.com\/fr\/product\/zb-4-neb-casque-sans-fil-avec-microphone-noir\/#breadcrumb","itemListElement":[{"@type":"ListItem","position":1,"name":"Home","item":"https:\/\/veho-schweiz.com\/fr\/"},{"@type":"ListItem","position":2,"name":"Shop","item":"https:\/\/veho-schweiz.com\/shop\/"},{"@type":"ListItem","position":3,"name":"ZB-4 NEB Casque sans fil avec microphone &#8211; Noir"}]},{"@type":"WebSite","@id":"https:\/\/veho-schweiz.com\/fr\/#website","url":"https:\/\/veho-schweiz.com\/fr\/","name":"Veho Lifestyle Store Suisse","description":"\u00c9lectronique grand public de conception britannique","potentialAction":[{"@type":"SearchAction","target":{"@type":"EntryPoint","urlTemplate":"https:\/\/veho-schweiz.com\/fr\/?s={search_term_string}"},"query-input":{"@type":"PropertyValueSpecification","valueRequired":true,"valueName":"search_term_string"}}],"inLanguage":"fr-FR"}]}},"jetpack_sharing_enabled":true,"_links":{"self":[{"href":"https:\/\/veho-schweiz.com\/fr\/wp-json\/wp\/v2\/product\/7756","targetHints":{"allow":["GET"]}}],"collection":[{"href":"https:\/\/veho-schweiz.com\/fr\/wp-json\/wp\/v2\/product"}],"about":[{"href":"https:\/\/veho-schweiz.com\/fr\/wp-json\/wp\/v2\/types\/product"}],"replies":[{"embeddable":true,"href":"https:\/\/veho-schweiz.com\/fr\/wp-json\/wp\/v2\/comments?post=7756"}],"wp:featuredmedia":[{"embeddable":true,"href":"https:\/\/veho-schweiz.com\/fr\/wp-json\/wp\/v2\/media\/7242"}],"wp:attachment":[{"href":"https:\/\/veho-schweiz.com\/fr\/wp-json\/wp\/v2\/media?parent=7756"}],"wp:term":[{"taxonomy":"product_brand","embeddable":true,"href":"https:\/\/veho-schweiz.com\/fr\/wp-json\/wp\/v2\/product_brand?post=7756"},{"taxonomy":"product_cat","embeddable":true,"href":"https:\/\/veho-schweiz.com\/fr\/wp-json\/wp\/v2\/product_cat?post=7756"},{"taxonomy":"product_tag","embeddable":true,"href":"https:\/\/veho-schweiz.com\/fr\/wp-json\/wp\/v2\/product_tag?post=7756"}],"curies":[{"name":"wp","href":"https:\/\/api.w.org\/{rel}","templated":true}]}}