{"id":7752,"date":"2024-10-08T17:45:32","date_gmt":"2024-10-08T15:45:32","guid":{"rendered":"https:\/\/veho-schweiz.com\/product\/etui-de-transport-pour-ecouteurs\/"},"modified":"2024-12-18T16:56:49","modified_gmt":"2024-12-18T15:56:49","slug":"etui-de-transport-pour-ecouteurs","status":"publish","type":"product","link":"https:\/\/veho-schweiz.com\/fr\/product\/etui-de-transport-pour-ecouteurs\/","title":{"rendered":"\u00c9tui de transport pour \u00e9couteurs"},"content":{"rendered":"<div class=\"wp-content wp-content--product\"><p>L&rsquo;\u00e9tui de transport pour \u00e9couteurs Veho a \u00e9t\u00e9 con\u00e7u pour prot\u00e9ger vos \u00e9couteurs. L&rsquo;\u00e9tui rigide offre une protection contre les chutes, les rayures et les liquides renvers\u00e9s. \u00c0 l&rsquo;int\u00e9rieur de l&rsquo;\u00e9tui, il y a de la place pour vos \u00e9couteurs pliables et pour les c\u00e2bles, une banque d&rsquo;alimentation ou d&rsquo;autres accessoires. <strong>Les \u00e9couteurs ne sont pas inclus<\/strong>.  <\/p>\n<\/div>","protected":false},"excerpt":{"rendered":"<ul>\n<li>Prot\u00e8ge vos \u00e9couteurs en voyage<\/li>\n<li>S&rsquo;adapte \u00e0 la plupart des casques pliables courants<\/li>\n<\/ul>\n","protected":false},"featured_media":5698,"comment_status":"closed","ping_status":"closed","template":"","meta":{"_acf_changed":false,"inline_featured_image":false},"product_brand":[],"product_cat":[244,250,252,254],"product_tag":[],"class_list":{"0":"post-7752","1":"product","2":"type-product","3":"status-publish","4":"has-post-thumbnail","6":"product_cat-headphones-accessories-fr","7":"product_cat-on-ear-wired-fr","8":"product_cat-on-ear-wireless-fr","9":"product_cat-over-ear-wireless-fr","11":"first","12":"instock","13":"shipping-taxable","14":"purchasable","15":"product-type-simple"},"acf":[],"yoast_head":"<!-- This site is optimized with the Yoast SEO plugin v27.5 - https:\/\/yoast.com\/product\/yoast-seo-wordpress\/ -->\n<title>\u00c9tui de transport pour \u00e9couteurs<\/title>\n<meta name=\"description\" content=\"L&#039;\u00e9tui de transport pour \u00e9couteurs Veho a \u00e9t\u00e9 con\u00e7u pour prot\u00e9ger vos \u00e9couteurs. La coque rigide offre une protection contre les chutes, les rayures et les liquides renvers\u00e9s.\" \/>\n<meta name=\"robots\" content=\"index, follow, max-snippet:-1, max-image-preview:large, max-video-preview:-1\" \/>\n<link rel=\"canonical\" href=\"https:\/\/veho-schweiz.com\/fr\/product\/etui-de-transport-pour-ecouteurs\/\" \/>\n<meta property=\"og:locale\" content=\"fr_FR\" \/>\n<meta property=\"og:type\" content=\"article\" \/>\n<meta property=\"og:title\" content=\"\u00c9tui de transport pour \u00e9couteurs\" \/>\n<meta property=\"og:description\" content=\"L&#039;\u00e9tui de transport pour \u00e9couteurs Veho a \u00e9t\u00e9 con\u00e7u pour prot\u00e9ger vos \u00e9couteurs. La coque rigide offre une protection contre les chutes, les rayures et les liquides renvers\u00e9s.\" \/>\n<meta property=\"og:url\" content=\"https:\/\/veho-schweiz.com\/fr\/product\/etui-de-transport-pour-ecouteurs\/\" \/>\n<meta property=\"og:site_name\" content=\"Veho Lifestyle Store Suisse\" \/>\n<meta property=\"article:modified_time\" content=\"2024-12-18T15:56:49+00:00\" \/>\n<meta property=\"og:image\" content=\"https:\/\/veho-schweiz.com\/wp-content\/uploads\/2022\/02\/case-1.png\" \/>\n\t<meta property=\"og:image:width\" content=\"620\" \/>\n\t<meta property=\"og:image:height\" content=\"620\" \/>\n\t<meta property=\"og:image:type\" content=\"image\/png\" \/>\n<meta name=\"twitter:card\" content=\"summary_large_image\" \/>\n<script type=\"application\/ld+json\" class=\"yoast-schema-graph\">{\"@context\":\"https:\\\/\\\/schema.org\",\"@graph\":[{\"@type\":\"WebPage\",\"@id\":\"https:\\\/\\\/veho-schweiz.com\\\/fr\\\/product\\\/etui-de-transport-pour-ecouteurs\\\/\",\"url\":\"https:\\\/\\\/veho-schweiz.com\\\/fr\\\/product\\\/etui-de-transport-pour-ecouteurs\\\/\",\"name\":\"\u00c9tui de transport pour \u00e9couteurs\",\"isPartOf\":{\"@id\":\"https:\\\/\\\/veho-schweiz.com\\\/fr\\\/#website\"},\"primaryImageOfPage\":{\"@id\":\"https:\\\/\\\/veho-schweiz.com\\\/fr\\\/product\\\/etui-de-transport-pour-ecouteurs\\\/#primaryimage\"},\"image\":{\"@id\":\"https:\\\/\\\/veho-schweiz.com\\\/fr\\\/product\\\/etui-de-transport-pour-ecouteurs\\\/#primaryimage\"},\"thumbnailUrl\":\"https:\\\/\\\/veho-schweiz.com\\\/wp-content\\\/uploads\\\/2022\\\/02\\\/case-1.png\",\"datePublished\":\"2024-10-08T15:45:32+00:00\",\"dateModified\":\"2024-12-18T15:56:49+00:00\",\"description\":\"L'\u00e9tui de transport pour \u00e9couteurs Veho a \u00e9t\u00e9 con\u00e7u pour prot\u00e9ger vos \u00e9couteurs. La coque rigide offre une protection contre les chutes, les rayures et les liquides renvers\u00e9s.\",\"breadcrumb\":{\"@id\":\"https:\\\/\\\/veho-schweiz.com\\\/fr\\\/product\\\/etui-de-transport-pour-ecouteurs\\\/#breadcrumb\"},\"inLanguage\":\"fr-FR\",\"potentialAction\":[{\"@type\":\"ReadAction\",\"target\":[\"https:\\\/\\\/veho-schweiz.com\\\/fr\\\/product\\\/etui-de-transport-pour-ecouteurs\\\/\"]}]},{\"@type\":\"ImageObject\",\"inLanguage\":\"fr-FR\",\"@id\":\"https:\\\/\\\/veho-schweiz.com\\\/fr\\\/product\\\/etui-de-transport-pour-ecouteurs\\\/#primaryimage\",\"url\":\"https:\\\/\\\/veho-schweiz.com\\\/wp-content\\\/uploads\\\/2022\\\/02\\\/case-1.png\",\"contentUrl\":\"https:\\\/\\\/veho-schweiz.com\\\/wp-content\\\/uploads\\\/2022\\\/02\\\/case-1.png\",\"width\":620,\"height\":620},{\"@type\":\"BreadcrumbList\",\"@id\":\"https:\\\/\\\/veho-schweiz.com\\\/fr\\\/product\\\/etui-de-transport-pour-ecouteurs\\\/#breadcrumb\",\"itemListElement\":[{\"@type\":\"ListItem\",\"position\":1,\"name\":\"Home\",\"item\":\"https:\\\/\\\/veho-schweiz.com\\\/fr\\\/\"},{\"@type\":\"ListItem\",\"position\":2,\"name\":\"Shop\",\"item\":\"https:\\\/\\\/veho-schweiz.com\\\/shop\\\/\"},{\"@type\":\"ListItem\",\"position\":3,\"name\":\"\u00c9tui de transport pour \u00e9couteurs\"}]},{\"@type\":\"WebSite\",\"@id\":\"https:\\\/\\\/veho-schweiz.com\\\/fr\\\/#website\",\"url\":\"https:\\\/\\\/veho-schweiz.com\\\/fr\\\/\",\"name\":\"Veho Lifestyle Store Suisse\",\"description\":\"\u00c9lectronique grand public de conception britannique\",\"potentialAction\":[{\"@type\":\"SearchAction\",\"target\":{\"@type\":\"EntryPoint\",\"urlTemplate\":\"https:\\\/\\\/veho-schweiz.com\\\/fr\\\/?s={search_term_string}\"},\"query-input\":{\"@type\":\"PropertyValueSpecification\",\"valueRequired\":true,\"valueName\":\"search_term_string\"}}],\"inLanguage\":\"fr-FR\"}]}<\/script>\n<!-- \/ Yoast SEO plugin. -->","yoast_head_json":{"title":"\u00c9tui de transport pour \u00e9couteurs","description":"L'\u00e9tui de transport pour \u00e9couteurs Veho a \u00e9t\u00e9 con\u00e7u pour prot\u00e9ger vos \u00e9couteurs. La coque rigide offre une protection contre les chutes, les rayures et les liquides renvers\u00e9s.","robots":{"index":"index","follow":"follow","max-snippet":"max-snippet:-1","max-image-preview":"max-image-preview:large","max-video-preview":"max-video-preview:-1"},"canonical":"https:\/\/veho-schweiz.com\/fr\/product\/etui-de-transport-pour-ecouteurs\/","og_locale":"fr_FR","og_type":"article","og_title":"\u00c9tui de transport pour \u00e9couteurs","og_description":"L'\u00e9tui de transport pour \u00e9couteurs Veho a \u00e9t\u00e9 con\u00e7u pour prot\u00e9ger vos \u00e9couteurs. La coque rigide offre une protection contre les chutes, les rayures et les liquides renvers\u00e9s.","og_url":"https:\/\/veho-schweiz.com\/fr\/product\/etui-de-transport-pour-ecouteurs\/","og_site_name":"Veho Lifestyle Store Suisse","article_modified_time":"2024-12-18T15:56:49+00:00","og_image":[{"width":620,"height":620,"url":"https:\/\/veho-schweiz.com\/wp-content\/uploads\/2022\/02\/case-1.png","type":"image\/png"}],"twitter_card":"summary_large_image","schema":{"@context":"https:\/\/schema.org","@graph":[{"@type":"WebPage","@id":"https:\/\/veho-schweiz.com\/fr\/product\/etui-de-transport-pour-ecouteurs\/","url":"https:\/\/veho-schweiz.com\/fr\/product\/etui-de-transport-pour-ecouteurs\/","name":"\u00c9tui de transport pour \u00e9couteurs","isPartOf":{"@id":"https:\/\/veho-schweiz.com\/fr\/#website"},"primaryImageOfPage":{"@id":"https:\/\/veho-schweiz.com\/fr\/product\/etui-de-transport-pour-ecouteurs\/#primaryimage"},"image":{"@id":"https:\/\/veho-schweiz.com\/fr\/product\/etui-de-transport-pour-ecouteurs\/#primaryimage"},"thumbnailUrl":"https:\/\/veho-schweiz.com\/wp-content\/uploads\/2022\/02\/case-1.png","datePublished":"2024-10-08T15:45:32+00:00","dateModified":"2024-12-18T15:56:49+00:00","description":"L'\u00e9tui de transport pour \u00e9couteurs Veho a \u00e9t\u00e9 con\u00e7u pour prot\u00e9ger vos \u00e9couteurs. La coque rigide offre une protection contre les chutes, les rayures et les liquides renvers\u00e9s.","breadcrumb":{"@id":"https:\/\/veho-schweiz.com\/fr\/product\/etui-de-transport-pour-ecouteurs\/#breadcrumb"},"inLanguage":"fr-FR","potentialAction":[{"@type":"ReadAction","target":["https:\/\/veho-schweiz.com\/fr\/product\/etui-de-transport-pour-ecouteurs\/"]}]},{"@type":"ImageObject","inLanguage":"fr-FR","@id":"https:\/\/veho-schweiz.com\/fr\/product\/etui-de-transport-pour-ecouteurs\/#primaryimage","url":"https:\/\/veho-schweiz.com\/wp-content\/uploads\/2022\/02\/case-1.png","contentUrl":"https:\/\/veho-schweiz.com\/wp-content\/uploads\/2022\/02\/case-1.png","width":620,"height":620},{"@type":"BreadcrumbList","@id":"https:\/\/veho-schweiz.com\/fr\/product\/etui-de-transport-pour-ecouteurs\/#breadcrumb","itemListElement":[{"@type":"ListItem","position":1,"name":"Home","item":"https:\/\/veho-schweiz.com\/fr\/"},{"@type":"ListItem","position":2,"name":"Shop","item":"https:\/\/veho-schweiz.com\/shop\/"},{"@type":"ListItem","position":3,"name":"\u00c9tui de transport pour \u00e9couteurs"}]},{"@type":"WebSite","@id":"https:\/\/veho-schweiz.com\/fr\/#website","url":"https:\/\/veho-schweiz.com\/fr\/","name":"Veho Lifestyle Store Suisse","description":"\u00c9lectronique grand public de conception britannique","potentialAction":[{"@type":"SearchAction","target":{"@type":"EntryPoint","urlTemplate":"https:\/\/veho-schweiz.com\/fr\/?s={search_term_string}"},"query-input":{"@type":"PropertyValueSpecification","valueRequired":true,"valueName":"search_term_string"}}],"inLanguage":"fr-FR"}]}},"jetpack_sharing_enabled":true,"_links":{"self":[{"href":"https:\/\/veho-schweiz.com\/fr\/wp-json\/wp\/v2\/product\/7752","targetHints":{"allow":["GET"]}}],"collection":[{"href":"https:\/\/veho-schweiz.com\/fr\/wp-json\/wp\/v2\/product"}],"about":[{"href":"https:\/\/veho-schweiz.com\/fr\/wp-json\/wp\/v2\/types\/product"}],"replies":[{"embeddable":true,"href":"https:\/\/veho-schweiz.com\/fr\/wp-json\/wp\/v2\/comments?post=7752"}],"wp:featuredmedia":[{"embeddable":true,"href":"https:\/\/veho-schweiz.com\/fr\/wp-json\/wp\/v2\/media\/5698"}],"wp:attachment":[{"href":"https:\/\/veho-schweiz.com\/fr\/wp-json\/wp\/v2\/media?parent=7752"}],"wp:term":[{"taxonomy":"product_brand","embeddable":true,"href":"https:\/\/veho-schweiz.com\/fr\/wp-json\/wp\/v2\/product_brand?post=7752"},{"taxonomy":"product_cat","embeddable":true,"href":"https:\/\/veho-schweiz.com\/fr\/wp-json\/wp\/v2\/product_cat?post=7752"},{"taxonomy":"product_tag","embeddable":true,"href":"https:\/\/veho-schweiz.com\/fr\/wp-json\/wp\/v2\/product_tag?post=7752"}],"curies":[{"name":"wp","href":"https:\/\/api.w.org\/{rel}","templated":true}]}}