{"id":7750,"date":"2024-10-08T17:45:33","date_gmt":"2024-10-08T15:45:33","guid":{"rendered":"https:\/\/veho-schweiz.com\/product\/m-series-mz-7-haut-parleur-bluetooth-sans-fil\/"},"modified":"2024-12-18T16:12:56","modified_gmt":"2024-12-18T15:12:56","slug":"m-series-mz-7-haut-parleur-bluetooth-sans-fil","status":"publish","type":"product","link":"https:\/\/veho-schweiz.com\/fr\/product\/m-series-mz-7-haut-parleur-bluetooth-sans-fil\/","title":{"rendered":"M-Series MZ-7 Haut-parleur Bluetooth sans fil"},"content":{"rendered":"<div class=\"wp-content wp-content--product\"><p>Le Veho MZ-7 offre une puissance de haut-parleur impressionnante de 40 watts et une autonomie de lecture pouvant atteindre 24 heures avec une seule charge. Gr\u00e2ce \u00e0 sa r\u00e9sistance \u00e0 l&rsquo;eau IPX6, il est suffisamment robuste pour \u00eatre emport\u00e9 partout.<\/p>\n<\/div>","protected":false},"excerpt":{"rendered":"<ul>\n<li>Une puissance de haut-parleur impressionnante de 40 watts<\/li>\n<li>R\u00e9sistant \u00e0 l&rsquo;eau et donc suffisamment robuste pour l&#8217;emporter partout avec vous<\/li>\n<li>Jusqu&rsquo;\u00e0 24 heures de lecture continue<\/li>\n<\/ul>\n","protected":false},"featured_media":5704,"comment_status":"closed","ping_status":"closed","template":"","meta":{"_acf_changed":false,"inline_featured_image":false},"product_brand":[],"product_cat":[167],"product_tag":[168,169,256],"class_list":{"0":"post-7750","1":"product","2":"type-product","3":"status-publish","4":"has-post-thumbnail","6":"product_cat-bluetooth-speakers-fr","7":"product_tag-bluetooth-fr","8":"product_tag-fonction-dappariement-tws","9":"product_tag-resistant-a-leau","11":"first","12":"instock","13":"shipping-taxable","14":"purchasable","15":"product-type-simple"},"acf":[],"yoast_head":"<!-- This site is optimized with the Yoast SEO plugin v27.5 - https:\/\/yoast.com\/product\/yoast-seo-wordpress\/ -->\n<title>M-Series MZ-7 Haut-parleur Bluetooth sans fil<\/title>\n<meta name=\"description\" content=\"Le Veho MZ-7 offre une puissance de haut-parleur impressionnante de 40 watts et une autonomie de lecture pouvant atteindre 24 heures avec une seule charge.\" \/>\n<meta name=\"robots\" content=\"index, follow, max-snippet:-1, max-image-preview:large, max-video-preview:-1\" \/>\n<link rel=\"canonical\" href=\"https:\/\/veho-schweiz.com\/fr\/product\/m-series-mz-7-haut-parleur-bluetooth-sans-fil\/\" \/>\n<meta property=\"og:locale\" content=\"fr_FR\" \/>\n<meta property=\"og:type\" content=\"article\" \/>\n<meta property=\"og:title\" content=\"M-Series MZ-7 Haut-parleur Bluetooth sans fil\" \/>\n<meta property=\"og:description\" content=\"Le Veho MZ-7 offre une puissance de haut-parleur impressionnante de 40 watts et une autonomie de lecture pouvant atteindre 24 heures avec une seule charge.\" \/>\n<meta property=\"og:url\" content=\"https:\/\/veho-schweiz.com\/fr\/product\/m-series-mz-7-haut-parleur-bluetooth-sans-fil\/\" \/>\n<meta property=\"og:site_name\" content=\"Veho Lifestyle Store Suisse\" \/>\n<meta property=\"article:modified_time\" content=\"2024-12-18T15:12:56+00:00\" \/>\n<meta property=\"og:image\" content=\"https:\/\/veho-schweiz.com\/wp-content\/uploads\/2022\/02\/mz7_hero.png\" \/>\n\t<meta property=\"og:image:width\" content=\"620\" \/>\n\t<meta property=\"og:image:height\" content=\"620\" \/>\n\t<meta property=\"og:image:type\" content=\"image\/png\" \/>\n<meta name=\"twitter:card\" content=\"summary_large_image\" \/>\n<script type=\"application\/ld+json\" class=\"yoast-schema-graph\">{\"@context\":\"https:\\\/\\\/schema.org\",\"@graph\":[{\"@type\":\"WebPage\",\"@id\":\"https:\\\/\\\/veho-schweiz.com\\\/fr\\\/product\\\/m-series-mz-7-haut-parleur-bluetooth-sans-fil\\\/\",\"url\":\"https:\\\/\\\/veho-schweiz.com\\\/fr\\\/product\\\/m-series-mz-7-haut-parleur-bluetooth-sans-fil\\\/\",\"name\":\"M-Series MZ-7 Haut-parleur Bluetooth sans fil\",\"isPartOf\":{\"@id\":\"https:\\\/\\\/veho-schweiz.com\\\/fr\\\/#website\"},\"primaryImageOfPage\":{\"@id\":\"https:\\\/\\\/veho-schweiz.com\\\/fr\\\/product\\\/m-series-mz-7-haut-parleur-bluetooth-sans-fil\\\/#primaryimage\"},\"image\":{\"@id\":\"https:\\\/\\\/veho-schweiz.com\\\/fr\\\/product\\\/m-series-mz-7-haut-parleur-bluetooth-sans-fil\\\/#primaryimage\"},\"thumbnailUrl\":\"https:\\\/\\\/veho-schweiz.com\\\/wp-content\\\/uploads\\\/2022\\\/02\\\/mz7_hero.png\",\"datePublished\":\"2024-10-08T15:45:33+00:00\",\"dateModified\":\"2024-12-18T15:12:56+00:00\",\"description\":\"Le Veho MZ-7 offre une puissance de haut-parleur impressionnante de 40 watts et une autonomie de lecture pouvant atteindre 24 heures avec une seule charge.\",\"breadcrumb\":{\"@id\":\"https:\\\/\\\/veho-schweiz.com\\\/fr\\\/product\\\/m-series-mz-7-haut-parleur-bluetooth-sans-fil\\\/#breadcrumb\"},\"inLanguage\":\"fr-FR\",\"potentialAction\":[{\"@type\":\"ReadAction\",\"target\":[\"https:\\\/\\\/veho-schweiz.com\\\/fr\\\/product\\\/m-series-mz-7-haut-parleur-bluetooth-sans-fil\\\/\"]}]},{\"@type\":\"ImageObject\",\"inLanguage\":\"fr-FR\",\"@id\":\"https:\\\/\\\/veho-schweiz.com\\\/fr\\\/product\\\/m-series-mz-7-haut-parleur-bluetooth-sans-fil\\\/#primaryimage\",\"url\":\"https:\\\/\\\/veho-schweiz.com\\\/wp-content\\\/uploads\\\/2022\\\/02\\\/mz7_hero.png\",\"contentUrl\":\"https:\\\/\\\/veho-schweiz.com\\\/wp-content\\\/uploads\\\/2022\\\/02\\\/mz7_hero.png\",\"width\":620,\"height\":620,\"caption\":\"Enceinte sans fil MZ-7\"},{\"@type\":\"BreadcrumbList\",\"@id\":\"https:\\\/\\\/veho-schweiz.com\\\/fr\\\/product\\\/m-series-mz-7-haut-parleur-bluetooth-sans-fil\\\/#breadcrumb\",\"itemListElement\":[{\"@type\":\"ListItem\",\"position\":1,\"name\":\"Home\",\"item\":\"https:\\\/\\\/veho-schweiz.com\\\/fr\\\/\"},{\"@type\":\"ListItem\",\"position\":2,\"name\":\"Shop\",\"item\":\"https:\\\/\\\/veho-schweiz.com\\\/shop\\\/\"},{\"@type\":\"ListItem\",\"position\":3,\"name\":\"M-Series MZ-7 Haut-parleur Bluetooth sans fil\"}]},{\"@type\":\"WebSite\",\"@id\":\"https:\\\/\\\/veho-schweiz.com\\\/fr\\\/#website\",\"url\":\"https:\\\/\\\/veho-schweiz.com\\\/fr\\\/\",\"name\":\"Veho Lifestyle Store Suisse\",\"description\":\"\u00c9lectronique grand public de conception britannique\",\"potentialAction\":[{\"@type\":\"SearchAction\",\"target\":{\"@type\":\"EntryPoint\",\"urlTemplate\":\"https:\\\/\\\/veho-schweiz.com\\\/fr\\\/?s={search_term_string}\"},\"query-input\":{\"@type\":\"PropertyValueSpecification\",\"valueRequired\":true,\"valueName\":\"search_term_string\"}}],\"inLanguage\":\"fr-FR\"}]}<\/script>\n<!-- \/ Yoast SEO plugin. -->","yoast_head_json":{"title":"M-Series MZ-7 Haut-parleur Bluetooth sans fil","description":"Le Veho MZ-7 offre une puissance de haut-parleur impressionnante de 40 watts et une autonomie de lecture pouvant atteindre 24 heures avec une seule charge.","robots":{"index":"index","follow":"follow","max-snippet":"max-snippet:-1","max-image-preview":"max-image-preview:large","max-video-preview":"max-video-preview:-1"},"canonical":"https:\/\/veho-schweiz.com\/fr\/product\/m-series-mz-7-haut-parleur-bluetooth-sans-fil\/","og_locale":"fr_FR","og_type":"article","og_title":"M-Series MZ-7 Haut-parleur Bluetooth sans fil","og_description":"Le Veho MZ-7 offre une puissance de haut-parleur impressionnante de 40 watts et une autonomie de lecture pouvant atteindre 24 heures avec une seule charge.","og_url":"https:\/\/veho-schweiz.com\/fr\/product\/m-series-mz-7-haut-parleur-bluetooth-sans-fil\/","og_site_name":"Veho Lifestyle Store Suisse","article_modified_time":"2024-12-18T15:12:56+00:00","og_image":[{"width":620,"height":620,"url":"https:\/\/veho-schweiz.com\/wp-content\/uploads\/2022\/02\/mz7_hero.png","type":"image\/png"}],"twitter_card":"summary_large_image","schema":{"@context":"https:\/\/schema.org","@graph":[{"@type":"WebPage","@id":"https:\/\/veho-schweiz.com\/fr\/product\/m-series-mz-7-haut-parleur-bluetooth-sans-fil\/","url":"https:\/\/veho-schweiz.com\/fr\/product\/m-series-mz-7-haut-parleur-bluetooth-sans-fil\/","name":"M-Series MZ-7 Haut-parleur Bluetooth sans fil","isPartOf":{"@id":"https:\/\/veho-schweiz.com\/fr\/#website"},"primaryImageOfPage":{"@id":"https:\/\/veho-schweiz.com\/fr\/product\/m-series-mz-7-haut-parleur-bluetooth-sans-fil\/#primaryimage"},"image":{"@id":"https:\/\/veho-schweiz.com\/fr\/product\/m-series-mz-7-haut-parleur-bluetooth-sans-fil\/#primaryimage"},"thumbnailUrl":"https:\/\/veho-schweiz.com\/wp-content\/uploads\/2022\/02\/mz7_hero.png","datePublished":"2024-10-08T15:45:33+00:00","dateModified":"2024-12-18T15:12:56+00:00","description":"Le Veho MZ-7 offre une puissance de haut-parleur impressionnante de 40 watts et une autonomie de lecture pouvant atteindre 24 heures avec une seule charge.","breadcrumb":{"@id":"https:\/\/veho-schweiz.com\/fr\/product\/m-series-mz-7-haut-parleur-bluetooth-sans-fil\/#breadcrumb"},"inLanguage":"fr-FR","potentialAction":[{"@type":"ReadAction","target":["https:\/\/veho-schweiz.com\/fr\/product\/m-series-mz-7-haut-parleur-bluetooth-sans-fil\/"]}]},{"@type":"ImageObject","inLanguage":"fr-FR","@id":"https:\/\/veho-schweiz.com\/fr\/product\/m-series-mz-7-haut-parleur-bluetooth-sans-fil\/#primaryimage","url":"https:\/\/veho-schweiz.com\/wp-content\/uploads\/2022\/02\/mz7_hero.png","contentUrl":"https:\/\/veho-schweiz.com\/wp-content\/uploads\/2022\/02\/mz7_hero.png","width":620,"height":620,"caption":"Enceinte sans fil MZ-7"},{"@type":"BreadcrumbList","@id":"https:\/\/veho-schweiz.com\/fr\/product\/m-series-mz-7-haut-parleur-bluetooth-sans-fil\/#breadcrumb","itemListElement":[{"@type":"ListItem","position":1,"name":"Home","item":"https:\/\/veho-schweiz.com\/fr\/"},{"@type":"ListItem","position":2,"name":"Shop","item":"https:\/\/veho-schweiz.com\/shop\/"},{"@type":"ListItem","position":3,"name":"M-Series MZ-7 Haut-parleur Bluetooth sans fil"}]},{"@type":"WebSite","@id":"https:\/\/veho-schweiz.com\/fr\/#website","url":"https:\/\/veho-schweiz.com\/fr\/","name":"Veho Lifestyle Store Suisse","description":"\u00c9lectronique grand public de conception britannique","potentialAction":[{"@type":"SearchAction","target":{"@type":"EntryPoint","urlTemplate":"https:\/\/veho-schweiz.com\/fr\/?s={search_term_string}"},"query-input":{"@type":"PropertyValueSpecification","valueRequired":true,"valueName":"search_term_string"}}],"inLanguage":"fr-FR"}]}},"jetpack_sharing_enabled":true,"_links":{"self":[{"href":"https:\/\/veho-schweiz.com\/fr\/wp-json\/wp\/v2\/product\/7750","targetHints":{"allow":["GET"]}}],"collection":[{"href":"https:\/\/veho-schweiz.com\/fr\/wp-json\/wp\/v2\/product"}],"about":[{"href":"https:\/\/veho-schweiz.com\/fr\/wp-json\/wp\/v2\/types\/product"}],"replies":[{"embeddable":true,"href":"https:\/\/veho-schweiz.com\/fr\/wp-json\/wp\/v2\/comments?post=7750"}],"wp:featuredmedia":[{"embeddable":true,"href":"https:\/\/veho-schweiz.com\/fr\/wp-json\/wp\/v2\/media\/5704"}],"wp:attachment":[{"href":"https:\/\/veho-schweiz.com\/fr\/wp-json\/wp\/v2\/media?parent=7750"}],"wp:term":[{"taxonomy":"product_brand","embeddable":true,"href":"https:\/\/veho-schweiz.com\/fr\/wp-json\/wp\/v2\/product_brand?post=7750"},{"taxonomy":"product_cat","embeddable":true,"href":"https:\/\/veho-schweiz.com\/fr\/wp-json\/wp\/v2\/product_cat?post=7750"},{"taxonomy":"product_tag","embeddable":true,"href":"https:\/\/veho-schweiz.com\/fr\/wp-json\/wp\/v2\/product_tag?post=7750"}],"curies":[{"name":"wp","href":"https:\/\/api.w.org\/{rel}","templated":true}]}}