{"id":7748,"date":"2024-10-08T17:45:57","date_gmt":"2024-10-08T15:45:57","guid":{"rendered":"https:\/\/veho-schweiz.com\/product\/m-series-mr-8-enceinte-retro-sans-fil-et-banque-de-puissance\/"},"modified":"2024-12-18T17:41:32","modified_gmt":"2024-12-18T16:41:32","slug":"m-series-mr-8-enceinte-retro-sans-fil-et-banque-de-puissance","status":"publish","type":"product","link":"https:\/\/veho-schweiz.com\/fr\/product\/m-series-mr-8-enceinte-retro-sans-fil-et-banque-de-puissance\/","title":{"rendered":"M-Series MR-8 Enceinte r\u00e9tro sans fil et banque de puissance"},"content":{"rendered":"<div class=\"wp-content wp-content--product\"><p>Le Veho MR-8 est un haut-parleur sans fil Bluetooth r\u00e9tro avec une puissante puissance de 2\u00d76 watts et un powerbank int\u00e9gr\u00e9 (recharge tous les smartphones et la plupart des tablettes). La batterie de 4000 mAh offre une autonomie allant jusqu&rsquo;\u00e0 32 heures de lecture, parfaite pour vos voyages ou pour la maison\/le jardin. <\/p>\n<\/div>","protected":false},"excerpt":{"rendered":"<ul>\n<li>Un design r\u00e9tro et un son exceptionnel<\/li>\n<li>Bluetooth 5.3 avec des performances am\u00e9lior\u00e9es<\/li>\n<li>Jusqu&rsquo;\u00e0 32 heures de lecture continue<\/li>\n<\/ul>\n","protected":false},"featured_media":7322,"comment_status":"closed","ping_status":"closed","template":"","meta":{"_acf_changed":false,"inline_featured_image":false},"product_brand":[],"product_cat":[167],"product_tag":[168,169],"class_list":{"0":"post-7748","1":"product","2":"type-product","3":"status-publish","4":"has-post-thumbnail","6":"product_cat-bluetooth-speakers-fr","7":"product_tag-bluetooth-fr","8":"product_tag-fonction-dappariement-tws","10":"first","11":"instock","12":"shipping-taxable","13":"purchasable","14":"product-type-simple"},"acf":[],"yoast_head":"<!-- This site is optimized with the Yoast SEO plugin v27.5 - https:\/\/yoast.com\/product\/yoast-seo-wordpress\/ -->\n<title>M-Series MR-8 Enceinte r\u00e9tro sans fil et banque de puissance<\/title>\n<meta name=\"description\" content=\"Le Veho MR-8 est un haut-parleur sans fil Bluetooth r\u00e9tro dot\u00e9 d&#039;une puissante puissance de 2\u00d76 watts et d&#039;un powerbank int\u00e9gr\u00e9.\" \/>\n<meta name=\"robots\" content=\"index, follow, max-snippet:-1, max-image-preview:large, max-video-preview:-1\" \/>\n<link rel=\"canonical\" href=\"https:\/\/veho-schweiz.com\/fr\/product\/m-series-mr-8-enceinte-retro-sans-fil-et-banque-de-puissance\/\" \/>\n<meta property=\"og:locale\" content=\"fr_FR\" \/>\n<meta property=\"og:type\" content=\"article\" \/>\n<meta property=\"og:title\" content=\"M-Series MR-8 Enceinte r\u00e9tro sans fil et banque de puissance\" \/>\n<meta property=\"og:description\" content=\"Le Veho MR-8 est un haut-parleur sans fil Bluetooth r\u00e9tro dot\u00e9 d&#039;une puissante puissance de 2\u00d76 watts et d&#039;un powerbank int\u00e9gr\u00e9.\" \/>\n<meta property=\"og:url\" content=\"https:\/\/veho-schweiz.com\/fr\/product\/m-series-mr-8-enceinte-retro-sans-fil-et-banque-de-puissance\/\" \/>\n<meta property=\"og:site_name\" content=\"Veho Lifestyle Store Suisse\" \/>\n<meta property=\"article:modified_time\" content=\"2024-12-18T16:41:32+00:00\" \/>\n<meta property=\"og:image\" content=\"https:\/\/veho-schweiz.com\/wp-content\/uploads\/2023\/11\/mr8_hero.png\" \/>\n\t<meta property=\"og:image:width\" content=\"620\" \/>\n\t<meta property=\"og:image:height\" content=\"620\" \/>\n\t<meta property=\"og:image:type\" content=\"image\/png\" \/>\n<meta name=\"twitter:card\" content=\"summary_large_image\" \/>\n<script type=\"application\/ld+json\" class=\"yoast-schema-graph\">{\"@context\":\"https:\\\/\\\/schema.org\",\"@graph\":[{\"@type\":\"WebPage\",\"@id\":\"https:\\\/\\\/veho-schweiz.com\\\/fr\\\/product\\\/m-series-mr-8-enceinte-retro-sans-fil-et-banque-de-puissance\\\/\",\"url\":\"https:\\\/\\\/veho-schweiz.com\\\/fr\\\/product\\\/m-series-mr-8-enceinte-retro-sans-fil-et-banque-de-puissance\\\/\",\"name\":\"M-Series MR-8 Enceinte r\u00e9tro sans fil et banque de puissance\",\"isPartOf\":{\"@id\":\"https:\\\/\\\/veho-schweiz.com\\\/fr\\\/#website\"},\"primaryImageOfPage\":{\"@id\":\"https:\\\/\\\/veho-schweiz.com\\\/fr\\\/product\\\/m-series-mr-8-enceinte-retro-sans-fil-et-banque-de-puissance\\\/#primaryimage\"},\"image\":{\"@id\":\"https:\\\/\\\/veho-schweiz.com\\\/fr\\\/product\\\/m-series-mr-8-enceinte-retro-sans-fil-et-banque-de-puissance\\\/#primaryimage\"},\"thumbnailUrl\":\"https:\\\/\\\/veho-schweiz.com\\\/wp-content\\\/uploads\\\/2023\\\/11\\\/mr8_hero.png\",\"datePublished\":\"2024-10-08T15:45:57+00:00\",\"dateModified\":\"2024-12-18T16:41:32+00:00\",\"description\":\"Le Veho MR-8 est un haut-parleur sans fil Bluetooth r\u00e9tro dot\u00e9 d'une puissante puissance de 2\u00d76 watts et d'un powerbank int\u00e9gr\u00e9.\",\"breadcrumb\":{\"@id\":\"https:\\\/\\\/veho-schweiz.com\\\/fr\\\/product\\\/m-series-mr-8-enceinte-retro-sans-fil-et-banque-de-puissance\\\/#breadcrumb\"},\"inLanguage\":\"fr-FR\",\"potentialAction\":[{\"@type\":\"ReadAction\",\"target\":[\"https:\\\/\\\/veho-schweiz.com\\\/fr\\\/product\\\/m-series-mr-8-enceinte-retro-sans-fil-et-banque-de-puissance\\\/\"]}]},{\"@type\":\"ImageObject\",\"inLanguage\":\"fr-FR\",\"@id\":\"https:\\\/\\\/veho-schweiz.com\\\/fr\\\/product\\\/m-series-mr-8-enceinte-retro-sans-fil-et-banque-de-puissance\\\/#primaryimage\",\"url\":\"https:\\\/\\\/veho-schweiz.com\\\/wp-content\\\/uploads\\\/2023\\\/11\\\/mr8_hero.png\",\"contentUrl\":\"https:\\\/\\\/veho-schweiz.com\\\/wp-content\\\/uploads\\\/2023\\\/11\\\/mr8_hero.png\",\"width\":620,\"height\":620,\"caption\":\"M-serie MR-8 retro draadloze luidspreker en powerbank\"},{\"@type\":\"BreadcrumbList\",\"@id\":\"https:\\\/\\\/veho-schweiz.com\\\/fr\\\/product\\\/m-series-mr-8-enceinte-retro-sans-fil-et-banque-de-puissance\\\/#breadcrumb\",\"itemListElement\":[{\"@type\":\"ListItem\",\"position\":1,\"name\":\"Home\",\"item\":\"https:\\\/\\\/veho-schweiz.com\\\/fr\\\/\"},{\"@type\":\"ListItem\",\"position\":2,\"name\":\"Shop\",\"item\":\"https:\\\/\\\/veho-schweiz.com\\\/shop\\\/\"},{\"@type\":\"ListItem\",\"position\":3,\"name\":\"M-Series MR-8 Enceinte r\u00e9tro sans fil et banque de puissance\"}]},{\"@type\":\"WebSite\",\"@id\":\"https:\\\/\\\/veho-schweiz.com\\\/fr\\\/#website\",\"url\":\"https:\\\/\\\/veho-schweiz.com\\\/fr\\\/\",\"name\":\"Veho Lifestyle Store Suisse\",\"description\":\"\u00c9lectronique grand public de conception britannique\",\"potentialAction\":[{\"@type\":\"SearchAction\",\"target\":{\"@type\":\"EntryPoint\",\"urlTemplate\":\"https:\\\/\\\/veho-schweiz.com\\\/fr\\\/?s={search_term_string}\"},\"query-input\":{\"@type\":\"PropertyValueSpecification\",\"valueRequired\":true,\"valueName\":\"search_term_string\"}}],\"inLanguage\":\"fr-FR\"}]}<\/script>\n<!-- \/ Yoast SEO plugin. -->","yoast_head_json":{"title":"M-Series MR-8 Enceinte r\u00e9tro sans fil et banque de puissance","description":"Le Veho MR-8 est un haut-parleur sans fil Bluetooth r\u00e9tro dot\u00e9 d'une puissante puissance de 2\u00d76 watts et d'un powerbank int\u00e9gr\u00e9.","robots":{"index":"index","follow":"follow","max-snippet":"max-snippet:-1","max-image-preview":"max-image-preview:large","max-video-preview":"max-video-preview:-1"},"canonical":"https:\/\/veho-schweiz.com\/fr\/product\/m-series-mr-8-enceinte-retro-sans-fil-et-banque-de-puissance\/","og_locale":"fr_FR","og_type":"article","og_title":"M-Series MR-8 Enceinte r\u00e9tro sans fil et banque de puissance","og_description":"Le Veho MR-8 est un haut-parleur sans fil Bluetooth r\u00e9tro dot\u00e9 d'une puissante puissance de 2\u00d76 watts et d'un powerbank int\u00e9gr\u00e9.","og_url":"https:\/\/veho-schweiz.com\/fr\/product\/m-series-mr-8-enceinte-retro-sans-fil-et-banque-de-puissance\/","og_site_name":"Veho Lifestyle Store Suisse","article_modified_time":"2024-12-18T16:41:32+00:00","og_image":[{"width":620,"height":620,"url":"https:\/\/veho-schweiz.com\/wp-content\/uploads\/2023\/11\/mr8_hero.png","type":"image\/png"}],"twitter_card":"summary_large_image","schema":{"@context":"https:\/\/schema.org","@graph":[{"@type":"WebPage","@id":"https:\/\/veho-schweiz.com\/fr\/product\/m-series-mr-8-enceinte-retro-sans-fil-et-banque-de-puissance\/","url":"https:\/\/veho-schweiz.com\/fr\/product\/m-series-mr-8-enceinte-retro-sans-fil-et-banque-de-puissance\/","name":"M-Series MR-8 Enceinte r\u00e9tro sans fil et banque de puissance","isPartOf":{"@id":"https:\/\/veho-schweiz.com\/fr\/#website"},"primaryImageOfPage":{"@id":"https:\/\/veho-schweiz.com\/fr\/product\/m-series-mr-8-enceinte-retro-sans-fil-et-banque-de-puissance\/#primaryimage"},"image":{"@id":"https:\/\/veho-schweiz.com\/fr\/product\/m-series-mr-8-enceinte-retro-sans-fil-et-banque-de-puissance\/#primaryimage"},"thumbnailUrl":"https:\/\/veho-schweiz.com\/wp-content\/uploads\/2023\/11\/mr8_hero.png","datePublished":"2024-10-08T15:45:57+00:00","dateModified":"2024-12-18T16:41:32+00:00","description":"Le Veho MR-8 est un haut-parleur sans fil Bluetooth r\u00e9tro dot\u00e9 d'une puissante puissance de 2\u00d76 watts et d'un powerbank int\u00e9gr\u00e9.","breadcrumb":{"@id":"https:\/\/veho-schweiz.com\/fr\/product\/m-series-mr-8-enceinte-retro-sans-fil-et-banque-de-puissance\/#breadcrumb"},"inLanguage":"fr-FR","potentialAction":[{"@type":"ReadAction","target":["https:\/\/veho-schweiz.com\/fr\/product\/m-series-mr-8-enceinte-retro-sans-fil-et-banque-de-puissance\/"]}]},{"@type":"ImageObject","inLanguage":"fr-FR","@id":"https:\/\/veho-schweiz.com\/fr\/product\/m-series-mr-8-enceinte-retro-sans-fil-et-banque-de-puissance\/#primaryimage","url":"https:\/\/veho-schweiz.com\/wp-content\/uploads\/2023\/11\/mr8_hero.png","contentUrl":"https:\/\/veho-schweiz.com\/wp-content\/uploads\/2023\/11\/mr8_hero.png","width":620,"height":620,"caption":"M-serie MR-8 retro draadloze luidspreker en powerbank"},{"@type":"BreadcrumbList","@id":"https:\/\/veho-schweiz.com\/fr\/product\/m-series-mr-8-enceinte-retro-sans-fil-et-banque-de-puissance\/#breadcrumb","itemListElement":[{"@type":"ListItem","position":1,"name":"Home","item":"https:\/\/veho-schweiz.com\/fr\/"},{"@type":"ListItem","position":2,"name":"Shop","item":"https:\/\/veho-schweiz.com\/shop\/"},{"@type":"ListItem","position":3,"name":"M-Series MR-8 Enceinte r\u00e9tro sans fil et banque de puissance"}]},{"@type":"WebSite","@id":"https:\/\/veho-schweiz.com\/fr\/#website","url":"https:\/\/veho-schweiz.com\/fr\/","name":"Veho Lifestyle Store Suisse","description":"\u00c9lectronique grand public de conception britannique","potentialAction":[{"@type":"SearchAction","target":{"@type":"EntryPoint","urlTemplate":"https:\/\/veho-schweiz.com\/fr\/?s={search_term_string}"},"query-input":{"@type":"PropertyValueSpecification","valueRequired":true,"valueName":"search_term_string"}}],"inLanguage":"fr-FR"}]}},"jetpack_sharing_enabled":true,"_links":{"self":[{"href":"https:\/\/veho-schweiz.com\/fr\/wp-json\/wp\/v2\/product\/7748","targetHints":{"allow":["GET"]}}],"collection":[{"href":"https:\/\/veho-schweiz.com\/fr\/wp-json\/wp\/v2\/product"}],"about":[{"href":"https:\/\/veho-schweiz.com\/fr\/wp-json\/wp\/v2\/types\/product"}],"replies":[{"embeddable":true,"href":"https:\/\/veho-schweiz.com\/fr\/wp-json\/wp\/v2\/comments?post=7748"}],"wp:featuredmedia":[{"embeddable":true,"href":"https:\/\/veho-schweiz.com\/fr\/wp-json\/wp\/v2\/media\/7322"}],"wp:attachment":[{"href":"https:\/\/veho-schweiz.com\/fr\/wp-json\/wp\/v2\/media?parent=7748"}],"wp:term":[{"taxonomy":"product_brand","embeddable":true,"href":"https:\/\/veho-schweiz.com\/fr\/wp-json\/wp\/v2\/product_brand?post=7748"},{"taxonomy":"product_cat","embeddable":true,"href":"https:\/\/veho-schweiz.com\/fr\/wp-json\/wp\/v2\/product_cat?post=7748"},{"taxonomy":"product_tag","embeddable":true,"href":"https:\/\/veho-schweiz.com\/fr\/wp-json\/wp\/v2\/product_tag?post=7748"}],"curies":[{"name":"wp","href":"https:\/\/api.w.org\/{rel}","templated":true}]}}