{"id":7738,"date":"2024-10-08T17:45:58","date_gmt":"2024-10-08T15:45:58","guid":{"rendered":"https:\/\/veho-schweiz.com\/product\/m-series-mzs-haut-parleur-sans-fil-noir\/"},"modified":"2024-12-18T12:50:42","modified_gmt":"2024-12-18T11:50:42","slug":"m-series-mzs-haut-parleur-sans-fil-noir","status":"publish","type":"product","link":"https:\/\/veho-schweiz.com\/fr\/product\/m-series-mzs-haut-parleur-sans-fil-noir\/","title":{"rendered":"M-Series MZS Haut-parleur sans fil &#8211; Noir"},"content":{"rendered":"<div class=\"wp-content wp-content--product\"><p>Le MZ-S est un haut-parleur sans fil Bluetooth ultra-compact dot\u00e9 d&rsquo;une puissante sortie de 5 watts. Avec une autonomie de batterie allant jusqu&rsquo;\u00e0 12 heures et une port\u00e9e sans fil de 10 m\u00e8tres, il est le compagnon de voyage id\u00e9al dans tous les environnements. Le haut-parleur dispose d&rsquo;un mode TWS int\u00e9gr\u00e9. Couplez-le \u00e0 un autre haut-parleur MZ-S et jouez en m\u00eame temps.   <\/p>\n<\/div>","protected":false},"excerpt":{"rendered":"<ul>\n<li>Puissance totale de 5 watts<\/li>\n<li>Couplage avec un autre MZ-S et lecture simultan\u00e9e avec la fonction TWS<\/li>\n<li>Jusqu&rsquo;\u00e0 12 heures de lecture continue<\/li>\n<\/ul>\n","protected":false},"featured_media":7002,"comment_status":"open","ping_status":"closed","template":"","meta":{"_acf_changed":false,"inline_featured_image":false},"product_brand":[],"product_cat":[167],"product_tag":[],"class_list":{"0":"post-7738","1":"product","2":"type-product","3":"status-publish","4":"has-post-thumbnail","6":"product_cat-bluetooth-speakers-fr","8":"first","9":"instock","10":"shipping-taxable","11":"purchasable","12":"product-type-simple"},"acf":[],"yoast_head":"<!-- This site is optimized with the Yoast SEO plugin v27.5 - https:\/\/yoast.com\/product\/yoast-seo-wordpress\/ -->\n<title>M-Series MZS Haut-parleur sans fil - Noir<\/title>\n<meta name=\"description\" content=\"Le MZ-S est un haut-parleur Bluetooth sans fil ultra-compact dot\u00e9 d&#039;une puissante sortie de 5 watts. Avec une autonomie de batterie allant jusqu&#039;\u00e0 12 heures.\" \/>\n<meta name=\"robots\" content=\"index, follow, max-snippet:-1, max-image-preview:large, max-video-preview:-1\" \/>\n<link rel=\"canonical\" href=\"https:\/\/veho-schweiz.com\/fr\/product\/m-series-mzs-haut-parleur-sans-fil-noir\/\" \/>\n<meta property=\"og:locale\" content=\"fr_FR\" \/>\n<meta property=\"og:type\" content=\"article\" \/>\n<meta property=\"og:title\" content=\"M-Series MZS Haut-parleur sans fil - Noir\" \/>\n<meta property=\"og:description\" content=\"Le MZ-S est un haut-parleur Bluetooth sans fil ultra-compact dot\u00e9 d&#039;une puissante sortie de 5 watts. Avec une autonomie de batterie allant jusqu&#039;\u00e0 12 heures.\" \/>\n<meta property=\"og:url\" content=\"https:\/\/veho-schweiz.com\/fr\/product\/m-series-mzs-haut-parleur-sans-fil-noir\/\" \/>\n<meta property=\"og:site_name\" content=\"Veho Lifestyle Store Suisse\" \/>\n<meta property=\"article:modified_time\" content=\"2024-12-18T11:50:42+00:00\" \/>\n<meta property=\"og:image\" content=\"https:\/\/veho-schweiz.com\/wp-content\/uploads\/2023\/01\/mzs_black_hero.png\" \/>\n\t<meta property=\"og:image:width\" content=\"620\" \/>\n\t<meta property=\"og:image:height\" content=\"620\" \/>\n\t<meta property=\"og:image:type\" content=\"image\/png\" \/>\n<meta name=\"twitter:card\" content=\"summary_large_image\" \/>\n<script type=\"application\/ld+json\" class=\"yoast-schema-graph\">{\"@context\":\"https:\\\/\\\/schema.org\",\"@graph\":[{\"@type\":\"WebPage\",\"@id\":\"https:\\\/\\\/veho-schweiz.com\\\/fr\\\/product\\\/m-series-mzs-haut-parleur-sans-fil-noir\\\/\",\"url\":\"https:\\\/\\\/veho-schweiz.com\\\/fr\\\/product\\\/m-series-mzs-haut-parleur-sans-fil-noir\\\/\",\"name\":\"M-Series MZS Haut-parleur sans fil - Noir\",\"isPartOf\":{\"@id\":\"https:\\\/\\\/veho-schweiz.com\\\/fr\\\/#website\"},\"primaryImageOfPage\":{\"@id\":\"https:\\\/\\\/veho-schweiz.com\\\/fr\\\/product\\\/m-series-mzs-haut-parleur-sans-fil-noir\\\/#primaryimage\"},\"image\":{\"@id\":\"https:\\\/\\\/veho-schweiz.com\\\/fr\\\/product\\\/m-series-mzs-haut-parleur-sans-fil-noir\\\/#primaryimage\"},\"thumbnailUrl\":\"https:\\\/\\\/veho-schweiz.com\\\/wp-content\\\/uploads\\\/2023\\\/01\\\/mzs_black_hero.png\",\"datePublished\":\"2024-10-08T15:45:58+00:00\",\"dateModified\":\"2024-12-18T11:50:42+00:00\",\"description\":\"Le MZ-S est un haut-parleur Bluetooth sans fil ultra-compact dot\u00e9 d'une puissante sortie de 5 watts. Avec une autonomie de batterie allant jusqu'\u00e0 12 heures.\",\"breadcrumb\":{\"@id\":\"https:\\\/\\\/veho-schweiz.com\\\/fr\\\/product\\\/m-series-mzs-haut-parleur-sans-fil-noir\\\/#breadcrumb\"},\"inLanguage\":\"fr-FR\",\"potentialAction\":[{\"@type\":\"ReadAction\",\"target\":[\"https:\\\/\\\/veho-schweiz.com\\\/fr\\\/product\\\/m-series-mzs-haut-parleur-sans-fil-noir\\\/\"]}]},{\"@type\":\"ImageObject\",\"inLanguage\":\"fr-FR\",\"@id\":\"https:\\\/\\\/veho-schweiz.com\\\/fr\\\/product\\\/m-series-mzs-haut-parleur-sans-fil-noir\\\/#primaryimage\",\"url\":\"https:\\\/\\\/veho-schweiz.com\\\/wp-content\\\/uploads\\\/2023\\\/01\\\/mzs_black_hero.png\",\"contentUrl\":\"https:\\\/\\\/veho-schweiz.com\\\/wp-content\\\/uploads\\\/2023\\\/01\\\/mzs_black_hero.png\",\"width\":620,\"height\":620,\"caption\":\"M-Series MZ-S Enceinte sans fil - Noir\"},{\"@type\":\"BreadcrumbList\",\"@id\":\"https:\\\/\\\/veho-schweiz.com\\\/fr\\\/product\\\/m-series-mzs-haut-parleur-sans-fil-noir\\\/#breadcrumb\",\"itemListElement\":[{\"@type\":\"ListItem\",\"position\":1,\"name\":\"Home\",\"item\":\"https:\\\/\\\/veho-schweiz.com\\\/fr\\\/\"},{\"@type\":\"ListItem\",\"position\":2,\"name\":\"Shop\",\"item\":\"https:\\\/\\\/veho-schweiz.com\\\/shop\\\/\"},{\"@type\":\"ListItem\",\"position\":3,\"name\":\"M-Series MZS Haut-parleur sans fil &#8211; Noir\"}]},{\"@type\":\"WebSite\",\"@id\":\"https:\\\/\\\/veho-schweiz.com\\\/fr\\\/#website\",\"url\":\"https:\\\/\\\/veho-schweiz.com\\\/fr\\\/\",\"name\":\"Veho Lifestyle Store Suisse\",\"description\":\"\u00c9lectronique grand public de conception britannique\",\"potentialAction\":[{\"@type\":\"SearchAction\",\"target\":{\"@type\":\"EntryPoint\",\"urlTemplate\":\"https:\\\/\\\/veho-schweiz.com\\\/fr\\\/?s={search_term_string}\"},\"query-input\":{\"@type\":\"PropertyValueSpecification\",\"valueRequired\":true,\"valueName\":\"search_term_string\"}}],\"inLanguage\":\"fr-FR\"}]}<\/script>\n<!-- \/ Yoast SEO plugin. -->","yoast_head_json":{"title":"M-Series MZS Haut-parleur sans fil - Noir","description":"Le MZ-S est un haut-parleur Bluetooth sans fil ultra-compact dot\u00e9 d'une puissante sortie de 5 watts. Avec une autonomie de batterie allant jusqu'\u00e0 12 heures.","robots":{"index":"index","follow":"follow","max-snippet":"max-snippet:-1","max-image-preview":"max-image-preview:large","max-video-preview":"max-video-preview:-1"},"canonical":"https:\/\/veho-schweiz.com\/fr\/product\/m-series-mzs-haut-parleur-sans-fil-noir\/","og_locale":"fr_FR","og_type":"article","og_title":"M-Series MZS Haut-parleur sans fil - Noir","og_description":"Le MZ-S est un haut-parleur Bluetooth sans fil ultra-compact dot\u00e9 d'une puissante sortie de 5 watts. Avec une autonomie de batterie allant jusqu'\u00e0 12 heures.","og_url":"https:\/\/veho-schweiz.com\/fr\/product\/m-series-mzs-haut-parleur-sans-fil-noir\/","og_site_name":"Veho Lifestyle Store Suisse","article_modified_time":"2024-12-18T11:50:42+00:00","og_image":[{"width":620,"height":620,"url":"https:\/\/veho-schweiz.com\/wp-content\/uploads\/2023\/01\/mzs_black_hero.png","type":"image\/png"}],"twitter_card":"summary_large_image","schema":{"@context":"https:\/\/schema.org","@graph":[{"@type":"WebPage","@id":"https:\/\/veho-schweiz.com\/fr\/product\/m-series-mzs-haut-parleur-sans-fil-noir\/","url":"https:\/\/veho-schweiz.com\/fr\/product\/m-series-mzs-haut-parleur-sans-fil-noir\/","name":"M-Series MZS Haut-parleur sans fil - Noir","isPartOf":{"@id":"https:\/\/veho-schweiz.com\/fr\/#website"},"primaryImageOfPage":{"@id":"https:\/\/veho-schweiz.com\/fr\/product\/m-series-mzs-haut-parleur-sans-fil-noir\/#primaryimage"},"image":{"@id":"https:\/\/veho-schweiz.com\/fr\/product\/m-series-mzs-haut-parleur-sans-fil-noir\/#primaryimage"},"thumbnailUrl":"https:\/\/veho-schweiz.com\/wp-content\/uploads\/2023\/01\/mzs_black_hero.png","datePublished":"2024-10-08T15:45:58+00:00","dateModified":"2024-12-18T11:50:42+00:00","description":"Le MZ-S est un haut-parleur Bluetooth sans fil ultra-compact dot\u00e9 d'une puissante sortie de 5 watts. Avec une autonomie de batterie allant jusqu'\u00e0 12 heures.","breadcrumb":{"@id":"https:\/\/veho-schweiz.com\/fr\/product\/m-series-mzs-haut-parleur-sans-fil-noir\/#breadcrumb"},"inLanguage":"fr-FR","potentialAction":[{"@type":"ReadAction","target":["https:\/\/veho-schweiz.com\/fr\/product\/m-series-mzs-haut-parleur-sans-fil-noir\/"]}]},{"@type":"ImageObject","inLanguage":"fr-FR","@id":"https:\/\/veho-schweiz.com\/fr\/product\/m-series-mzs-haut-parleur-sans-fil-noir\/#primaryimage","url":"https:\/\/veho-schweiz.com\/wp-content\/uploads\/2023\/01\/mzs_black_hero.png","contentUrl":"https:\/\/veho-schweiz.com\/wp-content\/uploads\/2023\/01\/mzs_black_hero.png","width":620,"height":620,"caption":"M-Series MZ-S Enceinte sans fil - Noir"},{"@type":"BreadcrumbList","@id":"https:\/\/veho-schweiz.com\/fr\/product\/m-series-mzs-haut-parleur-sans-fil-noir\/#breadcrumb","itemListElement":[{"@type":"ListItem","position":1,"name":"Home","item":"https:\/\/veho-schweiz.com\/fr\/"},{"@type":"ListItem","position":2,"name":"Shop","item":"https:\/\/veho-schweiz.com\/shop\/"},{"@type":"ListItem","position":3,"name":"M-Series MZS Haut-parleur sans fil &#8211; Noir"}]},{"@type":"WebSite","@id":"https:\/\/veho-schweiz.com\/fr\/#website","url":"https:\/\/veho-schweiz.com\/fr\/","name":"Veho Lifestyle Store Suisse","description":"\u00c9lectronique grand public de conception britannique","potentialAction":[{"@type":"SearchAction","target":{"@type":"EntryPoint","urlTemplate":"https:\/\/veho-schweiz.com\/fr\/?s={search_term_string}"},"query-input":{"@type":"PropertyValueSpecification","valueRequired":true,"valueName":"search_term_string"}}],"inLanguage":"fr-FR"}]}},"jetpack_sharing_enabled":true,"_links":{"self":[{"href":"https:\/\/veho-schweiz.com\/fr\/wp-json\/wp\/v2\/product\/7738","targetHints":{"allow":["GET"]}}],"collection":[{"href":"https:\/\/veho-schweiz.com\/fr\/wp-json\/wp\/v2\/product"}],"about":[{"href":"https:\/\/veho-schweiz.com\/fr\/wp-json\/wp\/v2\/types\/product"}],"replies":[{"embeddable":true,"href":"https:\/\/veho-schweiz.com\/fr\/wp-json\/wp\/v2\/comments?post=7738"}],"wp:featuredmedia":[{"embeddable":true,"href":"https:\/\/veho-schweiz.com\/fr\/wp-json\/wp\/v2\/media\/7002"}],"wp:attachment":[{"href":"https:\/\/veho-schweiz.com\/fr\/wp-json\/wp\/v2\/media?parent=7738"}],"wp:term":[{"taxonomy":"product_brand","embeddable":true,"href":"https:\/\/veho-schweiz.com\/fr\/wp-json\/wp\/v2\/product_brand?post=7738"},{"taxonomy":"product_cat","embeddable":true,"href":"https:\/\/veho-schweiz.com\/fr\/wp-json\/wp\/v2\/product_cat?post=7738"},{"taxonomy":"product_tag","embeddable":true,"href":"https:\/\/veho-schweiz.com\/fr\/wp-json\/wp\/v2\/product_tag?post=7738"}],"curies":[{"name":"wp","href":"https:\/\/api.w.org\/{rel}","templated":true}]}}