{"id":7722,"date":"2024-10-08T17:46:23","date_gmt":"2024-10-08T15:46:23","guid":{"rendered":"https:\/\/veho-schweiz.com\/product\/sac-a-dos-pour-ordinateur-portable-veho-tx-4-avec-port-usb\/"},"modified":"2024-12-19T10:57:15","modified_gmt":"2024-12-19T09:57:15","slug":"sac-a-dos-pour-ordinateur-portable-veho-tx-4-avec-port-usb","status":"publish","type":"product","link":"https:\/\/veho-schweiz.com\/fr\/product\/sac-a-dos-pour-ordinateur-portable-veho-tx-4-avec-port-usb\/","title":{"rendered":"Sac \u00e0 dos pour ordinateur portable Veho TX-4 avec port USB"},"content":{"rendered":"<div class=\"wp-content wp-content--product\"><p>Le sac \u00e0 dos Veho TX-4 est con\u00e7u pour le voyageur ultime.<br \/>\nAvec une fermeture principale \u00e0 rabat et des fermetures \u00e0 glissi\u00e8re \u00e9tanches, le TX-4 est suffisamment robuste pour r\u00e9sister aux \u00e9l\u00e9ments.<br \/>\nFabriqu\u00e9 en polyester imperm\u00e9able avec un rev\u00eatement en T\u00e9flon de haute qualit\u00e9, ce sac \u00e0 dos offre suffisamment d&rsquo;espace pour accueillir des ordinateurs portables jusqu&rsquo;\u00e0 17 pouces et suffisamment de place pour les accessoires.<br \/>\nPour un chargement pratique en d\u00e9placement, il est \u00e9quip\u00e9 d&rsquo;un port de chargement USB externe int\u00e9gr\u00e9.   <\/p>\n<\/div>","protected":false},"excerpt":{"rendered":"<ul>\n<li>Sac \u00e0 dos robuste pour ordinateurs portables jusqu&rsquo;\u00e0 17 pouces<\/li>\n<li>Polyester super r\u00e9sistant avec rev\u00eatement en T\u00e9flon<\/li>\n<li>Port USB externe pour charger un t\u00e9l\u00e9phone\/appareil pendant le mouvement<\/li>\n<\/ul>\n","protected":false},"featured_media":6030,"comment_status":"closed","ping_status":"closed","template":"","meta":{"_acf_changed":false,"inline_featured_image":false},"product_brand":[],"product_cat":[212],"product_tag":[],"class_list":{"0":"post-7722","1":"product","2":"type-product","3":"status-publish","4":"has-post-thumbnail","6":"product_cat-laptop-notebook-bags-fr","8":"first","9":"instock","10":"shipping-taxable","11":"purchasable","12":"product-type-simple"},"acf":[],"yoast_head":"<!-- This site is optimized with the Yoast SEO plugin v27.5 - https:\/\/yoast.com\/product\/yoast-seo-wordpress\/ -->\n<title>Sac \u00e0 dos pour ordinateur portable Veho TX-4 avec port USB<\/title>\n<meta name=\"description\" content=\"Le sac pour ordinateur portable Veho TX-4 Backpack pour le voyageur ultime. Sac \u00e0 roulettes pouvant contenir des ordinateurs portables jusqu&#039;\u00e0 17&quot; avec un espace pour les accessoires.\" \/>\n<meta name=\"robots\" content=\"index, follow, max-snippet:-1, max-image-preview:large, max-video-preview:-1\" \/>\n<link rel=\"canonical\" href=\"https:\/\/veho-schweiz.com\/fr\/product\/sac-a-dos-pour-ordinateur-portable-veho-tx-4-avec-port-usb\/\" \/>\n<meta property=\"og:locale\" content=\"fr_FR\" \/>\n<meta property=\"og:type\" content=\"article\" \/>\n<meta property=\"og:title\" content=\"Sac \u00e0 dos pour ordinateur portable Veho TX-4 avec port USB\" \/>\n<meta property=\"og:description\" content=\"Le sac pour ordinateur portable Veho TX-4 Backpack pour le voyageur ultime. Sac \u00e0 roulettes pouvant contenir des ordinateurs portables jusqu&#039;\u00e0 17&quot; avec un espace pour les accessoires.\" \/>\n<meta property=\"og:url\" content=\"https:\/\/veho-schweiz.com\/fr\/product\/sac-a-dos-pour-ordinateur-portable-veho-tx-4-avec-port-usb\/\" \/>\n<meta property=\"og:site_name\" content=\"Veho Lifestyle Store Suisse\" \/>\n<meta property=\"article:modified_time\" content=\"2024-12-19T09:57:15+00:00\" \/>\n<meta property=\"og:image\" content=\"https:\/\/veho-schweiz.com\/wp-content\/uploads\/2022\/02\/VNB-004-TX4-hero.png\" \/>\n\t<meta property=\"og:image:width\" content=\"620\" \/>\n\t<meta property=\"og:image:height\" content=\"620\" \/>\n\t<meta property=\"og:image:type\" content=\"image\/png\" \/>\n<meta name=\"twitter:card\" content=\"summary_large_image\" \/>\n<script type=\"application\/ld+json\" class=\"yoast-schema-graph\">{\"@context\":\"https:\\\/\\\/schema.org\",\"@graph\":[{\"@type\":\"WebPage\",\"@id\":\"https:\\\/\\\/veho-schweiz.com\\\/fr\\\/product\\\/sac-a-dos-pour-ordinateur-portable-veho-tx-4-avec-port-usb\\\/\",\"url\":\"https:\\\/\\\/veho-schweiz.com\\\/fr\\\/product\\\/sac-a-dos-pour-ordinateur-portable-veho-tx-4-avec-port-usb\\\/\",\"name\":\"Sac \u00e0 dos pour ordinateur portable Veho TX-4 avec port USB\",\"isPartOf\":{\"@id\":\"https:\\\/\\\/veho-schweiz.com\\\/fr\\\/#website\"},\"primaryImageOfPage\":{\"@id\":\"https:\\\/\\\/veho-schweiz.com\\\/fr\\\/product\\\/sac-a-dos-pour-ordinateur-portable-veho-tx-4-avec-port-usb\\\/#primaryimage\"},\"image\":{\"@id\":\"https:\\\/\\\/veho-schweiz.com\\\/fr\\\/product\\\/sac-a-dos-pour-ordinateur-portable-veho-tx-4-avec-port-usb\\\/#primaryimage\"},\"thumbnailUrl\":\"https:\\\/\\\/veho-schweiz.com\\\/wp-content\\\/uploads\\\/2022\\\/02\\\/VNB-004-TX4-hero.png\",\"datePublished\":\"2024-10-08T15:46:23+00:00\",\"dateModified\":\"2024-12-19T09:57:15+00:00\",\"description\":\"Le sac pour ordinateur portable Veho TX-4 Backpack pour le voyageur ultime. Sac \u00e0 roulettes pouvant contenir des ordinateurs portables jusqu'\u00e0 17\\\" avec un espace pour les accessoires.\",\"breadcrumb\":{\"@id\":\"https:\\\/\\\/veho-schweiz.com\\\/fr\\\/product\\\/sac-a-dos-pour-ordinateur-portable-veho-tx-4-avec-port-usb\\\/#breadcrumb\"},\"inLanguage\":\"fr-FR\",\"potentialAction\":[{\"@type\":\"ReadAction\",\"target\":[\"https:\\\/\\\/veho-schweiz.com\\\/fr\\\/product\\\/sac-a-dos-pour-ordinateur-portable-veho-tx-4-avec-port-usb\\\/\"]}]},{\"@type\":\"ImageObject\",\"inLanguage\":\"fr-FR\",\"@id\":\"https:\\\/\\\/veho-schweiz.com\\\/fr\\\/product\\\/sac-a-dos-pour-ordinateur-portable-veho-tx-4-avec-port-usb\\\/#primaryimage\",\"url\":\"https:\\\/\\\/veho-schweiz.com\\\/wp-content\\\/uploads\\\/2022\\\/02\\\/VNB-004-TX4-hero.png\",\"contentUrl\":\"https:\\\/\\\/veho-schweiz.com\\\/wp-content\\\/uploads\\\/2022\\\/02\\\/VNB-004-TX4-hero.png\",\"width\":620,\"height\":620},{\"@type\":\"BreadcrumbList\",\"@id\":\"https:\\\/\\\/veho-schweiz.com\\\/fr\\\/product\\\/sac-a-dos-pour-ordinateur-portable-veho-tx-4-avec-port-usb\\\/#breadcrumb\",\"itemListElement\":[{\"@type\":\"ListItem\",\"position\":1,\"name\":\"Home\",\"item\":\"https:\\\/\\\/veho-schweiz.com\\\/fr\\\/\"},{\"@type\":\"ListItem\",\"position\":2,\"name\":\"Shop\",\"item\":\"https:\\\/\\\/veho-schweiz.com\\\/shop\\\/\"},{\"@type\":\"ListItem\",\"position\":3,\"name\":\"Sac \u00e0 dos pour ordinateur portable Veho TX-4 avec port USB\"}]},{\"@type\":\"WebSite\",\"@id\":\"https:\\\/\\\/veho-schweiz.com\\\/fr\\\/#website\",\"url\":\"https:\\\/\\\/veho-schweiz.com\\\/fr\\\/\",\"name\":\"Veho Lifestyle Store Suisse\",\"description\":\"\u00c9lectronique grand public de conception britannique\",\"potentialAction\":[{\"@type\":\"SearchAction\",\"target\":{\"@type\":\"EntryPoint\",\"urlTemplate\":\"https:\\\/\\\/veho-schweiz.com\\\/fr\\\/?s={search_term_string}\"},\"query-input\":{\"@type\":\"PropertyValueSpecification\",\"valueRequired\":true,\"valueName\":\"search_term_string\"}}],\"inLanguage\":\"fr-FR\"}]}<\/script>\n<!-- \/ Yoast SEO plugin. -->","yoast_head_json":{"title":"Sac \u00e0 dos pour ordinateur portable Veho TX-4 avec port USB","description":"Le sac pour ordinateur portable Veho TX-4 Backpack pour le voyageur ultime. Sac \u00e0 roulettes pouvant contenir des ordinateurs portables jusqu'\u00e0 17\" avec un espace pour les accessoires.","robots":{"index":"index","follow":"follow","max-snippet":"max-snippet:-1","max-image-preview":"max-image-preview:large","max-video-preview":"max-video-preview:-1"},"canonical":"https:\/\/veho-schweiz.com\/fr\/product\/sac-a-dos-pour-ordinateur-portable-veho-tx-4-avec-port-usb\/","og_locale":"fr_FR","og_type":"article","og_title":"Sac \u00e0 dos pour ordinateur portable Veho TX-4 avec port USB","og_description":"Le sac pour ordinateur portable Veho TX-4 Backpack pour le voyageur ultime. Sac \u00e0 roulettes pouvant contenir des ordinateurs portables jusqu'\u00e0 17\" avec un espace pour les accessoires.","og_url":"https:\/\/veho-schweiz.com\/fr\/product\/sac-a-dos-pour-ordinateur-portable-veho-tx-4-avec-port-usb\/","og_site_name":"Veho Lifestyle Store Suisse","article_modified_time":"2024-12-19T09:57:15+00:00","og_image":[{"width":620,"height":620,"url":"https:\/\/veho-schweiz.com\/wp-content\/uploads\/2022\/02\/VNB-004-TX4-hero.png","type":"image\/png"}],"twitter_card":"summary_large_image","schema":{"@context":"https:\/\/schema.org","@graph":[{"@type":"WebPage","@id":"https:\/\/veho-schweiz.com\/fr\/product\/sac-a-dos-pour-ordinateur-portable-veho-tx-4-avec-port-usb\/","url":"https:\/\/veho-schweiz.com\/fr\/product\/sac-a-dos-pour-ordinateur-portable-veho-tx-4-avec-port-usb\/","name":"Sac \u00e0 dos pour ordinateur portable Veho TX-4 avec port USB","isPartOf":{"@id":"https:\/\/veho-schweiz.com\/fr\/#website"},"primaryImageOfPage":{"@id":"https:\/\/veho-schweiz.com\/fr\/product\/sac-a-dos-pour-ordinateur-portable-veho-tx-4-avec-port-usb\/#primaryimage"},"image":{"@id":"https:\/\/veho-schweiz.com\/fr\/product\/sac-a-dos-pour-ordinateur-portable-veho-tx-4-avec-port-usb\/#primaryimage"},"thumbnailUrl":"https:\/\/veho-schweiz.com\/wp-content\/uploads\/2022\/02\/VNB-004-TX4-hero.png","datePublished":"2024-10-08T15:46:23+00:00","dateModified":"2024-12-19T09:57:15+00:00","description":"Le sac pour ordinateur portable Veho TX-4 Backpack pour le voyageur ultime. Sac \u00e0 roulettes pouvant contenir des ordinateurs portables jusqu'\u00e0 17\" avec un espace pour les accessoires.","breadcrumb":{"@id":"https:\/\/veho-schweiz.com\/fr\/product\/sac-a-dos-pour-ordinateur-portable-veho-tx-4-avec-port-usb\/#breadcrumb"},"inLanguage":"fr-FR","potentialAction":[{"@type":"ReadAction","target":["https:\/\/veho-schweiz.com\/fr\/product\/sac-a-dos-pour-ordinateur-portable-veho-tx-4-avec-port-usb\/"]}]},{"@type":"ImageObject","inLanguage":"fr-FR","@id":"https:\/\/veho-schweiz.com\/fr\/product\/sac-a-dos-pour-ordinateur-portable-veho-tx-4-avec-port-usb\/#primaryimage","url":"https:\/\/veho-schweiz.com\/wp-content\/uploads\/2022\/02\/VNB-004-TX4-hero.png","contentUrl":"https:\/\/veho-schweiz.com\/wp-content\/uploads\/2022\/02\/VNB-004-TX4-hero.png","width":620,"height":620},{"@type":"BreadcrumbList","@id":"https:\/\/veho-schweiz.com\/fr\/product\/sac-a-dos-pour-ordinateur-portable-veho-tx-4-avec-port-usb\/#breadcrumb","itemListElement":[{"@type":"ListItem","position":1,"name":"Home","item":"https:\/\/veho-schweiz.com\/fr\/"},{"@type":"ListItem","position":2,"name":"Shop","item":"https:\/\/veho-schweiz.com\/shop\/"},{"@type":"ListItem","position":3,"name":"Sac \u00e0 dos pour ordinateur portable Veho TX-4 avec port USB"}]},{"@type":"WebSite","@id":"https:\/\/veho-schweiz.com\/fr\/#website","url":"https:\/\/veho-schweiz.com\/fr\/","name":"Veho Lifestyle Store Suisse","description":"\u00c9lectronique grand public de conception britannique","potentialAction":[{"@type":"SearchAction","target":{"@type":"EntryPoint","urlTemplate":"https:\/\/veho-schweiz.com\/fr\/?s={search_term_string}"},"query-input":{"@type":"PropertyValueSpecification","valueRequired":true,"valueName":"search_term_string"}}],"inLanguage":"fr-FR"}]}},"jetpack_sharing_enabled":true,"_links":{"self":[{"href":"https:\/\/veho-schweiz.com\/fr\/wp-json\/wp\/v2\/product\/7722","targetHints":{"allow":["GET"]}}],"collection":[{"href":"https:\/\/veho-schweiz.com\/fr\/wp-json\/wp\/v2\/product"}],"about":[{"href":"https:\/\/veho-schweiz.com\/fr\/wp-json\/wp\/v2\/types\/product"}],"replies":[{"embeddable":true,"href":"https:\/\/veho-schweiz.com\/fr\/wp-json\/wp\/v2\/comments?post=7722"}],"wp:featuredmedia":[{"embeddable":true,"href":"https:\/\/veho-schweiz.com\/fr\/wp-json\/wp\/v2\/media\/6030"}],"wp:attachment":[{"href":"https:\/\/veho-schweiz.com\/fr\/wp-json\/wp\/v2\/media?parent=7722"}],"wp:term":[{"taxonomy":"product_brand","embeddable":true,"href":"https:\/\/veho-schweiz.com\/fr\/wp-json\/wp\/v2\/product_brand?post=7722"},{"taxonomy":"product_cat","embeddable":true,"href":"https:\/\/veho-schweiz.com\/fr\/wp-json\/wp\/v2\/product_cat?post=7722"},{"taxonomy":"product_tag","embeddable":true,"href":"https:\/\/veho-schweiz.com\/fr\/wp-json\/wp\/v2\/product_tag?post=7722"}],"curies":[{"name":"wp","href":"https:\/\/api.w.org\/{rel}","templated":true}]}}