{"id":7720,"date":"2024-10-08T17:46:23","date_gmt":"2024-10-08T15:46:23","guid":{"rendered":"https:\/\/veho-schweiz.com\/product\/veho-t-1-sacoche-pour-ordinateur-portable-notebook-tablet\/"},"modified":"2024-12-19T10:56:03","modified_gmt":"2024-12-19T09:56:03","slug":"veho-t-1-sacoche-pour-ordinateur-portable-notebook-tablet","status":"publish","type":"product","link":"https:\/\/veho-schweiz.com\/fr\/product\/veho-t-1-sacoche-pour-ordinateur-portable-notebook-tablet\/","title":{"rendered":"Veho T-1 Sacoche pour ordinateur portable \/ Notebook \/ Tablet"},"content":{"rendered":"<div class=\"wp-content wp-content--product\"><p>La sacoche pour ordinateur portable Veho T-1 est un sac \u00e0 bandouli\u00e8re compact et durable, id\u00e9al pour les banlieusards et les \u00e9tudiants. Les compartiments ext\u00e9rieurs et int\u00e9rieurs rembourr\u00e9s offrent une protection optimale \u00e0 votre mat\u00e9riel informatique. La sacoche peut contenir un ordinateur portable jusqu&rsquo;\u00e0 15,6 pouces et une tablette jusqu&rsquo;\u00e0 10,1 pouces, tout en offrant un espace pour d&rsquo;autres outils de travail importants. Avec ses bandouli\u00e8res r\u00e9glables et sa bandouli\u00e8re amovible, elle offre de multiples possibilit\u00e9s de transport. Une poche arri\u00e8re int\u00e9gr\u00e9e se glisse sur la poign\u00e9e d&rsquo;un bagage \u00e0 main pour un transport facile dans les a\u00e9roports.    <\/p>\n<\/div>","protected":false},"excerpt":{"rendered":"<ul>\n<li>Super rembourr\u00e9 pour une protection optimale des ordinateurs portables\/portables jusqu&rsquo;\u00e0 15,6 pouces et des tablettes jusqu&rsquo;\u00e0 10 pouces.<\/li>\n<li>Manchon conventionnel \u00e0 glisser sur la poign\u00e9e d&rsquo;un bagage \u00e0 main pour un transport facile dans les a\u00e9roports.<\/li>\n<\/ul>\n","protected":false},"featured_media":6834,"comment_status":"closed","ping_status":"closed","template":"","meta":{"_acf_changed":false,"inline_featured_image":false},"product_brand":[],"product_cat":[212],"product_tag":[],"class_list":{"0":"post-7720","1":"product","2":"type-product","3":"status-publish","4":"has-post-thumbnail","6":"product_cat-laptop-notebook-bags-fr","8":"first","9":"instock","10":"shipping-taxable","11":"purchasable","12":"product-type-simple"},"acf":[],"yoast_head":"<!-- This site is optimized with the Yoast SEO plugin v27.5 - https:\/\/yoast.com\/product\/yoast-seo-wordpress\/ -->\n<title>Veho T-1 Sacoche pour ordinateur portable \/ Notebook \/ Tablet<\/title>\n<meta name=\"description\" content=\"Le Veho T-1 Laptop \/ Notebook Bag est un sac de messager compact pour les voyageurs. Il peut contenir un ordinateur portable jusqu&#039;\u00e0 15.6&quot; et une tablette jusqu&#039;\u00e0 10.1&quot;.\" \/>\n<meta name=\"robots\" content=\"index, follow, max-snippet:-1, max-image-preview:large, max-video-preview:-1\" \/>\n<link rel=\"canonical\" href=\"https:\/\/veho-schweiz.com\/fr\/product\/veho-t-1-sacoche-pour-ordinateur-portable-notebook-tablet\/\" \/>\n<meta property=\"og:locale\" content=\"fr_FR\" \/>\n<meta property=\"og:type\" content=\"article\" \/>\n<meta property=\"og:title\" content=\"Veho T-1 Sacoche pour ordinateur portable \/ Notebook \/ Tablet\" \/>\n<meta property=\"og:description\" content=\"Le Veho T-1 Laptop \/ Notebook Bag est un sac de messager compact pour les voyageurs. Il peut contenir un ordinateur portable jusqu&#039;\u00e0 15.6&quot; et une tablette jusqu&#039;\u00e0 10.1&quot;.\" \/>\n<meta property=\"og:url\" content=\"https:\/\/veho-schweiz.com\/fr\/product\/veho-t-1-sacoche-pour-ordinateur-portable-notebook-tablet\/\" \/>\n<meta property=\"og:site_name\" content=\"Veho Lifestyle Store Suisse\" \/>\n<meta property=\"article:modified_time\" content=\"2024-12-19T09:56:03+00:00\" \/>\n<meta property=\"og:image\" content=\"https:\/\/veho-schweiz.com\/wp-content\/uploads\/2022\/05\/VNB-003-T1-1.png\" \/>\n\t<meta property=\"og:image:width\" content=\"620\" \/>\n\t<meta property=\"og:image:height\" content=\"620\" \/>\n\t<meta property=\"og:image:type\" content=\"image\/png\" \/>\n<meta name=\"twitter:card\" content=\"summary_large_image\" \/>\n<meta name=\"twitter:label1\" content=\"Dur\u00e9e de lecture estim\u00e9e\" \/>\n\t<meta name=\"twitter:data1\" content=\"1 minute\" \/>\n<script type=\"application\/ld+json\" class=\"yoast-schema-graph\">{\"@context\":\"https:\\\/\\\/schema.org\",\"@graph\":[{\"@type\":\"WebPage\",\"@id\":\"https:\\\/\\\/veho-schweiz.com\\\/fr\\\/product\\\/veho-t-1-sacoche-pour-ordinateur-portable-notebook-tablet\\\/\",\"url\":\"https:\\\/\\\/veho-schweiz.com\\\/fr\\\/product\\\/veho-t-1-sacoche-pour-ordinateur-portable-notebook-tablet\\\/\",\"name\":\"Veho T-1 Sacoche pour ordinateur portable \\\/ Notebook \\\/ Tablet\",\"isPartOf\":{\"@id\":\"https:\\\/\\\/veho-schweiz.com\\\/fr\\\/#website\"},\"primaryImageOfPage\":{\"@id\":\"https:\\\/\\\/veho-schweiz.com\\\/fr\\\/product\\\/veho-t-1-sacoche-pour-ordinateur-portable-notebook-tablet\\\/#primaryimage\"},\"image\":{\"@id\":\"https:\\\/\\\/veho-schweiz.com\\\/fr\\\/product\\\/veho-t-1-sacoche-pour-ordinateur-portable-notebook-tablet\\\/#primaryimage\"},\"thumbnailUrl\":\"https:\\\/\\\/veho-schweiz.com\\\/wp-content\\\/uploads\\\/2022\\\/05\\\/VNB-003-T1-1.png\",\"datePublished\":\"2024-10-08T15:46:23+00:00\",\"dateModified\":\"2024-12-19T09:56:03+00:00\",\"description\":\"Le Veho T-1 Laptop \\\/ Notebook Bag est un sac de messager compact pour les voyageurs. Il peut contenir un ordinateur portable jusqu'\u00e0 15.6\\\" et une tablette jusqu'\u00e0 10.1\\\".\",\"breadcrumb\":{\"@id\":\"https:\\\/\\\/veho-schweiz.com\\\/fr\\\/product\\\/veho-t-1-sacoche-pour-ordinateur-portable-notebook-tablet\\\/#breadcrumb\"},\"inLanguage\":\"fr-FR\",\"potentialAction\":[{\"@type\":\"ReadAction\",\"target\":[\"https:\\\/\\\/veho-schweiz.com\\\/fr\\\/product\\\/veho-t-1-sacoche-pour-ordinateur-portable-notebook-tablet\\\/\"]}]},{\"@type\":\"ImageObject\",\"inLanguage\":\"fr-FR\",\"@id\":\"https:\\\/\\\/veho-schweiz.com\\\/fr\\\/product\\\/veho-t-1-sacoche-pour-ordinateur-portable-notebook-tablet\\\/#primaryimage\",\"url\":\"https:\\\/\\\/veho-schweiz.com\\\/wp-content\\\/uploads\\\/2022\\\/05\\\/VNB-003-T1-1.png\",\"contentUrl\":\"https:\\\/\\\/veho-schweiz.com\\\/wp-content\\\/uploads\\\/2022\\\/05\\\/VNB-003-T1-1.png\",\"width\":620,\"height\":620,\"caption\":\"Veho T-1 Sacoche pour ordinateur portable \\\/ Notebook \\\/ Tablet\"},{\"@type\":\"BreadcrumbList\",\"@id\":\"https:\\\/\\\/veho-schweiz.com\\\/fr\\\/product\\\/veho-t-1-sacoche-pour-ordinateur-portable-notebook-tablet\\\/#breadcrumb\",\"itemListElement\":[{\"@type\":\"ListItem\",\"position\":1,\"name\":\"Home\",\"item\":\"https:\\\/\\\/veho-schweiz.com\\\/fr\\\/\"},{\"@type\":\"ListItem\",\"position\":2,\"name\":\"Shop\",\"item\":\"https:\\\/\\\/veho-schweiz.com\\\/shop\\\/\"},{\"@type\":\"ListItem\",\"position\":3,\"name\":\"Veho T-1 Sacoche pour ordinateur portable \\\/ Notebook \\\/ Tablet\"}]},{\"@type\":\"WebSite\",\"@id\":\"https:\\\/\\\/veho-schweiz.com\\\/fr\\\/#website\",\"url\":\"https:\\\/\\\/veho-schweiz.com\\\/fr\\\/\",\"name\":\"Veho Lifestyle Store Suisse\",\"description\":\"\u00c9lectronique grand public de conception britannique\",\"potentialAction\":[{\"@type\":\"SearchAction\",\"target\":{\"@type\":\"EntryPoint\",\"urlTemplate\":\"https:\\\/\\\/veho-schweiz.com\\\/fr\\\/?s={search_term_string}\"},\"query-input\":{\"@type\":\"PropertyValueSpecification\",\"valueRequired\":true,\"valueName\":\"search_term_string\"}}],\"inLanguage\":\"fr-FR\"}]}<\/script>\n<!-- \/ Yoast SEO plugin. -->","yoast_head_json":{"title":"Veho T-1 Sacoche pour ordinateur portable \/ Notebook \/ Tablet","description":"Le Veho T-1 Laptop \/ Notebook Bag est un sac de messager compact pour les voyageurs. Il peut contenir un ordinateur portable jusqu'\u00e0 15.6\" et une tablette jusqu'\u00e0 10.1\".","robots":{"index":"index","follow":"follow","max-snippet":"max-snippet:-1","max-image-preview":"max-image-preview:large","max-video-preview":"max-video-preview:-1"},"canonical":"https:\/\/veho-schweiz.com\/fr\/product\/veho-t-1-sacoche-pour-ordinateur-portable-notebook-tablet\/","og_locale":"fr_FR","og_type":"article","og_title":"Veho T-1 Sacoche pour ordinateur portable \/ Notebook \/ Tablet","og_description":"Le Veho T-1 Laptop \/ Notebook Bag est un sac de messager compact pour les voyageurs. Il peut contenir un ordinateur portable jusqu'\u00e0 15.6\" et une tablette jusqu'\u00e0 10.1\".","og_url":"https:\/\/veho-schweiz.com\/fr\/product\/veho-t-1-sacoche-pour-ordinateur-portable-notebook-tablet\/","og_site_name":"Veho Lifestyle Store Suisse","article_modified_time":"2024-12-19T09:56:03+00:00","og_image":[{"width":620,"height":620,"url":"https:\/\/veho-schweiz.com\/wp-content\/uploads\/2022\/05\/VNB-003-T1-1.png","type":"image\/png"}],"twitter_card":"summary_large_image","twitter_misc":{"Dur\u00e9e de lecture estim\u00e9e":"1 minute"},"schema":{"@context":"https:\/\/schema.org","@graph":[{"@type":"WebPage","@id":"https:\/\/veho-schweiz.com\/fr\/product\/veho-t-1-sacoche-pour-ordinateur-portable-notebook-tablet\/","url":"https:\/\/veho-schweiz.com\/fr\/product\/veho-t-1-sacoche-pour-ordinateur-portable-notebook-tablet\/","name":"Veho T-1 Sacoche pour ordinateur portable \/ Notebook \/ Tablet","isPartOf":{"@id":"https:\/\/veho-schweiz.com\/fr\/#website"},"primaryImageOfPage":{"@id":"https:\/\/veho-schweiz.com\/fr\/product\/veho-t-1-sacoche-pour-ordinateur-portable-notebook-tablet\/#primaryimage"},"image":{"@id":"https:\/\/veho-schweiz.com\/fr\/product\/veho-t-1-sacoche-pour-ordinateur-portable-notebook-tablet\/#primaryimage"},"thumbnailUrl":"https:\/\/veho-schweiz.com\/wp-content\/uploads\/2022\/05\/VNB-003-T1-1.png","datePublished":"2024-10-08T15:46:23+00:00","dateModified":"2024-12-19T09:56:03+00:00","description":"Le Veho T-1 Laptop \/ Notebook Bag est un sac de messager compact pour les voyageurs. Il peut contenir un ordinateur portable jusqu'\u00e0 15.6\" et une tablette jusqu'\u00e0 10.1\".","breadcrumb":{"@id":"https:\/\/veho-schweiz.com\/fr\/product\/veho-t-1-sacoche-pour-ordinateur-portable-notebook-tablet\/#breadcrumb"},"inLanguage":"fr-FR","potentialAction":[{"@type":"ReadAction","target":["https:\/\/veho-schweiz.com\/fr\/product\/veho-t-1-sacoche-pour-ordinateur-portable-notebook-tablet\/"]}]},{"@type":"ImageObject","inLanguage":"fr-FR","@id":"https:\/\/veho-schweiz.com\/fr\/product\/veho-t-1-sacoche-pour-ordinateur-portable-notebook-tablet\/#primaryimage","url":"https:\/\/veho-schweiz.com\/wp-content\/uploads\/2022\/05\/VNB-003-T1-1.png","contentUrl":"https:\/\/veho-schweiz.com\/wp-content\/uploads\/2022\/05\/VNB-003-T1-1.png","width":620,"height":620,"caption":"Veho T-1 Sacoche pour ordinateur portable \/ Notebook \/ Tablet"},{"@type":"BreadcrumbList","@id":"https:\/\/veho-schweiz.com\/fr\/product\/veho-t-1-sacoche-pour-ordinateur-portable-notebook-tablet\/#breadcrumb","itemListElement":[{"@type":"ListItem","position":1,"name":"Home","item":"https:\/\/veho-schweiz.com\/fr\/"},{"@type":"ListItem","position":2,"name":"Shop","item":"https:\/\/veho-schweiz.com\/shop\/"},{"@type":"ListItem","position":3,"name":"Veho T-1 Sacoche pour ordinateur portable \/ Notebook \/ Tablet"}]},{"@type":"WebSite","@id":"https:\/\/veho-schweiz.com\/fr\/#website","url":"https:\/\/veho-schweiz.com\/fr\/","name":"Veho Lifestyle Store Suisse","description":"\u00c9lectronique grand public de conception britannique","potentialAction":[{"@type":"SearchAction","target":{"@type":"EntryPoint","urlTemplate":"https:\/\/veho-schweiz.com\/fr\/?s={search_term_string}"},"query-input":{"@type":"PropertyValueSpecification","valueRequired":true,"valueName":"search_term_string"}}],"inLanguage":"fr-FR"}]}},"jetpack_sharing_enabled":true,"_links":{"self":[{"href":"https:\/\/veho-schweiz.com\/fr\/wp-json\/wp\/v2\/product\/7720","targetHints":{"allow":["GET"]}}],"collection":[{"href":"https:\/\/veho-schweiz.com\/fr\/wp-json\/wp\/v2\/product"}],"about":[{"href":"https:\/\/veho-schweiz.com\/fr\/wp-json\/wp\/v2\/types\/product"}],"replies":[{"embeddable":true,"href":"https:\/\/veho-schweiz.com\/fr\/wp-json\/wp\/v2\/comments?post=7720"}],"wp:featuredmedia":[{"embeddable":true,"href":"https:\/\/veho-schweiz.com\/fr\/wp-json\/wp\/v2\/media\/6834"}],"wp:attachment":[{"href":"https:\/\/veho-schweiz.com\/fr\/wp-json\/wp\/v2\/media?parent=7720"}],"wp:term":[{"taxonomy":"product_brand","embeddable":true,"href":"https:\/\/veho-schweiz.com\/fr\/wp-json\/wp\/v2\/product_brand?post=7720"},{"taxonomy":"product_cat","embeddable":true,"href":"https:\/\/veho-schweiz.com\/fr\/wp-json\/wp\/v2\/product_cat?post=7720"},{"taxonomy":"product_tag","embeddable":true,"href":"https:\/\/veho-schweiz.com\/fr\/wp-json\/wp\/v2\/product_tag?post=7720"}],"curies":[{"name":"wp","href":"https:\/\/api.w.org\/{rel}","templated":true}]}}