{"id":7718,"date":"2024-10-08T17:46:23","date_gmt":"2024-10-08T15:46:23","guid":{"rendered":"https:\/\/veho-schweiz.com\/product\/sacoche-hybride-veho-t-2-pour-ordinateur-portable-ordinateur-de-poche\/"},"modified":"2024-12-19T10:55:12","modified_gmt":"2024-12-19T09:55:12","slug":"sacoche-hybride-veho-t-2-pour-ordinateur-portable-ordinateur-de-poche","status":"publish","type":"product","link":"https:\/\/veho-schweiz.com\/fr\/product\/sacoche-hybride-veho-t-2-pour-ordinateur-portable-ordinateur-de-poche\/","title":{"rendered":"Sacoche hybride Veho T-2 pour ordinateur portable \/ ordinateur de poche"},"content":{"rendered":"<div class=\"wp-content wp-content--product\"><p>La sacoche hybride Veho T-2 pour ordinateur portable est un sac \u00e0 bandouli\u00e8re fin mais robuste, parfait pour les banlieusards et les \u00e9tudiants. Elle dispose d&rsquo;un ext\u00e9rieur super rembourr\u00e9 et de compartiments int\u00e9rieurs matelass\u00e9s pour prot\u00e9ger votre mat\u00e9riel informatique. Le sac peut contenir un ordinateur portable jusqu&rsquo;\u00e0 15,6 pouces et une tablette jusqu&rsquo;\u00e0 10,1 pouces, ainsi que d&rsquo;autres outils de travail importants. Trois options de transport sont disponibles : une poign\u00e9e pour un sac classique, une bandouli\u00e8re et des bretelles de sac \u00e0 dos escamotables qui se r\u00e9tractent lorsque le T-2 est utilis\u00e9 comme un sac traditionnel. Une poche dorsale int\u00e9gr\u00e9e se glisse sur la poign\u00e9e d&rsquo;un bagage \u00e0 main pour un transport facile dans les a\u00e9roports.    <\/p>\n<\/div>","protected":false},"excerpt":{"rendered":"<ul>\n<li>Design hybride combinant une poign\u00e9e et une bandouli\u00e8re traditionnelles avec un sac \u00e0 dos \u00e0 bretelles cach\u00e9es.<\/li>\n<li>Super rembourr\u00e9 pour une protection optimale des ordinateurs portables\/portables jusqu&rsquo;\u00e0 15,6 pouces et des tablettes jusqu&rsquo;\u00e0 10 pouces.<\/li>\n<\/ul>\n","protected":false},"featured_media":6032,"comment_status":"closed","ping_status":"closed","template":"","meta":{"_acf_changed":false,"inline_featured_image":false},"product_brand":[],"product_cat":[212],"product_tag":[],"class_list":{"0":"post-7718","1":"product","2":"type-product","3":"status-publish","4":"has-post-thumbnail","6":"product_cat-laptop-notebook-bags-fr","8":"first","9":"instock","10":"shipping-taxable","11":"purchasable","12":"product-type-simple"},"acf":[],"yoast_head":"<!-- This site is optimized with the Yoast SEO plugin v27.5 - https:\/\/yoast.com\/product\/yoast-seo-wordpress\/ -->\n<title>Sacoche hybride Veho T-2 pour ordinateur portable \/ ordinateur de poche<\/title>\n<meta name=\"description\" content=\"Le sac Veho T-2 Hybrid Laptop\/Notebook Bag est un sac de messager robuste pour les voyageurs. Il peut contenir un ordinateur portable jusqu&#039;\u00e0 15.6&quot; et une tablette jusqu&#039;\u00e0 10.1&quot;.\" \/>\n<meta name=\"robots\" content=\"index, follow, max-snippet:-1, max-image-preview:large, max-video-preview:-1\" \/>\n<link rel=\"canonical\" href=\"https:\/\/veho-schweiz.com\/fr\/product\/sacoche-hybride-veho-t-2-pour-ordinateur-portable-ordinateur-de-poche\/\" \/>\n<meta property=\"og:locale\" content=\"fr_FR\" \/>\n<meta property=\"og:type\" content=\"article\" \/>\n<meta property=\"og:title\" content=\"Sacoche hybride Veho T-2 pour ordinateur portable \/ ordinateur de poche\" \/>\n<meta property=\"og:description\" content=\"Le sac Veho T-2 Hybrid Laptop\/Notebook Bag est un sac de messager robuste pour les voyageurs. Il peut contenir un ordinateur portable jusqu&#039;\u00e0 15.6&quot; et une tablette jusqu&#039;\u00e0 10.1&quot;.\" \/>\n<meta property=\"og:url\" content=\"https:\/\/veho-schweiz.com\/fr\/product\/sacoche-hybride-veho-t-2-pour-ordinateur-portable-ordinateur-de-poche\/\" \/>\n<meta property=\"og:site_name\" content=\"Veho Lifestyle Store Suisse\" \/>\n<meta property=\"article:modified_time\" content=\"2024-12-19T09:55:12+00:00\" \/>\n<meta property=\"og:image\" content=\"https:\/\/veho-schweiz.com\/wp-content\/uploads\/2022\/02\/VNB-001-T2-1.png\" \/>\n\t<meta property=\"og:image:width\" content=\"620\" \/>\n\t<meta property=\"og:image:height\" content=\"620\" \/>\n\t<meta property=\"og:image:type\" content=\"image\/png\" \/>\n<meta name=\"twitter:card\" content=\"summary_large_image\" \/>\n<meta name=\"twitter:label1\" content=\"Dur\u00e9e de lecture estim\u00e9e\" \/>\n\t<meta name=\"twitter:data1\" content=\"1 minute\" \/>\n<script type=\"application\/ld+json\" class=\"yoast-schema-graph\">{\"@context\":\"https:\\\/\\\/schema.org\",\"@graph\":[{\"@type\":\"WebPage\",\"@id\":\"https:\\\/\\\/veho-schweiz.com\\\/fr\\\/product\\\/sacoche-hybride-veho-t-2-pour-ordinateur-portable-ordinateur-de-poche\\\/\",\"url\":\"https:\\\/\\\/veho-schweiz.com\\\/fr\\\/product\\\/sacoche-hybride-veho-t-2-pour-ordinateur-portable-ordinateur-de-poche\\\/\",\"name\":\"Sacoche hybride Veho T-2 pour ordinateur portable \\\/ ordinateur de poche\",\"isPartOf\":{\"@id\":\"https:\\\/\\\/veho-schweiz.com\\\/fr\\\/#website\"},\"primaryImageOfPage\":{\"@id\":\"https:\\\/\\\/veho-schweiz.com\\\/fr\\\/product\\\/sacoche-hybride-veho-t-2-pour-ordinateur-portable-ordinateur-de-poche\\\/#primaryimage\"},\"image\":{\"@id\":\"https:\\\/\\\/veho-schweiz.com\\\/fr\\\/product\\\/sacoche-hybride-veho-t-2-pour-ordinateur-portable-ordinateur-de-poche\\\/#primaryimage\"},\"thumbnailUrl\":\"https:\\\/\\\/veho-schweiz.com\\\/wp-content\\\/uploads\\\/2022\\\/02\\\/VNB-001-T2-1.png\",\"datePublished\":\"2024-10-08T15:46:23+00:00\",\"dateModified\":\"2024-12-19T09:55:12+00:00\",\"description\":\"Le sac Veho T-2 Hybrid Laptop\\\/Notebook Bag est un sac de messager robuste pour les voyageurs. Il peut contenir un ordinateur portable jusqu'\u00e0 15.6\\\" et une tablette jusqu'\u00e0 10.1\\\".\",\"breadcrumb\":{\"@id\":\"https:\\\/\\\/veho-schweiz.com\\\/fr\\\/product\\\/sacoche-hybride-veho-t-2-pour-ordinateur-portable-ordinateur-de-poche\\\/#breadcrumb\"},\"inLanguage\":\"fr-FR\",\"potentialAction\":[{\"@type\":\"ReadAction\",\"target\":[\"https:\\\/\\\/veho-schweiz.com\\\/fr\\\/product\\\/sacoche-hybride-veho-t-2-pour-ordinateur-portable-ordinateur-de-poche\\\/\"]}]},{\"@type\":\"ImageObject\",\"inLanguage\":\"fr-FR\",\"@id\":\"https:\\\/\\\/veho-schweiz.com\\\/fr\\\/product\\\/sacoche-hybride-veho-t-2-pour-ordinateur-portable-ordinateur-de-poche\\\/#primaryimage\",\"url\":\"https:\\\/\\\/veho-schweiz.com\\\/wp-content\\\/uploads\\\/2022\\\/02\\\/VNB-001-T2-1.png\",\"contentUrl\":\"https:\\\/\\\/veho-schweiz.com\\\/wp-content\\\/uploads\\\/2022\\\/02\\\/VNB-001-T2-1.png\",\"width\":620,\"height\":620},{\"@type\":\"BreadcrumbList\",\"@id\":\"https:\\\/\\\/veho-schweiz.com\\\/fr\\\/product\\\/sacoche-hybride-veho-t-2-pour-ordinateur-portable-ordinateur-de-poche\\\/#breadcrumb\",\"itemListElement\":[{\"@type\":\"ListItem\",\"position\":1,\"name\":\"Home\",\"item\":\"https:\\\/\\\/veho-schweiz.com\\\/fr\\\/\"},{\"@type\":\"ListItem\",\"position\":2,\"name\":\"Shop\",\"item\":\"https:\\\/\\\/veho-schweiz.com\\\/shop\\\/\"},{\"@type\":\"ListItem\",\"position\":3,\"name\":\"Sacoche hybride Veho T-2 pour ordinateur portable \\\/ ordinateur de poche\"}]},{\"@type\":\"WebSite\",\"@id\":\"https:\\\/\\\/veho-schweiz.com\\\/fr\\\/#website\",\"url\":\"https:\\\/\\\/veho-schweiz.com\\\/fr\\\/\",\"name\":\"Veho Lifestyle Store Suisse\",\"description\":\"\u00c9lectronique grand public de conception britannique\",\"potentialAction\":[{\"@type\":\"SearchAction\",\"target\":{\"@type\":\"EntryPoint\",\"urlTemplate\":\"https:\\\/\\\/veho-schweiz.com\\\/fr\\\/?s={search_term_string}\"},\"query-input\":{\"@type\":\"PropertyValueSpecification\",\"valueRequired\":true,\"valueName\":\"search_term_string\"}}],\"inLanguage\":\"fr-FR\"}]}<\/script>\n<!-- \/ Yoast SEO plugin. -->","yoast_head_json":{"title":"Sacoche hybride Veho T-2 pour ordinateur portable \/ ordinateur de poche","description":"Le sac Veho T-2 Hybrid Laptop\/Notebook Bag est un sac de messager robuste pour les voyageurs. Il peut contenir un ordinateur portable jusqu'\u00e0 15.6\" et une tablette jusqu'\u00e0 10.1\".","robots":{"index":"index","follow":"follow","max-snippet":"max-snippet:-1","max-image-preview":"max-image-preview:large","max-video-preview":"max-video-preview:-1"},"canonical":"https:\/\/veho-schweiz.com\/fr\/product\/sacoche-hybride-veho-t-2-pour-ordinateur-portable-ordinateur-de-poche\/","og_locale":"fr_FR","og_type":"article","og_title":"Sacoche hybride Veho T-2 pour ordinateur portable \/ ordinateur de poche","og_description":"Le sac Veho T-2 Hybrid Laptop\/Notebook Bag est un sac de messager robuste pour les voyageurs. Il peut contenir un ordinateur portable jusqu'\u00e0 15.6\" et une tablette jusqu'\u00e0 10.1\".","og_url":"https:\/\/veho-schweiz.com\/fr\/product\/sacoche-hybride-veho-t-2-pour-ordinateur-portable-ordinateur-de-poche\/","og_site_name":"Veho Lifestyle Store Suisse","article_modified_time":"2024-12-19T09:55:12+00:00","og_image":[{"width":620,"height":620,"url":"https:\/\/veho-schweiz.com\/wp-content\/uploads\/2022\/02\/VNB-001-T2-1.png","type":"image\/png"}],"twitter_card":"summary_large_image","twitter_misc":{"Dur\u00e9e de lecture estim\u00e9e":"1 minute"},"schema":{"@context":"https:\/\/schema.org","@graph":[{"@type":"WebPage","@id":"https:\/\/veho-schweiz.com\/fr\/product\/sacoche-hybride-veho-t-2-pour-ordinateur-portable-ordinateur-de-poche\/","url":"https:\/\/veho-schweiz.com\/fr\/product\/sacoche-hybride-veho-t-2-pour-ordinateur-portable-ordinateur-de-poche\/","name":"Sacoche hybride Veho T-2 pour ordinateur portable \/ ordinateur de poche","isPartOf":{"@id":"https:\/\/veho-schweiz.com\/fr\/#website"},"primaryImageOfPage":{"@id":"https:\/\/veho-schweiz.com\/fr\/product\/sacoche-hybride-veho-t-2-pour-ordinateur-portable-ordinateur-de-poche\/#primaryimage"},"image":{"@id":"https:\/\/veho-schweiz.com\/fr\/product\/sacoche-hybride-veho-t-2-pour-ordinateur-portable-ordinateur-de-poche\/#primaryimage"},"thumbnailUrl":"https:\/\/veho-schweiz.com\/wp-content\/uploads\/2022\/02\/VNB-001-T2-1.png","datePublished":"2024-10-08T15:46:23+00:00","dateModified":"2024-12-19T09:55:12+00:00","description":"Le sac Veho T-2 Hybrid Laptop\/Notebook Bag est un sac de messager robuste pour les voyageurs. Il peut contenir un ordinateur portable jusqu'\u00e0 15.6\" et une tablette jusqu'\u00e0 10.1\".","breadcrumb":{"@id":"https:\/\/veho-schweiz.com\/fr\/product\/sacoche-hybride-veho-t-2-pour-ordinateur-portable-ordinateur-de-poche\/#breadcrumb"},"inLanguage":"fr-FR","potentialAction":[{"@type":"ReadAction","target":["https:\/\/veho-schweiz.com\/fr\/product\/sacoche-hybride-veho-t-2-pour-ordinateur-portable-ordinateur-de-poche\/"]}]},{"@type":"ImageObject","inLanguage":"fr-FR","@id":"https:\/\/veho-schweiz.com\/fr\/product\/sacoche-hybride-veho-t-2-pour-ordinateur-portable-ordinateur-de-poche\/#primaryimage","url":"https:\/\/veho-schweiz.com\/wp-content\/uploads\/2022\/02\/VNB-001-T2-1.png","contentUrl":"https:\/\/veho-schweiz.com\/wp-content\/uploads\/2022\/02\/VNB-001-T2-1.png","width":620,"height":620},{"@type":"BreadcrumbList","@id":"https:\/\/veho-schweiz.com\/fr\/product\/sacoche-hybride-veho-t-2-pour-ordinateur-portable-ordinateur-de-poche\/#breadcrumb","itemListElement":[{"@type":"ListItem","position":1,"name":"Home","item":"https:\/\/veho-schweiz.com\/fr\/"},{"@type":"ListItem","position":2,"name":"Shop","item":"https:\/\/veho-schweiz.com\/shop\/"},{"@type":"ListItem","position":3,"name":"Sacoche hybride Veho T-2 pour ordinateur portable \/ ordinateur de poche"}]},{"@type":"WebSite","@id":"https:\/\/veho-schweiz.com\/fr\/#website","url":"https:\/\/veho-schweiz.com\/fr\/","name":"Veho Lifestyle Store Suisse","description":"\u00c9lectronique grand public de conception britannique","potentialAction":[{"@type":"SearchAction","target":{"@type":"EntryPoint","urlTemplate":"https:\/\/veho-schweiz.com\/fr\/?s={search_term_string}"},"query-input":{"@type":"PropertyValueSpecification","valueRequired":true,"valueName":"search_term_string"}}],"inLanguage":"fr-FR"}]}},"jetpack_sharing_enabled":true,"_links":{"self":[{"href":"https:\/\/veho-schweiz.com\/fr\/wp-json\/wp\/v2\/product\/7718","targetHints":{"allow":["GET"]}}],"collection":[{"href":"https:\/\/veho-schweiz.com\/fr\/wp-json\/wp\/v2\/product"}],"about":[{"href":"https:\/\/veho-schweiz.com\/fr\/wp-json\/wp\/v2\/types\/product"}],"replies":[{"embeddable":true,"href":"https:\/\/veho-schweiz.com\/fr\/wp-json\/wp\/v2\/comments?post=7718"}],"wp:featuredmedia":[{"embeddable":true,"href":"https:\/\/veho-schweiz.com\/fr\/wp-json\/wp\/v2\/media\/6032"}],"wp:attachment":[{"href":"https:\/\/veho-schweiz.com\/fr\/wp-json\/wp\/v2\/media?parent=7718"}],"wp:term":[{"taxonomy":"product_brand","embeddable":true,"href":"https:\/\/veho-schweiz.com\/fr\/wp-json\/wp\/v2\/product_brand?post=7718"},{"taxonomy":"product_cat","embeddable":true,"href":"https:\/\/veho-schweiz.com\/fr\/wp-json\/wp\/v2\/product_cat?post=7718"},{"taxonomy":"product_tag","embeddable":true,"href":"https:\/\/veho-schweiz.com\/fr\/wp-json\/wp\/v2\/product_tag?post=7718"}],"curies":[{"name":"wp","href":"https:\/\/api.w.org\/{rel}","templated":true}]}}