{"id":7716,"date":"2024-10-08T17:46:23","date_gmt":"2024-10-08T15:46:23","guid":{"rendered":"https:\/\/veho-schweiz.com\/product\/muvi-hd-pro-3-titan-camera-corporelle\/"},"modified":"2024-12-19T10:53:48","modified_gmt":"2024-12-19T09:53:48","slug":"muvi-hd-pro-3-titan-camera-corporelle","status":"publish","type":"product","link":"https:\/\/veho-schweiz.com\/fr\/product\/muvi-hd-pro-3-titan-camera-corporelle\/","title":{"rendered":"MUVI HD Pro 3 Titan Cam\u00e9ra corporelle"},"content":{"rendered":"<div class=\"wp-content wp-content--product\"><div class=\"flex-shrink-0 flex flex-col relative items-end\">\n<div>\n<div class=\"pt-0\">\n<div class=\"gizmo-bot-avatar flex h-8 w-8 items-center justify-center overflow-hidden rounded-full\">\n<div class=\"relative p-1 rounded-sm flex items-center justify-center bg-token-main-surface-primary text-token-text-primary h-8 w-8\">La cam\u00e9ra corporelle Muvi HD Pro 3 Titan est con\u00e7ue pour la police et les forces de s\u00e9curit\u00e9.<br \/>\nSa conception robuste capture des vid\u00e9os en Full HD 1080p avec une dur\u00e9e d&rsquo;enregistrement continue pouvant atteindre 15 heures.<br \/>\nElle dispose d&rsquo;une m\u00e9moire interne de 64 Go, est \u00e9tanche \u00e0 l&rsquo;eau et \u00e0 la poussi\u00e8re selon la norme IP67, offre une vision nocturne par infrarouge, un microphone int\u00e9gr\u00e9 et un \u00e9cran de contr\u00f4le TFT LED.  <\/div>\n<\/div>\n<\/div>\n<\/div>\n<\/div>\n<\/div>","protected":false},"excerpt":{"rendered":"<ul>\n<li>Enregistrement Full HD 1080P \u00e0 30 ips<\/li>\n<li>Jusqu&rsquo;\u00e0 15 heures d&rsquo;enregistrement continu<\/li>\n<li>Bo\u00eetier robuste \u00e9tanche IP67<\/li>\n<\/ul>\n","protected":false},"featured_media":5174,"comment_status":"closed","ping_status":"closed","template":"","meta":{"_acf_changed":false,"inline_featured_image":false},"product_brand":[],"product_cat":[220],"product_tag":[],"class_list":{"0":"post-7716","1":"product","2":"type-product","3":"status-publish","4":"has-post-thumbnail","6":"product_cat-hd-bodyworn-handsfree-cameras-fr","8":"first","9":"instock","10":"shipping-taxable","11":"purchasable","12":"product-type-simple"},"acf":[],"yoast_head":"<!-- This site is optimized with the Yoast SEO plugin v27.5 - https:\/\/yoast.com\/product\/yoast-seo-wordpress\/ -->\n<title>MUVI HD Pro 3 Titan Cam\u00e9ra corporelle<\/title>\n<meta name=\"description\" content=\"La cam\u00e9ra Muvi HD Pro 3 Titan Bodyworn pour l&#039;application de la loi et la s\u00e9curit\u00e9. Capture en full HD 1080p jusqu&#039;\u00e0 15 heures d&#039;enregistrement en continu.\" \/>\n<meta name=\"robots\" content=\"index, follow, max-snippet:-1, max-image-preview:large, max-video-preview:-1\" \/>\n<link rel=\"canonical\" href=\"https:\/\/veho-schweiz.com\/fr\/product\/muvi-hd-pro-3-titan-camera-corporelle\/\" \/>\n<meta property=\"og:locale\" content=\"fr_FR\" \/>\n<meta property=\"og:type\" content=\"article\" \/>\n<meta property=\"og:title\" content=\"MUVI HD Pro 3 Titan Cam\u00e9ra corporelle\" \/>\n<meta property=\"og:description\" content=\"La cam\u00e9ra Muvi HD Pro 3 Titan Bodyworn pour l&#039;application de la loi et la s\u00e9curit\u00e9. Capture en full HD 1080p jusqu&#039;\u00e0 15 heures d&#039;enregistrement en continu.\" \/>\n<meta property=\"og:url\" content=\"https:\/\/veho-schweiz.com\/fr\/product\/muvi-hd-pro-3-titan-camera-corporelle\/\" \/>\n<meta property=\"og:site_name\" content=\"Veho Lifestyle Store Suisse\" \/>\n<meta property=\"article:modified_time\" content=\"2024-12-19T09:53:48+00:00\" \/>\n<meta property=\"og:image\" content=\"https:\/\/veho-schweiz.com\/wp-content\/uploads\/2022\/02\/titan_hero.png\" \/>\n\t<meta property=\"og:image:width\" content=\"620\" \/>\n\t<meta property=\"og:image:height\" content=\"620\" \/>\n\t<meta property=\"og:image:type\" content=\"image\/png\" \/>\n<meta name=\"twitter:card\" content=\"summary_large_image\" \/>\n<script type=\"application\/ld+json\" class=\"yoast-schema-graph\">{\"@context\":\"https:\\\/\\\/schema.org\",\"@graph\":[{\"@type\":\"WebPage\",\"@id\":\"https:\\\/\\\/veho-schweiz.com\\\/fr\\\/product\\\/muvi-hd-pro-3-titan-camera-corporelle\\\/\",\"url\":\"https:\\\/\\\/veho-schweiz.com\\\/fr\\\/product\\\/muvi-hd-pro-3-titan-camera-corporelle\\\/\",\"name\":\"MUVI HD Pro 3 Titan Cam\u00e9ra corporelle\",\"isPartOf\":{\"@id\":\"https:\\\/\\\/veho-schweiz.com\\\/fr\\\/#website\"},\"primaryImageOfPage\":{\"@id\":\"https:\\\/\\\/veho-schweiz.com\\\/fr\\\/product\\\/muvi-hd-pro-3-titan-camera-corporelle\\\/#primaryimage\"},\"image\":{\"@id\":\"https:\\\/\\\/veho-schweiz.com\\\/fr\\\/product\\\/muvi-hd-pro-3-titan-camera-corporelle\\\/#primaryimage\"},\"thumbnailUrl\":\"https:\\\/\\\/veho-schweiz.com\\\/wp-content\\\/uploads\\\/2022\\\/02\\\/titan_hero.png\",\"datePublished\":\"2024-10-08T15:46:23+00:00\",\"dateModified\":\"2024-12-19T09:53:48+00:00\",\"description\":\"La cam\u00e9ra Muvi HD Pro 3 Titan Bodyworn pour l'application de la loi et la s\u00e9curit\u00e9. Capture en full HD 1080p jusqu'\u00e0 15 heures d'enregistrement en continu.\",\"breadcrumb\":{\"@id\":\"https:\\\/\\\/veho-schweiz.com\\\/fr\\\/product\\\/muvi-hd-pro-3-titan-camera-corporelle\\\/#breadcrumb\"},\"inLanguage\":\"fr-FR\",\"potentialAction\":[{\"@type\":\"ReadAction\",\"target\":[\"https:\\\/\\\/veho-schweiz.com\\\/fr\\\/product\\\/muvi-hd-pro-3-titan-camera-corporelle\\\/\"]}]},{\"@type\":\"ImageObject\",\"inLanguage\":\"fr-FR\",\"@id\":\"https:\\\/\\\/veho-schweiz.com\\\/fr\\\/product\\\/muvi-hd-pro-3-titan-camera-corporelle\\\/#primaryimage\",\"url\":\"https:\\\/\\\/veho-schweiz.com\\\/wp-content\\\/uploads\\\/2022\\\/02\\\/titan_hero.png\",\"contentUrl\":\"https:\\\/\\\/veho-schweiz.com\\\/wp-content\\\/uploads\\\/2022\\\/02\\\/titan_hero.png\",\"width\":620,\"height\":620,\"caption\":\"Cam\u00e9scope MUVI HD Pro 3 Titan Bodyworn\"},{\"@type\":\"BreadcrumbList\",\"@id\":\"https:\\\/\\\/veho-schweiz.com\\\/fr\\\/product\\\/muvi-hd-pro-3-titan-camera-corporelle\\\/#breadcrumb\",\"itemListElement\":[{\"@type\":\"ListItem\",\"position\":1,\"name\":\"Home\",\"item\":\"https:\\\/\\\/veho-schweiz.com\\\/fr\\\/\"},{\"@type\":\"ListItem\",\"position\":2,\"name\":\"Shop\",\"item\":\"https:\\\/\\\/veho-schweiz.com\\\/shop\\\/\"},{\"@type\":\"ListItem\",\"position\":3,\"name\":\"MUVI HD Pro 3 Titan Cam\u00e9ra corporelle\"}]},{\"@type\":\"WebSite\",\"@id\":\"https:\\\/\\\/veho-schweiz.com\\\/fr\\\/#website\",\"url\":\"https:\\\/\\\/veho-schweiz.com\\\/fr\\\/\",\"name\":\"Veho Lifestyle Store Suisse\",\"description\":\"\u00c9lectronique grand public de conception britannique\",\"potentialAction\":[{\"@type\":\"SearchAction\",\"target\":{\"@type\":\"EntryPoint\",\"urlTemplate\":\"https:\\\/\\\/veho-schweiz.com\\\/fr\\\/?s={search_term_string}\"},\"query-input\":{\"@type\":\"PropertyValueSpecification\",\"valueRequired\":true,\"valueName\":\"search_term_string\"}}],\"inLanguage\":\"fr-FR\"}]}<\/script>\n<!-- \/ Yoast SEO plugin. -->","yoast_head_json":{"title":"MUVI HD Pro 3 Titan Cam\u00e9ra corporelle","description":"La cam\u00e9ra Muvi HD Pro 3 Titan Bodyworn pour l'application de la loi et la s\u00e9curit\u00e9. Capture en full HD 1080p jusqu'\u00e0 15 heures d'enregistrement en continu.","robots":{"index":"index","follow":"follow","max-snippet":"max-snippet:-1","max-image-preview":"max-image-preview:large","max-video-preview":"max-video-preview:-1"},"canonical":"https:\/\/veho-schweiz.com\/fr\/product\/muvi-hd-pro-3-titan-camera-corporelle\/","og_locale":"fr_FR","og_type":"article","og_title":"MUVI HD Pro 3 Titan Cam\u00e9ra corporelle","og_description":"La cam\u00e9ra Muvi HD Pro 3 Titan Bodyworn pour l'application de la loi et la s\u00e9curit\u00e9. Capture en full HD 1080p jusqu'\u00e0 15 heures d'enregistrement en continu.","og_url":"https:\/\/veho-schweiz.com\/fr\/product\/muvi-hd-pro-3-titan-camera-corporelle\/","og_site_name":"Veho Lifestyle Store Suisse","article_modified_time":"2024-12-19T09:53:48+00:00","og_image":[{"width":620,"height":620,"url":"https:\/\/veho-schweiz.com\/wp-content\/uploads\/2022\/02\/titan_hero.png","type":"image\/png"}],"twitter_card":"summary_large_image","schema":{"@context":"https:\/\/schema.org","@graph":[{"@type":"WebPage","@id":"https:\/\/veho-schweiz.com\/fr\/product\/muvi-hd-pro-3-titan-camera-corporelle\/","url":"https:\/\/veho-schweiz.com\/fr\/product\/muvi-hd-pro-3-titan-camera-corporelle\/","name":"MUVI HD Pro 3 Titan Cam\u00e9ra corporelle","isPartOf":{"@id":"https:\/\/veho-schweiz.com\/fr\/#website"},"primaryImageOfPage":{"@id":"https:\/\/veho-schweiz.com\/fr\/product\/muvi-hd-pro-3-titan-camera-corporelle\/#primaryimage"},"image":{"@id":"https:\/\/veho-schweiz.com\/fr\/product\/muvi-hd-pro-3-titan-camera-corporelle\/#primaryimage"},"thumbnailUrl":"https:\/\/veho-schweiz.com\/wp-content\/uploads\/2022\/02\/titan_hero.png","datePublished":"2024-10-08T15:46:23+00:00","dateModified":"2024-12-19T09:53:48+00:00","description":"La cam\u00e9ra Muvi HD Pro 3 Titan Bodyworn pour l'application de la loi et la s\u00e9curit\u00e9. Capture en full HD 1080p jusqu'\u00e0 15 heures d'enregistrement en continu.","breadcrumb":{"@id":"https:\/\/veho-schweiz.com\/fr\/product\/muvi-hd-pro-3-titan-camera-corporelle\/#breadcrumb"},"inLanguage":"fr-FR","potentialAction":[{"@type":"ReadAction","target":["https:\/\/veho-schweiz.com\/fr\/product\/muvi-hd-pro-3-titan-camera-corporelle\/"]}]},{"@type":"ImageObject","inLanguage":"fr-FR","@id":"https:\/\/veho-schweiz.com\/fr\/product\/muvi-hd-pro-3-titan-camera-corporelle\/#primaryimage","url":"https:\/\/veho-schweiz.com\/wp-content\/uploads\/2022\/02\/titan_hero.png","contentUrl":"https:\/\/veho-schweiz.com\/wp-content\/uploads\/2022\/02\/titan_hero.png","width":620,"height":620,"caption":"Cam\u00e9scope MUVI HD Pro 3 Titan Bodyworn"},{"@type":"BreadcrumbList","@id":"https:\/\/veho-schweiz.com\/fr\/product\/muvi-hd-pro-3-titan-camera-corporelle\/#breadcrumb","itemListElement":[{"@type":"ListItem","position":1,"name":"Home","item":"https:\/\/veho-schweiz.com\/fr\/"},{"@type":"ListItem","position":2,"name":"Shop","item":"https:\/\/veho-schweiz.com\/shop\/"},{"@type":"ListItem","position":3,"name":"MUVI HD Pro 3 Titan Cam\u00e9ra corporelle"}]},{"@type":"WebSite","@id":"https:\/\/veho-schweiz.com\/fr\/#website","url":"https:\/\/veho-schweiz.com\/fr\/","name":"Veho Lifestyle Store Suisse","description":"\u00c9lectronique grand public de conception britannique","potentialAction":[{"@type":"SearchAction","target":{"@type":"EntryPoint","urlTemplate":"https:\/\/veho-schweiz.com\/fr\/?s={search_term_string}"},"query-input":{"@type":"PropertyValueSpecification","valueRequired":true,"valueName":"search_term_string"}}],"inLanguage":"fr-FR"}]}},"jetpack_sharing_enabled":true,"_links":{"self":[{"href":"https:\/\/veho-schweiz.com\/fr\/wp-json\/wp\/v2\/product\/7716","targetHints":{"allow":["GET"]}}],"collection":[{"href":"https:\/\/veho-schweiz.com\/fr\/wp-json\/wp\/v2\/product"}],"about":[{"href":"https:\/\/veho-schweiz.com\/fr\/wp-json\/wp\/v2\/types\/product"}],"replies":[{"embeddable":true,"href":"https:\/\/veho-schweiz.com\/fr\/wp-json\/wp\/v2\/comments?post=7716"}],"wp:featuredmedia":[{"embeddable":true,"href":"https:\/\/veho-schweiz.com\/fr\/wp-json\/wp\/v2\/media\/5174"}],"wp:attachment":[{"href":"https:\/\/veho-schweiz.com\/fr\/wp-json\/wp\/v2\/media?parent=7716"}],"wp:term":[{"taxonomy":"product_brand","embeddable":true,"href":"https:\/\/veho-schweiz.com\/fr\/wp-json\/wp\/v2\/product_brand?post=7716"},{"taxonomy":"product_cat","embeddable":true,"href":"https:\/\/veho-schweiz.com\/fr\/wp-json\/wp\/v2\/product_cat?post=7716"},{"taxonomy":"product_tag","embeddable":true,"href":"https:\/\/veho-schweiz.com\/fr\/wp-json\/wp\/v2\/product_tag?post=7716"}],"curies":[{"name":"wp","href":"https:\/\/api.w.org\/{rel}","templated":true}]}}