{"id":7712,"date":"2024-10-08T17:46:23","date_gmt":"2024-10-08T15:46:23","guid":{"rendered":"https:\/\/veho-schweiz.com\/product\/etui-etanche-muvi-micro-hd-gris\/"},"modified":"2024-12-19T10:51:49","modified_gmt":"2024-12-19T09:51:49","slug":"etui-etanche-muvi-micro-hd-gris","status":"publish","type":"product","link":"https:\/\/veho-schweiz.com\/fr\/product\/etui-etanche-muvi-micro-hd-gris\/","title":{"rendered":"\u00c9tui \u00e9tanche Muvi Micro HD &#8211; Gris"},"content":{"rendered":"<div class=\"wp-content wp-content--product\"><p>L&rsquo;\u00e9tui \u00e9tanche Muvi Micro HD est compatible avec toutes les cam\u00e9ras Muvi Micro HD (HD10X, HD7X, HDZ PRO, HD10L).<\/p>\n<p>Bo\u00eetier \u00e9tanche jusqu&rsquo;\u00e0 30 m \/ 100 ft<\/p>\n<\/div>","protected":false},"excerpt":{"rendered":"<ul>\n<li>Compatible avec HD10X\/HD7X\/HDZ PRO\/HD10L<\/li>\n<li>Bo\u00eetier \u00e9tanche jusqu&rsquo;\u00e0 30 m\/100 ft<\/li>\n<li>Comprend des supports courbes et plats<\/li>\n<\/ul>\n","protected":false},"featured_media":5240,"comment_status":"closed","ping_status":"closed","template":"","meta":{"_acf_changed":false,"inline_featured_image":false},"product_brand":[],"product_cat":[216,222],"product_tag":[],"class_list":{"0":"post-7712","1":"product","2":"type-product","3":"status-publish","4":"has-post-thumbnail","6":"product_cat-accessories-mounts-fr","7":"product_cat-micro-hd-camcorders-fr","9":"first","10":"instock","11":"sale","12":"shipping-taxable","13":"purchasable","14":"product-type-simple"},"acf":[],"yoast_head":"<!-- This site is optimized with the Yoast SEO plugin v27.5 - https:\/\/yoast.com\/product\/yoast-seo-wordpress\/ -->\n<title>\u00c9tui \u00e9tanche Muvi Micro HD - Gris<\/title>\n<meta name=\"description\" content=\"Le Muvi Micro HD Waterproof Case est compatible avec toutes les cam\u00e9ras Muvi Micro HD. Jusqu&#039;\u00e0 30m\/100ft, comprend des supports adh\u00e9sifs incurv\u00e9s et plats.\" \/>\n<meta name=\"robots\" content=\"index, follow, max-snippet:-1, max-image-preview:large, max-video-preview:-1\" \/>\n<link rel=\"canonical\" href=\"https:\/\/veho-schweiz.com\/fr\/product\/etui-etanche-muvi-micro-hd-gris\/\" \/>\n<meta property=\"og:locale\" content=\"fr_FR\" \/>\n<meta property=\"og:type\" content=\"article\" \/>\n<meta property=\"og:title\" content=\"\u00c9tui \u00e9tanche Muvi Micro HD - Gris\" \/>\n<meta property=\"og:description\" content=\"Le Muvi Micro HD Waterproof Case est compatible avec toutes les cam\u00e9ras Muvi Micro HD. Jusqu&#039;\u00e0 30m\/100ft, comprend des supports adh\u00e9sifs incurv\u00e9s et plats.\" \/>\n<meta property=\"og:url\" content=\"https:\/\/veho-schweiz.com\/fr\/product\/etui-etanche-muvi-micro-hd-gris\/\" \/>\n<meta property=\"og:site_name\" content=\"Veho Lifestyle Store Suisse\" \/>\n<meta property=\"article:modified_time\" content=\"2024-12-19T09:51:49+00:00\" \/>\n<meta property=\"og:image\" content=\"https:\/\/veho-schweiz.com\/wp-content\/uploads\/2022\/02\/muvi_micro_wpc_grey.png\" \/>\n\t<meta property=\"og:image:width\" content=\"620\" \/>\n\t<meta property=\"og:image:height\" content=\"620\" \/>\n\t<meta property=\"og:image:type\" content=\"image\/png\" \/>\n<meta name=\"twitter:card\" content=\"summary_large_image\" \/>\n<script type=\"application\/ld+json\" class=\"yoast-schema-graph\">{\"@context\":\"https:\\\/\\\/schema.org\",\"@graph\":[{\"@type\":\"WebPage\",\"@id\":\"https:\\\/\\\/veho-schweiz.com\\\/fr\\\/product\\\/etui-etanche-muvi-micro-hd-gris\\\/\",\"url\":\"https:\\\/\\\/veho-schweiz.com\\\/fr\\\/product\\\/etui-etanche-muvi-micro-hd-gris\\\/\",\"name\":\"\u00c9tui \u00e9tanche Muvi Micro HD - Gris\",\"isPartOf\":{\"@id\":\"https:\\\/\\\/veho-schweiz.com\\\/fr\\\/#website\"},\"primaryImageOfPage\":{\"@id\":\"https:\\\/\\\/veho-schweiz.com\\\/fr\\\/product\\\/etui-etanche-muvi-micro-hd-gris\\\/#primaryimage\"},\"image\":{\"@id\":\"https:\\\/\\\/veho-schweiz.com\\\/fr\\\/product\\\/etui-etanche-muvi-micro-hd-gris\\\/#primaryimage\"},\"thumbnailUrl\":\"https:\\\/\\\/veho-schweiz.com\\\/wp-content\\\/uploads\\\/2022\\\/02\\\/muvi_micro_wpc_grey.png\",\"datePublished\":\"2024-10-08T15:46:23+00:00\",\"dateModified\":\"2024-12-19T09:51:49+00:00\",\"description\":\"Le Muvi Micro HD Waterproof Case est compatible avec toutes les cam\u00e9ras Muvi Micro HD. Jusqu'\u00e0 30m\\\/100ft, comprend des supports adh\u00e9sifs incurv\u00e9s et plats.\",\"breadcrumb\":{\"@id\":\"https:\\\/\\\/veho-schweiz.com\\\/fr\\\/product\\\/etui-etanche-muvi-micro-hd-gris\\\/#breadcrumb\"},\"inLanguage\":\"fr-FR\",\"potentialAction\":[{\"@type\":\"ReadAction\",\"target\":[\"https:\\\/\\\/veho-schweiz.com\\\/fr\\\/product\\\/etui-etanche-muvi-micro-hd-gris\\\/\"]}]},{\"@type\":\"ImageObject\",\"inLanguage\":\"fr-FR\",\"@id\":\"https:\\\/\\\/veho-schweiz.com\\\/fr\\\/product\\\/etui-etanche-muvi-micro-hd-gris\\\/#primaryimage\",\"url\":\"https:\\\/\\\/veho-schweiz.com\\\/wp-content\\\/uploads\\\/2022\\\/02\\\/muvi_micro_wpc_grey.png\",\"contentUrl\":\"https:\\\/\\\/veho-schweiz.com\\\/wp-content\\\/uploads\\\/2022\\\/02\\\/muvi_micro_wpc_grey.png\",\"width\":620,\"height\":620},{\"@type\":\"BreadcrumbList\",\"@id\":\"https:\\\/\\\/veho-schweiz.com\\\/fr\\\/product\\\/etui-etanche-muvi-micro-hd-gris\\\/#breadcrumb\",\"itemListElement\":[{\"@type\":\"ListItem\",\"position\":1,\"name\":\"Home\",\"item\":\"https:\\\/\\\/veho-schweiz.com\\\/fr\\\/\"},{\"@type\":\"ListItem\",\"position\":2,\"name\":\"Shop\",\"item\":\"https:\\\/\\\/veho-schweiz.com\\\/shop\\\/\"},{\"@type\":\"ListItem\",\"position\":3,\"name\":\"\u00c9tui \u00e9tanche Muvi Micro HD &#8211; Gris\"}]},{\"@type\":\"WebSite\",\"@id\":\"https:\\\/\\\/veho-schweiz.com\\\/fr\\\/#website\",\"url\":\"https:\\\/\\\/veho-schweiz.com\\\/fr\\\/\",\"name\":\"Veho Lifestyle Store Suisse\",\"description\":\"\u00c9lectronique grand public de conception britannique\",\"potentialAction\":[{\"@type\":\"SearchAction\",\"target\":{\"@type\":\"EntryPoint\",\"urlTemplate\":\"https:\\\/\\\/veho-schweiz.com\\\/fr\\\/?s={search_term_string}\"},\"query-input\":{\"@type\":\"PropertyValueSpecification\",\"valueRequired\":true,\"valueName\":\"search_term_string\"}}],\"inLanguage\":\"fr-FR\"}]}<\/script>\n<!-- \/ Yoast SEO plugin. -->","yoast_head_json":{"title":"\u00c9tui \u00e9tanche Muvi Micro HD - Gris","description":"Le Muvi Micro HD Waterproof Case est compatible avec toutes les cam\u00e9ras Muvi Micro HD. Jusqu'\u00e0 30m\/100ft, comprend des supports adh\u00e9sifs incurv\u00e9s et plats.","robots":{"index":"index","follow":"follow","max-snippet":"max-snippet:-1","max-image-preview":"max-image-preview:large","max-video-preview":"max-video-preview:-1"},"canonical":"https:\/\/veho-schweiz.com\/fr\/product\/etui-etanche-muvi-micro-hd-gris\/","og_locale":"fr_FR","og_type":"article","og_title":"\u00c9tui \u00e9tanche Muvi Micro HD - Gris","og_description":"Le Muvi Micro HD Waterproof Case est compatible avec toutes les cam\u00e9ras Muvi Micro HD. Jusqu'\u00e0 30m\/100ft, comprend des supports adh\u00e9sifs incurv\u00e9s et plats.","og_url":"https:\/\/veho-schweiz.com\/fr\/product\/etui-etanche-muvi-micro-hd-gris\/","og_site_name":"Veho Lifestyle Store Suisse","article_modified_time":"2024-12-19T09:51:49+00:00","og_image":[{"width":620,"height":620,"url":"https:\/\/veho-schweiz.com\/wp-content\/uploads\/2022\/02\/muvi_micro_wpc_grey.png","type":"image\/png"}],"twitter_card":"summary_large_image","schema":{"@context":"https:\/\/schema.org","@graph":[{"@type":"WebPage","@id":"https:\/\/veho-schweiz.com\/fr\/product\/etui-etanche-muvi-micro-hd-gris\/","url":"https:\/\/veho-schweiz.com\/fr\/product\/etui-etanche-muvi-micro-hd-gris\/","name":"\u00c9tui \u00e9tanche Muvi Micro HD - Gris","isPartOf":{"@id":"https:\/\/veho-schweiz.com\/fr\/#website"},"primaryImageOfPage":{"@id":"https:\/\/veho-schweiz.com\/fr\/product\/etui-etanche-muvi-micro-hd-gris\/#primaryimage"},"image":{"@id":"https:\/\/veho-schweiz.com\/fr\/product\/etui-etanche-muvi-micro-hd-gris\/#primaryimage"},"thumbnailUrl":"https:\/\/veho-schweiz.com\/wp-content\/uploads\/2022\/02\/muvi_micro_wpc_grey.png","datePublished":"2024-10-08T15:46:23+00:00","dateModified":"2024-12-19T09:51:49+00:00","description":"Le Muvi Micro HD Waterproof Case est compatible avec toutes les cam\u00e9ras Muvi Micro HD. Jusqu'\u00e0 30m\/100ft, comprend des supports adh\u00e9sifs incurv\u00e9s et plats.","breadcrumb":{"@id":"https:\/\/veho-schweiz.com\/fr\/product\/etui-etanche-muvi-micro-hd-gris\/#breadcrumb"},"inLanguage":"fr-FR","potentialAction":[{"@type":"ReadAction","target":["https:\/\/veho-schweiz.com\/fr\/product\/etui-etanche-muvi-micro-hd-gris\/"]}]},{"@type":"ImageObject","inLanguage":"fr-FR","@id":"https:\/\/veho-schweiz.com\/fr\/product\/etui-etanche-muvi-micro-hd-gris\/#primaryimage","url":"https:\/\/veho-schweiz.com\/wp-content\/uploads\/2022\/02\/muvi_micro_wpc_grey.png","contentUrl":"https:\/\/veho-schweiz.com\/wp-content\/uploads\/2022\/02\/muvi_micro_wpc_grey.png","width":620,"height":620},{"@type":"BreadcrumbList","@id":"https:\/\/veho-schweiz.com\/fr\/product\/etui-etanche-muvi-micro-hd-gris\/#breadcrumb","itemListElement":[{"@type":"ListItem","position":1,"name":"Home","item":"https:\/\/veho-schweiz.com\/fr\/"},{"@type":"ListItem","position":2,"name":"Shop","item":"https:\/\/veho-schweiz.com\/shop\/"},{"@type":"ListItem","position":3,"name":"\u00c9tui \u00e9tanche Muvi Micro HD &#8211; Gris"}]},{"@type":"WebSite","@id":"https:\/\/veho-schweiz.com\/fr\/#website","url":"https:\/\/veho-schweiz.com\/fr\/","name":"Veho Lifestyle Store Suisse","description":"\u00c9lectronique grand public de conception britannique","potentialAction":[{"@type":"SearchAction","target":{"@type":"EntryPoint","urlTemplate":"https:\/\/veho-schweiz.com\/fr\/?s={search_term_string}"},"query-input":{"@type":"PropertyValueSpecification","valueRequired":true,"valueName":"search_term_string"}}],"inLanguage":"fr-FR"}]}},"jetpack_sharing_enabled":true,"_links":{"self":[{"href":"https:\/\/veho-schweiz.com\/fr\/wp-json\/wp\/v2\/product\/7712","targetHints":{"allow":["GET"]}}],"collection":[{"href":"https:\/\/veho-schweiz.com\/fr\/wp-json\/wp\/v2\/product"}],"about":[{"href":"https:\/\/veho-schweiz.com\/fr\/wp-json\/wp\/v2\/types\/product"}],"replies":[{"embeddable":true,"href":"https:\/\/veho-schweiz.com\/fr\/wp-json\/wp\/v2\/comments?post=7712"}],"wp:featuredmedia":[{"embeddable":true,"href":"https:\/\/veho-schweiz.com\/fr\/wp-json\/wp\/v2\/media\/5240"}],"wp:attachment":[{"href":"https:\/\/veho-schweiz.com\/fr\/wp-json\/wp\/v2\/media?parent=7712"}],"wp:term":[{"taxonomy":"product_brand","embeddable":true,"href":"https:\/\/veho-schweiz.com\/fr\/wp-json\/wp\/v2\/product_brand?post=7712"},{"taxonomy":"product_cat","embeddable":true,"href":"https:\/\/veho-schweiz.com\/fr\/wp-json\/wp\/v2\/product_cat?post=7712"},{"taxonomy":"product_tag","embeddable":true,"href":"https:\/\/veho-schweiz.com\/fr\/wp-json\/wp\/v2\/product_tag?post=7712"}],"curies":[{"name":"wp","href":"https:\/\/api.w.org\/{rel}","templated":true}]}}