{"id":7711,"date":"2024-10-08T17:46:24","date_gmt":"2024-10-08T15:46:24","guid":{"rendered":"https:\/\/veho-schweiz.com\/product\/pack-muvi-micro-hd-pour-les-sports-extremes\/"},"modified":"2024-12-19T10:50:53","modified_gmt":"2024-12-19T09:50:53","slug":"pack-muvi-micro-hd-pour-les-sports-extremes","status":"publish","type":"product","link":"https:\/\/veho-schweiz.com\/fr\/product\/pack-muvi-micro-hd-pour-les-sports-extremes\/","title":{"rendered":"Pack Muvi Micro HD pour les sports extr\u00eames"},"content":{"rendered":"<div class=\"wp-content wp-content--product\"><p>Le Muvi Extreme Sport Pack vous permet de fixer votre cam\u00e9ra Muvi Micro HD de diff\u00e9rentes mani\u00e8res. Il comprend un support Cradle, un support plat, un support incurv\u00e9, un \u00e9tui de transport, un \u00e9tui en silicone et un ruban. Parfait pour les activit\u00e9s de plein air  <\/p>\n<\/div>","protected":false},"excerpt":{"rendered":"<ul>\n<li>Compatible avec HD10X\/HD7X\/HDZ PRO\/HD10L<\/li>\n<li>Support Cradle, support plat, support incurv\u00e9<\/li>\n<li>Comprend un \u00e9tui en silicone pour Muvi Micro HD<\/li>\n<\/ul>\n","protected":false},"featured_media":5314,"comment_status":"closed","ping_status":"closed","template":"","meta":{"_acf_changed":false,"inline_featured_image":false},"product_brand":[],"product_cat":[216,222],"product_tag":[],"class_list":{"0":"post-7711","1":"product","2":"type-product","3":"status-publish","4":"has-post-thumbnail","6":"product_cat-accessories-mounts-fr","7":"product_cat-micro-hd-camcorders-fr","9":"first","10":"instock","11":"sale","12":"shipping-taxable","13":"purchasable","14":"product-type-simple"},"acf":[],"yoast_head":"<!-- This site is optimized with the Yoast SEO plugin v27.5 - https:\/\/yoast.com\/product\/yoast-seo-wordpress\/ -->\n<title>Pack Muvi Micro HD pour les sports extr\u00eames<\/title>\n<meta name=\"description\" content=\"Le Muvi Extreme Sports Pack vous permet de monter votre cam\u00e9ra Muvi Micro HD de diff\u00e9rentes mani\u00e8res.\" \/>\n<meta name=\"robots\" content=\"index, follow, max-snippet:-1, max-image-preview:large, max-video-preview:-1\" \/>\n<link rel=\"canonical\" href=\"https:\/\/veho-schweiz.com\/fr\/product\/pack-muvi-micro-hd-pour-les-sports-extremes\/\" \/>\n<meta property=\"og:locale\" content=\"fr_FR\" \/>\n<meta property=\"og:type\" content=\"article\" \/>\n<meta property=\"og:title\" content=\"Pack Muvi Micro HD pour les sports extr\u00eames\" \/>\n<meta property=\"og:description\" content=\"Le Muvi Extreme Sports Pack vous permet de monter votre cam\u00e9ra Muvi Micro HD de diff\u00e9rentes mani\u00e8res.\" \/>\n<meta property=\"og:url\" content=\"https:\/\/veho-schweiz.com\/fr\/product\/pack-muvi-micro-hd-pour-les-sports-extremes\/\" \/>\n<meta property=\"og:site_name\" content=\"Veho Lifestyle Store Suisse\" \/>\n<meta property=\"article:modified_time\" content=\"2024-12-19T09:50:53+00:00\" \/>\n<meta property=\"og:image\" content=\"https:\/\/veho-schweiz.com\/wp-content\/uploads\/2022\/02\/muvi_micro_extreme_sports_pack.png\" \/>\n\t<meta property=\"og:image:width\" content=\"620\" \/>\n\t<meta property=\"og:image:height\" content=\"620\" \/>\n\t<meta property=\"og:image:type\" content=\"image\/png\" \/>\n<meta name=\"twitter:card\" content=\"summary_large_image\" \/>\n<script type=\"application\/ld+json\" class=\"yoast-schema-graph\">{\"@context\":\"https:\\\/\\\/schema.org\",\"@graph\":[{\"@type\":\"WebPage\",\"@id\":\"https:\\\/\\\/veho-schweiz.com\\\/fr\\\/product\\\/pack-muvi-micro-hd-pour-les-sports-extremes\\\/\",\"url\":\"https:\\\/\\\/veho-schweiz.com\\\/fr\\\/product\\\/pack-muvi-micro-hd-pour-les-sports-extremes\\\/\",\"name\":\"Pack Muvi Micro HD pour les sports extr\u00eames\",\"isPartOf\":{\"@id\":\"https:\\\/\\\/veho-schweiz.com\\\/fr\\\/#website\"},\"primaryImageOfPage\":{\"@id\":\"https:\\\/\\\/veho-schweiz.com\\\/fr\\\/product\\\/pack-muvi-micro-hd-pour-les-sports-extremes\\\/#primaryimage\"},\"image\":{\"@id\":\"https:\\\/\\\/veho-schweiz.com\\\/fr\\\/product\\\/pack-muvi-micro-hd-pour-les-sports-extremes\\\/#primaryimage\"},\"thumbnailUrl\":\"https:\\\/\\\/veho-schweiz.com\\\/wp-content\\\/uploads\\\/2022\\\/02\\\/muvi_micro_extreme_sports_pack.png\",\"datePublished\":\"2024-10-08T15:46:24+00:00\",\"dateModified\":\"2024-12-19T09:50:53+00:00\",\"description\":\"Le Muvi Extreme Sports Pack vous permet de monter votre cam\u00e9ra Muvi Micro HD de diff\u00e9rentes mani\u00e8res.\",\"breadcrumb\":{\"@id\":\"https:\\\/\\\/veho-schweiz.com\\\/fr\\\/product\\\/pack-muvi-micro-hd-pour-les-sports-extremes\\\/#breadcrumb\"},\"inLanguage\":\"fr-FR\",\"potentialAction\":[{\"@type\":\"ReadAction\",\"target\":[\"https:\\\/\\\/veho-schweiz.com\\\/fr\\\/product\\\/pack-muvi-micro-hd-pour-les-sports-extremes\\\/\"]}]},{\"@type\":\"ImageObject\",\"inLanguage\":\"fr-FR\",\"@id\":\"https:\\\/\\\/veho-schweiz.com\\\/fr\\\/product\\\/pack-muvi-micro-hd-pour-les-sports-extremes\\\/#primaryimage\",\"url\":\"https:\\\/\\\/veho-schweiz.com\\\/wp-content\\\/uploads\\\/2022\\\/02\\\/muvi_micro_extreme_sports_pack.png\",\"contentUrl\":\"https:\\\/\\\/veho-schweiz.com\\\/wp-content\\\/uploads\\\/2022\\\/02\\\/muvi_micro_extreme_sports_pack.png\",\"width\":620,\"height\":620},{\"@type\":\"BreadcrumbList\",\"@id\":\"https:\\\/\\\/veho-schweiz.com\\\/fr\\\/product\\\/pack-muvi-micro-hd-pour-les-sports-extremes\\\/#breadcrumb\",\"itemListElement\":[{\"@type\":\"ListItem\",\"position\":1,\"name\":\"Home\",\"item\":\"https:\\\/\\\/veho-schweiz.com\\\/fr\\\/\"},{\"@type\":\"ListItem\",\"position\":2,\"name\":\"Shop\",\"item\":\"https:\\\/\\\/veho-schweiz.com\\\/shop\\\/\"},{\"@type\":\"ListItem\",\"position\":3,\"name\":\"Pack Muvi Micro HD pour les sports extr\u00eames\"}]},{\"@type\":\"WebSite\",\"@id\":\"https:\\\/\\\/veho-schweiz.com\\\/fr\\\/#website\",\"url\":\"https:\\\/\\\/veho-schweiz.com\\\/fr\\\/\",\"name\":\"Veho Lifestyle Store Suisse\",\"description\":\"\u00c9lectronique grand public de conception britannique\",\"potentialAction\":[{\"@type\":\"SearchAction\",\"target\":{\"@type\":\"EntryPoint\",\"urlTemplate\":\"https:\\\/\\\/veho-schweiz.com\\\/fr\\\/?s={search_term_string}\"},\"query-input\":{\"@type\":\"PropertyValueSpecification\",\"valueRequired\":true,\"valueName\":\"search_term_string\"}}],\"inLanguage\":\"fr-FR\"}]}<\/script>\n<!-- \/ Yoast SEO plugin. -->","yoast_head_json":{"title":"Pack Muvi Micro HD pour les sports extr\u00eames","description":"Le Muvi Extreme Sports Pack vous permet de monter votre cam\u00e9ra Muvi Micro HD de diff\u00e9rentes mani\u00e8res.","robots":{"index":"index","follow":"follow","max-snippet":"max-snippet:-1","max-image-preview":"max-image-preview:large","max-video-preview":"max-video-preview:-1"},"canonical":"https:\/\/veho-schweiz.com\/fr\/product\/pack-muvi-micro-hd-pour-les-sports-extremes\/","og_locale":"fr_FR","og_type":"article","og_title":"Pack Muvi Micro HD pour les sports extr\u00eames","og_description":"Le Muvi Extreme Sports Pack vous permet de monter votre cam\u00e9ra Muvi Micro HD de diff\u00e9rentes mani\u00e8res.","og_url":"https:\/\/veho-schweiz.com\/fr\/product\/pack-muvi-micro-hd-pour-les-sports-extremes\/","og_site_name":"Veho Lifestyle Store Suisse","article_modified_time":"2024-12-19T09:50:53+00:00","og_image":[{"width":620,"height":620,"url":"https:\/\/veho-schweiz.com\/wp-content\/uploads\/2022\/02\/muvi_micro_extreme_sports_pack.png","type":"image\/png"}],"twitter_card":"summary_large_image","schema":{"@context":"https:\/\/schema.org","@graph":[{"@type":"WebPage","@id":"https:\/\/veho-schweiz.com\/fr\/product\/pack-muvi-micro-hd-pour-les-sports-extremes\/","url":"https:\/\/veho-schweiz.com\/fr\/product\/pack-muvi-micro-hd-pour-les-sports-extremes\/","name":"Pack Muvi Micro HD pour les sports extr\u00eames","isPartOf":{"@id":"https:\/\/veho-schweiz.com\/fr\/#website"},"primaryImageOfPage":{"@id":"https:\/\/veho-schweiz.com\/fr\/product\/pack-muvi-micro-hd-pour-les-sports-extremes\/#primaryimage"},"image":{"@id":"https:\/\/veho-schweiz.com\/fr\/product\/pack-muvi-micro-hd-pour-les-sports-extremes\/#primaryimage"},"thumbnailUrl":"https:\/\/veho-schweiz.com\/wp-content\/uploads\/2022\/02\/muvi_micro_extreme_sports_pack.png","datePublished":"2024-10-08T15:46:24+00:00","dateModified":"2024-12-19T09:50:53+00:00","description":"Le Muvi Extreme Sports Pack vous permet de monter votre cam\u00e9ra Muvi Micro HD de diff\u00e9rentes mani\u00e8res.","breadcrumb":{"@id":"https:\/\/veho-schweiz.com\/fr\/product\/pack-muvi-micro-hd-pour-les-sports-extremes\/#breadcrumb"},"inLanguage":"fr-FR","potentialAction":[{"@type":"ReadAction","target":["https:\/\/veho-schweiz.com\/fr\/product\/pack-muvi-micro-hd-pour-les-sports-extremes\/"]}]},{"@type":"ImageObject","inLanguage":"fr-FR","@id":"https:\/\/veho-schweiz.com\/fr\/product\/pack-muvi-micro-hd-pour-les-sports-extremes\/#primaryimage","url":"https:\/\/veho-schweiz.com\/wp-content\/uploads\/2022\/02\/muvi_micro_extreme_sports_pack.png","contentUrl":"https:\/\/veho-schweiz.com\/wp-content\/uploads\/2022\/02\/muvi_micro_extreme_sports_pack.png","width":620,"height":620},{"@type":"BreadcrumbList","@id":"https:\/\/veho-schweiz.com\/fr\/product\/pack-muvi-micro-hd-pour-les-sports-extremes\/#breadcrumb","itemListElement":[{"@type":"ListItem","position":1,"name":"Home","item":"https:\/\/veho-schweiz.com\/fr\/"},{"@type":"ListItem","position":2,"name":"Shop","item":"https:\/\/veho-schweiz.com\/shop\/"},{"@type":"ListItem","position":3,"name":"Pack Muvi Micro HD pour les sports extr\u00eames"}]},{"@type":"WebSite","@id":"https:\/\/veho-schweiz.com\/fr\/#website","url":"https:\/\/veho-schweiz.com\/fr\/","name":"Veho Lifestyle Store Suisse","description":"\u00c9lectronique grand public de conception britannique","potentialAction":[{"@type":"SearchAction","target":{"@type":"EntryPoint","urlTemplate":"https:\/\/veho-schweiz.com\/fr\/?s={search_term_string}"},"query-input":{"@type":"PropertyValueSpecification","valueRequired":true,"valueName":"search_term_string"}}],"inLanguage":"fr-FR"}]}},"jetpack_sharing_enabled":true,"_links":{"self":[{"href":"https:\/\/veho-schweiz.com\/fr\/wp-json\/wp\/v2\/product\/7711","targetHints":{"allow":["GET"]}}],"collection":[{"href":"https:\/\/veho-schweiz.com\/fr\/wp-json\/wp\/v2\/product"}],"about":[{"href":"https:\/\/veho-schweiz.com\/fr\/wp-json\/wp\/v2\/types\/product"}],"replies":[{"embeddable":true,"href":"https:\/\/veho-schweiz.com\/fr\/wp-json\/wp\/v2\/comments?post=7711"}],"wp:featuredmedia":[{"embeddable":true,"href":"https:\/\/veho-schweiz.com\/fr\/wp-json\/wp\/v2\/media\/5314"}],"wp:attachment":[{"href":"https:\/\/veho-schweiz.com\/fr\/wp-json\/wp\/v2\/media?parent=7711"}],"wp:term":[{"taxonomy":"product_brand","embeddable":true,"href":"https:\/\/veho-schweiz.com\/fr\/wp-json\/wp\/v2\/product_brand?post=7711"},{"taxonomy":"product_cat","embeddable":true,"href":"https:\/\/veho-schweiz.com\/fr\/wp-json\/wp\/v2\/product_cat?post=7711"},{"taxonomy":"product_tag","embeddable":true,"href":"https:\/\/veho-schweiz.com\/fr\/wp-json\/wp\/v2\/product_tag?post=7711"}],"curies":[{"name":"wp","href":"https:\/\/api.w.org\/{rel}","templated":true}]}}