{"id":7705,"date":"2024-10-08T17:46:25","date_gmt":"2024-10-08T15:46:25","guid":{"rendered":"https:\/\/veho-schweiz.com\/product\/casque-de-jeu-alpha-bravo-gx3-pro\/"},"modified":"2024-12-19T10:40:27","modified_gmt":"2024-12-19T09:40:27","slug":"casque-de-jeu-alpha-bravo-gx3-pro","status":"publish","type":"product","link":"https:\/\/veho-schweiz.com\/fr\/product\/casque-de-jeu-alpha-bravo-gx3-pro\/","title":{"rendered":"Casque de jeu Alpha Bravo GX3 Pro"},"content":{"rendered":"<div class=\"wp-content wp-content--product\"><p>L&rsquo;Alpha Bravo GX-3 Pro est un casque de jeu haut de gamme dot\u00e9 de fonctionnalit\u00e9s avanc\u00e9es qui am\u00e9liorent votre exp\u00e9rience de jeu.<br \/>\nIl est \u00e9quip\u00e9 de haut-parleurs acoustiques de 53 mm, d&rsquo;un microphone Z-Pro, d&rsquo;une t\u00e9l\u00e9commande int\u00e9gr\u00e9e et de coussinets d&rsquo;oreille ultramodernes.<br \/>\nCompatible avec plusieurs plates-formes, il peut \u00eatre utilis\u00e9 avec PS4\/PS5, Xbox, PC, Nintendo et d&rsquo;autres appareils gr\u00e2ce \u00e0 sa connectivit\u00e9 USB et jack 3,5 mm.  <\/p>\n<\/div>","protected":false},"excerpt":{"rendered":"<ul>\n<li>Pilotes audio de 53 mm pour une qualit\u00e9 sonore sup\u00e9rieure<\/li>\n<li>Microphone professionnel &lsquo;Z-PRO<\/li>\n<li>Compatibilit\u00e9 multi-plateforme<\/li>\n<\/ul>\n","protected":false},"featured_media":5868,"comment_status":"closed","ping_status":"closed","template":"","meta":{"_acf_changed":false,"inline_featured_image":false},"product_brand":[],"product_cat":[192,188],"product_tag":[],"class_list":{"0":"post-7705","1":"product","2":"type-product","3":"status-publish","4":"has-post-thumbnail","6":"product_cat-gaming-headsets-fr","7":"product_cat-top-deals-fr","9":"first","10":"instock","11":"shipping-taxable","12":"purchasable","13":"product-type-simple"},"acf":[],"yoast_head":"<!-- This site is optimized with the Yoast SEO plugin v27.5 - https:\/\/yoast.com\/product\/yoast-seo-wordpress\/ -->\n<title>Casque de jeu Alpha Bravo GX3 Pro - Veho Lifestyle Store Suisse<\/title>\n<meta name=\"description\" content=\"Le casque Alpha Bravo GX-3 Pro est un casque de jeu de qualit\u00e9 professionnelle dot\u00e9 de fonctionnalit\u00e9s haut de gamme pour am\u00e9liorer votre exp\u00e9rience de jeu.\" \/>\n<meta name=\"robots\" content=\"index, follow, max-snippet:-1, max-image-preview:large, max-video-preview:-1\" \/>\n<link rel=\"canonical\" href=\"https:\/\/veho-schweiz.com\/fr\/product\/casque-de-jeu-alpha-bravo-gx3-pro\/\" \/>\n<meta property=\"og:locale\" content=\"fr_FR\" \/>\n<meta property=\"og:type\" content=\"article\" \/>\n<meta property=\"og:title\" content=\"Casque de jeu Alpha Bravo GX3 Pro - Veho Lifestyle Store Suisse\" \/>\n<meta property=\"og:description\" content=\"Le casque Alpha Bravo GX-3 Pro est un casque de jeu de qualit\u00e9 professionnelle dot\u00e9 de fonctionnalit\u00e9s haut de gamme pour am\u00e9liorer votre exp\u00e9rience de jeu.\" \/>\n<meta property=\"og:url\" content=\"https:\/\/veho-schweiz.com\/fr\/product\/casque-de-jeu-alpha-bravo-gx3-pro\/\" \/>\n<meta property=\"og:site_name\" content=\"Veho Lifestyle Store Suisse\" \/>\n<meta property=\"article:modified_time\" content=\"2024-12-19T09:40:27+00:00\" \/>\n<meta property=\"og:image\" content=\"https:\/\/veho-schweiz.com\/wp-content\/uploads\/2022\/02\/gx3_hero_image.png\" \/>\n\t<meta property=\"og:image:width\" content=\"620\" \/>\n\t<meta property=\"og:image:height\" content=\"620\" \/>\n\t<meta property=\"og:image:type\" content=\"image\/png\" \/>\n<meta name=\"twitter:card\" content=\"summary_large_image\" \/>\n<script type=\"application\/ld+json\" class=\"yoast-schema-graph\">{\"@context\":\"https:\\\/\\\/schema.org\",\"@graph\":[{\"@type\":\"WebPage\",\"@id\":\"https:\\\/\\\/veho-schweiz.com\\\/fr\\\/product\\\/casque-de-jeu-alpha-bravo-gx3-pro\\\/\",\"url\":\"https:\\\/\\\/veho-schweiz.com\\\/fr\\\/product\\\/casque-de-jeu-alpha-bravo-gx3-pro\\\/\",\"name\":\"Casque de jeu Alpha Bravo GX3 Pro - Veho Lifestyle Store Suisse\",\"isPartOf\":{\"@id\":\"https:\\\/\\\/veho-schweiz.com\\\/fr\\\/#website\"},\"primaryImageOfPage\":{\"@id\":\"https:\\\/\\\/veho-schweiz.com\\\/fr\\\/product\\\/casque-de-jeu-alpha-bravo-gx3-pro\\\/#primaryimage\"},\"image\":{\"@id\":\"https:\\\/\\\/veho-schweiz.com\\\/fr\\\/product\\\/casque-de-jeu-alpha-bravo-gx3-pro\\\/#primaryimage\"},\"thumbnailUrl\":\"https:\\\/\\\/veho-schweiz.com\\\/wp-content\\\/uploads\\\/2022\\\/02\\\/gx3_hero_image.png\",\"datePublished\":\"2024-10-08T15:46:25+00:00\",\"dateModified\":\"2024-12-19T09:40:27+00:00\",\"description\":\"Le casque Alpha Bravo GX-3 Pro est un casque de jeu de qualit\u00e9 professionnelle dot\u00e9 de fonctionnalit\u00e9s haut de gamme pour am\u00e9liorer votre exp\u00e9rience de jeu.\",\"breadcrumb\":{\"@id\":\"https:\\\/\\\/veho-schweiz.com\\\/fr\\\/product\\\/casque-de-jeu-alpha-bravo-gx3-pro\\\/#breadcrumb\"},\"inLanguage\":\"fr-FR\",\"potentialAction\":[{\"@type\":\"ReadAction\",\"target\":[\"https:\\\/\\\/veho-schweiz.com\\\/fr\\\/product\\\/casque-de-jeu-alpha-bravo-gx3-pro\\\/\"]}]},{\"@type\":\"ImageObject\",\"inLanguage\":\"fr-FR\",\"@id\":\"https:\\\/\\\/veho-schweiz.com\\\/fr\\\/product\\\/casque-de-jeu-alpha-bravo-gx3-pro\\\/#primaryimage\",\"url\":\"https:\\\/\\\/veho-schweiz.com\\\/wp-content\\\/uploads\\\/2022\\\/02\\\/gx3_hero_image.png\",\"contentUrl\":\"https:\\\/\\\/veho-schweiz.com\\\/wp-content\\\/uploads\\\/2022\\\/02\\\/gx3_hero_image.png\",\"width\":620,\"height\":620,\"caption\":\"Casque de jeu Alpha Bravo GX3 Pro\"},{\"@type\":\"BreadcrumbList\",\"@id\":\"https:\\\/\\\/veho-schweiz.com\\\/fr\\\/product\\\/casque-de-jeu-alpha-bravo-gx3-pro\\\/#breadcrumb\",\"itemListElement\":[{\"@type\":\"ListItem\",\"position\":1,\"name\":\"Home\",\"item\":\"https:\\\/\\\/veho-schweiz.com\\\/fr\\\/\"},{\"@type\":\"ListItem\",\"position\":2,\"name\":\"Shop\",\"item\":\"https:\\\/\\\/veho-schweiz.com\\\/shop\\\/\"},{\"@type\":\"ListItem\",\"position\":3,\"name\":\"Casque de jeu Alpha Bravo GX3 Pro\"}]},{\"@type\":\"WebSite\",\"@id\":\"https:\\\/\\\/veho-schweiz.com\\\/fr\\\/#website\",\"url\":\"https:\\\/\\\/veho-schweiz.com\\\/fr\\\/\",\"name\":\"Veho Lifestyle Store Suisse\",\"description\":\"\u00c9lectronique grand public de conception britannique\",\"potentialAction\":[{\"@type\":\"SearchAction\",\"target\":{\"@type\":\"EntryPoint\",\"urlTemplate\":\"https:\\\/\\\/veho-schweiz.com\\\/fr\\\/?s={search_term_string}\"},\"query-input\":{\"@type\":\"PropertyValueSpecification\",\"valueRequired\":true,\"valueName\":\"search_term_string\"}}],\"inLanguage\":\"fr-FR\"}]}<\/script>\n<!-- \/ Yoast SEO plugin. -->","yoast_head_json":{"title":"Casque de jeu Alpha Bravo GX3 Pro - Veho Lifestyle Store Suisse","description":"Le casque Alpha Bravo GX-3 Pro est un casque de jeu de qualit\u00e9 professionnelle dot\u00e9 de fonctionnalit\u00e9s haut de gamme pour am\u00e9liorer votre exp\u00e9rience de jeu.","robots":{"index":"index","follow":"follow","max-snippet":"max-snippet:-1","max-image-preview":"max-image-preview:large","max-video-preview":"max-video-preview:-1"},"canonical":"https:\/\/veho-schweiz.com\/fr\/product\/casque-de-jeu-alpha-bravo-gx3-pro\/","og_locale":"fr_FR","og_type":"article","og_title":"Casque de jeu Alpha Bravo GX3 Pro - Veho Lifestyle Store Suisse","og_description":"Le casque Alpha Bravo GX-3 Pro est un casque de jeu de qualit\u00e9 professionnelle dot\u00e9 de fonctionnalit\u00e9s haut de gamme pour am\u00e9liorer votre exp\u00e9rience de jeu.","og_url":"https:\/\/veho-schweiz.com\/fr\/product\/casque-de-jeu-alpha-bravo-gx3-pro\/","og_site_name":"Veho Lifestyle Store Suisse","article_modified_time":"2024-12-19T09:40:27+00:00","og_image":[{"width":620,"height":620,"url":"https:\/\/veho-schweiz.com\/wp-content\/uploads\/2022\/02\/gx3_hero_image.png","type":"image\/png"}],"twitter_card":"summary_large_image","schema":{"@context":"https:\/\/schema.org","@graph":[{"@type":"WebPage","@id":"https:\/\/veho-schweiz.com\/fr\/product\/casque-de-jeu-alpha-bravo-gx3-pro\/","url":"https:\/\/veho-schweiz.com\/fr\/product\/casque-de-jeu-alpha-bravo-gx3-pro\/","name":"Casque de jeu Alpha Bravo GX3 Pro - Veho Lifestyle Store Suisse","isPartOf":{"@id":"https:\/\/veho-schweiz.com\/fr\/#website"},"primaryImageOfPage":{"@id":"https:\/\/veho-schweiz.com\/fr\/product\/casque-de-jeu-alpha-bravo-gx3-pro\/#primaryimage"},"image":{"@id":"https:\/\/veho-schweiz.com\/fr\/product\/casque-de-jeu-alpha-bravo-gx3-pro\/#primaryimage"},"thumbnailUrl":"https:\/\/veho-schweiz.com\/wp-content\/uploads\/2022\/02\/gx3_hero_image.png","datePublished":"2024-10-08T15:46:25+00:00","dateModified":"2024-12-19T09:40:27+00:00","description":"Le casque Alpha Bravo GX-3 Pro est un casque de jeu de qualit\u00e9 professionnelle dot\u00e9 de fonctionnalit\u00e9s haut de gamme pour am\u00e9liorer votre exp\u00e9rience de jeu.","breadcrumb":{"@id":"https:\/\/veho-schweiz.com\/fr\/product\/casque-de-jeu-alpha-bravo-gx3-pro\/#breadcrumb"},"inLanguage":"fr-FR","potentialAction":[{"@type":"ReadAction","target":["https:\/\/veho-schweiz.com\/fr\/product\/casque-de-jeu-alpha-bravo-gx3-pro\/"]}]},{"@type":"ImageObject","inLanguage":"fr-FR","@id":"https:\/\/veho-schweiz.com\/fr\/product\/casque-de-jeu-alpha-bravo-gx3-pro\/#primaryimage","url":"https:\/\/veho-schweiz.com\/wp-content\/uploads\/2022\/02\/gx3_hero_image.png","contentUrl":"https:\/\/veho-schweiz.com\/wp-content\/uploads\/2022\/02\/gx3_hero_image.png","width":620,"height":620,"caption":"Casque de jeu Alpha Bravo GX3 Pro"},{"@type":"BreadcrumbList","@id":"https:\/\/veho-schweiz.com\/fr\/product\/casque-de-jeu-alpha-bravo-gx3-pro\/#breadcrumb","itemListElement":[{"@type":"ListItem","position":1,"name":"Home","item":"https:\/\/veho-schweiz.com\/fr\/"},{"@type":"ListItem","position":2,"name":"Shop","item":"https:\/\/veho-schweiz.com\/shop\/"},{"@type":"ListItem","position":3,"name":"Casque de jeu Alpha Bravo GX3 Pro"}]},{"@type":"WebSite","@id":"https:\/\/veho-schweiz.com\/fr\/#website","url":"https:\/\/veho-schweiz.com\/fr\/","name":"Veho Lifestyle Store Suisse","description":"\u00c9lectronique grand public de conception britannique","potentialAction":[{"@type":"SearchAction","target":{"@type":"EntryPoint","urlTemplate":"https:\/\/veho-schweiz.com\/fr\/?s={search_term_string}"},"query-input":{"@type":"PropertyValueSpecification","valueRequired":true,"valueName":"search_term_string"}}],"inLanguage":"fr-FR"}]}},"jetpack_sharing_enabled":true,"_links":{"self":[{"href":"https:\/\/veho-schweiz.com\/fr\/wp-json\/wp\/v2\/product\/7705","targetHints":{"allow":["GET"]}}],"collection":[{"href":"https:\/\/veho-schweiz.com\/fr\/wp-json\/wp\/v2\/product"}],"about":[{"href":"https:\/\/veho-schweiz.com\/fr\/wp-json\/wp\/v2\/types\/product"}],"replies":[{"embeddable":true,"href":"https:\/\/veho-schweiz.com\/fr\/wp-json\/wp\/v2\/comments?post=7705"}],"wp:featuredmedia":[{"embeddable":true,"href":"https:\/\/veho-schweiz.com\/fr\/wp-json\/wp\/v2\/media\/5868"}],"wp:attachment":[{"href":"https:\/\/veho-schweiz.com\/fr\/wp-json\/wp\/v2\/media?parent=7705"}],"wp:term":[{"taxonomy":"product_brand","embeddable":true,"href":"https:\/\/veho-schweiz.com\/fr\/wp-json\/wp\/v2\/product_brand?post=7705"},{"taxonomy":"product_cat","embeddable":true,"href":"https:\/\/veho-schweiz.com\/fr\/wp-json\/wp\/v2\/product_cat?post=7705"},{"taxonomy":"product_tag","embeddable":true,"href":"https:\/\/veho-schweiz.com\/fr\/wp-json\/wp\/v2\/product_tag?post=7705"}],"curies":[{"name":"wp","href":"https:\/\/api.w.org\/{rel}","templated":true}]}}