{"id":7702,"date":"2024-10-08T17:46:25","date_gmt":"2024-10-08T15:46:25","guid":{"rendered":"https:\/\/veho-schweiz.com\/product\/casque-de-jeu-alpha-bravo-gx2-avec-son-surround-ubu-7-1\/"},"modified":"2024-12-19T10:39:43","modified_gmt":"2024-12-19T09:39:43","slug":"casque-de-jeu-alpha-bravo-gx2-avec-son-surround-ubu-7-1","status":"publish","type":"product","link":"https:\/\/veho-schweiz.com\/fr\/product\/casque-de-jeu-alpha-bravo-gx2-avec-son-surround-ubu-7-1\/","title":{"rendered":"Casque de jeu Alpha Bravo GX2 avec son surround UBU 7.1"},"content":{"rendered":"<div class=\"wp-content wp-content--product\"><p>Le casque de jeu professionnel Alpha Bravo GX-2 est \u00e9quip\u00e9 de la technologie UBU Virtual 7.1 Surround Sound pour une immersion totale.<br \/>\nAliment\u00e9 par Veho, le casque GX-2 dispose d&rsquo;un microphone antibruit int\u00e9gr\u00e9 et de coussinets d&rsquo;oreille ultra-souples pour un confort optimal.<br \/>\nLe pilote d&rsquo;\u00e9galiseur audio GX-2 vous permet de personnaliser enti\u00e8rement votre exp\u00e9rience sonore.  <\/p>\n<\/div>","protected":false},"excerpt":{"rendered":"<ul>\n<li>Syst\u00e8me de son surround UBU 7.1 pour une immersion totale<\/li>\n<li>Pilotes d&rsquo;\u00e9galiseur audio pour une personnalisation compl\u00e8te du son<\/li>\n<li>Compatible avec les p\u00e9riph\u00e9riques Windows<\/li>\n<\/ul>\n","protected":false},"featured_media":5898,"comment_status":"closed","ping_status":"closed","template":"","meta":{"_acf_changed":false,"inline_featured_image":false},"product_brand":[],"product_cat":[192],"product_tag":[],"class_list":{"0":"post-7702","1":"product","2":"type-product","3":"status-publish","4":"has-post-thumbnail","6":"product_cat-gaming-headsets-fr","8":"first","9":"instock","10":"shipping-taxable","11":"purchasable","12":"product-type-simple"},"acf":[],"yoast_head":"<!-- This site is optimized with the Yoast SEO plugin v27.5 - https:\/\/yoast.com\/product\/yoast-seo-wordpress\/ -->\n<title>Casque de jeu Alpha Bravo GX2 avec son surround UBU 7.1<\/title>\n<meta name=\"description\" content=\"Le casque de jeu professionnel Alpha Bravo GX-2 avec UBU Virtual 7.1 Surround Sound et exp\u00e9rience sonore personnalisable pour une immersion totale.\" \/>\n<meta name=\"robots\" content=\"index, follow, max-snippet:-1, max-image-preview:large, max-video-preview:-1\" \/>\n<link rel=\"canonical\" href=\"https:\/\/veho-schweiz.com\/fr\/product\/casque-de-jeu-alpha-bravo-gx2-avec-son-surround-ubu-7-1\/\" \/>\n<meta property=\"og:locale\" content=\"fr_FR\" \/>\n<meta property=\"og:type\" content=\"article\" \/>\n<meta property=\"og:title\" content=\"Casque de jeu Alpha Bravo GX2 avec son surround UBU 7.1\" \/>\n<meta property=\"og:description\" content=\"Le casque de jeu professionnel Alpha Bravo GX-2 avec UBU Virtual 7.1 Surround Sound et exp\u00e9rience sonore personnalisable pour une immersion totale.\" \/>\n<meta property=\"og:url\" content=\"https:\/\/veho-schweiz.com\/fr\/product\/casque-de-jeu-alpha-bravo-gx2-avec-son-surround-ubu-7-1\/\" \/>\n<meta property=\"og:site_name\" content=\"Veho Lifestyle Store Suisse\" \/>\n<meta property=\"article:modified_time\" content=\"2024-12-19T09:39:43+00:00\" \/>\n<meta property=\"og:image\" content=\"https:\/\/veho-schweiz.com\/wp-content\/uploads\/2022\/02\/gx2-hero.png\" \/>\n\t<meta property=\"og:image:width\" content=\"620\" \/>\n\t<meta property=\"og:image:height\" content=\"620\" \/>\n\t<meta property=\"og:image:type\" content=\"image\/png\" \/>\n<meta name=\"twitter:card\" content=\"summary_large_image\" \/>\n<script type=\"application\/ld+json\" class=\"yoast-schema-graph\">{\"@context\":\"https:\\\/\\\/schema.org\",\"@graph\":[{\"@type\":\"WebPage\",\"@id\":\"https:\\\/\\\/veho-schweiz.com\\\/fr\\\/product\\\/casque-de-jeu-alpha-bravo-gx2-avec-son-surround-ubu-7-1\\\/\",\"url\":\"https:\\\/\\\/veho-schweiz.com\\\/fr\\\/product\\\/casque-de-jeu-alpha-bravo-gx2-avec-son-surround-ubu-7-1\\\/\",\"name\":\"Casque de jeu Alpha Bravo GX2 avec son surround UBU 7.1\",\"isPartOf\":{\"@id\":\"https:\\\/\\\/veho-schweiz.com\\\/fr\\\/#website\"},\"primaryImageOfPage\":{\"@id\":\"https:\\\/\\\/veho-schweiz.com\\\/fr\\\/product\\\/casque-de-jeu-alpha-bravo-gx2-avec-son-surround-ubu-7-1\\\/#primaryimage\"},\"image\":{\"@id\":\"https:\\\/\\\/veho-schweiz.com\\\/fr\\\/product\\\/casque-de-jeu-alpha-bravo-gx2-avec-son-surround-ubu-7-1\\\/#primaryimage\"},\"thumbnailUrl\":\"https:\\\/\\\/veho-schweiz.com\\\/wp-content\\\/uploads\\\/2022\\\/02\\\/gx2-hero.png\",\"datePublished\":\"2024-10-08T15:46:25+00:00\",\"dateModified\":\"2024-12-19T09:39:43+00:00\",\"description\":\"Le casque de jeu professionnel Alpha Bravo GX-2 avec UBU Virtual 7.1 Surround Sound et exp\u00e9rience sonore personnalisable pour une immersion totale.\",\"breadcrumb\":{\"@id\":\"https:\\\/\\\/veho-schweiz.com\\\/fr\\\/product\\\/casque-de-jeu-alpha-bravo-gx2-avec-son-surround-ubu-7-1\\\/#breadcrumb\"},\"inLanguage\":\"fr-FR\",\"potentialAction\":[{\"@type\":\"ReadAction\",\"target\":[\"https:\\\/\\\/veho-schweiz.com\\\/fr\\\/product\\\/casque-de-jeu-alpha-bravo-gx2-avec-son-surround-ubu-7-1\\\/\"]}]},{\"@type\":\"ImageObject\",\"inLanguage\":\"fr-FR\",\"@id\":\"https:\\\/\\\/veho-schweiz.com\\\/fr\\\/product\\\/casque-de-jeu-alpha-bravo-gx2-avec-son-surround-ubu-7-1\\\/#primaryimage\",\"url\":\"https:\\\/\\\/veho-schweiz.com\\\/wp-content\\\/uploads\\\/2022\\\/02\\\/gx2-hero.png\",\"contentUrl\":\"https:\\\/\\\/veho-schweiz.com\\\/wp-content\\\/uploads\\\/2022\\\/02\\\/gx2-hero.png\",\"width\":620,\"height\":620,\"caption\":\"Alpha Bravo GX2 Gaming Headset avec son surround UBU 7.1\"},{\"@type\":\"BreadcrumbList\",\"@id\":\"https:\\\/\\\/veho-schweiz.com\\\/fr\\\/product\\\/casque-de-jeu-alpha-bravo-gx2-avec-son-surround-ubu-7-1\\\/#breadcrumb\",\"itemListElement\":[{\"@type\":\"ListItem\",\"position\":1,\"name\":\"Home\",\"item\":\"https:\\\/\\\/veho-schweiz.com\\\/fr\\\/\"},{\"@type\":\"ListItem\",\"position\":2,\"name\":\"Shop\",\"item\":\"https:\\\/\\\/veho-schweiz.com\\\/shop\\\/\"},{\"@type\":\"ListItem\",\"position\":3,\"name\":\"Casque de jeu Alpha Bravo GX2 avec son surround UBU 7.1\"}]},{\"@type\":\"WebSite\",\"@id\":\"https:\\\/\\\/veho-schweiz.com\\\/fr\\\/#website\",\"url\":\"https:\\\/\\\/veho-schweiz.com\\\/fr\\\/\",\"name\":\"Veho Lifestyle Store Suisse\",\"description\":\"\u00c9lectronique grand public de conception britannique\",\"potentialAction\":[{\"@type\":\"SearchAction\",\"target\":{\"@type\":\"EntryPoint\",\"urlTemplate\":\"https:\\\/\\\/veho-schweiz.com\\\/fr\\\/?s={search_term_string}\"},\"query-input\":{\"@type\":\"PropertyValueSpecification\",\"valueRequired\":true,\"valueName\":\"search_term_string\"}}],\"inLanguage\":\"fr-FR\"}]}<\/script>\n<!-- \/ Yoast SEO plugin. -->","yoast_head_json":{"title":"Casque de jeu Alpha Bravo GX2 avec son surround UBU 7.1","description":"Le casque de jeu professionnel Alpha Bravo GX-2 avec UBU Virtual 7.1 Surround Sound et exp\u00e9rience sonore personnalisable pour une immersion totale.","robots":{"index":"index","follow":"follow","max-snippet":"max-snippet:-1","max-image-preview":"max-image-preview:large","max-video-preview":"max-video-preview:-1"},"canonical":"https:\/\/veho-schweiz.com\/fr\/product\/casque-de-jeu-alpha-bravo-gx2-avec-son-surround-ubu-7-1\/","og_locale":"fr_FR","og_type":"article","og_title":"Casque de jeu Alpha Bravo GX2 avec son surround UBU 7.1","og_description":"Le casque de jeu professionnel Alpha Bravo GX-2 avec UBU Virtual 7.1 Surround Sound et exp\u00e9rience sonore personnalisable pour une immersion totale.","og_url":"https:\/\/veho-schweiz.com\/fr\/product\/casque-de-jeu-alpha-bravo-gx2-avec-son-surround-ubu-7-1\/","og_site_name":"Veho Lifestyle Store Suisse","article_modified_time":"2024-12-19T09:39:43+00:00","og_image":[{"width":620,"height":620,"url":"https:\/\/veho-schweiz.com\/wp-content\/uploads\/2022\/02\/gx2-hero.png","type":"image\/png"}],"twitter_card":"summary_large_image","schema":{"@context":"https:\/\/schema.org","@graph":[{"@type":"WebPage","@id":"https:\/\/veho-schweiz.com\/fr\/product\/casque-de-jeu-alpha-bravo-gx2-avec-son-surround-ubu-7-1\/","url":"https:\/\/veho-schweiz.com\/fr\/product\/casque-de-jeu-alpha-bravo-gx2-avec-son-surround-ubu-7-1\/","name":"Casque de jeu Alpha Bravo GX2 avec son surround UBU 7.1","isPartOf":{"@id":"https:\/\/veho-schweiz.com\/fr\/#website"},"primaryImageOfPage":{"@id":"https:\/\/veho-schweiz.com\/fr\/product\/casque-de-jeu-alpha-bravo-gx2-avec-son-surround-ubu-7-1\/#primaryimage"},"image":{"@id":"https:\/\/veho-schweiz.com\/fr\/product\/casque-de-jeu-alpha-bravo-gx2-avec-son-surround-ubu-7-1\/#primaryimage"},"thumbnailUrl":"https:\/\/veho-schweiz.com\/wp-content\/uploads\/2022\/02\/gx2-hero.png","datePublished":"2024-10-08T15:46:25+00:00","dateModified":"2024-12-19T09:39:43+00:00","description":"Le casque de jeu professionnel Alpha Bravo GX-2 avec UBU Virtual 7.1 Surround Sound et exp\u00e9rience sonore personnalisable pour une immersion totale.","breadcrumb":{"@id":"https:\/\/veho-schweiz.com\/fr\/product\/casque-de-jeu-alpha-bravo-gx2-avec-son-surround-ubu-7-1\/#breadcrumb"},"inLanguage":"fr-FR","potentialAction":[{"@type":"ReadAction","target":["https:\/\/veho-schweiz.com\/fr\/product\/casque-de-jeu-alpha-bravo-gx2-avec-son-surround-ubu-7-1\/"]}]},{"@type":"ImageObject","inLanguage":"fr-FR","@id":"https:\/\/veho-schweiz.com\/fr\/product\/casque-de-jeu-alpha-bravo-gx2-avec-son-surround-ubu-7-1\/#primaryimage","url":"https:\/\/veho-schweiz.com\/wp-content\/uploads\/2022\/02\/gx2-hero.png","contentUrl":"https:\/\/veho-schweiz.com\/wp-content\/uploads\/2022\/02\/gx2-hero.png","width":620,"height":620,"caption":"Alpha Bravo GX2 Gaming Headset avec son surround UBU 7.1"},{"@type":"BreadcrumbList","@id":"https:\/\/veho-schweiz.com\/fr\/product\/casque-de-jeu-alpha-bravo-gx2-avec-son-surround-ubu-7-1\/#breadcrumb","itemListElement":[{"@type":"ListItem","position":1,"name":"Home","item":"https:\/\/veho-schweiz.com\/fr\/"},{"@type":"ListItem","position":2,"name":"Shop","item":"https:\/\/veho-schweiz.com\/shop\/"},{"@type":"ListItem","position":3,"name":"Casque de jeu Alpha Bravo GX2 avec son surround UBU 7.1"}]},{"@type":"WebSite","@id":"https:\/\/veho-schweiz.com\/fr\/#website","url":"https:\/\/veho-schweiz.com\/fr\/","name":"Veho Lifestyle Store Suisse","description":"\u00c9lectronique grand public de conception britannique","potentialAction":[{"@type":"SearchAction","target":{"@type":"EntryPoint","urlTemplate":"https:\/\/veho-schweiz.com\/fr\/?s={search_term_string}"},"query-input":{"@type":"PropertyValueSpecification","valueRequired":true,"valueName":"search_term_string"}}],"inLanguage":"fr-FR"}]}},"jetpack_sharing_enabled":true,"_links":{"self":[{"href":"https:\/\/veho-schweiz.com\/fr\/wp-json\/wp\/v2\/product\/7702","targetHints":{"allow":["GET"]}}],"collection":[{"href":"https:\/\/veho-schweiz.com\/fr\/wp-json\/wp\/v2\/product"}],"about":[{"href":"https:\/\/veho-schweiz.com\/fr\/wp-json\/wp\/v2\/types\/product"}],"replies":[{"embeddable":true,"href":"https:\/\/veho-schweiz.com\/fr\/wp-json\/wp\/v2\/comments?post=7702"}],"wp:featuredmedia":[{"embeddable":true,"href":"https:\/\/veho-schweiz.com\/fr\/wp-json\/wp\/v2\/media\/5898"}],"wp:attachment":[{"href":"https:\/\/veho-schweiz.com\/fr\/wp-json\/wp\/v2\/media?parent=7702"}],"wp:term":[{"taxonomy":"product_brand","embeddable":true,"href":"https:\/\/veho-schweiz.com\/fr\/wp-json\/wp\/v2\/product_brand?post=7702"},{"taxonomy":"product_cat","embeddable":true,"href":"https:\/\/veho-schweiz.com\/fr\/wp-json\/wp\/v2\/product_cat?post=7702"},{"taxonomy":"product_tag","embeddable":true,"href":"https:\/\/veho-schweiz.com\/fr\/wp-json\/wp\/v2\/product_tag?post=7702"}],"curies":[{"name":"wp","href":"https:\/\/api.w.org\/{rel}","templated":true}]}}