{"id":7698,"date":"2024-10-08T17:46:25","date_gmt":"2024-10-08T15:46:25","guid":{"rendered":"https:\/\/veho-schweiz.com\/product\/casque-de-jeu-alpha-bravo-gx-1\/"},"modified":"2024-12-19T10:29:39","modified_gmt":"2024-12-19T09:29:39","slug":"casque-de-jeu-alpha-bravo-gx-1","status":"publish","type":"product","link":"https:\/\/veho-schweiz.com\/fr\/product\/casque-de-jeu-alpha-bravo-gx-1\/","title":{"rendered":"Casque de jeu Alpha Bravo GX-1"},"content":{"rendered":"<div class=\"wp-content wp-content--product\"><p>Le casque de jeu Alpha Bravo GX-1 est un casque professionnel compatible avec plusieurs plates-formes. Aliment\u00e9 par Veho, le GX-1 est \u00e9quip\u00e9 d&rsquo;un microphone antibruit int\u00e9gr\u00e9 pour un son pr\u00e9cis. Id\u00e9al pour les joueurs semi-professionnels, il est compatible avec PlayStation, Xbox, PC\/ordinateurs portables et Nintendo Switch.<\/p>\n<\/div>","protected":false},"excerpt":{"rendered":"<ul>\n<li>Casque de jeu professionnel multi-plateforme avec c\u00e2ble\/fiche 3,5 mm \u00e0 4 broches<\/li>\n<li>Microphone antibruit int\u00e9gr\u00e9<\/li>\n<li>Compatible avec PlayStation, Xbox, PC\/ordinateurs portables\/MAC, Nintendo et bien plus encore<\/li>\n<\/ul>\n","protected":false},"featured_media":5896,"comment_status":"closed","ping_status":"closed","template":"","meta":{"_acf_changed":false,"inline_featured_image":false},"product_brand":[],"product_cat":[192],"product_tag":[],"class_list":{"0":"post-7698","1":"product","2":"type-product","3":"status-publish","4":"has-post-thumbnail","6":"product_cat-gaming-headsets-fr","8":"first","9":"instock","10":"shipping-taxable","11":"purchasable","12":"product-type-simple"},"acf":[],"yoast_head":"<!-- This site is optimized with the Yoast SEO plugin v27.5 - https:\/\/yoast.com\/product\/yoast-seo-wordpress\/ -->\n<title>Casque de jeu Alpha Bravo GX-1 - Veho Lifestyle Store Suisse<\/title>\n<meta name=\"description\" content=\"Le casque Alpha Bravo GX-1 est un casque de jeu professionnel compatible avec les p\u00e9riph\u00e9riques multiplateformes. Id\u00e9al pour les joueurs semi-professionnels.\" \/>\n<meta name=\"robots\" content=\"index, follow, max-snippet:-1, max-image-preview:large, max-video-preview:-1\" \/>\n<link rel=\"canonical\" href=\"https:\/\/veho-schweiz.com\/fr\/product\/casque-de-jeu-alpha-bravo-gx-1\/\" \/>\n<meta property=\"og:locale\" content=\"fr_FR\" \/>\n<meta property=\"og:type\" content=\"article\" \/>\n<meta property=\"og:title\" content=\"Casque de jeu Alpha Bravo GX-1 - Veho Lifestyle Store Suisse\" \/>\n<meta property=\"og:description\" content=\"Le casque Alpha Bravo GX-1 est un casque de jeu professionnel compatible avec les p\u00e9riph\u00e9riques multiplateformes. Id\u00e9al pour les joueurs semi-professionnels.\" \/>\n<meta property=\"og:url\" content=\"https:\/\/veho-schweiz.com\/fr\/product\/casque-de-jeu-alpha-bravo-gx-1\/\" \/>\n<meta property=\"og:site_name\" content=\"Veho Lifestyle Store Suisse\" \/>\n<meta property=\"article:modified_time\" content=\"2024-12-19T09:29:39+00:00\" \/>\n<meta property=\"og:image\" content=\"https:\/\/veho-schweiz.com\/wp-content\/uploads\/2022\/02\/gx1-black.png\" \/>\n\t<meta property=\"og:image:width\" content=\"620\" \/>\n\t<meta property=\"og:image:height\" content=\"620\" \/>\n\t<meta property=\"og:image:type\" content=\"image\/png\" \/>\n<meta name=\"twitter:card\" content=\"summary_large_image\" \/>\n<script type=\"application\/ld+json\" class=\"yoast-schema-graph\">{\"@context\":\"https:\\\/\\\/schema.org\",\"@graph\":[{\"@type\":\"WebPage\",\"@id\":\"https:\\\/\\\/veho-schweiz.com\\\/fr\\\/product\\\/casque-de-jeu-alpha-bravo-gx-1\\\/\",\"url\":\"https:\\\/\\\/veho-schweiz.com\\\/fr\\\/product\\\/casque-de-jeu-alpha-bravo-gx-1\\\/\",\"name\":\"Casque de jeu Alpha Bravo GX-1 - Veho Lifestyle Store Suisse\",\"isPartOf\":{\"@id\":\"https:\\\/\\\/veho-schweiz.com\\\/fr\\\/#website\"},\"primaryImageOfPage\":{\"@id\":\"https:\\\/\\\/veho-schweiz.com\\\/fr\\\/product\\\/casque-de-jeu-alpha-bravo-gx-1\\\/#primaryimage\"},\"image\":{\"@id\":\"https:\\\/\\\/veho-schweiz.com\\\/fr\\\/product\\\/casque-de-jeu-alpha-bravo-gx-1\\\/#primaryimage\"},\"thumbnailUrl\":\"https:\\\/\\\/veho-schweiz.com\\\/wp-content\\\/uploads\\\/2022\\\/02\\\/gx1-black.png\",\"datePublished\":\"2024-10-08T15:46:25+00:00\",\"dateModified\":\"2024-12-19T09:29:39+00:00\",\"description\":\"Le casque Alpha Bravo GX-1 est un casque de jeu professionnel compatible avec les p\u00e9riph\u00e9riques multiplateformes. Id\u00e9al pour les joueurs semi-professionnels.\",\"breadcrumb\":{\"@id\":\"https:\\\/\\\/veho-schweiz.com\\\/fr\\\/product\\\/casque-de-jeu-alpha-bravo-gx-1\\\/#breadcrumb\"},\"inLanguage\":\"fr-FR\",\"potentialAction\":[{\"@type\":\"ReadAction\",\"target\":[\"https:\\\/\\\/veho-schweiz.com\\\/fr\\\/product\\\/casque-de-jeu-alpha-bravo-gx-1\\\/\"]}]},{\"@type\":\"ImageObject\",\"inLanguage\":\"fr-FR\",\"@id\":\"https:\\\/\\\/veho-schweiz.com\\\/fr\\\/product\\\/casque-de-jeu-alpha-bravo-gx-1\\\/#primaryimage\",\"url\":\"https:\\\/\\\/veho-schweiz.com\\\/wp-content\\\/uploads\\\/2022\\\/02\\\/gx1-black.png\",\"contentUrl\":\"https:\\\/\\\/veho-schweiz.com\\\/wp-content\\\/uploads\\\/2022\\\/02\\\/gx1-black.png\",\"width\":620,\"height\":620,\"caption\":\"Casque de jeu Alpha Bravo GX-1\"},{\"@type\":\"BreadcrumbList\",\"@id\":\"https:\\\/\\\/veho-schweiz.com\\\/fr\\\/product\\\/casque-de-jeu-alpha-bravo-gx-1\\\/#breadcrumb\",\"itemListElement\":[{\"@type\":\"ListItem\",\"position\":1,\"name\":\"Home\",\"item\":\"https:\\\/\\\/veho-schweiz.com\\\/fr\\\/\"},{\"@type\":\"ListItem\",\"position\":2,\"name\":\"Shop\",\"item\":\"https:\\\/\\\/veho-schweiz.com\\\/shop\\\/\"},{\"@type\":\"ListItem\",\"position\":3,\"name\":\"Casque de jeu Alpha Bravo GX-1\"}]},{\"@type\":\"WebSite\",\"@id\":\"https:\\\/\\\/veho-schweiz.com\\\/fr\\\/#website\",\"url\":\"https:\\\/\\\/veho-schweiz.com\\\/fr\\\/\",\"name\":\"Veho Lifestyle Store Suisse\",\"description\":\"\u00c9lectronique grand public de conception britannique\",\"potentialAction\":[{\"@type\":\"SearchAction\",\"target\":{\"@type\":\"EntryPoint\",\"urlTemplate\":\"https:\\\/\\\/veho-schweiz.com\\\/fr\\\/?s={search_term_string}\"},\"query-input\":{\"@type\":\"PropertyValueSpecification\",\"valueRequired\":true,\"valueName\":\"search_term_string\"}}],\"inLanguage\":\"fr-FR\"}]}<\/script>\n<!-- \/ Yoast SEO plugin. -->","yoast_head_json":{"title":"Casque de jeu Alpha Bravo GX-1 - Veho Lifestyle Store Suisse","description":"Le casque Alpha Bravo GX-1 est un casque de jeu professionnel compatible avec les p\u00e9riph\u00e9riques multiplateformes. Id\u00e9al pour les joueurs semi-professionnels.","robots":{"index":"index","follow":"follow","max-snippet":"max-snippet:-1","max-image-preview":"max-image-preview:large","max-video-preview":"max-video-preview:-1"},"canonical":"https:\/\/veho-schweiz.com\/fr\/product\/casque-de-jeu-alpha-bravo-gx-1\/","og_locale":"fr_FR","og_type":"article","og_title":"Casque de jeu Alpha Bravo GX-1 - Veho Lifestyle Store Suisse","og_description":"Le casque Alpha Bravo GX-1 est un casque de jeu professionnel compatible avec les p\u00e9riph\u00e9riques multiplateformes. Id\u00e9al pour les joueurs semi-professionnels.","og_url":"https:\/\/veho-schweiz.com\/fr\/product\/casque-de-jeu-alpha-bravo-gx-1\/","og_site_name":"Veho Lifestyle Store Suisse","article_modified_time":"2024-12-19T09:29:39+00:00","og_image":[{"width":620,"height":620,"url":"https:\/\/veho-schweiz.com\/wp-content\/uploads\/2022\/02\/gx1-black.png","type":"image\/png"}],"twitter_card":"summary_large_image","schema":{"@context":"https:\/\/schema.org","@graph":[{"@type":"WebPage","@id":"https:\/\/veho-schweiz.com\/fr\/product\/casque-de-jeu-alpha-bravo-gx-1\/","url":"https:\/\/veho-schweiz.com\/fr\/product\/casque-de-jeu-alpha-bravo-gx-1\/","name":"Casque de jeu Alpha Bravo GX-1 - Veho Lifestyle Store Suisse","isPartOf":{"@id":"https:\/\/veho-schweiz.com\/fr\/#website"},"primaryImageOfPage":{"@id":"https:\/\/veho-schweiz.com\/fr\/product\/casque-de-jeu-alpha-bravo-gx-1\/#primaryimage"},"image":{"@id":"https:\/\/veho-schweiz.com\/fr\/product\/casque-de-jeu-alpha-bravo-gx-1\/#primaryimage"},"thumbnailUrl":"https:\/\/veho-schweiz.com\/wp-content\/uploads\/2022\/02\/gx1-black.png","datePublished":"2024-10-08T15:46:25+00:00","dateModified":"2024-12-19T09:29:39+00:00","description":"Le casque Alpha Bravo GX-1 est un casque de jeu professionnel compatible avec les p\u00e9riph\u00e9riques multiplateformes. Id\u00e9al pour les joueurs semi-professionnels.","breadcrumb":{"@id":"https:\/\/veho-schweiz.com\/fr\/product\/casque-de-jeu-alpha-bravo-gx-1\/#breadcrumb"},"inLanguage":"fr-FR","potentialAction":[{"@type":"ReadAction","target":["https:\/\/veho-schweiz.com\/fr\/product\/casque-de-jeu-alpha-bravo-gx-1\/"]}]},{"@type":"ImageObject","inLanguage":"fr-FR","@id":"https:\/\/veho-schweiz.com\/fr\/product\/casque-de-jeu-alpha-bravo-gx-1\/#primaryimage","url":"https:\/\/veho-schweiz.com\/wp-content\/uploads\/2022\/02\/gx1-black.png","contentUrl":"https:\/\/veho-schweiz.com\/wp-content\/uploads\/2022\/02\/gx1-black.png","width":620,"height":620,"caption":"Casque de jeu Alpha Bravo GX-1"},{"@type":"BreadcrumbList","@id":"https:\/\/veho-schweiz.com\/fr\/product\/casque-de-jeu-alpha-bravo-gx-1\/#breadcrumb","itemListElement":[{"@type":"ListItem","position":1,"name":"Home","item":"https:\/\/veho-schweiz.com\/fr\/"},{"@type":"ListItem","position":2,"name":"Shop","item":"https:\/\/veho-schweiz.com\/shop\/"},{"@type":"ListItem","position":3,"name":"Casque de jeu Alpha Bravo GX-1"}]},{"@type":"WebSite","@id":"https:\/\/veho-schweiz.com\/fr\/#website","url":"https:\/\/veho-schweiz.com\/fr\/","name":"Veho Lifestyle Store Suisse","description":"\u00c9lectronique grand public de conception britannique","potentialAction":[{"@type":"SearchAction","target":{"@type":"EntryPoint","urlTemplate":"https:\/\/veho-schweiz.com\/fr\/?s={search_term_string}"},"query-input":{"@type":"PropertyValueSpecification","valueRequired":true,"valueName":"search_term_string"}}],"inLanguage":"fr-FR"}]}},"jetpack_sharing_enabled":true,"_links":{"self":[{"href":"https:\/\/veho-schweiz.com\/fr\/wp-json\/wp\/v2\/product\/7698","targetHints":{"allow":["GET"]}}],"collection":[{"href":"https:\/\/veho-schweiz.com\/fr\/wp-json\/wp\/v2\/product"}],"about":[{"href":"https:\/\/veho-schweiz.com\/fr\/wp-json\/wp\/v2\/types\/product"}],"replies":[{"embeddable":true,"href":"https:\/\/veho-schweiz.com\/fr\/wp-json\/wp\/v2\/comments?post=7698"}],"wp:featuredmedia":[{"embeddable":true,"href":"https:\/\/veho-schweiz.com\/fr\/wp-json\/wp\/v2\/media\/5896"}],"wp:attachment":[{"href":"https:\/\/veho-schweiz.com\/fr\/wp-json\/wp\/v2\/media?parent=7698"}],"wp:term":[{"taxonomy":"product_brand","embeddable":true,"href":"https:\/\/veho-schweiz.com\/fr\/wp-json\/wp\/v2\/product_brand?post=7698"},{"taxonomy":"product_cat","embeddable":true,"href":"https:\/\/veho-schweiz.com\/fr\/wp-json\/wp\/v2\/product_cat?post=7698"},{"taxonomy":"product_tag","embeddable":true,"href":"https:\/\/veho-schweiz.com\/fr\/wp-json\/wp\/v2\/product_tag?post=7698"}],"curies":[{"name":"wp","href":"https:\/\/api.w.org\/{rel}","templated":true}]}}