{"id":7696,"date":"2024-10-08T17:46:26","date_gmt":"2024-10-08T15:46:26","guid":{"rendered":"https:\/\/veho-schweiz.com\/product\/souris-de-jeu-usb-avec-cable-alpha-bravo-gz1\/"},"modified":"2024-12-19T10:28:53","modified_gmt":"2024-12-19T09:28:53","slug":"souris-de-jeu-usb-avec-cable-alpha-bravo-gz1","status":"publish","type":"product","link":"https:\/\/veho-schweiz.com\/fr\/product\/souris-de-jeu-usb-avec-cable-alpha-bravo-gz1\/","title":{"rendered":"Souris de jeu USB avec c\u00e2ble Alpha Bravo GZ1"},"content":{"rendered":"<div class=\"wp-content wp-content--product\"><p>La souris de jeu USB filaire Alpha Bravo GZ1 est con\u00e7ue pour un confort optimal pendant le jeu. Elle permet des mouvements plus rapides et plus pr\u00e9cis gr\u00e2ce \u00e0 quatre r\u00e9glages DPI (800\/1600\/3200\/6400), de la pr\u00e9cision au pixel pr\u00e8s \u00e0 la rapidit\u00e9 de l&rsquo;\u00e9clair. La GZ-1 est dot\u00e9e d&rsquo;un contrepoids qui permet d&rsquo;adapter le poids de la souris aux pr\u00e9f\u00e9rences personnelles. Elle est compatible avec Windows\u00ae XP\/7\/8\/10.   <\/p>\n<\/div>","protected":false},"excerpt":{"rendered":"<ul>\n<li>Design ergonomique pour une utilisation de la main gauche ou droite<\/li>\n<li>Contr\u00f4le de pr\u00e9cision de 800 dpi \u00e0 6400 dpi pour des mouvements pr\u00e9cis et rapides<\/li>\n<li>\u00c9clairage chromatique avec 16,8 millions de couleurs<\/li>\n<\/ul>\n","protected":false},"featured_media":5900,"comment_status":"closed","ping_status":"closed","template":"","meta":{"_acf_changed":false,"inline_featured_image":false},"product_brand":[],"product_cat":[189,188],"product_tag":[],"class_list":{"0":"post-7696","1":"product","2":"type-product","3":"status-publish","4":"has-post-thumbnail","6":"product_cat-gaming-mouse-fr","7":"product_cat-top-deals-fr","9":"first","10":"instock","11":"sale","12":"shipping-taxable","13":"purchasable","14":"product-type-simple"},"acf":[],"yoast_head":"<!-- This site is optimized with the Yoast SEO plugin v27.5 - https:\/\/yoast.com\/product\/yoast-seo-wordpress\/ -->\n<title>Souris de jeu USB avec c\u00e2ble Alpha Bravo GZ1<\/title>\n<meta name=\"description\" content=\"La souris de jeu filaire Alpha Bravo GZ1 USB est con\u00e7ue pour le confort de jeu. R\u00e9alisez des man\u0153uvres plus rapides et plus pr\u00e9cises gr\u00e2ce aux quatre r\u00e9glages DPI.\" \/>\n<meta name=\"robots\" content=\"index, follow, max-snippet:-1, max-image-preview:large, max-video-preview:-1\" \/>\n<link rel=\"canonical\" href=\"https:\/\/veho-schweiz.com\/fr\/product\/souris-de-jeu-usb-avec-cable-alpha-bravo-gz1\/\" \/>\n<meta property=\"og:locale\" content=\"fr_FR\" \/>\n<meta property=\"og:type\" content=\"article\" \/>\n<meta property=\"og:title\" content=\"Souris de jeu USB avec c\u00e2ble Alpha Bravo GZ1\" \/>\n<meta property=\"og:description\" content=\"La souris de jeu filaire Alpha Bravo GZ1 USB est con\u00e7ue pour le confort de jeu. R\u00e9alisez des man\u0153uvres plus rapides et plus pr\u00e9cises gr\u00e2ce aux quatre r\u00e9glages DPI.\" \/>\n<meta property=\"og:url\" content=\"https:\/\/veho-schweiz.com\/fr\/product\/souris-de-jeu-usb-avec-cable-alpha-bravo-gz1\/\" \/>\n<meta property=\"og:site_name\" content=\"Veho Lifestyle Store Suisse\" \/>\n<meta property=\"article:modified_time\" content=\"2024-12-19T09:28:53+00:00\" \/>\n<meta property=\"og:image\" content=\"https:\/\/veho-schweiz.com\/wp-content\/uploads\/2022\/02\/gm1_pro_mouse_.png\" \/>\n\t<meta property=\"og:image:width\" content=\"620\" \/>\n\t<meta property=\"og:image:height\" content=\"620\" \/>\n\t<meta property=\"og:image:type\" content=\"image\/png\" \/>\n<meta name=\"twitter:card\" content=\"summary_large_image\" \/>\n<script type=\"application\/ld+json\" class=\"yoast-schema-graph\">{\"@context\":\"https:\\\/\\\/schema.org\",\"@graph\":[{\"@type\":\"WebPage\",\"@id\":\"https:\\\/\\\/veho-schweiz.com\\\/fr\\\/product\\\/souris-de-jeu-usb-avec-cable-alpha-bravo-gz1\\\/\",\"url\":\"https:\\\/\\\/veho-schweiz.com\\\/fr\\\/product\\\/souris-de-jeu-usb-avec-cable-alpha-bravo-gz1\\\/\",\"name\":\"Souris de jeu USB avec c\u00e2ble Alpha Bravo GZ1\",\"isPartOf\":{\"@id\":\"https:\\\/\\\/veho-schweiz.com\\\/fr\\\/#website\"},\"primaryImageOfPage\":{\"@id\":\"https:\\\/\\\/veho-schweiz.com\\\/fr\\\/product\\\/souris-de-jeu-usb-avec-cable-alpha-bravo-gz1\\\/#primaryimage\"},\"image\":{\"@id\":\"https:\\\/\\\/veho-schweiz.com\\\/fr\\\/product\\\/souris-de-jeu-usb-avec-cable-alpha-bravo-gz1\\\/#primaryimage\"},\"thumbnailUrl\":\"https:\\\/\\\/veho-schweiz.com\\\/wp-content\\\/uploads\\\/2022\\\/02\\\/gm1_pro_mouse_.png\",\"datePublished\":\"2024-10-08T15:46:26+00:00\",\"dateModified\":\"2024-12-19T09:28:53+00:00\",\"description\":\"La souris de jeu filaire Alpha Bravo GZ1 USB est con\u00e7ue pour le confort de jeu. R\u00e9alisez des man\u0153uvres plus rapides et plus pr\u00e9cises gr\u00e2ce aux quatre r\u00e9glages DPI.\",\"breadcrumb\":{\"@id\":\"https:\\\/\\\/veho-schweiz.com\\\/fr\\\/product\\\/souris-de-jeu-usb-avec-cable-alpha-bravo-gz1\\\/#breadcrumb\"},\"inLanguage\":\"fr-FR\",\"potentialAction\":[{\"@type\":\"ReadAction\",\"target\":[\"https:\\\/\\\/veho-schweiz.com\\\/fr\\\/product\\\/souris-de-jeu-usb-avec-cable-alpha-bravo-gz1\\\/\"]}]},{\"@type\":\"ImageObject\",\"inLanguage\":\"fr-FR\",\"@id\":\"https:\\\/\\\/veho-schweiz.com\\\/fr\\\/product\\\/souris-de-jeu-usb-avec-cable-alpha-bravo-gz1\\\/#primaryimage\",\"url\":\"https:\\\/\\\/veho-schweiz.com\\\/wp-content\\\/uploads\\\/2022\\\/02\\\/gm1_pro_mouse_.png\",\"contentUrl\":\"https:\\\/\\\/veho-schweiz.com\\\/wp-content\\\/uploads\\\/2022\\\/02\\\/gm1_pro_mouse_.png\",\"width\":620,\"height\":620,\"caption\":\"Alpha Bravo GZ1 Souris de jeu filaire USB\"},{\"@type\":\"BreadcrumbList\",\"@id\":\"https:\\\/\\\/veho-schweiz.com\\\/fr\\\/product\\\/souris-de-jeu-usb-avec-cable-alpha-bravo-gz1\\\/#breadcrumb\",\"itemListElement\":[{\"@type\":\"ListItem\",\"position\":1,\"name\":\"Home\",\"item\":\"https:\\\/\\\/veho-schweiz.com\\\/fr\\\/\"},{\"@type\":\"ListItem\",\"position\":2,\"name\":\"Shop\",\"item\":\"https:\\\/\\\/veho-schweiz.com\\\/shop\\\/\"},{\"@type\":\"ListItem\",\"position\":3,\"name\":\"Souris de jeu USB avec c\u00e2ble Alpha Bravo GZ1\"}]},{\"@type\":\"WebSite\",\"@id\":\"https:\\\/\\\/veho-schweiz.com\\\/fr\\\/#website\",\"url\":\"https:\\\/\\\/veho-schweiz.com\\\/fr\\\/\",\"name\":\"Veho Lifestyle Store Suisse\",\"description\":\"\u00c9lectronique grand public de conception britannique\",\"potentialAction\":[{\"@type\":\"SearchAction\",\"target\":{\"@type\":\"EntryPoint\",\"urlTemplate\":\"https:\\\/\\\/veho-schweiz.com\\\/fr\\\/?s={search_term_string}\"},\"query-input\":{\"@type\":\"PropertyValueSpecification\",\"valueRequired\":true,\"valueName\":\"search_term_string\"}}],\"inLanguage\":\"fr-FR\"}]}<\/script>\n<!-- \/ Yoast SEO plugin. -->","yoast_head_json":{"title":"Souris de jeu USB avec c\u00e2ble Alpha Bravo GZ1","description":"La souris de jeu filaire Alpha Bravo GZ1 USB est con\u00e7ue pour le confort de jeu. R\u00e9alisez des man\u0153uvres plus rapides et plus pr\u00e9cises gr\u00e2ce aux quatre r\u00e9glages DPI.","robots":{"index":"index","follow":"follow","max-snippet":"max-snippet:-1","max-image-preview":"max-image-preview:large","max-video-preview":"max-video-preview:-1"},"canonical":"https:\/\/veho-schweiz.com\/fr\/product\/souris-de-jeu-usb-avec-cable-alpha-bravo-gz1\/","og_locale":"fr_FR","og_type":"article","og_title":"Souris de jeu USB avec c\u00e2ble Alpha Bravo GZ1","og_description":"La souris de jeu filaire Alpha Bravo GZ1 USB est con\u00e7ue pour le confort de jeu. R\u00e9alisez des man\u0153uvres plus rapides et plus pr\u00e9cises gr\u00e2ce aux quatre r\u00e9glages DPI.","og_url":"https:\/\/veho-schweiz.com\/fr\/product\/souris-de-jeu-usb-avec-cable-alpha-bravo-gz1\/","og_site_name":"Veho Lifestyle Store Suisse","article_modified_time":"2024-12-19T09:28:53+00:00","og_image":[{"width":620,"height":620,"url":"https:\/\/veho-schweiz.com\/wp-content\/uploads\/2022\/02\/gm1_pro_mouse_.png","type":"image\/png"}],"twitter_card":"summary_large_image","schema":{"@context":"https:\/\/schema.org","@graph":[{"@type":"WebPage","@id":"https:\/\/veho-schweiz.com\/fr\/product\/souris-de-jeu-usb-avec-cable-alpha-bravo-gz1\/","url":"https:\/\/veho-schweiz.com\/fr\/product\/souris-de-jeu-usb-avec-cable-alpha-bravo-gz1\/","name":"Souris de jeu USB avec c\u00e2ble Alpha Bravo GZ1","isPartOf":{"@id":"https:\/\/veho-schweiz.com\/fr\/#website"},"primaryImageOfPage":{"@id":"https:\/\/veho-schweiz.com\/fr\/product\/souris-de-jeu-usb-avec-cable-alpha-bravo-gz1\/#primaryimage"},"image":{"@id":"https:\/\/veho-schweiz.com\/fr\/product\/souris-de-jeu-usb-avec-cable-alpha-bravo-gz1\/#primaryimage"},"thumbnailUrl":"https:\/\/veho-schweiz.com\/wp-content\/uploads\/2022\/02\/gm1_pro_mouse_.png","datePublished":"2024-10-08T15:46:26+00:00","dateModified":"2024-12-19T09:28:53+00:00","description":"La souris de jeu filaire Alpha Bravo GZ1 USB est con\u00e7ue pour le confort de jeu. R\u00e9alisez des man\u0153uvres plus rapides et plus pr\u00e9cises gr\u00e2ce aux quatre r\u00e9glages DPI.","breadcrumb":{"@id":"https:\/\/veho-schweiz.com\/fr\/product\/souris-de-jeu-usb-avec-cable-alpha-bravo-gz1\/#breadcrumb"},"inLanguage":"fr-FR","potentialAction":[{"@type":"ReadAction","target":["https:\/\/veho-schweiz.com\/fr\/product\/souris-de-jeu-usb-avec-cable-alpha-bravo-gz1\/"]}]},{"@type":"ImageObject","inLanguage":"fr-FR","@id":"https:\/\/veho-schweiz.com\/fr\/product\/souris-de-jeu-usb-avec-cable-alpha-bravo-gz1\/#primaryimage","url":"https:\/\/veho-schweiz.com\/wp-content\/uploads\/2022\/02\/gm1_pro_mouse_.png","contentUrl":"https:\/\/veho-schweiz.com\/wp-content\/uploads\/2022\/02\/gm1_pro_mouse_.png","width":620,"height":620,"caption":"Alpha Bravo GZ1 Souris de jeu filaire USB"},{"@type":"BreadcrumbList","@id":"https:\/\/veho-schweiz.com\/fr\/product\/souris-de-jeu-usb-avec-cable-alpha-bravo-gz1\/#breadcrumb","itemListElement":[{"@type":"ListItem","position":1,"name":"Home","item":"https:\/\/veho-schweiz.com\/fr\/"},{"@type":"ListItem","position":2,"name":"Shop","item":"https:\/\/veho-schweiz.com\/shop\/"},{"@type":"ListItem","position":3,"name":"Souris de jeu USB avec c\u00e2ble Alpha Bravo GZ1"}]},{"@type":"WebSite","@id":"https:\/\/veho-schweiz.com\/fr\/#website","url":"https:\/\/veho-schweiz.com\/fr\/","name":"Veho Lifestyle Store Suisse","description":"\u00c9lectronique grand public de conception britannique","potentialAction":[{"@type":"SearchAction","target":{"@type":"EntryPoint","urlTemplate":"https:\/\/veho-schweiz.com\/fr\/?s={search_term_string}"},"query-input":{"@type":"PropertyValueSpecification","valueRequired":true,"valueName":"search_term_string"}}],"inLanguage":"fr-FR"}]}},"jetpack_sharing_enabled":true,"_links":{"self":[{"href":"https:\/\/veho-schweiz.com\/fr\/wp-json\/wp\/v2\/product\/7696","targetHints":{"allow":["GET"]}}],"collection":[{"href":"https:\/\/veho-schweiz.com\/fr\/wp-json\/wp\/v2\/product"}],"about":[{"href":"https:\/\/veho-schweiz.com\/fr\/wp-json\/wp\/v2\/types\/product"}],"replies":[{"embeddable":true,"href":"https:\/\/veho-schweiz.com\/fr\/wp-json\/wp\/v2\/comments?post=7696"}],"wp:featuredmedia":[{"embeddable":true,"href":"https:\/\/veho-schweiz.com\/fr\/wp-json\/wp\/v2\/media\/5900"}],"wp:attachment":[{"href":"https:\/\/veho-schweiz.com\/fr\/wp-json\/wp\/v2\/media?parent=7696"}],"wp:term":[{"taxonomy":"product_brand","embeddable":true,"href":"https:\/\/veho-schweiz.com\/fr\/wp-json\/wp\/v2\/product_brand?post=7696"},{"taxonomy":"product_cat","embeddable":true,"href":"https:\/\/veho-schweiz.com\/fr\/wp-json\/wp\/v2\/product_cat?post=7696"},{"taxonomy":"product_tag","embeddable":true,"href":"https:\/\/veho-schweiz.com\/fr\/wp-json\/wp\/v2\/product_tag?post=7696"}],"curies":[{"name":"wp","href":"https:\/\/api.w.org\/{rel}","templated":true}]}}