{"id":7694,"date":"2024-10-08T17:46:26","date_gmt":"2024-10-08T15:46:26","guid":{"rendered":"https:\/\/veho-schweiz.com\/product\/tapis-de-souris-de-jeu-professionnel-alpha-bravo-gm-1\/"},"modified":"2024-12-19T10:28:17","modified_gmt":"2024-12-19T09:28:17","slug":"tapis-de-souris-de-jeu-professionnel-alpha-bravo-gm-1","status":"publish","type":"product","link":"https:\/\/veho-schweiz.com\/fr\/product\/tapis-de-souris-de-jeu-professionnel-alpha-bravo-gm-1\/","title":{"rendered":"Tapis de souris de jeu professionnel Alpha Bravo GM-1"},"content":{"rendered":"<div class=\"wp-content wp-content--product\"><div class=\"flex-shrink-0 flex flex-col relative items-end\">\n<div>\n<div class=\"pt-0\">\n<div class=\"gizmo-bot-avatar flex h-8 w-8 items-center justify-center overflow-hidden rounded-full\">\n<div class=\"relative p-1 rounded-sm flex items-center justify-center bg-token-main-surface-primary text-token-text-primary h-8 w-8\">Le tapis de souris de jeu Alpha Bravo offre une adh\u00e9rence ultime pour le contr\u00f4le et la vitesse. La surface en r\u00e9sine polym\u00e8re haute performance \u00e0 deux couches garantit des performances optimales de la souris. De plus, une base g\u00e9om\u00e9triquement structur\u00e9e offre une excellente adh\u00e9rence pour maintenir le tapis de souris en place.  <\/div>\n<\/div>\n<\/div>\n<\/div>\n<\/div>\n<\/div>","protected":false},"excerpt":{"rendered":"<ul>\n<li>Surface en r\u00e9sine polym\u00e8re fine \u00e0 deux couches de haute qualit\u00e9 pour des performances optimales<\/li>\n<li>Fond g\u00e9om\u00e9trique structur\u00e9 pour une adh\u00e9rence maximale<\/li>\n<\/ul>\n","protected":false},"featured_media":5910,"comment_status":"closed","ping_status":"closed","template":"","meta":{"_acf_changed":false,"inline_featured_image":false},"product_brand":[],"product_cat":[186],"product_tag":[],"class_list":{"0":"post-7694","1":"product","2":"type-product","3":"status-publish","4":"has-post-thumbnail","6":"product_cat-gaming-accessories-fr","8":"first","9":"instock","10":"sale","11":"shipping-taxable","12":"purchasable","13":"product-type-simple"},"acf":[],"yoast_head":"<!-- This site is optimized with the Yoast SEO plugin v27.5 - https:\/\/yoast.com\/product\/yoast-seo-wordpress\/ -->\n<title>Tapis de souris de jeu professionnel Alpha Bravo GM-1<\/title>\n<meta name=\"description\" content=\"Le tapis de souris de jeu Alpha Bravo offre une adh\u00e9rence ultime pour le contr\u00f4le et la vitesse. la performance. Une base g\u00e9om\u00e9trique textur\u00e9e offre une excellente prise en main.\" \/>\n<meta name=\"robots\" content=\"index, follow, max-snippet:-1, max-image-preview:large, max-video-preview:-1\" \/>\n<link rel=\"canonical\" href=\"https:\/\/veho-schweiz.com\/fr\/product\/tapis-de-souris-de-jeu-professionnel-alpha-bravo-gm-1\/\" \/>\n<meta property=\"og:locale\" content=\"fr_FR\" \/>\n<meta property=\"og:type\" content=\"article\" \/>\n<meta property=\"og:title\" content=\"Tapis de souris de jeu professionnel Alpha Bravo GM-1\" \/>\n<meta property=\"og:description\" content=\"Le tapis de souris de jeu Alpha Bravo offre une adh\u00e9rence ultime pour le contr\u00f4le et la vitesse. la performance. Une base g\u00e9om\u00e9trique textur\u00e9e offre une excellente prise en main.\" \/>\n<meta property=\"og:url\" content=\"https:\/\/veho-schweiz.com\/fr\/product\/tapis-de-souris-de-jeu-professionnel-alpha-bravo-gm-1\/\" \/>\n<meta property=\"og:site_name\" content=\"Veho Lifestyle Store Suisse\" \/>\n<meta property=\"article:modified_time\" content=\"2024-12-19T09:28:17+00:00\" \/>\n<meta property=\"og:image\" content=\"https:\/\/veho-schweiz.com\/wp-content\/uploads\/2022\/02\/ab_mouse_mat.png\" \/>\n\t<meta property=\"og:image:width\" content=\"620\" \/>\n\t<meta property=\"og:image:height\" content=\"620\" \/>\n\t<meta property=\"og:image:type\" content=\"image\/png\" \/>\n<meta name=\"twitter:card\" content=\"summary_large_image\" \/>\n<script type=\"application\/ld+json\" class=\"yoast-schema-graph\">{\"@context\":\"https:\\\/\\\/schema.org\",\"@graph\":[{\"@type\":\"WebPage\",\"@id\":\"https:\\\/\\\/veho-schweiz.com\\\/fr\\\/product\\\/tapis-de-souris-de-jeu-professionnel-alpha-bravo-gm-1\\\/\",\"url\":\"https:\\\/\\\/veho-schweiz.com\\\/fr\\\/product\\\/tapis-de-souris-de-jeu-professionnel-alpha-bravo-gm-1\\\/\",\"name\":\"Tapis de souris de jeu professionnel Alpha Bravo GM-1\",\"isPartOf\":{\"@id\":\"https:\\\/\\\/veho-schweiz.com\\\/fr\\\/#website\"},\"primaryImageOfPage\":{\"@id\":\"https:\\\/\\\/veho-schweiz.com\\\/fr\\\/product\\\/tapis-de-souris-de-jeu-professionnel-alpha-bravo-gm-1\\\/#primaryimage\"},\"image\":{\"@id\":\"https:\\\/\\\/veho-schweiz.com\\\/fr\\\/product\\\/tapis-de-souris-de-jeu-professionnel-alpha-bravo-gm-1\\\/#primaryimage\"},\"thumbnailUrl\":\"https:\\\/\\\/veho-schweiz.com\\\/wp-content\\\/uploads\\\/2022\\\/02\\\/ab_mouse_mat.png\",\"datePublished\":\"2024-10-08T15:46:26+00:00\",\"dateModified\":\"2024-12-19T09:28:17+00:00\",\"description\":\"Le tapis de souris de jeu Alpha Bravo offre une adh\u00e9rence ultime pour le contr\u00f4le et la vitesse. la performance. Une base g\u00e9om\u00e9trique textur\u00e9e offre une excellente prise en main.\",\"breadcrumb\":{\"@id\":\"https:\\\/\\\/veho-schweiz.com\\\/fr\\\/product\\\/tapis-de-souris-de-jeu-professionnel-alpha-bravo-gm-1\\\/#breadcrumb\"},\"inLanguage\":\"fr-FR\",\"potentialAction\":[{\"@type\":\"ReadAction\",\"target\":[\"https:\\\/\\\/veho-schweiz.com\\\/fr\\\/product\\\/tapis-de-souris-de-jeu-professionnel-alpha-bravo-gm-1\\\/\"]}]},{\"@type\":\"ImageObject\",\"inLanguage\":\"fr-FR\",\"@id\":\"https:\\\/\\\/veho-schweiz.com\\\/fr\\\/product\\\/tapis-de-souris-de-jeu-professionnel-alpha-bravo-gm-1\\\/#primaryimage\",\"url\":\"https:\\\/\\\/veho-schweiz.com\\\/wp-content\\\/uploads\\\/2022\\\/02\\\/ab_mouse_mat.png\",\"contentUrl\":\"https:\\\/\\\/veho-schweiz.com\\\/wp-content\\\/uploads\\\/2022\\\/02\\\/ab_mouse_mat.png\",\"width\":620,\"height\":620,\"caption\":\"Tapis de souris de jeu Alpha Bravo GM-1 Pro\"},{\"@type\":\"BreadcrumbList\",\"@id\":\"https:\\\/\\\/veho-schweiz.com\\\/fr\\\/product\\\/tapis-de-souris-de-jeu-professionnel-alpha-bravo-gm-1\\\/#breadcrumb\",\"itemListElement\":[{\"@type\":\"ListItem\",\"position\":1,\"name\":\"Home\",\"item\":\"https:\\\/\\\/veho-schweiz.com\\\/fr\\\/\"},{\"@type\":\"ListItem\",\"position\":2,\"name\":\"Shop\",\"item\":\"https:\\\/\\\/veho-schweiz.com\\\/shop\\\/\"},{\"@type\":\"ListItem\",\"position\":3,\"name\":\"Tapis de souris de jeu professionnel Alpha Bravo GM-1\"}]},{\"@type\":\"WebSite\",\"@id\":\"https:\\\/\\\/veho-schweiz.com\\\/fr\\\/#website\",\"url\":\"https:\\\/\\\/veho-schweiz.com\\\/fr\\\/\",\"name\":\"Veho Lifestyle Store Suisse\",\"description\":\"\u00c9lectronique grand public de conception britannique\",\"potentialAction\":[{\"@type\":\"SearchAction\",\"target\":{\"@type\":\"EntryPoint\",\"urlTemplate\":\"https:\\\/\\\/veho-schweiz.com\\\/fr\\\/?s={search_term_string}\"},\"query-input\":{\"@type\":\"PropertyValueSpecification\",\"valueRequired\":true,\"valueName\":\"search_term_string\"}}],\"inLanguage\":\"fr-FR\"}]}<\/script>\n<!-- \/ Yoast SEO plugin. -->","yoast_head_json":{"title":"Tapis de souris de jeu professionnel Alpha Bravo GM-1","description":"Le tapis de souris de jeu Alpha Bravo offre une adh\u00e9rence ultime pour le contr\u00f4le et la vitesse. la performance. Une base g\u00e9om\u00e9trique textur\u00e9e offre une excellente prise en main.","robots":{"index":"index","follow":"follow","max-snippet":"max-snippet:-1","max-image-preview":"max-image-preview:large","max-video-preview":"max-video-preview:-1"},"canonical":"https:\/\/veho-schweiz.com\/fr\/product\/tapis-de-souris-de-jeu-professionnel-alpha-bravo-gm-1\/","og_locale":"fr_FR","og_type":"article","og_title":"Tapis de souris de jeu professionnel Alpha Bravo GM-1","og_description":"Le tapis de souris de jeu Alpha Bravo offre une adh\u00e9rence ultime pour le contr\u00f4le et la vitesse. la performance. Une base g\u00e9om\u00e9trique textur\u00e9e offre une excellente prise en main.","og_url":"https:\/\/veho-schweiz.com\/fr\/product\/tapis-de-souris-de-jeu-professionnel-alpha-bravo-gm-1\/","og_site_name":"Veho Lifestyle Store Suisse","article_modified_time":"2024-12-19T09:28:17+00:00","og_image":[{"width":620,"height":620,"url":"https:\/\/veho-schweiz.com\/wp-content\/uploads\/2022\/02\/ab_mouse_mat.png","type":"image\/png"}],"twitter_card":"summary_large_image","schema":{"@context":"https:\/\/schema.org","@graph":[{"@type":"WebPage","@id":"https:\/\/veho-schweiz.com\/fr\/product\/tapis-de-souris-de-jeu-professionnel-alpha-bravo-gm-1\/","url":"https:\/\/veho-schweiz.com\/fr\/product\/tapis-de-souris-de-jeu-professionnel-alpha-bravo-gm-1\/","name":"Tapis de souris de jeu professionnel Alpha Bravo GM-1","isPartOf":{"@id":"https:\/\/veho-schweiz.com\/fr\/#website"},"primaryImageOfPage":{"@id":"https:\/\/veho-schweiz.com\/fr\/product\/tapis-de-souris-de-jeu-professionnel-alpha-bravo-gm-1\/#primaryimage"},"image":{"@id":"https:\/\/veho-schweiz.com\/fr\/product\/tapis-de-souris-de-jeu-professionnel-alpha-bravo-gm-1\/#primaryimage"},"thumbnailUrl":"https:\/\/veho-schweiz.com\/wp-content\/uploads\/2022\/02\/ab_mouse_mat.png","datePublished":"2024-10-08T15:46:26+00:00","dateModified":"2024-12-19T09:28:17+00:00","description":"Le tapis de souris de jeu Alpha Bravo offre une adh\u00e9rence ultime pour le contr\u00f4le et la vitesse. la performance. Une base g\u00e9om\u00e9trique textur\u00e9e offre une excellente prise en main.","breadcrumb":{"@id":"https:\/\/veho-schweiz.com\/fr\/product\/tapis-de-souris-de-jeu-professionnel-alpha-bravo-gm-1\/#breadcrumb"},"inLanguage":"fr-FR","potentialAction":[{"@type":"ReadAction","target":["https:\/\/veho-schweiz.com\/fr\/product\/tapis-de-souris-de-jeu-professionnel-alpha-bravo-gm-1\/"]}]},{"@type":"ImageObject","inLanguage":"fr-FR","@id":"https:\/\/veho-schweiz.com\/fr\/product\/tapis-de-souris-de-jeu-professionnel-alpha-bravo-gm-1\/#primaryimage","url":"https:\/\/veho-schweiz.com\/wp-content\/uploads\/2022\/02\/ab_mouse_mat.png","contentUrl":"https:\/\/veho-schweiz.com\/wp-content\/uploads\/2022\/02\/ab_mouse_mat.png","width":620,"height":620,"caption":"Tapis de souris de jeu Alpha Bravo GM-1 Pro"},{"@type":"BreadcrumbList","@id":"https:\/\/veho-schweiz.com\/fr\/product\/tapis-de-souris-de-jeu-professionnel-alpha-bravo-gm-1\/#breadcrumb","itemListElement":[{"@type":"ListItem","position":1,"name":"Home","item":"https:\/\/veho-schweiz.com\/fr\/"},{"@type":"ListItem","position":2,"name":"Shop","item":"https:\/\/veho-schweiz.com\/shop\/"},{"@type":"ListItem","position":3,"name":"Tapis de souris de jeu professionnel Alpha Bravo GM-1"}]},{"@type":"WebSite","@id":"https:\/\/veho-schweiz.com\/fr\/#website","url":"https:\/\/veho-schweiz.com\/fr\/","name":"Veho Lifestyle Store Suisse","description":"\u00c9lectronique grand public de conception britannique","potentialAction":[{"@type":"SearchAction","target":{"@type":"EntryPoint","urlTemplate":"https:\/\/veho-schweiz.com\/fr\/?s={search_term_string}"},"query-input":{"@type":"PropertyValueSpecification","valueRequired":true,"valueName":"search_term_string"}}],"inLanguage":"fr-FR"}]}},"jetpack_sharing_enabled":true,"_links":{"self":[{"href":"https:\/\/veho-schweiz.com\/fr\/wp-json\/wp\/v2\/product\/7694","targetHints":{"allow":["GET"]}}],"collection":[{"href":"https:\/\/veho-schweiz.com\/fr\/wp-json\/wp\/v2\/product"}],"about":[{"href":"https:\/\/veho-schweiz.com\/fr\/wp-json\/wp\/v2\/types\/product"}],"replies":[{"embeddable":true,"href":"https:\/\/veho-schweiz.com\/fr\/wp-json\/wp\/v2\/comments?post=7694"}],"wp:featuredmedia":[{"embeddable":true,"href":"https:\/\/veho-schweiz.com\/fr\/wp-json\/wp\/v2\/media\/5910"}],"wp:attachment":[{"href":"https:\/\/veho-schweiz.com\/fr\/wp-json\/wp\/v2\/media?parent=7694"}],"wp:term":[{"taxonomy":"product_brand","embeddable":true,"href":"https:\/\/veho-schweiz.com\/fr\/wp-json\/wp\/v2\/product_brand?post=7694"},{"taxonomy":"product_cat","embeddable":true,"href":"https:\/\/veho-schweiz.com\/fr\/wp-json\/wp\/v2\/product_cat?post=7694"},{"taxonomy":"product_tag","embeddable":true,"href":"https:\/\/veho-schweiz.com\/fr\/wp-json\/wp\/v2\/product_tag?post=7694"}],"curies":[{"name":"wp","href":"https:\/\/api.w.org\/{rel}","templated":true}]}}