{"id":7690,"date":"2024-10-08T17:46:49","date_gmt":"2024-10-08T15:46:49","guid":{"rendered":"https:\/\/veho-schweiz.com\/product\/microscope-usb-5mp-veho-dx-2\/"},"modified":"2024-12-19T10:25:44","modified_gmt":"2024-12-19T09:25:44","slug":"microscope-usb-5mp-veho-dx-2","status":"publish","type":"product","link":"https:\/\/veho-schweiz.com\/fr\/product\/microscope-usb-5mp-veho-dx-2\/","title":{"rendered":"Microscope USB 5MP Veho DX-2"},"content":{"rendered":"<div class=\"wp-content wp-content--product\"><p>Avec un grossissement jusqu&rsquo;\u00e0 300x, le microscope USB DX-2 de 5 MP est id\u00e9al pour un usage personnel ou professionnel. Gr\u00e2ce \u00e0 sa lentille 5G de haute qualit\u00e9, il convient \u00e0 diverses applications commerciales. La DX-2 est livr\u00e9e avec un support r\u00e9glable en hauteur et un logiciel d&rsquo;\u00e9talonnage, ce qui la rend parfaite pour les inspections industrielles, les analyses m\u00e9dicales, la recherche en laboratoire, le test de composants \u00e9lectroniques et bien plus encore.<\/p>\n<\/div>","protected":false},"excerpt":{"rendered":"<ul>\n<li>8 lumi\u00e8res LED int\u00e9gr\u00e9es<\/li>\n<li>Fonction de capture d&rsquo;image et d&rsquo;enregistrement vid\u00e9o<\/li>\n<li>Agrandissement de 10x ou 300x<\/li>\n<\/ul>\n","protected":false},"featured_media":5914,"comment_status":"closed","ping_status":"closed","template":"","meta":{"_acf_changed":false,"inline_featured_image":false},"product_brand":[],"product_cat":[184],"product_tag":[],"class_list":{"0":"post-7690","1":"product","2":"type-product","3":"status-publish","4":"has-post-thumbnail","6":"product_cat-digital-microscopes-fr","8":"first","9":"instock","10":"shipping-taxable","11":"purchasable","12":"product-type-simple"},"acf":[],"yoast_head":"<!-- This site is optimized with the Yoast SEO plugin v27.5 - https:\/\/yoast.com\/product\/yoast-seo-wordpress\/ -->\n<title>Microscope USB 5MP Veho DX-2<\/title>\n<meta name=\"description\" content=\"Inspection industrielle, inspection de composants informatiques, enseignement scientifique, recherche en laboratoire, inspection de bijoux, inspection d&#039;impression.\" \/>\n<meta name=\"robots\" content=\"index, follow, max-snippet:-1, max-image-preview:large, max-video-preview:-1\" \/>\n<link rel=\"canonical\" href=\"https:\/\/veho-schweiz.com\/fr\/product\/microscope-usb-5mp-veho-dx-2\/\" \/>\n<meta property=\"og:locale\" content=\"fr_FR\" \/>\n<meta property=\"og:type\" content=\"article\" \/>\n<meta property=\"og:title\" content=\"Microscope USB 5MP Veho DX-2\" \/>\n<meta property=\"og:description\" content=\"Inspection industrielle, inspection de composants informatiques, enseignement scientifique, recherche en laboratoire, inspection de bijoux, inspection d&#039;impression.\" \/>\n<meta property=\"og:url\" content=\"https:\/\/veho-schweiz.com\/fr\/product\/microscope-usb-5mp-veho-dx-2\/\" \/>\n<meta property=\"og:site_name\" content=\"Veho Lifestyle Store Suisse\" \/>\n<meta property=\"article:modified_time\" content=\"2024-12-19T09:25:44+00:00\" \/>\n<meta property=\"og:image\" content=\"https:\/\/veho-schweiz.com\/wp-content\/uploads\/2022\/02\/dx2-hero.png\" \/>\n\t<meta property=\"og:image:width\" content=\"620\" \/>\n\t<meta property=\"og:image:height\" content=\"620\" \/>\n\t<meta property=\"og:image:type\" content=\"image\/png\" \/>\n<meta name=\"twitter:card\" content=\"summary_large_image\" \/>\n<script type=\"application\/ld+json\" class=\"yoast-schema-graph\">{\"@context\":\"https:\\\/\\\/schema.org\",\"@graph\":[{\"@type\":\"WebPage\",\"@id\":\"https:\\\/\\\/veho-schweiz.com\\\/fr\\\/product\\\/microscope-usb-5mp-veho-dx-2\\\/\",\"url\":\"https:\\\/\\\/veho-schweiz.com\\\/fr\\\/product\\\/microscope-usb-5mp-veho-dx-2\\\/\",\"name\":\"Microscope USB 5MP Veho DX-2\",\"isPartOf\":{\"@id\":\"https:\\\/\\\/veho-schweiz.com\\\/fr\\\/#website\"},\"primaryImageOfPage\":{\"@id\":\"https:\\\/\\\/veho-schweiz.com\\\/fr\\\/product\\\/microscope-usb-5mp-veho-dx-2\\\/#primaryimage\"},\"image\":{\"@id\":\"https:\\\/\\\/veho-schweiz.com\\\/fr\\\/product\\\/microscope-usb-5mp-veho-dx-2\\\/#primaryimage\"},\"thumbnailUrl\":\"https:\\\/\\\/veho-schweiz.com\\\/wp-content\\\/uploads\\\/2022\\\/02\\\/dx2-hero.png\",\"datePublished\":\"2024-10-08T15:46:49+00:00\",\"dateModified\":\"2024-12-19T09:25:44+00:00\",\"description\":\"Inspection industrielle, inspection de composants informatiques, enseignement scientifique, recherche en laboratoire, inspection de bijoux, inspection d'impression.\",\"breadcrumb\":{\"@id\":\"https:\\\/\\\/veho-schweiz.com\\\/fr\\\/product\\\/microscope-usb-5mp-veho-dx-2\\\/#breadcrumb\"},\"inLanguage\":\"fr-FR\",\"potentialAction\":[{\"@type\":\"ReadAction\",\"target\":[\"https:\\\/\\\/veho-schweiz.com\\\/fr\\\/product\\\/microscope-usb-5mp-veho-dx-2\\\/\"]}]},{\"@type\":\"ImageObject\",\"inLanguage\":\"fr-FR\",\"@id\":\"https:\\\/\\\/veho-schweiz.com\\\/fr\\\/product\\\/microscope-usb-5mp-veho-dx-2\\\/#primaryimage\",\"url\":\"https:\\\/\\\/veho-schweiz.com\\\/wp-content\\\/uploads\\\/2022\\\/02\\\/dx2-hero.png\",\"contentUrl\":\"https:\\\/\\\/veho-schweiz.com\\\/wp-content\\\/uploads\\\/2022\\\/02\\\/dx2-hero.png\",\"width\":620,\"height\":620},{\"@type\":\"BreadcrumbList\",\"@id\":\"https:\\\/\\\/veho-schweiz.com\\\/fr\\\/product\\\/microscope-usb-5mp-veho-dx-2\\\/#breadcrumb\",\"itemListElement\":[{\"@type\":\"ListItem\",\"position\":1,\"name\":\"Home\",\"item\":\"https:\\\/\\\/veho-schweiz.com\\\/fr\\\/\"},{\"@type\":\"ListItem\",\"position\":2,\"name\":\"Shop\",\"item\":\"https:\\\/\\\/veho-schweiz.com\\\/shop\\\/\"},{\"@type\":\"ListItem\",\"position\":3,\"name\":\"Microscope USB 5MP Veho DX-2\"}]},{\"@type\":\"WebSite\",\"@id\":\"https:\\\/\\\/veho-schweiz.com\\\/fr\\\/#website\",\"url\":\"https:\\\/\\\/veho-schweiz.com\\\/fr\\\/\",\"name\":\"Veho Lifestyle Store Suisse\",\"description\":\"\u00c9lectronique grand public de conception britannique\",\"potentialAction\":[{\"@type\":\"SearchAction\",\"target\":{\"@type\":\"EntryPoint\",\"urlTemplate\":\"https:\\\/\\\/veho-schweiz.com\\\/fr\\\/?s={search_term_string}\"},\"query-input\":{\"@type\":\"PropertyValueSpecification\",\"valueRequired\":true,\"valueName\":\"search_term_string\"}}],\"inLanguage\":\"fr-FR\"}]}<\/script>\n<!-- \/ Yoast SEO plugin. -->","yoast_head_json":{"title":"Microscope USB 5MP Veho DX-2","description":"Inspection industrielle, inspection de composants informatiques, enseignement scientifique, recherche en laboratoire, inspection de bijoux, inspection d'impression.","robots":{"index":"index","follow":"follow","max-snippet":"max-snippet:-1","max-image-preview":"max-image-preview:large","max-video-preview":"max-video-preview:-1"},"canonical":"https:\/\/veho-schweiz.com\/fr\/product\/microscope-usb-5mp-veho-dx-2\/","og_locale":"fr_FR","og_type":"article","og_title":"Microscope USB 5MP Veho DX-2","og_description":"Inspection industrielle, inspection de composants informatiques, enseignement scientifique, recherche en laboratoire, inspection de bijoux, inspection d'impression.","og_url":"https:\/\/veho-schweiz.com\/fr\/product\/microscope-usb-5mp-veho-dx-2\/","og_site_name":"Veho Lifestyle Store Suisse","article_modified_time":"2024-12-19T09:25:44+00:00","og_image":[{"width":620,"height":620,"url":"https:\/\/veho-schweiz.com\/wp-content\/uploads\/2022\/02\/dx2-hero.png","type":"image\/png"}],"twitter_card":"summary_large_image","schema":{"@context":"https:\/\/schema.org","@graph":[{"@type":"WebPage","@id":"https:\/\/veho-schweiz.com\/fr\/product\/microscope-usb-5mp-veho-dx-2\/","url":"https:\/\/veho-schweiz.com\/fr\/product\/microscope-usb-5mp-veho-dx-2\/","name":"Microscope USB 5MP Veho DX-2","isPartOf":{"@id":"https:\/\/veho-schweiz.com\/fr\/#website"},"primaryImageOfPage":{"@id":"https:\/\/veho-schweiz.com\/fr\/product\/microscope-usb-5mp-veho-dx-2\/#primaryimage"},"image":{"@id":"https:\/\/veho-schweiz.com\/fr\/product\/microscope-usb-5mp-veho-dx-2\/#primaryimage"},"thumbnailUrl":"https:\/\/veho-schweiz.com\/wp-content\/uploads\/2022\/02\/dx2-hero.png","datePublished":"2024-10-08T15:46:49+00:00","dateModified":"2024-12-19T09:25:44+00:00","description":"Inspection industrielle, inspection de composants informatiques, enseignement scientifique, recherche en laboratoire, inspection de bijoux, inspection d'impression.","breadcrumb":{"@id":"https:\/\/veho-schweiz.com\/fr\/product\/microscope-usb-5mp-veho-dx-2\/#breadcrumb"},"inLanguage":"fr-FR","potentialAction":[{"@type":"ReadAction","target":["https:\/\/veho-schweiz.com\/fr\/product\/microscope-usb-5mp-veho-dx-2\/"]}]},{"@type":"ImageObject","inLanguage":"fr-FR","@id":"https:\/\/veho-schweiz.com\/fr\/product\/microscope-usb-5mp-veho-dx-2\/#primaryimage","url":"https:\/\/veho-schweiz.com\/wp-content\/uploads\/2022\/02\/dx2-hero.png","contentUrl":"https:\/\/veho-schweiz.com\/wp-content\/uploads\/2022\/02\/dx2-hero.png","width":620,"height":620},{"@type":"BreadcrumbList","@id":"https:\/\/veho-schweiz.com\/fr\/product\/microscope-usb-5mp-veho-dx-2\/#breadcrumb","itemListElement":[{"@type":"ListItem","position":1,"name":"Home","item":"https:\/\/veho-schweiz.com\/fr\/"},{"@type":"ListItem","position":2,"name":"Shop","item":"https:\/\/veho-schweiz.com\/shop\/"},{"@type":"ListItem","position":3,"name":"Microscope USB 5MP Veho DX-2"}]},{"@type":"WebSite","@id":"https:\/\/veho-schweiz.com\/fr\/#website","url":"https:\/\/veho-schweiz.com\/fr\/","name":"Veho Lifestyle Store Suisse","description":"\u00c9lectronique grand public de conception britannique","potentialAction":[{"@type":"SearchAction","target":{"@type":"EntryPoint","urlTemplate":"https:\/\/veho-schweiz.com\/fr\/?s={search_term_string}"},"query-input":{"@type":"PropertyValueSpecification","valueRequired":true,"valueName":"search_term_string"}}],"inLanguage":"fr-FR"}]}},"jetpack_sharing_enabled":true,"_links":{"self":[{"href":"https:\/\/veho-schweiz.com\/fr\/wp-json\/wp\/v2\/product\/7690","targetHints":{"allow":["GET"]}}],"collection":[{"href":"https:\/\/veho-schweiz.com\/fr\/wp-json\/wp\/v2\/product"}],"about":[{"href":"https:\/\/veho-schweiz.com\/fr\/wp-json\/wp\/v2\/types\/product"}],"replies":[{"embeddable":true,"href":"https:\/\/veho-schweiz.com\/fr\/wp-json\/wp\/v2\/comments?post=7690"}],"wp:featuredmedia":[{"embeddable":true,"href":"https:\/\/veho-schweiz.com\/fr\/wp-json\/wp\/v2\/media\/5914"}],"wp:attachment":[{"href":"https:\/\/veho-schweiz.com\/fr\/wp-json\/wp\/v2\/media?parent=7690"}],"wp:term":[{"taxonomy":"product_brand","embeddable":true,"href":"https:\/\/veho-schweiz.com\/fr\/wp-json\/wp\/v2\/product_brand?post=7690"},{"taxonomy":"product_cat","embeddable":true,"href":"https:\/\/veho-schweiz.com\/fr\/wp-json\/wp\/v2\/product_cat?post=7690"},{"taxonomy":"product_tag","embeddable":true,"href":"https:\/\/veho-schweiz.com\/fr\/wp-json\/wp\/v2\/product_tag?post=7690"}],"curies":[{"name":"wp","href":"https:\/\/api.w.org\/{rel}","templated":true}]}}