{"id":7686,"date":"2024-10-08T17:46:49","date_gmt":"2024-10-08T15:46:49","guid":{"rendered":"https:\/\/veho-schweiz.com\/product\/uw-29-cadre-ultra-large-plat-et-etroit-29%e2%80%b3-moniteur-professionnel\/"},"modified":"2024-12-18T16:07:26","modified_gmt":"2024-12-18T15:07:26","slug":"uw-29-cadre-ultra-large-plat-et-etroit-29%e2%80%b3-moniteur-professionnel","status":"publish","type":"product","link":"https:\/\/veho-schweiz.com\/fr\/product\/uw-29-cadre-ultra-large-plat-et-etroit-29%e2%80%b3-moniteur-professionnel\/","title":{"rendered":"UW-29 Cadre ultra large, plat et \u00e9troit, 29\u2033 Moniteur professionnel"},"content":{"rendered":"<div class=\"wp-content wp-content--product\"><p>Am\u00e9liorez votre environnement de travail avec le Veho UW-29 Moniteur professionnel 29\u2033 ultra large, plat et au cadre \u00e9troit. Le UW-29 a 2x HDMI + DP connecteurs + sortie audio et peut \u00eatre mont\u00e9 sur un mur (VESA 75). Le panneau ADS de haute qualit\u00e9 avec technologie Colourbright a une r\u00e9solution de 2560 x 1080p \u00e0 une fr\u00e9quence de 65-75 Hz et offre une exp\u00e9rience vivante de couleurs r\u00e9elles. Avec son cadre super-mince et son tr\u00e9pied m\u00e9tallique, le moniteur Veho UW-29 am\u00e9liorera votre travail quotidien.<\/p>\n<\/div>","protected":false},"excerpt":{"rendered":"<ul>\n<li>29\u2033 Moniteur Ultrawide 21:9 Slim Bezel Pro<\/li>\n<li>Offre une exp\u00e9rience vivante des couleurs r\u00e9elles<\/li>\n<li>2x HDMI + connecteurs DP + sortie audio<\/li>\n<\/ul>\n","protected":false},"featured_media":5888,"comment_status":"closed","ping_status":"closed","template":"","meta":{"_acf_changed":false,"inline_featured_image":false},"product_brand":[],"product_cat":[182],"product_tag":[],"class_list":{"0":"post-7686","1":"product","2":"type-product","3":"status-publish","4":"has-post-thumbnail","6":"product_cat-monitors-hut-8-pc-systems-fr","8":"first","9":"instock","10":"shipping-taxable","11":"purchasable","12":"product-type-simple"},"acf":[],"yoast_head":"<!-- This site is optimized with the Yoast SEO plugin v27.5 - https:\/\/yoast.com\/product\/yoast-seo-wordpress\/ -->\n<title>UW-29 Cadre ultra large, plat et \u00e9troit, 29\u2033 Moniteur professionnel<\/title>\n<meta name=\"description\" content=\"Am\u00e9liorez votre environnement de travail avec le Veho UW-29 Moniteur professionnel 29\u2033 ultra large, plat et au cadre \u00e9troit.\" \/>\n<meta name=\"robots\" content=\"index, follow, max-snippet:-1, max-image-preview:large, max-video-preview:-1\" \/>\n<link rel=\"canonical\" href=\"https:\/\/veho-schweiz.com\/fr\/product\/uw-29-cadre-ultra-large-plat-et-etroit-29%e2%80%b3-moniteur-professionnel\/\" \/>\n<meta property=\"og:locale\" content=\"fr_FR\" \/>\n<meta property=\"og:type\" content=\"article\" \/>\n<meta property=\"og:title\" content=\"UW-29 Cadre ultra large, plat et \u00e9troit, 29\u2033 Moniteur professionnel\" \/>\n<meta property=\"og:description\" content=\"Am\u00e9liorez votre environnement de travail avec le Veho UW-29 Moniteur professionnel 29\u2033 ultra large, plat et au cadre \u00e9troit.\" \/>\n<meta property=\"og:url\" content=\"https:\/\/veho-schweiz.com\/fr\/product\/uw-29-cadre-ultra-large-plat-et-etroit-29%e2%80%b3-moniteur-professionnel\/\" \/>\n<meta property=\"og:site_name\" content=\"Veho Lifestyle Store Suisse\" \/>\n<meta property=\"article:modified_time\" content=\"2024-12-18T15:07:26+00:00\" \/>\n<meta property=\"og:image\" content=\"https:\/\/veho-schweiz.com\/wp-content\/uploads\/2022\/02\/VHM-001-29UW_1.png\" \/>\n\t<meta property=\"og:image:width\" content=\"620\" \/>\n\t<meta property=\"og:image:height\" content=\"620\" \/>\n\t<meta property=\"og:image:type\" content=\"image\/png\" \/>\n<meta name=\"twitter:card\" content=\"summary_large_image\" \/>\n<script type=\"application\/ld+json\" class=\"yoast-schema-graph\">{\"@context\":\"https:\\\/\\\/schema.org\",\"@graph\":[{\"@type\":\"WebPage\",\"@id\":\"https:\\\/\\\/veho-schweiz.com\\\/fr\\\/product\\\/uw-29-cadre-ultra-large-plat-et-etroit-29%e2%80%b3-moniteur-professionnel\\\/\",\"url\":\"https:\\\/\\\/veho-schweiz.com\\\/fr\\\/product\\\/uw-29-cadre-ultra-large-plat-et-etroit-29%e2%80%b3-moniteur-professionnel\\\/\",\"name\":\"UW-29 Cadre ultra large, plat et \u00e9troit, 29\u2033 Moniteur professionnel\",\"isPartOf\":{\"@id\":\"https:\\\/\\\/veho-schweiz.com\\\/fr\\\/#website\"},\"primaryImageOfPage\":{\"@id\":\"https:\\\/\\\/veho-schweiz.com\\\/fr\\\/product\\\/uw-29-cadre-ultra-large-plat-et-etroit-29%e2%80%b3-moniteur-professionnel\\\/#primaryimage\"},\"image\":{\"@id\":\"https:\\\/\\\/veho-schweiz.com\\\/fr\\\/product\\\/uw-29-cadre-ultra-large-plat-et-etroit-29%e2%80%b3-moniteur-professionnel\\\/#primaryimage\"},\"thumbnailUrl\":\"https:\\\/\\\/veho-schweiz.com\\\/wp-content\\\/uploads\\\/2022\\\/02\\\/VHM-001-29UW_1.png\",\"datePublished\":\"2024-10-08T15:46:49+00:00\",\"dateModified\":\"2024-12-18T15:07:26+00:00\",\"description\":\"Am\u00e9liorez votre environnement de travail avec le Veho UW-29 Moniteur professionnel 29\u2033 ultra large, plat et au cadre \u00e9troit.\",\"breadcrumb\":{\"@id\":\"https:\\\/\\\/veho-schweiz.com\\\/fr\\\/product\\\/uw-29-cadre-ultra-large-plat-et-etroit-29%e2%80%b3-moniteur-professionnel\\\/#breadcrumb\"},\"inLanguage\":\"fr-FR\",\"potentialAction\":[{\"@type\":\"ReadAction\",\"target\":[\"https:\\\/\\\/veho-schweiz.com\\\/fr\\\/product\\\/uw-29-cadre-ultra-large-plat-et-etroit-29%e2%80%b3-moniteur-professionnel\\\/\"]}]},{\"@type\":\"ImageObject\",\"inLanguage\":\"fr-FR\",\"@id\":\"https:\\\/\\\/veho-schweiz.com\\\/fr\\\/product\\\/uw-29-cadre-ultra-large-plat-et-etroit-29%e2%80%b3-moniteur-professionnel\\\/#primaryimage\",\"url\":\"https:\\\/\\\/veho-schweiz.com\\\/wp-content\\\/uploads\\\/2022\\\/02\\\/VHM-001-29UW_1.png\",\"contentUrl\":\"https:\\\/\\\/veho-schweiz.com\\\/wp-content\\\/uploads\\\/2022\\\/02\\\/VHM-001-29UW_1.png\",\"width\":620,\"height\":620,\"caption\":\"UW-29 \u00c9cran Pro \u00e0 cadre plat ultra-large de 29 pouces\"},{\"@type\":\"BreadcrumbList\",\"@id\":\"https:\\\/\\\/veho-schweiz.com\\\/fr\\\/product\\\/uw-29-cadre-ultra-large-plat-et-etroit-29%e2%80%b3-moniteur-professionnel\\\/#breadcrumb\",\"itemListElement\":[{\"@type\":\"ListItem\",\"position\":1,\"name\":\"Home\",\"item\":\"https:\\\/\\\/veho-schweiz.com\\\/fr\\\/\"},{\"@type\":\"ListItem\",\"position\":2,\"name\":\"Shop\",\"item\":\"https:\\\/\\\/veho-schweiz.com\\\/shop\\\/\"},{\"@type\":\"ListItem\",\"position\":3,\"name\":\"UW-29 Cadre ultra large, plat et \u00e9troit, 29\u2033 Moniteur professionnel\"}]},{\"@type\":\"WebSite\",\"@id\":\"https:\\\/\\\/veho-schweiz.com\\\/fr\\\/#website\",\"url\":\"https:\\\/\\\/veho-schweiz.com\\\/fr\\\/\",\"name\":\"Veho Lifestyle Store Suisse\",\"description\":\"\u00c9lectronique grand public de conception britannique\",\"potentialAction\":[{\"@type\":\"SearchAction\",\"target\":{\"@type\":\"EntryPoint\",\"urlTemplate\":\"https:\\\/\\\/veho-schweiz.com\\\/fr\\\/?s={search_term_string}\"},\"query-input\":{\"@type\":\"PropertyValueSpecification\",\"valueRequired\":true,\"valueName\":\"search_term_string\"}}],\"inLanguage\":\"fr-FR\"}]}<\/script>\n<!-- \/ Yoast SEO plugin. -->","yoast_head_json":{"title":"UW-29 Cadre ultra large, plat et \u00e9troit, 29\u2033 Moniteur professionnel","description":"Am\u00e9liorez votre environnement de travail avec le Veho UW-29 Moniteur professionnel 29\u2033 ultra large, plat et au cadre \u00e9troit.","robots":{"index":"index","follow":"follow","max-snippet":"max-snippet:-1","max-image-preview":"max-image-preview:large","max-video-preview":"max-video-preview:-1"},"canonical":"https:\/\/veho-schweiz.com\/fr\/product\/uw-29-cadre-ultra-large-plat-et-etroit-29%e2%80%b3-moniteur-professionnel\/","og_locale":"fr_FR","og_type":"article","og_title":"UW-29 Cadre ultra large, plat et \u00e9troit, 29\u2033 Moniteur professionnel","og_description":"Am\u00e9liorez votre environnement de travail avec le Veho UW-29 Moniteur professionnel 29\u2033 ultra large, plat et au cadre \u00e9troit.","og_url":"https:\/\/veho-schweiz.com\/fr\/product\/uw-29-cadre-ultra-large-plat-et-etroit-29%e2%80%b3-moniteur-professionnel\/","og_site_name":"Veho Lifestyle Store Suisse","article_modified_time":"2024-12-18T15:07:26+00:00","og_image":[{"width":620,"height":620,"url":"https:\/\/veho-schweiz.com\/wp-content\/uploads\/2022\/02\/VHM-001-29UW_1.png","type":"image\/png"}],"twitter_card":"summary_large_image","schema":{"@context":"https:\/\/schema.org","@graph":[{"@type":"WebPage","@id":"https:\/\/veho-schweiz.com\/fr\/product\/uw-29-cadre-ultra-large-plat-et-etroit-29%e2%80%b3-moniteur-professionnel\/","url":"https:\/\/veho-schweiz.com\/fr\/product\/uw-29-cadre-ultra-large-plat-et-etroit-29%e2%80%b3-moniteur-professionnel\/","name":"UW-29 Cadre ultra large, plat et \u00e9troit, 29\u2033 Moniteur professionnel","isPartOf":{"@id":"https:\/\/veho-schweiz.com\/fr\/#website"},"primaryImageOfPage":{"@id":"https:\/\/veho-schweiz.com\/fr\/product\/uw-29-cadre-ultra-large-plat-et-etroit-29%e2%80%b3-moniteur-professionnel\/#primaryimage"},"image":{"@id":"https:\/\/veho-schweiz.com\/fr\/product\/uw-29-cadre-ultra-large-plat-et-etroit-29%e2%80%b3-moniteur-professionnel\/#primaryimage"},"thumbnailUrl":"https:\/\/veho-schweiz.com\/wp-content\/uploads\/2022\/02\/VHM-001-29UW_1.png","datePublished":"2024-10-08T15:46:49+00:00","dateModified":"2024-12-18T15:07:26+00:00","description":"Am\u00e9liorez votre environnement de travail avec le Veho UW-29 Moniteur professionnel 29\u2033 ultra large, plat et au cadre \u00e9troit.","breadcrumb":{"@id":"https:\/\/veho-schweiz.com\/fr\/product\/uw-29-cadre-ultra-large-plat-et-etroit-29%e2%80%b3-moniteur-professionnel\/#breadcrumb"},"inLanguage":"fr-FR","potentialAction":[{"@type":"ReadAction","target":["https:\/\/veho-schweiz.com\/fr\/product\/uw-29-cadre-ultra-large-plat-et-etroit-29%e2%80%b3-moniteur-professionnel\/"]}]},{"@type":"ImageObject","inLanguage":"fr-FR","@id":"https:\/\/veho-schweiz.com\/fr\/product\/uw-29-cadre-ultra-large-plat-et-etroit-29%e2%80%b3-moniteur-professionnel\/#primaryimage","url":"https:\/\/veho-schweiz.com\/wp-content\/uploads\/2022\/02\/VHM-001-29UW_1.png","contentUrl":"https:\/\/veho-schweiz.com\/wp-content\/uploads\/2022\/02\/VHM-001-29UW_1.png","width":620,"height":620,"caption":"UW-29 \u00c9cran Pro \u00e0 cadre plat ultra-large de 29 pouces"},{"@type":"BreadcrumbList","@id":"https:\/\/veho-schweiz.com\/fr\/product\/uw-29-cadre-ultra-large-plat-et-etroit-29%e2%80%b3-moniteur-professionnel\/#breadcrumb","itemListElement":[{"@type":"ListItem","position":1,"name":"Home","item":"https:\/\/veho-schweiz.com\/fr\/"},{"@type":"ListItem","position":2,"name":"Shop","item":"https:\/\/veho-schweiz.com\/shop\/"},{"@type":"ListItem","position":3,"name":"UW-29 Cadre ultra large, plat et \u00e9troit, 29\u2033 Moniteur professionnel"}]},{"@type":"WebSite","@id":"https:\/\/veho-schweiz.com\/fr\/#website","url":"https:\/\/veho-schweiz.com\/fr\/","name":"Veho Lifestyle Store Suisse","description":"\u00c9lectronique grand public de conception britannique","potentialAction":[{"@type":"SearchAction","target":{"@type":"EntryPoint","urlTemplate":"https:\/\/veho-schweiz.com\/fr\/?s={search_term_string}"},"query-input":{"@type":"PropertyValueSpecification","valueRequired":true,"valueName":"search_term_string"}}],"inLanguage":"fr-FR"}]}},"jetpack_sharing_enabled":true,"_links":{"self":[{"href":"https:\/\/veho-schweiz.com\/fr\/wp-json\/wp\/v2\/product\/7686","targetHints":{"allow":["GET"]}}],"collection":[{"href":"https:\/\/veho-schweiz.com\/fr\/wp-json\/wp\/v2\/product"}],"about":[{"href":"https:\/\/veho-schweiz.com\/fr\/wp-json\/wp\/v2\/types\/product"}],"replies":[{"embeddable":true,"href":"https:\/\/veho-schweiz.com\/fr\/wp-json\/wp\/v2\/comments?post=7686"}],"wp:featuredmedia":[{"embeddable":true,"href":"https:\/\/veho-schweiz.com\/fr\/wp-json\/wp\/v2\/media\/5888"}],"wp:attachment":[{"href":"https:\/\/veho-schweiz.com\/fr\/wp-json\/wp\/v2\/media?parent=7686"}],"wp:term":[{"taxonomy":"product_brand","embeddable":true,"href":"https:\/\/veho-schweiz.com\/fr\/wp-json\/wp\/v2\/product_brand?post=7686"},{"taxonomy":"product_cat","embeddable":true,"href":"https:\/\/veho-schweiz.com\/fr\/wp-json\/wp\/v2\/product_cat?post=7686"},{"taxonomy":"product_tag","embeddable":true,"href":"https:\/\/veho-schweiz.com\/fr\/wp-json\/wp\/v2\/product_tag?post=7686"}],"curies":[{"name":"wp","href":"https:\/\/api.w.org\/{rel}","templated":true}]}}