{"id":7682,"date":"2024-10-09T11:57:34","date_gmt":"2024-10-09T09:57:34","guid":{"rendered":"https:\/\/veho-schweiz.com\/product\/kuzo-sports-smartwatch-f1s-noir\/"},"modified":"2024-12-18T12:24:35","modified_gmt":"2024-12-18T11:24:35","slug":"kuzo-sports-smartwatch-f1s-noir","status":"publish","type":"product","link":"https:\/\/veho-schweiz.com\/fr\/product\/kuzo-sports-smartwatch-f1s-noir\/","title":{"rendered":"Kuzo Sports Smartwatch &#8211; F1S Noir"},"content":{"rendered":"<div class=\"wp-content wp-content--product\"><p>La Veho Kuzo F1-S est une smartwatch robuste et durable, con\u00e7ue pour l&rsquo;aventure, le sport et les activit\u00e9s de plein air. Elle est dot\u00e9e d&rsquo;un \u00e9cran tactile AMOLED et d&rsquo;un GPS int\u00e9gr\u00e9. Le Kuzo F1-S est \u00e0 la fois \u00e9l\u00e9gant et styl\u00e9, et offre des fonctionnalit\u00e9s impressionnantes. Son \u00e9cran AMOLED de 1,3 pouce offre des couleurs vives, tandis que sa conception l\u00e9g\u00e8re et r\u00e9sistante garantit un port confortable dans tous les environnements. Avec des fonctions compl\u00e8tes de surveillance de la sant\u00e9, notamment la mesure de la fr\u00e9quence cardiaque, la saturation en oxyg\u00e8ne du sang et l&rsquo;analyse du sommeil, le F1-S vous aide \u00e0 prendre des d\u00e9cisions \u00e9clair\u00e9es sur votre mode de vie. Restez connect\u00e9 gr\u00e2ce aux notifications intelligentes pour les appels, les messages et les m\u00e9dias sociaux. L&rsquo;interface intuitive de la montre vous permet de contr\u00f4ler la lecture de la musique et de g\u00e9rer les notifications. Avec sa protection IP68 contre l&rsquo;eau et la poussi\u00e8re, elle est parfaitement adapt\u00e9e \u00e0 l&rsquo;entra\u00eenement et aux aventures en ext\u00e9rieur. Personnalisez votre style avec des cadrans personnalisables et un support de bracelet universel. Le Kuzo F1-S allie mode et fonctionnalit\u00e9 : restez connect\u00e9, actif et styl\u00e9.<\/p>\n<\/div>","protected":false},"excerpt":{"rendered":"<ul>\n<li>Conception robuste et durable pour les activit\u00e9s de plein air<\/li>\n<li>\u00c9cran tactile couleur AMOLED de 1,3 pouce<\/li>\n<li>Surveillance de la sant\u00e9 24h\/24 et 7j\/7 et podom\u00e8tre<\/li>\n<li>GPS int\u00e9gr\u00e9<\/li>\n<\/ul>\n","protected":false},"featured_media":7194,"comment_status":"closed","ping_status":"closed","template":"","meta":{"_acf_changed":false,"inline_featured_image":false},"product_brand":[],"product_cat":[180],"product_tag":[],"class_list":{"0":"post-7682","1":"product","2":"type-product","3":"status-publish","4":"has-post-thumbnail","6":"product_cat-kuzo-sport-smartwatch-fr","8":"first","9":"instock","10":"shipping-taxable","11":"purchasable","12":"product-type-simple"},"acf":[],"yoast_head":"<!-- This site is optimized with the Yoast SEO plugin v27.5 - https:\/\/yoast.com\/product\/yoast-seo-wordpress\/ -->\n<title>Kuzo Sports Smartwatch - F1S Noir - Veho Lifestyle Store Suisse<\/title>\n<meta name=\"description\" content=\"La Veho Kuzo Sports Smart Watch est une montre intelligente robuste et durable con\u00e7ue pour le plein air, les sports et l&#039;aventure avec un GPS int\u00e9gr\u00e9 et un \u00e9cran AMOLED.\" \/>\n<meta name=\"robots\" content=\"index, follow, max-snippet:-1, max-image-preview:large, max-video-preview:-1\" \/>\n<link rel=\"canonical\" href=\"https:\/\/veho-schweiz.com\/fr\/product\/kuzo-sports-smartwatch-f1s-noir\/\" \/>\n<meta property=\"og:locale\" content=\"fr_FR\" \/>\n<meta property=\"og:type\" content=\"article\" \/>\n<meta property=\"og:title\" content=\"Kuzo Sports Smartwatch - F1S Noir - Veho Lifestyle Store Suisse\" \/>\n<meta property=\"og:description\" content=\"La Veho Kuzo Sports Smart Watch est une montre intelligente robuste et durable con\u00e7ue pour le plein air, les sports et l&#039;aventure avec un GPS int\u00e9gr\u00e9 et un \u00e9cran AMOLED.\" \/>\n<meta property=\"og:url\" content=\"https:\/\/veho-schweiz.com\/fr\/product\/kuzo-sports-smartwatch-f1s-noir\/\" \/>\n<meta property=\"og:site_name\" content=\"Veho Lifestyle Store Suisse\" \/>\n<meta property=\"article:modified_time\" content=\"2024-12-18T11:24:35+00:00\" \/>\n<meta property=\"og:image\" content=\"https:\/\/veho-schweiz.com\/wp-content\/uploads\/2023\/05\/kuzo_black_hero.png\" \/>\n\t<meta property=\"og:image:width\" content=\"620\" \/>\n\t<meta property=\"og:image:height\" content=\"620\" \/>\n\t<meta property=\"og:image:type\" content=\"image\/png\" \/>\n<meta name=\"twitter:card\" content=\"summary_large_image\" \/>\n<meta name=\"twitter:label1\" content=\"Dur\u00e9e de lecture estim\u00e9e\" \/>\n\t<meta name=\"twitter:data1\" content=\"1 minute\" \/>\n<script type=\"application\/ld+json\" class=\"yoast-schema-graph\">{\"@context\":\"https:\\\/\\\/schema.org\",\"@graph\":[{\"@type\":\"WebPage\",\"@id\":\"https:\\\/\\\/veho-schweiz.com\\\/fr\\\/product\\\/kuzo-sports-smartwatch-f1s-noir\\\/\",\"url\":\"https:\\\/\\\/veho-schweiz.com\\\/fr\\\/product\\\/kuzo-sports-smartwatch-f1s-noir\\\/\",\"name\":\"Kuzo Sports Smartwatch - F1S Noir - Veho Lifestyle Store Suisse\",\"isPartOf\":{\"@id\":\"https:\\\/\\\/veho-schweiz.com\\\/fr\\\/#website\"},\"primaryImageOfPage\":{\"@id\":\"https:\\\/\\\/veho-schweiz.com\\\/fr\\\/product\\\/kuzo-sports-smartwatch-f1s-noir\\\/#primaryimage\"},\"image\":{\"@id\":\"https:\\\/\\\/veho-schweiz.com\\\/fr\\\/product\\\/kuzo-sports-smartwatch-f1s-noir\\\/#primaryimage\"},\"thumbnailUrl\":\"https:\\\/\\\/veho-schweiz.com\\\/wp-content\\\/uploads\\\/2023\\\/05\\\/kuzo_black_hero.png\",\"datePublished\":\"2024-10-09T09:57:34+00:00\",\"dateModified\":\"2024-12-18T11:24:35+00:00\",\"description\":\"La Veho Kuzo Sports Smart Watch est une montre intelligente robuste et durable con\u00e7ue pour le plein air, les sports et l'aventure avec un GPS int\u00e9gr\u00e9 et un \u00e9cran AMOLED.\",\"breadcrumb\":{\"@id\":\"https:\\\/\\\/veho-schweiz.com\\\/fr\\\/product\\\/kuzo-sports-smartwatch-f1s-noir\\\/#breadcrumb\"},\"inLanguage\":\"fr-FR\",\"potentialAction\":[{\"@type\":\"ReadAction\",\"target\":[\"https:\\\/\\\/veho-schweiz.com\\\/fr\\\/product\\\/kuzo-sports-smartwatch-f1s-noir\\\/\"]}]},{\"@type\":\"ImageObject\",\"inLanguage\":\"fr-FR\",\"@id\":\"https:\\\/\\\/veho-schweiz.com\\\/fr\\\/product\\\/kuzo-sports-smartwatch-f1s-noir\\\/#primaryimage\",\"url\":\"https:\\\/\\\/veho-schweiz.com\\\/wp-content\\\/uploads\\\/2023\\\/05\\\/kuzo_black_hero.png\",\"contentUrl\":\"https:\\\/\\\/veho-schweiz.com\\\/wp-content\\\/uploads\\\/2023\\\/05\\\/kuzo_black_hero.png\",\"width\":620,\"height\":620},{\"@type\":\"BreadcrumbList\",\"@id\":\"https:\\\/\\\/veho-schweiz.com\\\/fr\\\/product\\\/kuzo-sports-smartwatch-f1s-noir\\\/#breadcrumb\",\"itemListElement\":[{\"@type\":\"ListItem\",\"position\":1,\"name\":\"Home\",\"item\":\"https:\\\/\\\/veho-schweiz.com\\\/fr\\\/\"},{\"@type\":\"ListItem\",\"position\":2,\"name\":\"Shop\",\"item\":\"https:\\\/\\\/veho-schweiz.com\\\/shop\\\/\"},{\"@type\":\"ListItem\",\"position\":3,\"name\":\"Kuzo Sports Smartwatch &#8211; F1S Noir\"}]},{\"@type\":\"WebSite\",\"@id\":\"https:\\\/\\\/veho-schweiz.com\\\/fr\\\/#website\",\"url\":\"https:\\\/\\\/veho-schweiz.com\\\/fr\\\/\",\"name\":\"Veho Lifestyle Store Suisse\",\"description\":\"\u00c9lectronique grand public de conception britannique\",\"potentialAction\":[{\"@type\":\"SearchAction\",\"target\":{\"@type\":\"EntryPoint\",\"urlTemplate\":\"https:\\\/\\\/veho-schweiz.com\\\/fr\\\/?s={search_term_string}\"},\"query-input\":{\"@type\":\"PropertyValueSpecification\",\"valueRequired\":true,\"valueName\":\"search_term_string\"}}],\"inLanguage\":\"fr-FR\"}]}<\/script>\n<!-- \/ Yoast SEO plugin. -->","yoast_head_json":{"title":"Kuzo Sports Smartwatch - F1S Noir - Veho Lifestyle Store Suisse","description":"La Veho Kuzo Sports Smart Watch est une montre intelligente robuste et durable con\u00e7ue pour le plein air, les sports et l'aventure avec un GPS int\u00e9gr\u00e9 et un \u00e9cran AMOLED.","robots":{"index":"index","follow":"follow","max-snippet":"max-snippet:-1","max-image-preview":"max-image-preview:large","max-video-preview":"max-video-preview:-1"},"canonical":"https:\/\/veho-schweiz.com\/fr\/product\/kuzo-sports-smartwatch-f1s-noir\/","og_locale":"fr_FR","og_type":"article","og_title":"Kuzo Sports Smartwatch - F1S Noir - Veho Lifestyle Store Suisse","og_description":"La Veho Kuzo Sports Smart Watch est une montre intelligente robuste et durable con\u00e7ue pour le plein air, les sports et l'aventure avec un GPS int\u00e9gr\u00e9 et un \u00e9cran AMOLED.","og_url":"https:\/\/veho-schweiz.com\/fr\/product\/kuzo-sports-smartwatch-f1s-noir\/","og_site_name":"Veho Lifestyle Store Suisse","article_modified_time":"2024-12-18T11:24:35+00:00","og_image":[{"width":620,"height":620,"url":"https:\/\/veho-schweiz.com\/wp-content\/uploads\/2023\/05\/kuzo_black_hero.png","type":"image\/png"}],"twitter_card":"summary_large_image","twitter_misc":{"Dur\u00e9e de lecture estim\u00e9e":"1 minute"},"schema":{"@context":"https:\/\/schema.org","@graph":[{"@type":"WebPage","@id":"https:\/\/veho-schweiz.com\/fr\/product\/kuzo-sports-smartwatch-f1s-noir\/","url":"https:\/\/veho-schweiz.com\/fr\/product\/kuzo-sports-smartwatch-f1s-noir\/","name":"Kuzo Sports Smartwatch - F1S Noir - Veho Lifestyle Store Suisse","isPartOf":{"@id":"https:\/\/veho-schweiz.com\/fr\/#website"},"primaryImageOfPage":{"@id":"https:\/\/veho-schweiz.com\/fr\/product\/kuzo-sports-smartwatch-f1s-noir\/#primaryimage"},"image":{"@id":"https:\/\/veho-schweiz.com\/fr\/product\/kuzo-sports-smartwatch-f1s-noir\/#primaryimage"},"thumbnailUrl":"https:\/\/veho-schweiz.com\/wp-content\/uploads\/2023\/05\/kuzo_black_hero.png","datePublished":"2024-10-09T09:57:34+00:00","dateModified":"2024-12-18T11:24:35+00:00","description":"La Veho Kuzo Sports Smart Watch est une montre intelligente robuste et durable con\u00e7ue pour le plein air, les sports et l'aventure avec un GPS int\u00e9gr\u00e9 et un \u00e9cran AMOLED.","breadcrumb":{"@id":"https:\/\/veho-schweiz.com\/fr\/product\/kuzo-sports-smartwatch-f1s-noir\/#breadcrumb"},"inLanguage":"fr-FR","potentialAction":[{"@type":"ReadAction","target":["https:\/\/veho-schweiz.com\/fr\/product\/kuzo-sports-smartwatch-f1s-noir\/"]}]},{"@type":"ImageObject","inLanguage":"fr-FR","@id":"https:\/\/veho-schweiz.com\/fr\/product\/kuzo-sports-smartwatch-f1s-noir\/#primaryimage","url":"https:\/\/veho-schweiz.com\/wp-content\/uploads\/2023\/05\/kuzo_black_hero.png","contentUrl":"https:\/\/veho-schweiz.com\/wp-content\/uploads\/2023\/05\/kuzo_black_hero.png","width":620,"height":620},{"@type":"BreadcrumbList","@id":"https:\/\/veho-schweiz.com\/fr\/product\/kuzo-sports-smartwatch-f1s-noir\/#breadcrumb","itemListElement":[{"@type":"ListItem","position":1,"name":"Home","item":"https:\/\/veho-schweiz.com\/fr\/"},{"@type":"ListItem","position":2,"name":"Shop","item":"https:\/\/veho-schweiz.com\/shop\/"},{"@type":"ListItem","position":3,"name":"Kuzo Sports Smartwatch &#8211; F1S Noir"}]},{"@type":"WebSite","@id":"https:\/\/veho-schweiz.com\/fr\/#website","url":"https:\/\/veho-schweiz.com\/fr\/","name":"Veho Lifestyle Store Suisse","description":"\u00c9lectronique grand public de conception britannique","potentialAction":[{"@type":"SearchAction","target":{"@type":"EntryPoint","urlTemplate":"https:\/\/veho-schweiz.com\/fr\/?s={search_term_string}"},"query-input":{"@type":"PropertyValueSpecification","valueRequired":true,"valueName":"search_term_string"}}],"inLanguage":"fr-FR"}]}},"jetpack_sharing_enabled":true,"_links":{"self":[{"href":"https:\/\/veho-schweiz.com\/fr\/wp-json\/wp\/v2\/product\/7682","targetHints":{"allow":["GET"]}}],"collection":[{"href":"https:\/\/veho-schweiz.com\/fr\/wp-json\/wp\/v2\/product"}],"about":[{"href":"https:\/\/veho-schweiz.com\/fr\/wp-json\/wp\/v2\/types\/product"}],"replies":[{"embeddable":true,"href":"https:\/\/veho-schweiz.com\/fr\/wp-json\/wp\/v2\/comments?post=7682"}],"wp:featuredmedia":[{"embeddable":true,"href":"https:\/\/veho-schweiz.com\/fr\/wp-json\/wp\/v2\/media\/7194"}],"wp:attachment":[{"href":"https:\/\/veho-schweiz.com\/fr\/wp-json\/wp\/v2\/media?parent=7682"}],"wp:term":[{"taxonomy":"product_brand","embeddable":true,"href":"https:\/\/veho-schweiz.com\/fr\/wp-json\/wp\/v2\/product_brand?post=7682"},{"taxonomy":"product_cat","embeddable":true,"href":"https:\/\/veho-schweiz.com\/fr\/wp-json\/wp\/v2\/product_cat?post=7682"},{"taxonomy":"product_tag","embeddable":true,"href":"https:\/\/veho-schweiz.com\/fr\/wp-json\/wp\/v2\/product_tag?post=7682"}],"curies":[{"name":"wp","href":"https:\/\/api.w.org\/{rel}","templated":true}]}}