{"id":7681,"date":"2024-10-09T13:58:42","date_gmt":"2024-10-09T11:58:42","guid":{"rendered":"https:\/\/veho-schweiz.com\/product\/rhox-lx-ecouteurs-true-wireless-noir\/"},"modified":"2025-01-29T17:57:10","modified_gmt":"2025-01-29T16:57:10","slug":"rhox-lx-ecouteurs-true-wireless-noir","status":"publish","type":"product","link":"https:\/\/veho-schweiz.com\/fr\/product\/rhox-lx-ecouteurs-true-wireless-noir\/","title":{"rendered":"RHOX LX Ecouteurs True Wireless &#8211; Noir"},"content":{"rendered":"<div class=\"wp-content wp-content--product\"><p>Les \u00e9couteurs RHOX LX True Wireless sont compacts, mais offrent une exp\u00e9rience sonore impressionnante. Gr\u00e2ce \u00e0 la longue dur\u00e9e de vie de la batterie, les RHOX LX sont parfaits pour tous les environnements int\u00e9rieurs et ext\u00e9rieurs. Ils sont fournis avec un \u00e9tui de voyage qui permet de recharger les \u00e9couteurs RHOX LX jusqu&rsquo;\u00e0 trois fois. Les autres caract\u00e9ristiques comprennent des commandes tactiles intelligentes, un bo\u00eetier \u00e9tanche IPX4 et le mode de couplage rapide Bluetooth 5.3.   <\/p>\n<\/div>","protected":false},"excerpt":{"rendered":"<ul>\n<li>Ecouteurs \u00ab\u00a0True Wireless\u00a0\u00bb Bluetooth v5.3<\/li>\n<li>Bo\u00eetier \u00e9tanche IPX4<\/li>\n<li>Jusqu&rsquo;\u00e0 10 heures de jeu<\/li>\n<\/ul>\n","protected":false},"featured_media":7572,"comment_status":"open","ping_status":"closed","template":"","meta":{"_acf_changed":false,"inline_featured_image":false},"product_brand":[],"product_cat":[179],"product_tag":[],"class_list":{"0":"post-7681","1":"product","2":"type-product","3":"status-publish","4":"has-post-thumbnail","6":"product_cat-in-ear-wireless-fr","8":"first","9":"outofstock","10":"shipping-taxable","11":"purchasable","12":"product-type-simple"},"acf":[],"yoast_head":"<!-- This site is optimized with the Yoast SEO plugin v27.5 - https:\/\/yoast.com\/product\/yoast-seo-wordpress\/ -->\n<title>RHOX LX Ecouteurs True Wireless - Noir<\/title>\n<meta name=\"description\" content=\"Les \u00e9couteurs RHOX LX True Wireless sont compacts tout en offrant une exp\u00e9rience sonore impressionnante. Mode de couplage rapide Bluetooth 5.3.\" \/>\n<meta name=\"robots\" content=\"index, follow, max-snippet:-1, max-image-preview:large, max-video-preview:-1\" \/>\n<link rel=\"canonical\" href=\"https:\/\/veho-schweiz.com\/fr\/product\/rhox-lx-ecouteurs-true-wireless-noir\/\" \/>\n<meta property=\"og:locale\" content=\"fr_FR\" \/>\n<meta property=\"og:type\" content=\"article\" \/>\n<meta property=\"og:title\" content=\"RHOX LX Ecouteurs True Wireless - Noir\" \/>\n<meta property=\"og:description\" content=\"Les \u00e9couteurs RHOX LX True Wireless sont compacts tout en offrant une exp\u00e9rience sonore impressionnante. Mode de couplage rapide Bluetooth 5.3.\" \/>\n<meta property=\"og:url\" content=\"https:\/\/veho-schweiz.com\/fr\/product\/rhox-lx-ecouteurs-true-wireless-noir\/\" \/>\n<meta property=\"og:site_name\" content=\"Veho Lifestyle Store Suisse\" \/>\n<meta property=\"article:modified_time\" content=\"2025-01-29T16:57:10+00:00\" \/>\n<meta property=\"og:image\" content=\"https:\/\/veho-schweiz.com\/wp-content\/uploads\/2024\/04\/rh_lx_b_hero.png\" \/>\n\t<meta property=\"og:image:width\" content=\"620\" \/>\n\t<meta property=\"og:image:height\" content=\"620\" \/>\n\t<meta property=\"og:image:type\" content=\"image\/png\" \/>\n<meta name=\"twitter:card\" content=\"summary_large_image\" \/>\n<script type=\"application\/ld+json\" class=\"yoast-schema-graph\">{\"@context\":\"https:\\\/\\\/schema.org\",\"@graph\":[{\"@type\":\"WebPage\",\"@id\":\"https:\\\/\\\/veho-schweiz.com\\\/fr\\\/product\\\/rhox-lx-ecouteurs-true-wireless-noir\\\/\",\"url\":\"https:\\\/\\\/veho-schweiz.com\\\/fr\\\/product\\\/rhox-lx-ecouteurs-true-wireless-noir\\\/\",\"name\":\"RHOX LX Ecouteurs True Wireless - Noir\",\"isPartOf\":{\"@id\":\"https:\\\/\\\/veho-schweiz.com\\\/fr\\\/#website\"},\"primaryImageOfPage\":{\"@id\":\"https:\\\/\\\/veho-schweiz.com\\\/fr\\\/product\\\/rhox-lx-ecouteurs-true-wireless-noir\\\/#primaryimage\"},\"image\":{\"@id\":\"https:\\\/\\\/veho-schweiz.com\\\/fr\\\/product\\\/rhox-lx-ecouteurs-true-wireless-noir\\\/#primaryimage\"},\"thumbnailUrl\":\"https:\\\/\\\/veho-schweiz.com\\\/wp-content\\\/uploads\\\/2024\\\/04\\\/rh_lx_b_hero.png\",\"datePublished\":\"2024-10-09T11:58:42+00:00\",\"dateModified\":\"2025-01-29T16:57:10+00:00\",\"description\":\"Les \u00e9couteurs RHOX LX True Wireless sont compacts tout en offrant une exp\u00e9rience sonore impressionnante. Mode de couplage rapide Bluetooth 5.3.\",\"breadcrumb\":{\"@id\":\"https:\\\/\\\/veho-schweiz.com\\\/fr\\\/product\\\/rhox-lx-ecouteurs-true-wireless-noir\\\/#breadcrumb\"},\"inLanguage\":\"fr-FR\",\"potentialAction\":[{\"@type\":\"ReadAction\",\"target\":[\"https:\\\/\\\/veho-schweiz.com\\\/fr\\\/product\\\/rhox-lx-ecouteurs-true-wireless-noir\\\/\"]}]},{\"@type\":\"ImageObject\",\"inLanguage\":\"fr-FR\",\"@id\":\"https:\\\/\\\/veho-schweiz.com\\\/fr\\\/product\\\/rhox-lx-ecouteurs-true-wireless-noir\\\/#primaryimage\",\"url\":\"https:\\\/\\\/veho-schweiz.com\\\/wp-content\\\/uploads\\\/2024\\\/04\\\/rh_lx_b_hero.png\",\"contentUrl\":\"https:\\\/\\\/veho-schweiz.com\\\/wp-content\\\/uploads\\\/2024\\\/04\\\/rh_lx_b_hero.png\",\"width\":620,\"height\":620},{\"@type\":\"BreadcrumbList\",\"@id\":\"https:\\\/\\\/veho-schweiz.com\\\/fr\\\/product\\\/rhox-lx-ecouteurs-true-wireless-noir\\\/#breadcrumb\",\"itemListElement\":[{\"@type\":\"ListItem\",\"position\":1,\"name\":\"Home\",\"item\":\"https:\\\/\\\/veho-schweiz.com\\\/fr\\\/\"},{\"@type\":\"ListItem\",\"position\":2,\"name\":\"Shop\",\"item\":\"https:\\\/\\\/veho-schweiz.com\\\/shop\\\/\"},{\"@type\":\"ListItem\",\"position\":3,\"name\":\"RHOX LX Ecouteurs True Wireless &#8211; Noir\"}]},{\"@type\":\"WebSite\",\"@id\":\"https:\\\/\\\/veho-schweiz.com\\\/fr\\\/#website\",\"url\":\"https:\\\/\\\/veho-schweiz.com\\\/fr\\\/\",\"name\":\"Veho Lifestyle Store Suisse\",\"description\":\"\u00c9lectronique grand public de conception britannique\",\"potentialAction\":[{\"@type\":\"SearchAction\",\"target\":{\"@type\":\"EntryPoint\",\"urlTemplate\":\"https:\\\/\\\/veho-schweiz.com\\\/fr\\\/?s={search_term_string}\"},\"query-input\":{\"@type\":\"PropertyValueSpecification\",\"valueRequired\":true,\"valueName\":\"search_term_string\"}}],\"inLanguage\":\"fr-FR\"}]}<\/script>\n<!-- \/ Yoast SEO plugin. -->","yoast_head_json":{"title":"RHOX LX Ecouteurs True Wireless - Noir","description":"Les \u00e9couteurs RHOX LX True Wireless sont compacts tout en offrant une exp\u00e9rience sonore impressionnante. Mode de couplage rapide Bluetooth 5.3.","robots":{"index":"index","follow":"follow","max-snippet":"max-snippet:-1","max-image-preview":"max-image-preview:large","max-video-preview":"max-video-preview:-1"},"canonical":"https:\/\/veho-schweiz.com\/fr\/product\/rhox-lx-ecouteurs-true-wireless-noir\/","og_locale":"fr_FR","og_type":"article","og_title":"RHOX LX Ecouteurs True Wireless - Noir","og_description":"Les \u00e9couteurs RHOX LX True Wireless sont compacts tout en offrant une exp\u00e9rience sonore impressionnante. Mode de couplage rapide Bluetooth 5.3.","og_url":"https:\/\/veho-schweiz.com\/fr\/product\/rhox-lx-ecouteurs-true-wireless-noir\/","og_site_name":"Veho Lifestyle Store Suisse","article_modified_time":"2025-01-29T16:57:10+00:00","og_image":[{"width":620,"height":620,"url":"https:\/\/veho-schweiz.com\/wp-content\/uploads\/2024\/04\/rh_lx_b_hero.png","type":"image\/png"}],"twitter_card":"summary_large_image","schema":{"@context":"https:\/\/schema.org","@graph":[{"@type":"WebPage","@id":"https:\/\/veho-schweiz.com\/fr\/product\/rhox-lx-ecouteurs-true-wireless-noir\/","url":"https:\/\/veho-schweiz.com\/fr\/product\/rhox-lx-ecouteurs-true-wireless-noir\/","name":"RHOX LX Ecouteurs True Wireless - Noir","isPartOf":{"@id":"https:\/\/veho-schweiz.com\/fr\/#website"},"primaryImageOfPage":{"@id":"https:\/\/veho-schweiz.com\/fr\/product\/rhox-lx-ecouteurs-true-wireless-noir\/#primaryimage"},"image":{"@id":"https:\/\/veho-schweiz.com\/fr\/product\/rhox-lx-ecouteurs-true-wireless-noir\/#primaryimage"},"thumbnailUrl":"https:\/\/veho-schweiz.com\/wp-content\/uploads\/2024\/04\/rh_lx_b_hero.png","datePublished":"2024-10-09T11:58:42+00:00","dateModified":"2025-01-29T16:57:10+00:00","description":"Les \u00e9couteurs RHOX LX True Wireless sont compacts tout en offrant une exp\u00e9rience sonore impressionnante. Mode de couplage rapide Bluetooth 5.3.","breadcrumb":{"@id":"https:\/\/veho-schweiz.com\/fr\/product\/rhox-lx-ecouteurs-true-wireless-noir\/#breadcrumb"},"inLanguage":"fr-FR","potentialAction":[{"@type":"ReadAction","target":["https:\/\/veho-schweiz.com\/fr\/product\/rhox-lx-ecouteurs-true-wireless-noir\/"]}]},{"@type":"ImageObject","inLanguage":"fr-FR","@id":"https:\/\/veho-schweiz.com\/fr\/product\/rhox-lx-ecouteurs-true-wireless-noir\/#primaryimage","url":"https:\/\/veho-schweiz.com\/wp-content\/uploads\/2024\/04\/rh_lx_b_hero.png","contentUrl":"https:\/\/veho-schweiz.com\/wp-content\/uploads\/2024\/04\/rh_lx_b_hero.png","width":620,"height":620},{"@type":"BreadcrumbList","@id":"https:\/\/veho-schweiz.com\/fr\/product\/rhox-lx-ecouteurs-true-wireless-noir\/#breadcrumb","itemListElement":[{"@type":"ListItem","position":1,"name":"Home","item":"https:\/\/veho-schweiz.com\/fr\/"},{"@type":"ListItem","position":2,"name":"Shop","item":"https:\/\/veho-schweiz.com\/shop\/"},{"@type":"ListItem","position":3,"name":"RHOX LX Ecouteurs True Wireless &#8211; Noir"}]},{"@type":"WebSite","@id":"https:\/\/veho-schweiz.com\/fr\/#website","url":"https:\/\/veho-schweiz.com\/fr\/","name":"Veho Lifestyle Store Suisse","description":"\u00c9lectronique grand public de conception britannique","potentialAction":[{"@type":"SearchAction","target":{"@type":"EntryPoint","urlTemplate":"https:\/\/veho-schweiz.com\/fr\/?s={search_term_string}"},"query-input":{"@type":"PropertyValueSpecification","valueRequired":true,"valueName":"search_term_string"}}],"inLanguage":"fr-FR"}]}},"jetpack_sharing_enabled":true,"_links":{"self":[{"href":"https:\/\/veho-schweiz.com\/fr\/wp-json\/wp\/v2\/product\/7681","targetHints":{"allow":["GET"]}}],"collection":[{"href":"https:\/\/veho-schweiz.com\/fr\/wp-json\/wp\/v2\/product"}],"about":[{"href":"https:\/\/veho-schweiz.com\/fr\/wp-json\/wp\/v2\/types\/product"}],"replies":[{"embeddable":true,"href":"https:\/\/veho-schweiz.com\/fr\/wp-json\/wp\/v2\/comments?post=7681"}],"wp:featuredmedia":[{"embeddable":true,"href":"https:\/\/veho-schweiz.com\/fr\/wp-json\/wp\/v2\/media\/7572"}],"wp:attachment":[{"href":"https:\/\/veho-schweiz.com\/fr\/wp-json\/wp\/v2\/media?parent=7681"}],"wp:term":[{"taxonomy":"product_brand","embeddable":true,"href":"https:\/\/veho-schweiz.com\/fr\/wp-json\/wp\/v2\/product_brand?post=7681"},{"taxonomy":"product_cat","embeddable":true,"href":"https:\/\/veho-schweiz.com\/fr\/wp-json\/wp\/v2\/product_cat?post=7681"},{"taxonomy":"product_tag","embeddable":true,"href":"https:\/\/veho-schweiz.com\/fr\/wp-json\/wp\/v2\/product_tag?post=7681"}],"curies":[{"name":"wp","href":"https:\/\/api.w.org\/{rel}","templated":true}]}}